{"id":13,"date":"2015-06-15T10:26:53","date_gmt":"2015-06-15T08:26:53","guid":{"rendered":"http:\/\/members.loria.fr\/thierrygartiser\/?page_id=13"},"modified":"2020-10-16T17:15:34","modified_gmt":"2020-10-16T15:15:34","slug":"publications","status":"publish","type":"page","link":"https:\/\/members.loria.fr\/FLietard\/publications\/","title":{"rendered":"Publications"},"content":{"rendered":"<p>&nbsp;<\/p>\n<p>&nbsp;<\/p>\n<p>   <!DOCTYPE html PUBLIC \"-\/\/W3C\/\/DTD XHTML 1.0 Transitional\/\/EN\" \"http:\/\/www.w3.org\/TR\/xhtml1\/DTD\/xhtml1-transitional.dtd\"> <html xmlns='http:\/\/www.w3.org\/1999\/xhtml' xml:lang='fr' lang='fr'> <head> <meta name=\"robots\" content=\"noindex, nofollow\" \/> <meta http-equiv=\"content-type\" content= \"text\/html;charset=UTF-8\" \/> <meta http-equiv=\"Content-Language\" content=\"fr\" \/> <link rel=\"stylesheet\" type=\"text\/css\" href=\"..\/css\/VisuGen.css\" \/> <link rel=\"stylesheet\" type=\"text\/css\" href=\"https:\/\/haltools.inria.fr\/\/css\/VisuRubriqueEncadre.css\" \/> <!-- Piwik haltools.inria.fr--> <script type=\"text\/javascript\">   var _paq = _paq || [];   _paq.push(['trackPageView']);   _paq.push(['enableLinkTracking']);   (function() {     var u=\"\/\/piwik.inria.fr\/\";     _paq.push(['setTrackerUrl', u+'piwik.php']);     _paq.push(['setSiteId', 25]);     var d=document, g=d.createElement('script'), s=d.getElementsByTagName('script')[0];     g.type='text\/javascript'; g.async=true; g.defer=true; g.src=u+'piwik.js'; s.parentNode.insertBefore(g,s);   })(); <\/script> <noscript><\/p>\n<p><img decoding=\"async\" src=\"\/\/piwik.inria.fr\/piwik.php?idsite=25\" style=\"border:0;\" alt=\"\" \/><\/p>\n<p><\/noscript> <!-- End Piwik Code -->  <title>Publications HAL de  florian lietard<\/title> <\/head> <body> <\/p>\n<div id=\"res_script\">\n<p class='Rubrique'>2020<\/p>\n<p class='SousRubrique'>Book sections<\/p>\n<dl class='NoticeRes'>\n<dt class=\"ChampRes\">titre<\/dt>\n<dd class=\"ValeurRes Titre\"><a href=\"https:\/\/hal.science\/hal-02969588v1\" target=\"_blank\" >Avoidability of Additive Cubes over Alphabets of Four Numbers<\/a><\/dd>\n<dt class=\"ChampRes\">auteur<\/dt>\n<dd class=\"ValeurRes Auteurs\">Florian Lietard, Matthieu Rosenfeld<\/dd>\n<dt class=\"ChampRes\">article<\/dt>\n<dd class=\"ValeurRes article\"><i>Jonoska N., Savchuk D. (eds) Developments in Language Theory. DLT 2020. Lecture Notes in Computer Science, vol 12086. Springer, Cham.<\/i>, pp.192-206, 2020, <a target=\"_blank\" href=\"https:\/\/dx.doi.org\/10.1007\/978-3-030-48516-0_15\">&#x27E8;10.1007\/978-3-030-48516-0_15&#x27E9;<\/a><\/dd>\n<dt class=\"ChampRes\">typdoc<\/dt>\n<dd class=\"ValeurRes Type_de_document\">Book sections<\/dd>\n<dt class=\"ChampRes\">DOI<\/dt>\n<dd class=\"ValeurRes DOI\">DOI : <a href=\"\/\/dx.doi.org\/10.1007\/978-3-030-48516-0_15\" target=\"_blank\" >10.1007\/978-3-030-48516-0_15<\/a><\/dd>\n<dt class=\"ChampRes\">Acc\u00e8s au bibtex<\/dt>\n<dd class=\"ValeurRes LienBibtex\"> <a href=\"https:\/\/hal.science\/hal-02969588v1\/bibtex\" target=\"_self\"> <img decoding=\"async\" alt=\"BibTex\" src=\"https:\/\/haltools.inria.fr\/images\/Haltools_bibtex3.png\" border=\"0\"  title=\"BibTex\" \/><\/a> <\/dd>\n<\/dl>\n<p class='SousRubrique'>Theses<\/p>\n<dl class='NoticeRes'>\n<dt class=\"ChampRes\">titre<\/dt>\n<dd class=\"ValeurRes Titre\"><a href=\"https:\/\/hal.univ-lorraine.fr\/tel-03203854v1\" target=\"_blank\" >Avoidability of additive powers in combinatoric on words<\/a><\/dd>\n<dt class=\"ChampRes\">auteur<\/dt>\n<dd class=\"ValeurRes Auteurs\">Florian Lietard<\/dd>\n<dt class=\"ChampRes\">article<\/dt>\n<dd class=\"ValeurRes article\">Math\u00e9matiques [math]. Universit\u00e9 de Lorraine, 2020. Fran\u00e7ais. <a target=\"_blank\" href=\"https:\/\/www.theses.fr\/2020LORR0259\">&#x27E8;NNT : 2020LORR0259&#x27E9;<\/a><\/dd>\n<dt class=\"ChampRes\">typdoc<\/dt>\n<dd class=\"ValeurRes Type_de_document\">Theses<\/dd>\n<dt class=\"ChampRes\">Acc\u00e8s au texte int\u00e9gral et bibtex<\/dt>\n<dd class=\"ValeurRes Fichier_joint\"> <a href=\"https:\/\/hal.univ-lorraine.fr\/tel-03203854\/file\/DDOC_T_2020_0259_LIETARD.pdf\"  target=\"_blank\"> <img decoding=\"async\" alt=\"https:\/\/hal.univ-lorraine.fr\/tel-03203854\/file\/DDOC_T_2020_0259_LIETARD.pdf\" src=\"https:\/\/haltools.inria.fr\/images\/Haltools_pdf.png\" border=\"0\" title=\"https:\/\/hal.univ-lorraine.fr\/tel-03203854\/file\/DDOC_T_2020_0259_LIETARD.pdf\" \/><\/a> <span class=\"LienBibtexACoteFulltext\"><a href=\"https:\/\/hal.univ-lorraine.fr\/tel-03203854v1\/bibtex\" target=\"_self\"> <img decoding=\"async\" alt=\"BibTex\" src=\"https:\/\/haltools.inria.fr\/images\/Haltools_bibtex3.png\" border=\"0\"  title=\"BibTex\" \/><\/a> <\/span><\/dd>\n<\/dl>\n<p class='Rubrique'>2018<\/p>\n<p class='SousRubrique'>Journal articles<\/p>\n<dl class='NoticeRes'>\n<dt class=\"ChampRes\">titre<\/dt>\n<dd class=\"ValeurRes Titre\"><a href=\"https:\/\/hal.univ-lorraine.fr\/hal-02004800v1\" target=\"_blank\" >L\u2019\u00e2ge psychosocial : un outil au service d\u2019une r\u00e9duction de la stigmatisation institutionnelle des sujets \u00e2g\u00e9s porteurs de troubles psychiques<\/a><\/dd>\n<dt class=\"ChampRes\">auteur<\/dt>\n<dd class=\"ValeurRes Auteurs\">Isabelle Dumand, Christophe Clesse, Samira Salime, Florian Li\u00e9tard, Michel Decker, Jo\u00eblle Lighezzolo-Alnot, Martine Batt<\/dd>\n<dt class=\"ChampRes\">article<\/dt>\n<dd class=\"ValeurRes article\"><i>G\u00e9riatrie et psychologie &#038; neuropsychiatrie du vieillissement<\/i>, 2018, 16 (4), pp.439-448. <a target=\"_blank\" href=\"https:\/\/dx.doi.org\/10.1684\/pnv.2018.0761\">&#x27E8;10.1684\/pnv.2018.0761&#x27E9;<\/a><\/dd>\n<dt class=\"ChampRes\">typdoc<\/dt>\n<dd class=\"ValeurRes Type_de_document\">Journal articles<\/dd>\n<dt class=\"ChampRes\">DOI<\/dt>\n<dd class=\"ValeurRes DOI\">DOI : <a href=\"\/\/dx.doi.org\/10.1684\/pnv.2018.0761\" target=\"_blank\" >10.1684\/pnv.2018.0761<\/a><\/dd>\n<dt class=\"ChampRes\">Acc\u00e8s au bibtex<\/dt>\n<dd class=\"ValeurRes LienBibtex\"> <a href=\"https:\/\/hal.univ-lorraine.fr\/hal-02004800v1\/bibtex\" target=\"_self\"> <img decoding=\"async\" alt=\"BibTex\" src=\"https:\/\/haltools.inria.fr\/images\/Haltools_bibtex3.png\" border=\"0\"  title=\"BibTex\" \/><\/a> <\/dd>\n<\/dl>\n<p class='Rubrique'>2017<\/p>\n<p class='SousRubrique'>Journal articles<\/p>\n<dl class='NoticeRes'>\n<dt class=\"ChampRes\">titre<\/dt>\n<dd class=\"ValeurRes Titre\"><a href=\"https:\/\/shs.hal.science\/halshs-02136925v1\" target=\"_blank\" >From querulous to suicidal : self-immolation in public places as a symbolic response to the feeling of injustice<\/a><\/dd>\n<dt class=\"ChampRes\">auteur<\/dt>\n<dd class=\"ValeurRes Auteurs\">Benjamin Levy, C\u00e9cile Prudent, Florian Li\u00e9tard, Renaud Evrard<\/dd>\n<dt class=\"ChampRes\">article<\/dt>\n<dd class=\"ValeurRes article\"><i>Frontiers in Psychology<\/i>, 2017, 8, pp.1901. <a target=\"_blank\" href=\"https:\/\/dx.doi.org\/10.3389\/fpsyg.2017.01901\">&#x27E8;10.3389\/fpsyg.2017.01901&#x27E9;<\/a><\/dd>\n<dt class=\"ChampRes\">typdoc<\/dt>\n<dd class=\"ValeurRes Type_de_document\">Journal articles<\/dd>\n<dt class=\"ChampRes\">DOI<\/dt>\n<dd class=\"ValeurRes DOI\">DOI : <a href=\"\/\/dx.doi.org\/10.3389\/fpsyg.2017.01901\" target=\"_blank\" >10.3389\/fpsyg.2017.01901<\/a><\/dd>\n<dt class=\"ChampRes\">Acc\u00e8s au texte int\u00e9gral et bibtex<\/dt>\n<dd class=\"ValeurRes Fichier_joint\"> <a href=\"https:\/\/shs.hal.science\/halshs-02136925\/file\/Le%CC%81vy%20Prudent%20Lie%CC%81tard%20Evrard%20-%202017%20-%20From%20querulous%20to%20suicidal%20-%20Frontiers%20in%20Psychology.pdf\"  target=\"_blank\"> <img decoding=\"async\" alt=\"https:\/\/shs.hal.science\/halshs-02136925\/file\/Le%CC%81vy%20Prudent%20Lie%CC%81tard%20Evrard%20-%202017%20-%20From%20querulous%20to%20suicidal%20-%20Frontiers%20in%20Psychology.pdf\" src=\"https:\/\/haltools.inria.fr\/images\/Haltools_pdf.png\" border=\"0\" title=\"https:\/\/shs.hal.science\/halshs-02136925\/file\/Le%CC%81vy%20Prudent%20Lie%CC%81tard%20Evrard%20-%202017%20-%20From%20querulous%20to%20suicidal%20-%20Frontiers%20in%20Psychology.pdf\" \/><\/a> <span class=\"LienBibtexACoteFulltext\"><a href=\"https:\/\/shs.hal.science\/halshs-02136925v1\/bibtex\" target=\"_self\"> <img decoding=\"async\" alt=\"BibTex\" src=\"https:\/\/haltools.inria.fr\/images\/Haltools_bibtex3.png\" border=\"0\"  title=\"BibTex\" \/><\/a> <\/span><\/dd>\n<\/dl>\n<p class='Rubrique'>2016<\/p>\n<p class='SousRubrique'>Conference papers<\/p>\n<dl class='NoticeRes'>\n<dt class=\"ChampRes\">titre<\/dt>\n<dd class=\"ValeurRes Titre\"><a href=\"https:\/\/shs.hal.science\/halshs-03021456v1\" target=\"_blank\" >Le dilemme des prisonniers et la parano\u00efa<\/a><\/dd>\n<dt class=\"ChampRes\">auteur<\/dt>\n<dd class=\"ValeurRes Auteurs\">C\u00e9cile Prudent, Renaud Evrard, Florian Lietard<\/dd>\n<dt class=\"ChampRes\">article<\/dt>\n<dd class=\"ValeurRes article\"><i>Journ\u00e9e internationale des jeunes chercheurs<\/i>, Jun 2016, Metz, France<\/dd>\n<dt class=\"ChampRes\">typdoc<\/dt>\n<dd class=\"ValeurRes Type_de_document\">Conference papers<\/dd>\n<dt class=\"ChampRes\">Acc\u00e8s au bibtex<\/dt>\n<dd class=\"ValeurRes LienBibtex\"> <a href=\"https:\/\/shs.hal.science\/halshs-03021456v1\/bibtex\" target=\"_self\"> <img decoding=\"async\" alt=\"BibTex\" src=\"https:\/\/haltools.inria.fr\/images\/Haltools_bibtex3.png\" border=\"0\"  title=\"BibTex\" \/><\/a> <\/dd>\n<\/dl><\/div>\n<p> <\/body> <\/html> <\/p>\n","protected":false},"excerpt":{"rendered":"<p>&nbsp;<\/p>\n<p>&nbsp;<\/p>\n<p>               var _paq = _paq || [];   _paq.push([&lsquo;trackPageView&rsquo;]);   _paq.push([&lsquo;enableLinkTracking&rsquo;]);   (function() {     var u=\u00a0\u00bb\/\/piwik.inria.fr\/\u00a0\u00bb;     _paq.push([&lsquo;setTrackerUrl&rsquo;, u+&rsquo;piwik.php&rsquo;]);     _paq.push([&lsquo;setSiteId&rsquo;, 25]);     var d=document, g=d.createElement(&lsquo;script&rsquo;), s=d.getElementsByTagName(&lsquo;script&rsquo;)[0];     g.type=&rsquo;text\/javascript&rsquo;; g.async=true; g.defer=true; g.src=u+&rsquo;piwik.js&rsquo;; s.parentNode.insertBefore(g,s);   })();  <\/p>\n<p><img decoding=\"async\" src=\"\/\/piwik.inria.fr\/piwik.php?idsite=25\" style=\"border:0;\" alt=\"\" \/><\/p>\n<p>   Publications HAL de  florian lietard   <\/p>\n<p class='Rubrique'>2020<\/p>\n<p class='SousRubrique'>Book sections<\/p>\n<p>titre<br \/>\n<a href=\"https:\/\/hal.science\/hal-02969588v1\" target=\"_blank\">Avoidability of Additive Cubes over Alphabets of Four Numbers<\/a><br \/>\nauteur<br \/>\nFlorian Lietard, Matthieu Rosenfeld<br \/>\narticle<br \/>\n<i>Jonoska N., Savchuk D. (eds) Developments in Language Theory. DLT 2020. Lecture Notes in Computer Science, vol 12086. Springer, Cham.<\/i>, pp.192-206, 2020, <a target=\"_blank\" href=\"https:\/\/dx.doi.org\/10.1007\/978-3-030-48516-0_15\">&#x27E8;10.1007\/978-3-030-48516-0_15&#x27E9;<\/a><br \/>\ntypdoc<br \/>\nBook sections<br \/>\nDOI<br \/>\nDOI : <a href=\"\/\/dx.doi.org\/10.1007\/978-3-030-48516-0_15\" target=\"_blank\">10.1007\/978-3-030-48516-0_15<\/a><br \/>\nAcc\u00e8s au bibtex<br \/>\n <a href=\"https:\/\/hal.science\/hal-02969588v1\/bibtex\" target=\"_self\"> <img decoding=\"async\" alt=\"BibTex\" src=\"https:\/\/haltools.inria.fr\/images\/Haltools_bibtex3.png\" border=\"0\"  title=\"BibTex\" \/><\/a> <\/p>\n<p class='SousRubrique'>Theses<\/p>\n<p>titre<br \/>\n<a href=\"https:\/\/hal.univ-lorraine.fr\/tel-03203854v1\" target=\"_blank\">Avoidability of additive powers in combinatoric on words<\/a><br \/>\nauteur<br \/>\nFlorian Lietard<br \/>\narticle<br \/>\nMath\u00e9matiques [math]. <\/p>\n","protected":false},"author":5,"featured_media":0,"parent":0,"menu_order":0,"comment_status":"closed","ping_status":"closed","template":"page-fullwidth.php","meta":{"footnotes":""},"class_list":["post-13","page","type-page","status-publish","hentry"],"_links":{"self":[{"href":"https:\/\/members.loria.fr\/FLietard\/wp-json\/wp\/v2\/pages\/13","targetHints":{"allow":["GET"]}}],"collection":[{"href":"https:\/\/members.loria.fr\/FLietard\/wp-json\/wp\/v2\/pages"}],"about":[{"href":"https:\/\/members.loria.fr\/FLietard\/wp-json\/wp\/v2\/types\/page"}],"author":[{"embeddable":true,"href":"https:\/\/members.loria.fr\/FLietard\/wp-json\/wp\/v2\/users\/5"}],"replies":[{"embeddable":true,"href":"https:\/\/members.loria.fr\/FLietard\/wp-json\/wp\/v2\/comments?post=13"}],"version-history":[{"count":29,"href":"https:\/\/members.loria.fr\/FLietard\/wp-json\/wp\/v2\/pages\/13\/revisions"}],"predecessor-version":[{"id":365,"href":"https:\/\/members.loria.fr\/FLietard\/wp-json\/wp\/v2\/pages\/13\/revisions\/365"}],"wp:attachment":[{"href":"https:\/\/members.loria.fr\/FLietard\/wp-json\/wp\/v2\/media?parent=13"}],"curies":[{"name":"wp","href":"https:\/\/api.w.org\/{rel}","templated":true}]}}