{"id":310,"date":"2017-10-24T14:35:24","date_gmt":"2017-10-24T12:35:24","guid":{"rendered":"http:\/\/members.loria.fr\/FLietard\/?page_id=310"},"modified":"2019-03-28T23:39:35","modified_gmt":"2019-03-28T21:39:35","slug":"mediation","status":"publish","type":"page","link":"https:\/\/members.loria.fr\/FLietard\/mediation\/","title":{"rendered":"M\u00e9diation"},"content":{"rendered":"<p>En dehors de ma th\u00e8se, j&rsquo;essaie de m&rsquo;investir du mieux possible dans la m\u00e9diation scientifique car il s&rsquo;agit pour moi d&rsquo;un des grands enjeux de la recherche actuelle. J&rsquo;ai ainsi pu prendre part \u00e0 diff\u00e9rentes actions<\/p>\n<ul>\n<li>Co-gestion d&rsquo;un groupe Maths en Jean avec Paul Zimmermann (Inria), participation \u00e0 l&rsquo;organisation du congr\u00e8s Nanc\u00e9ien.<\/li>\n<li>Intervention lors de la Journ\u00e9e Internationale des Jeunes Chercheurs (JIJC) de l&rsquo;universit\u00e9 de Lorraine en juin 2017 \u00e0 Metz.<\/li>\n<li>Participation \u00e0 Pint of Science 2017 \u00e0 Nancy.<\/li>\n<li>Animation d&rsquo;ateliers lors de la marche pour les sciences en avril 2017 \u00e0 Nancy.<\/li>\n<li>Participation \u00e0 Ma Th\u00e8se en 180 secondes en janvier et mars 2017 \u00e0 Nancy (finale r\u00e9gionale). Une bande dessin\u00e9e r\u00e9alis\u00e9e par le duo Peb et Fox a \u00e9t\u00e9 r\u00e9alis\u00e9e \u00e0 cette occasion, elle est consultable au lien suivant: <a href=\"http:\/\/theconversation.com\/ma-these-en-bd-des-chiffres-euh-des-lettres-78497\">http:\/\/theconversation.com\/ma-these-en-bd-des-chiffres-euh-des-lettres-78497<\/a><\/li>\n<li>Organisation d&rsquo;expos\u00e9s mensuels de m\u00e9diation scientifique, \u00e0 destination des \u00e9tudiants.<\/li>\n<\/ul>\n","protected":false},"excerpt":{"rendered":"<p>En dehors de ma th\u00e8se, j&rsquo;essaie de m&rsquo;investir du mieux possible dans la m\u00e9diation scientifique car il s&rsquo;agit pour moi d&rsquo;un des grands enjeux de la recherche actuelle. J&rsquo;ai ainsi pu prendre part \u00e0 diff\u00e9rentes actions<\/p>\n<ul>\n<li>Co-gestion d&rsquo;un groupe Maths en Jean avec Paul Zimmermann (Inria), participation \u00e0 l&rsquo;organisation du congr\u00e8s Nanc\u00e9ien.<\/li>\n<li>Intervention lors de la Journ\u00e9e Internationale des Jeunes Chercheurs (JIJC) de l&rsquo;universit\u00e9 de Lorraine en juin 2017 \u00e0 Metz.<\/li>\n<li>Participation \u00e0 Pint of Science 2017 \u00e0 Nancy.<\/li>\n<li>Animation d&rsquo;ateliers lors de la marche pour les sciences en avril 2017 \u00e0 Nancy.<\/li>\n<\/ul>\n","protected":false},"author":156,"featured_media":0,"parent":0,"menu_order":0,"comment_status":"closed","ping_status":"closed","template":"","meta":{"footnotes":""},"class_list":["post-310","page","type-page","status-publish","hentry"],"_links":{"self":[{"href":"https:\/\/members.loria.fr\/FLietard\/wp-json\/wp\/v2\/pages\/310","targetHints":{"allow":["GET"]}}],"collection":[{"href":"https:\/\/members.loria.fr\/FLietard\/wp-json\/wp\/v2\/pages"}],"about":[{"href":"https:\/\/members.loria.fr\/FLietard\/wp-json\/wp\/v2\/types\/page"}],"author":[{"embeddable":true,"href":"https:\/\/members.loria.fr\/FLietard\/wp-json\/wp\/v2\/users\/156"}],"replies":[{"embeddable":true,"href":"https:\/\/members.loria.fr\/FLietard\/wp-json\/wp\/v2\/comments?post=310"}],"version-history":[{"count":3,"href":"https:\/\/members.loria.fr\/FLietard\/wp-json\/wp\/v2\/pages\/310\/revisions"}],"predecessor-version":[{"id":323,"href":"https:\/\/members.loria.fr\/FLietard\/wp-json\/wp\/v2\/pages\/310\/revisions\/323"}],"wp:attachment":[{"href":"https:\/\/members.loria.fr\/FLietard\/wp-json\/wp\/v2\/media?parent=310"}],"curies":[{"name":"wp","href":"https:\/\/api.w.org\/{rel}","templated":true}]}}