{"id":13,"date":"2015-06-15T10:26:53","date_gmt":"2015-06-15T08:26:53","guid":{"rendered":"http:\/\/members.loria.fr\/thierrygartiser\/?page_id=13"},"modified":"2022-01-10T16:09:43","modified_gmt":"2022-01-10T14:09:43","slug":"publications","status":"publish","type":"page","link":"https:\/\/members.loria.fr\/GHerreraAltamira\/publications\/","title":{"rendered":"Publications"},"content":{"rendered":"<p>   <!DOCTYPE html PUBLIC \"-\/\/W3C\/\/DTD XHTML 1.0 Transitional\/\/EN\" \"http:\/\/www.w3.org\/TR\/xhtml1\/DTD\/xhtml1-transitional.dtd\"> <html xmlns='http:\/\/www.w3.org\/1999\/xhtml' xml:lang='fr' lang='fr'> <head> <meta name=\"robots\" content=\"noindex, nofollow\" \/> <meta http-equiv=\"content-type\" content= \"text\/html;charset=UTF-8\" \/> <meta http-equiv=\"Content-Language\" content=\"fr\" \/> <link rel=\"stylesheet\" type=\"text\/css\" href=\"..\/css\/VisuGen.css\" \/> <link rel=\"stylesheet\" type=\"text\/css\" href=\"https:\/\/haltools.inria.fr\/\/css\/VisuRubriqueEncadre.css\" \/> <!-- Piwik haltools.inria.fr--> <script type=\"text\/javascript\">   var _paq = _paq || [];   _paq.push(['trackPageView']);   _paq.push(['enableLinkTracking']);   (function() {     var u=\"\/\/piwik.inria.fr\/\";     _paq.push(['setTrackerUrl', u+'piwik.php']);     _paq.push(['setSiteId', 25]);     var d=document, g=d.createElement('script'), s=d.getElementsByTagName('script')[0];     g.type='text\/javascript'; g.async=true; g.defer=true; g.src=u+'piwik.js'; s.parentNode.insertBefore(g,s);   })(); <\/script> <noscript><\/p>\n<p><img decoding=\"async\" src=\"\/\/piwik.inria.fr\/piwik.php?idsite=25\" style=\"border:0;\" alt=\"\" \/><\/p>\n<p><\/noscript> <!-- End Piwik Code -->  <title>Publications HAL de  gabriela herrera altamira<\/title> <\/head> <body> <\/p>\n<div id=\"res_script\">\n<p class='Rubrique'>2024<\/p>\n<p class='SousRubrique'>Journal articles<\/p>\n<dl class='NoticeRes'>\n<dt class=\"ChampRes\">titre<\/dt>\n<dd class=\"ValeurRes Titre\"><a href=\"https:\/\/hal.science\/hal-04515112v1\" target=\"_blank\" >Modality-independent effect of gravity in shaping the internal representation of 3D space for visual and haptic object perception<\/a><\/dd>\n<dt class=\"ChampRes\">auteur<\/dt>\n<dd class=\"ValeurRes Auteurs\">Theo Morfoisse, Gabriela Herrera Altamira, Leonardo Angelini, Gilles Cl\u00e9ment, Mathieu Beraneck, Joseph McIntyre, Michele Tagliabue<\/dd>\n<dt class=\"ChampRes\">article<\/dt>\n<dd class=\"ValeurRes article\"><i>Journal of Neuroscience<\/i>, 2024, pp.e2457202023. <a target=\"_blank\" href=\"https:\/\/dx.doi.org\/10.1523\/JNEUROSCI.2457-20.2023\">&#x27E8;10.1523\/JNEUROSCI.2457-20.2023&#x27E9;<\/a><\/dd>\n<dt class=\"ChampRes\">typdoc<\/dt>\n<dd class=\"ValeurRes Type_de_document\">Journal articles<\/dd>\n<dt class=\"ChampRes\">DOI<\/dt>\n<dd class=\"ValeurRes DOI\">DOI : <a href=\"\/\/dx.doi.org\/10.1523\/JNEUROSCI.2457-20.2023\" target=\"_blank\" >10.1523\/JNEUROSCI.2457-20.2023<\/a><\/dd>\n<dt class=\"ChampRes\">Acc\u00e8s au texte int\u00e9gral et bibtex<\/dt>\n<dd class=\"ValeurRes Fichier_joint\"> <a href=\"https:\/\/hal.science\/hal-04515112\/file\/JNEUROSCI.2457-20.2023.full.pdf\"  target=\"_blank\"> <img decoding=\"async\" alt=\"https:\/\/hal.science\/hal-04515112\/file\/JNEUROSCI.2457-20.2023.full.pdf\" src=\"https:\/\/haltools.inria.fr\/images\/Haltools_pdf.png\" border=\"0\" title=\"https:\/\/hal.science\/hal-04515112\/file\/JNEUROSCI.2457-20.2023.full.pdf\" \/><\/a> <span class=\"LienBibtexACoteFulltext\"><a href=\"https:\/\/hal.science\/hal-04515112v1\/bibtex\" target=\"_self\"> <img decoding=\"async\" alt=\"BibTex\" src=\"https:\/\/haltools.inria.fr\/images\/Haltools_bibtex3.png\" border=\"0\"  title=\"BibTex\" \/><\/a> <\/span><\/dd>\n<\/dl>\n<p class='Rubrique'>2023<\/p>\n<p class='SousRubrique'>Conference papers<\/p>\n<dl class='NoticeRes'>\n<dt class=\"ChampRes\">titre<\/dt>\n<dd class=\"ValeurRes Titre\"><a href=\"https:\/\/hal.science\/hal-04292110v1\" target=\"_blank\" >EEG Modulations Induced by a Visual and Vibrotactile Stimulation<\/a><\/dd>\n<dt class=\"ChampRes\">auteur<\/dt>\n<dd class=\"ValeurRes Auteurs\">Gabriela Herrera Altamira, St\u00e9phanie Fleck, Anatole L\u00e9cuyer, Laurent Bougrain<\/dd>\n<dt class=\"ChampRes\">article<\/dt>\n<dd class=\"ValeurRes article\"><i>IEEE Conference on Systems, Man, and Cybernetics<\/i>, Oct 2023, Honolulu, United States<\/dd>\n<dt class=\"ChampRes\">typdoc<\/dt>\n<dd class=\"ValeurRes Type_de_document\">Conference papers<\/dd>\n<dt class=\"ChampRes\">Acc\u00e8s au texte int\u00e9gral et bibtex<\/dt>\n<dd class=\"ValeurRes Fichier_joint\"> <a href=\"https:\/\/hal.science\/hal-04292110\/file\/GHA_SMC2023.pdf\"  target=\"_blank\"> <img decoding=\"async\" alt=\"https:\/\/hal.science\/hal-04292110\/file\/GHA_SMC2023.pdf\" src=\"https:\/\/haltools.inria.fr\/images\/Haltools_pdf.png\" border=\"0\" title=\"https:\/\/hal.science\/hal-04292110\/file\/GHA_SMC2023.pdf\" \/><\/a> <span class=\"LienBibtexACoteFulltext\"><a href=\"https:\/\/hal.science\/hal-04292110v1\/bibtex\" target=\"_self\"> <img decoding=\"async\" alt=\"BibTex\" src=\"https:\/\/haltools.inria.fr\/images\/Haltools_bibtex3.png\" border=\"0\"  title=\"BibTex\" \/><\/a> <\/span><\/dd>\n<\/dl>\n<dl class='NoticeRes'>\n<dt class=\"ChampRes\">titre<\/dt>\n<dd class=\"ValeurRes Titre\"><a href=\"https:\/\/hal.science\/hal-04228939v1\" target=\"_blank\" >Multisensory neurofeedback design for KMI embodiment<\/a><\/dd>\n<dt class=\"ChampRes\">auteur<\/dt>\n<dd class=\"ValeurRes Auteurs\">Gabriela Herrera Altamira, Nathalie Skiba, Anatole L\u00e9cuyer, Laurent Bougrain, St\u00e9phanie Fleck<\/dd>\n<dt class=\"ChampRes\">article<\/dt>\n<dd class=\"ValeurRes article\"><i>IMX 2023 &#8211; ACM International Conference on Interactive Media Experiences<\/i>, Jun 2023, Nantes, France. pp.1-3, <a target=\"_blank\" href=\"https:\/\/dx.doi.org\/10.1145\/3604321.3604352\">&#x27E8;10.1145\/3604321.3604352&#x27E9;<\/a><\/dd>\n<dt class=\"ChampRes\">typdoc<\/dt>\n<dd class=\"ValeurRes Type_de_document\">Conference papers<\/dd>\n<dt class=\"ChampRes\">DOI<\/dt>\n<dd class=\"ValeurRes DOI\">DOI : <a href=\"\/\/dx.doi.org\/10.1145\/3604321.3604352\" target=\"_blank\" >10.1145\/3604321.3604352<\/a><\/dd>\n<dt class=\"ChampRes\">Acc\u00e8s au texte int\u00e9gral et bibtex<\/dt>\n<dd class=\"ValeurRes Fichier_joint\"> <a href=\"https:\/\/hal.science\/hal-04228939\/file\/SensoryX23_Herreraetal.pdf\"  target=\"_blank\"> <img decoding=\"async\" alt=\"https:\/\/hal.science\/hal-04228939\/file\/SensoryX23_Herreraetal.pdf\" src=\"https:\/\/haltools.inria.fr\/images\/Haltools_pdf.png\" border=\"0\" title=\"https:\/\/hal.science\/hal-04228939\/file\/SensoryX23_Herreraetal.pdf\" \/><\/a> <span class=\"LienBibtexACoteFulltext\"><a href=\"https:\/\/hal.science\/hal-04228939v1\/bibtex\" target=\"_self\"> <img decoding=\"async\" alt=\"BibTex\" src=\"https:\/\/haltools.inria.fr\/images\/Haltools_bibtex3.png\" border=\"0\"  title=\"BibTex\" \/><\/a> <\/span><\/dd>\n<\/dl>\n<dl class='NoticeRes'>\n<dt class=\"ChampRes\">titre<\/dt>\n<dd class=\"ValeurRes Titre\"><a href=\"https:\/\/hal.science\/hal-04228934v1\" target=\"_blank\" >Design and Evaluation of Vibrotactile Stimulus to Support a KMI-based Neurofeedback<\/a><\/dd>\n<dt class=\"ChampRes\">auteur<\/dt>\n<dd class=\"ValeurRes Auteurs\">Gabriela Herrera Altamira, St\u00e9phanie Fleck, Anatole L\u00e9cuyer, Laurent Bougrain<\/dd>\n<dt class=\"ChampRes\">article<\/dt>\n<dd class=\"ValeurRes article\"><i>BCI 2023 &#8211; 10th International Brain-Computer Interface Meeting<\/i>, BCI Society, Jun 2023, La Hulpe, Belgium. pp.1-1<\/dd>\n<dt class=\"ChampRes\">typdoc<\/dt>\n<dd class=\"ValeurRes Type_de_document\">Conference papers<\/dd>\n<dt class=\"ChampRes\">Acc\u00e8s au bibtex<\/dt>\n<dd class=\"ValeurRes LienBibtex\"> <a href=\"https:\/\/hal.science\/hal-04228934v1\/bibtex\" target=\"_self\"> <img decoding=\"async\" alt=\"BibTex\" src=\"https:\/\/haltools.inria.fr\/images\/Haltools_bibtex3.png\" border=\"0\"  title=\"BibTex\" \/><\/a> <\/dd>\n<\/dl>\n<p class='SousRubrique'>Poster communications<\/p>\n<dl class='NoticeRes'>\n<dt class=\"ChampRes\">titre<\/dt>\n<dd class=\"ValeurRes Titre\"><a href=\"https:\/\/hal.science\/hal-04228942v1\" target=\"_blank\" >User Test and EEG Insights of Bimodal, Visual and Vibrotactile, Stimulation<\/a><\/dd>\n<dt class=\"ChampRes\">auteur<\/dt>\n<dd class=\"ValeurRes Auteurs\">Gabriela Herrera Altamira, St\u00e9phanie Fleck, Anatole L\u00e9cuyer, Laurent Bougrain<\/dd>\n<dt class=\"ChampRes\">article<\/dt>\n<dd class=\"ValeurRes article\"><i>Journ\u00e9es CORTICO (COllectif pour la Recherche Transdisciplinaire sur les Interfaces Cerveau-Ordinateur) 2023<\/i>, May 2023, Paris, France. <a target=\"_blank\" href=\"https:\/\/www.cortico.fr\/journees-cortico-2023\/\"><\/a><\/dd>\n<dt class=\"ChampRes\">typdoc<\/dt>\n<dd class=\"ValeurRes Type_de_document\">Poster communications<\/dd>\n<dt class=\"ChampRes\">Acc\u00e8s au texte int\u00e9gral et bibtex<\/dt>\n<dd class=\"ValeurRes Fichier_joint\"> <a href=\"https:\/\/hal.science\/hal-04228942\/file\/posterHerreraCortico23.pdf\"  target=\"_blank\"> <img decoding=\"async\" alt=\"https:\/\/hal.science\/hal-04228942\/file\/posterHerreraCortico23.pdf\" src=\"https:\/\/haltools.inria.fr\/images\/Haltools_pdf.png\" border=\"0\" title=\"https:\/\/hal.science\/hal-04228942\/file\/posterHerreraCortico23.pdf\" \/><\/a> <span class=\"LienBibtexACoteFulltext\"><a href=\"https:\/\/hal.science\/hal-04228942v1\/bibtex\" target=\"_self\"> <img decoding=\"async\" alt=\"BibTex\" src=\"https:\/\/haltools.inria.fr\/images\/Haltools_bibtex3.png\" border=\"0\"  title=\"BibTex\" \/><\/a> <\/span><\/dd>\n<\/dl>\n<p class='Rubrique'>2022<\/p>\n<p class='SousRubrique'>Journal articles<\/p>\n<dl class='NoticeRes'>\n<dt class=\"ChampRes\">titre<\/dt>\n<dd class=\"ValeurRes Titre\"><a href=\"https:\/\/hal.science\/hal-03783055v3\" target=\"_blank\" >Toward an Adapted Neurofeedback for Post-stroke Motor Rehabilitation: State of the Art and Perspectives<\/a><\/dd>\n<dt class=\"ChampRes\">auteur<\/dt>\n<dd class=\"ValeurRes Auteurs\">Salom\u00e9 Le Franc, Gabriela Herrera Altamira, Maud Guillen, Simon Butet, St\u00e9phanie Fleck, Anatole L\u00e9cuyer, Laurent Bougrain, Isabelle Bonan<\/dd>\n<dt class=\"ChampRes\">article<\/dt>\n<dd class=\"ValeurRes article\"><i>Frontiers in Human Neuroscience<\/i>, 2022, 16, pp.917909. <a target=\"_blank\" href=\"https:\/\/dx.doi.org\/10.3389\/fnhum.2022.917909\">&#x27E8;10.3389\/fnhum.2022.917909&#x27E9;<\/a><\/dd>\n<dt class=\"ChampRes\">typdoc<\/dt>\n<dd class=\"ValeurRes Type_de_document\">Journal articles<\/dd>\n<dt class=\"ChampRes\">DOI<\/dt>\n<dd class=\"ValeurRes DOI\">DOI : <a href=\"\/\/dx.doi.org\/10.3389\/fnhum.2022.917909\" target=\"_blank\" >10.3389\/fnhum.2022.917909<\/a><\/dd>\n<dt class=\"ChampRes\">Acc\u00e8s au texte int\u00e9gral et bibtex<\/dt>\n<dd class=\"ValeurRes Fichier_joint\"> <a href=\"https:\/\/hal.science\/hal-03783055\/file\/fnhum-16-917909.pdf\"  target=\"_blank\"> <img decoding=\"async\" alt=\"https:\/\/hal.science\/hal-03783055\/file\/fnhum-16-917909.pdf\" src=\"https:\/\/haltools.inria.fr\/images\/Haltools_pdf.png\" border=\"0\" title=\"https:\/\/hal.science\/hal-03783055\/file\/fnhum-16-917909.pdf\" \/><\/a> <span class=\"LienBibtexACoteFulltext\"><a href=\"https:\/\/hal.science\/hal-03783055v3\/bibtex\" target=\"_self\"> <img decoding=\"async\" alt=\"BibTex\" src=\"https:\/\/haltools.inria.fr\/images\/Haltools_bibtex3.png\" border=\"0\"  title=\"BibTex\" \/><\/a> <\/span><\/dd>\n<\/dl>\n<p class='SousRubrique'>Conference papers<\/p>\n<dl class='NoticeRes'>\n<dt class=\"ChampRes\">titre<\/dt>\n<dd class=\"ValeurRes Titre\"><a href=\"https:\/\/hal.science\/hal-03835654v1\" target=\"_blank\" >Grasp-IT Xmod: A Multisensory Brain-Computer Interface forPost-Stroke Motor Rehabilitation<\/a><\/dd>\n<dt class=\"ChampRes\">auteur<\/dt>\n<dd class=\"ValeurRes Auteurs\">Gabriela Herrera Altamira, Laurent Bougrain, Anatole L\u00e9cuyer, St\u00e9phanie Fleck<\/dd>\n<dt class=\"ChampRes\">article<\/dt>\n<dd class=\"ValeurRes article\"><i>IHM 2022 &#8211; 33e conf\u00e9rence internationale francophone sur l\u2019Interaction Humain-Machine<\/i>, AFIHM, Apr 2022, Namur, Belgium. pp.1-3<\/dd>\n<dt class=\"ChampRes\">typdoc<\/dt>\n<dd class=\"ValeurRes Type_de_document\">Conference papers<\/dd>\n<dt class=\"ChampRes\">Acc\u00e8s au texte int\u00e9gral et bibtex<\/dt>\n<dd class=\"ValeurRes Fichier_joint\"> <a href=\"https:\/\/hal.science\/hal-03835654\/file\/Final_Herrera.pdf\"  target=\"_blank\"> <img decoding=\"async\" alt=\"https:\/\/hal.science\/hal-03835654\/file\/Final_Herrera.pdf\" src=\"https:\/\/haltools.inria.fr\/images\/Haltools_pdf.png\" border=\"0\" title=\"https:\/\/hal.science\/hal-03835654\/file\/Final_Herrera.pdf\" \/><\/a> <span class=\"LienBibtexACoteFulltext\"><a href=\"https:\/\/hal.science\/hal-03835654v1\/bibtex\" target=\"_self\"> <img decoding=\"async\" alt=\"BibTex\" src=\"https:\/\/haltools.inria.fr\/images\/Haltools_bibtex3.png\" border=\"0\"  title=\"BibTex\" \/><\/a> <\/span><\/dd>\n<\/dl>\n<dl class='NoticeRes'>\n<dt class=\"ChampRes\">titre<\/dt>\n<dd class=\"ValeurRes Titre\"><a href=\"https:\/\/hal.science\/hal-03690432v1\" target=\"_blank\" >Motion prediction for the sensorimotor control of hand prostheses with a brain-machine interface using EEG<\/a><\/dd>\n<dt class=\"ChampRes\">auteur<\/dt>\n<dd class=\"ValeurRes Auteurs\">Corentin Piozin, Gabriela Herrera Altamira, Catherine Simon, Brice Lavrard, Jean-Yves Audran, Florian Waszak, Selim Eskiizmirliler<\/dd>\n<dt class=\"ChampRes\">article<\/dt>\n<dd class=\"ValeurRes article\"><i>2022 10th International Winter Conference on Brain-Computer Interface (BCI)<\/i>, Feb 2022, Gangwon-do,, South Korea. pp.1-8, <a target=\"_blank\" href=\"https:\/\/dx.doi.org\/10.1109\/BCI53720.2022.9734823\">&#x27E8;10.1109\/BCI53720.2022.9734823&#x27E9;<\/a><\/dd>\n<dt class=\"ChampRes\">typdoc<\/dt>\n<dd class=\"ValeurRes Type_de_document\">Conference papers<\/dd>\n<dt class=\"ChampRes\">DOI<\/dt>\n<dd class=\"ValeurRes DOI\">DOI : <a href=\"\/\/dx.doi.org\/10.1109\/BCI53720.2022.9734823\" target=\"_blank\" >10.1109\/BCI53720.2022.9734823<\/a><\/dd>\n<dt class=\"ChampRes\">Acc\u00e8s au texte int\u00e9gral et bibtex<\/dt>\n<dd class=\"ValeurRes Fichier_joint\"> <a href=\"https:\/\/hal.science\/hal-03690432\/file\/Piozin_Waszak_IEEE_2022%20%281%29.pdf\"  target=\"_blank\"> <img decoding=\"async\" alt=\"https:\/\/hal.science\/hal-03690432\/file\/Piozin_Waszak_IEEE_2022%20%281%29.pdf\" src=\"https:\/\/haltools.inria.fr\/images\/Haltools_pdf.png\" border=\"0\" title=\"https:\/\/hal.science\/hal-03690432\/file\/Piozin_Waszak_IEEE_2022%20%281%29.pdf\" \/><\/a> <span class=\"LienBibtexACoteFulltext\"><a href=\"https:\/\/hal.science\/hal-03690432v1\/bibtex\" target=\"_self\"> <img decoding=\"async\" alt=\"BibTex\" src=\"https:\/\/haltools.inria.fr\/images\/Haltools_bibtex3.png\" border=\"0\"  title=\"BibTex\" \/><\/a> <\/span><\/dd>\n<\/dl><\/div>\n<p> <\/body> <\/html> <\/p>\n","protected":false},"excerpt":{"rendered":"<p>               var _paq = _paq || [];   _paq.push([&#8216;trackPageView&#8217;]);   _paq.push([&#8216;enableLinkTracking&#8217;]);   (function() {     var u=&#8221;\/\/piwik.inria.fr\/&#8221;;     _paq.push([&#8216;setTrackerUrl&#8217;, u+&#8217;piwik.php&#8217;]);     _paq.push([&#8216;setSiteId&#8217;, 25]);     var d=document, g=d.createElement(&#8216;script&#8217;), s=d.getElementsByTagName(&#8216;script&#8217;)[0];     g.type=&#8217;text\/javascript&#8217;; g.async=true; g.defer=true; g.src=u+&#8217;piwik.js&#8217;; s.parentNode.insertBefore(g,s);   })();  <\/p>\n<p><img decoding=\"async\" src=\"\/\/piwik.inria.fr\/piwik.php?idsite=25\" style=\"border:0;\" alt=\"\" \/><\/p>\n<p>   Publications HAL de  gabriela herrera altamira   <\/p>\n<p class='Rubrique'>2024<\/p>\n<p class='SousRubrique'>Journal articles<\/p>\n<p>titre<br \/>\n<a href=\"https:\/\/hal.science\/hal-04515112v1\" target=\"_blank\">Modality-independent effect of gravity in shaping the internal representation of 3D space for visual and haptic object perception<\/a><br \/>\nauteur<br \/>\nTheo Morfoisse, Gabriela Herrera Altamira, Leonardo Angelini, Gilles Cl\u00e9ment, Mathieu Beraneck, Joseph McIntyre, Michele Tagliabue<br \/>\narticle<br \/>\n<i>Journal of Neuroscience<\/i>, 2024, pp.e2457202023. <a target=\"_blank\" href=\"https:\/\/dx.doi.org\/10.1523\/JNEUROSCI.2457-20.2023\">&#x27E8;10.1523\/JNEUROSCI.2457-20.2023&#x27E9;<\/a><br \/>\ntypdoc<br \/>\nJournal articles<br \/>\nDOI<br \/>\nDOI : <a href=\"\/\/dx.doi.org\/10.1523\/JNEUROSCI.2457-20.2023\" target=\"_blank\">10.1523\/JNEUROSCI.2457-20.2023<\/a><br \/>\nAcc\u00e8s au texte int\u00e9gral et bibtex<br \/>\n <a href=\"https:\/\/hal.science\/hal-04515112\/file\/JNEUROSCI.2457-20.2023.full.pdf\"  target=\"_blank\"> <img decoding=\"async\" alt=\"https:\/\/hal.science\/hal-04515112\/file\/JNEUROSCI.2457-20.2023.full.pdf\" src=\"https:\/\/haltools.inria.fr\/images\/Haltools_pdf.png\" border=\"0\" title=\"https:\/\/hal.science\/hal-04515112\/file\/JNEUROSCI.2457-20.2023.full.pdf\" \/><\/a> <a href=\"https:\/\/hal.science\/hal-04515112v1\/bibtex\" target=\"_self\"> <img decoding=\"async\" alt=\"BibTex\" src=\"https:\/\/haltools.inria.fr\/images\/Haltools_bibtex3.png\" border=\"0\"  title=\"BibTex\" \/><\/a> <\/p>\n<p class='Rubrique'>2023<\/p>\n<p class='SousRubrique'>Conference papers<\/p>\n<p>titre<br \/>\n<a href=\"https:\/\/hal.science\/hal-04292110v1\" target=\"_blank\">EEG Modulations Induced by a Visual and Vibrotactile Stimulation<\/a><br \/>\nauteur<br \/>\nGabriela Herrera Altamira, <\/p>\n","protected":false},"author":5,"featured_media":0,"parent":0,"menu_order":0,"comment_status":"closed","ping_status":"closed","template":"page-fullwidth.php","meta":{"footnotes":""},"class_list":["post-13","page","type-page","status-publish","hentry"],"_links":{"self":[{"href":"https:\/\/members.loria.fr\/GHerreraAltamira\/wp-json\/wp\/v2\/pages\/13","targetHints":{"allow":["GET"]}}],"collection":[{"href":"https:\/\/members.loria.fr\/GHerreraAltamira\/wp-json\/wp\/v2\/pages"}],"about":[{"href":"https:\/\/members.loria.fr\/GHerreraAltamira\/wp-json\/wp\/v2\/types\/page"}],"author":[{"embeddable":true,"href":"https:\/\/members.loria.fr\/GHerreraAltamira\/wp-json\/wp\/v2\/users\/5"}],"replies":[{"embeddable":true,"href":"https:\/\/members.loria.fr\/GHerreraAltamira\/wp-json\/wp\/v2\/comments?post=13"}],"version-history":[{"count":26,"href":"https:\/\/members.loria.fr\/GHerreraAltamira\/wp-json\/wp\/v2\/pages\/13\/revisions"}],"predecessor-version":[{"id":309,"href":"https:\/\/members.loria.fr\/GHerreraAltamira\/wp-json\/wp\/v2\/pages\/13\/revisions\/309"}],"wp:attachment":[{"href":"https:\/\/members.loria.fr\/GHerreraAltamira\/wp-json\/wp\/v2\/media?parent=13"}],"curies":[{"name":"wp","href":"https:\/\/api.w.org\/{rel}","templated":true}]}}