{"id":10,"date":"2015-06-15T10:23:49","date_gmt":"2015-06-15T08:23:49","guid":{"rendered":"http:\/\/members.loria.fr\/thierrygartiser\/?page_id=10"},"modified":"2016-04-18T19:40:59","modified_gmt":"2016-04-18T17:40:59","slug":"cv","status":"publish","type":"page","link":"https:\/\/members.loria.fr\/GSimon\/cv\/","title":{"rendered":"CV"},"content":{"rendered":"<div class=\"important_div\" style=\"text-align: center\"><\/div>\n<h4 class=\"cv\">Centres d&rsquo;int\u00e9r\u00eat et comp\u00e9tences en recherche<\/h4>\n<p>Je m&rsquo;int\u00e9resse principalement \u00e0 la vision par ordinateur et \u00e0 la r\u00e9alit\u00e9 augment\u00e9e dans divers environnements (urbains, scolaires, industriels). Plus pr\u00e9cis\u00e9ment, mes centres d&rsquo;int\u00e9r\u00eat\u00a0 (tri\u00e9s selon le pourcentage d&rsquo;<a href=\"https:\/\/members.loria.fr\/GSimon\/publications\/\">articles<\/a> concern\u00e9s) sont les suivants :<\/p>\n<div id=\"skillbar_straight\" style=\"padding:10px 0;\">\n\n<div class=\"skillbar clearfix\" data-percent=\"100%\" style=\"background: #eeeeee;\">\r\n\t\t\t\t<div class=\"skillbar-title\" style=\"background: #336699 !important;\"><span>Augmented reality<\/span><\/div>\r\n\t\t\t\t<div class=\"skillbar-bar\" style=\"background: #336699;\"><\/div>\r\n\t\t\t\t<div class=\"skill-bar-percent\">100%<\/div>\r\n\t\t\t<\/div>\n\n<div class=\"skillbar clearfix\" data-percent=\"100%\" style=\"background: #eeeeee;\">\r\n\t\t\t\t<div class=\"skillbar-title\" style=\"background: #336699 !important;\"><span>Computer vision<\/span><\/div>\r\n\t\t\t\t<div class=\"skillbar-bar\" style=\"background: #336699;\"><\/div>\r\n\t\t\t\t<div class=\"skill-bar-percent\">100%<\/div>\r\n\t\t\t<\/div>\n\n<div class=\"skillbar clearfix\" data-percent=\"47%\" style=\"background: #eeeeee;\">\r\n\t\t\t\t<div class=\"skillbar-title\" style=\"background: #336699 !important;\"><span>Camera tracking<\/span><\/div>\r\n\t\t\t\t<div class=\"skillbar-bar\" style=\"background: #336699;\"><\/div>\r\n\t\t\t\t<div class=\"skill-bar-percent\">47%<\/div>\r\n\t\t\t<\/div>\n\n<div class=\"skillbar clearfix\" data-percent=\"36%\" style=\"background: #eeeeee;\">\r\n\t\t\t\t<div class=\"skillbar-title\" style=\"background: #336699 !important;\"><span>3D scene reconstruction<\/span><\/div>\r\n\t\t\t\t<div class=\"skillbar-bar\" style=\"background: #336699;\"><\/div>\r\n\t\t\t\t<div class=\"skill-bar-percent\">36%<\/div>\r\n\t\t\t<\/div>\n\n<div class=\"skillbar clearfix\" data-percent=\"25%\" style=\"background: #eeeeee;\">\r\n\t\t\t\t<div class=\"skillbar-title\" style=\"background: #336699 !important;\"><span>Pose computation<\/span><\/div>\r\n\t\t\t\t<div class=\"skillbar-bar\" style=\"background: #336699;\"><\/div>\r\n\t\t\t\t<div class=\"skill-bar-percent\">25%<\/div>\r\n\t\t\t<\/div>\n\n<div class=\"skillbar clearfix\" data-percent=\"22%\" style=\"background: #eeeeee;\">\r\n\t\t\t\t<div class=\"skillbar-title\" style=\"background: #336699 !important;\"><span>Projective geometry<\/span><\/div>\r\n\t\t\t\t<div class=\"skillbar-bar\" style=\"background: #336699;\"><\/div>\r\n\t\t\t\t<div class=\"skill-bar-percent\">22%<\/div>\r\n\t\t\t<\/div>\n\n<div class=\"skillbar clearfix\" data-percent=\"22%\" style=\"background: #eeeeee;\">\r\n\t\t\t\t<div class=\"skillbar-title\" style=\"background: #336699 !important;\"><span>Camera calibration<\/span><\/div>\r\n\t\t\t\t<div class=\"skillbar-bar\" style=\"background: #336699;\"><\/div>\r\n\t\t\t\t<div class=\"skill-bar-percent\">22%<\/div>\r\n\t\t\t<\/div>\n\n<div class=\"skillbar clearfix\" data-percent=\"19%\" style=\"background: #eeeeee;\">\r\n\t\t\t\t<div class=\"skillbar-title\" style=\"background: #336699 !important;\"><span>Human-computer interaction<\/span><\/div>\r\n\t\t\t\t<div class=\"skillbar-bar\" style=\"background: #336699;\"><\/div>\r\n\t\t\t\t<div class=\"skill-bar-percent\">19%<\/div>\r\n\t\t\t<\/div>\n\n<div class=\"skillbar clearfix\" data-percent=\"19%\" style=\"background: #eeeeee;\">\r\n\t\t\t\t<div class=\"skillbar-title\" style=\"background: #336699 !important;\"><span>Simultaneous Localization And Mapping<\/span><\/div>\r\n\t\t\t\t<div class=\"skillbar-bar\" style=\"background: #336699;\"><\/div>\r\n\t\t\t\t<div class=\"skill-bar-percent\">19%<\/div>\r\n\t\t\t<\/div>\n\n<div class=\"skillbar clearfix\" data-percent=\"17%\" style=\"background: #eeeeee;\">\r\n\t\t\t\t<div class=\"skillbar-title\" style=\"background: #336699 !important;\"><span>Filtering<\/span><\/div>\r\n\t\t\t\t<div class=\"skillbar-bar\" style=\"background: #336699;\"><\/div>\r\n\t\t\t\t<div class=\"skill-bar-percent\">17%<\/div>\r\n\t\t\t<\/div>\n\n<div class=\"skillbar clearfix\" data-percent=\"11%\" style=\"background: #eeeeee;\">\r\n\t\t\t\t<div class=\"skillbar-title\" style=\"background: #336699 !important;\"><span>Sensors<\/span><\/div>\r\n\t\t\t\t<div class=\"skillbar-bar\" style=\"background: #336699;\"><\/div>\r\n\t\t\t\t<div class=\"skill-bar-percent\">11%<\/div>\r\n\t\t\t<\/div>\n\n<div class=\"skillbar clearfix\" data-percent=\"8%\" style=\"background: #eeeeee;\">\r\n\t\t\t\t<div class=\"skillbar-title\" style=\"background: #336699 !important;\"><span>Machine Learning<\/span><\/div>\r\n\t\t\t\t<div class=\"skillbar-bar\" style=\"background: #336699;\"><\/div>\r\n\t\t\t\t<div class=\"skill-bar-percent\">8%<\/div>\r\n\t\t\t<\/div>\n\n<div class=\"skillbar clearfix\" data-percent=\"8%\" style=\"background: #eeeeee;\">\r\n\t\t\t\t<div class=\"skillbar-title\" style=\"background: #336699 !important;\"><span>Perception and psychophysics<\/span><\/div>\r\n\t\t\t\t<div class=\"skillbar-bar\" style=\"background: #336699;\"><\/div>\r\n\t\t\t\t<div class=\"skill-bar-percent\">8%<\/div>\r\n\t\t\t<\/div>\n\n<div class=\"skillbar clearfix\" data-percent=\"8%\" style=\"background: #eeeeee;\">\r\n\t\t\t\t<div class=\"skillbar-title\" style=\"background: #336699 !important;\"><span>Robust statistics<\/span><\/div>\r\n\t\t\t\t<div class=\"skillbar-bar\" style=\"background: #336699;\"><\/div>\r\n\t\t\t\t<div class=\"skill-bar-percent\">8%<\/div>\r\n\t\t\t<\/div>\n\n<div class=\"skillbar clearfix\" data-percent=\"3%\" style=\"background: #eeeeee;\">\r\n\t\t\t\t<div class=\"skillbar-title\" style=\"background: #336699 !important;\"><span>Structure From Motion<\/span><\/div>\r\n\t\t\t\t<div class=\"skillbar-bar\" style=\"background: #336699;\"><\/div>\r\n\t\t\t\t<div class=\"skill-bar-percent\">3%<\/div>\r\n\t\t\t<\/div>\n\n\n<div style=\"clear:both;\"><\/div>\n<\/div>\n<div style=\"clear:both; height:10px; overflow:hidden;\"><\/div>\n<style type=\"text\/css\">.skillbar-title{font-size:px;color:;}.skill-bar-percent{font-size:px;color:;}<\/style><script>\r\n\t\t\t\tfunction sbar(){\r\n\t\t\t\t\tjQuery(\".skillbar\").each(function(){\r\n\t\t\t\t\t\tjQuery(this).find(\".skillbar-bar\").animate({\r\n\t\t\t\t\t\t\twidth:jQuery(this).attr(\"data-percent\")\r\n\t\t\t\t\t\t},3000);\r\n\t\t\t\t\t});\t\r\n\t\t\t\t}\r\n\t\t\t\tif ( jQuery(\"#skillbar_straight\").next().is(\":appeared\") ){\r\n\t\t\t\t\tsbar();\r\n\t\t\t\t} else {\r\n\t\t\t\t\tjQuery( window ).scroll(function() {\r\n\t\t\t\t\t\tif ( jQuery(\"#skillbar_straight\").next().is(\":appeared\") ){\r\n\t\t\t\t\t\t\tsbar();\r\n\t\t\t\t\t\t}\r\n\t\t\t\t\t});\r\n\t\t\t\t}\r\n\t\t\t\t<\/script>\n<h4 class=\"cv\">Centres d&rsquo;int\u00e9r\u00eat et comp\u00e9tences en enseignement<\/h4>\n<p>J&rsquo;enseigne \u00e0 peu pr\u00e8s \u00e0 tous les niveaux, du L1 au M2, en passant par la LP, dans des formations\u00a0 port\u00e9es par le d\u00e9partement informatique de la FST, ainsi qu&rsquo;\u00e0 TELECOM Nancy et CENTRALE-SUPELEC (quelques heures seulement). Mes enseignements sont g\u00e9n\u00e9ralement en lien avec mon activit\u00e9 de recherche, mais j&rsquo;ai aussi donn\u00e9 beaucoup de cours en bases de donn\u00e9es durant mes premi\u00e8res ann\u00e9es d&rsquo;enseignement, et j&rsquo;interviens encore en algorithmique et programmation en L1 et L2 d&rsquo;informatique. Les chiffres ci-dessous indiquent le pourcentage d&rsquo;heures effectu\u00e9es dans chaque th\u00e9matique, depuis ma prise de fonction.<\/p>\n<div id=\"skillbar_straight\" style=\"padding:10px 0;\">\n\n<div class=\"skillbar clearfix\" data-percent=\"32%\" style=\"background: #eeeeee;\">\r\n\t\t\t\t<div class=\"skillbar-title\" style=\"background: #336699 !important;\"><span>R\u00e9alit\u00e9 augment\u00e9e et vision par ordinateur<\/span><\/div>\r\n\t\t\t\t<div class=\"skillbar-bar\" style=\"background: #336699;\"><\/div>\r\n\t\t\t\t<div class=\"skill-bar-percent\">32%<\/div>\r\n\t\t\t<\/div>\n\n<div class=\"skillbar clearfix\" data-percent=\"26%\" style=\"background: #eeeeee;\">\r\n\t\t\t\t<div class=\"skillbar-title\" style=\"background: #336699 !important;\"><span>Conception et exploitation des Bases de Donn\u00e9es<\/span><\/div>\r\n\t\t\t\t<div class=\"skillbar-bar\" style=\"background: #336699;\"><\/div>\r\n\t\t\t\t<div class=\"skill-bar-percent\">26%<\/div>\r\n\t\t\t<\/div>\n\n<div class=\"skillbar clearfix\" data-percent=\"19%\" style=\"background: #eeeeee;\">\r\n\t\t\t\t<div class=\"skillbar-title\" style=\"background: #336699 !important;\"><span>Algorithmique et programmation<\/span><\/div>\r\n\t\t\t\t<div class=\"skillbar-bar\" style=\"background: #336699;\"><\/div>\r\n\t\t\t\t<div class=\"skill-bar-percent\">19%<\/div>\r\n\t\t\t<\/div>\n\n<div class=\"skillbar clearfix\" data-percent=\"10%\" style=\"background: #eeeeee;\">\r\n\t\t\t\t<div class=\"skillbar-title\" style=\"background: #336699 !important;\"><span>G\u00e9om\u00e9trie et infographie<\/span><\/div>\r\n\t\t\t\t<div class=\"skillbar-bar\" style=\"background: #336699;\"><\/div>\r\n\t\t\t\t<div class=\"skill-bar-percent\">10%<\/div>\r\n\t\t\t<\/div>\n\n<div class=\"skillbar clearfix\" data-percent=\"10%\" style=\"background: #eeeeee;\">\r\n\t\t\t\t<div class=\"skillbar-title\" style=\"background: #336699 !important;\"><span>Analyse et conception des logiciels<\/span><\/div>\r\n\t\t\t\t<div class=\"skillbar-bar\" style=\"background: #336699;\"><\/div>\r\n\t\t\t\t<div class=\"skill-bar-percent\">10%<\/div>\r\n\t\t\t<\/div>\n\n<div class=\"skillbar clearfix\" data-percent=\"3%\" style=\"background: #eeeeee;\">\r\n\t\t\t\t<div class=\"skillbar-title\" style=\"background: #336699 !important;\"><span>Informatique th\u00e9orique<\/span><\/div>\r\n\t\t\t\t<div class=\"skillbar-bar\" style=\"background: #336699;\"><\/div>\r\n\t\t\t\t<div class=\"skill-bar-percent\">3%<\/div>\r\n\t\t\t<\/div>\n\n\n<div style=\"clear:both;\"><\/div>\n<\/div>\n<div style=\"clear:both; height:10px; overflow:hidden;\"><\/div>\n<style type=\"text\/css\">.skillbar-title{font-size:px;color:;}.skill-bar-percent{font-size:px;color:;}<\/style><script>\r\n\t\t\t\tfunction sbar(){\r\n\t\t\t\t\tjQuery(\".skillbar\").each(function(){\r\n\t\t\t\t\t\tjQuery(this).find(\".skillbar-bar\").animate({\r\n\t\t\t\t\t\t\twidth:jQuery(this).attr(\"data-percent\")\r\n\t\t\t\t\t\t},3000);\r\n\t\t\t\t\t});\t\r\n\t\t\t\t}\r\n\t\t\t\tif ( jQuery(\"#skillbar_straight\").next().is(\":appeared\") ){\r\n\t\t\t\t\tsbar();\r\n\t\t\t\t} else {\r\n\t\t\t\t\tjQuery( window ).scroll(function() {\r\n\t\t\t\t\t\tif ( jQuery(\"#skillbar_straight\").next().is(\":appeared\") ){\r\n\t\t\t\t\t\t\tsbar();\r\n\t\t\t\t\t\t}\r\n\t\t\t\t\t});\r\n\t\t\t\t}\r\n\t\t\t\t<\/script>\n<h4 class=\"cv\">Positions<\/h4>\n<ul>\n<li class=\"p1\"><span class=\"s1\"><span class=\"s1\">&gt; 2000 : <\/span><\/span><span style=\"font-family: Times New Roman,serif\">Ma\u00eetre de conf\u00e9rences \u00e0 l\u2019Universit\u00e9 Henri Poincar\u00e9 Nancy 1 puis \u00e0 l\u2019Universit\u00e9 de Lorraine, Facult\u00e9 des Sciences et Technologies, d\u00e9partement informatique<\/span><\/li>\n<li class=\"p1\">&gt; 2005 : <span style=\"font-family: Times New Roman,serif\">Membre de l\u2019\u00e9quipe de recherche MAGRIT (Mod\u00e9lisation d\u2019environnements complexes, LORIA et INRIA Nancy-Grand Est, UMR 7503, dir. Marie-Odile Berger)<\/span><\/li>\n<li class=\"p1\">2000-2004 : <span style=\"font-family: Times New Roman,serif\">Membre de l\u2019\u00e9quipe de recherche ISA (Image Synthesis and Analysis, LORIA et INRIA Lorraine, dir. Jean-Claude Paul)<\/span><\/li>\n<li class=\"p1\">2000 : <span style=\"font-family: Times New Roman,serif\">Chercheur postdoctoral dans l\u2019\u00e9quipe de recherche VGG (Visual Geometry Group, Universit\u00e9 d\u2019Oxford, Royaume-Uni, dir. Andrew Zisserman)<\/span><\/li>\n<li class=\"p1\">1999-2000 : <span style=\"font-family: Times New Roman,serif\">Attach\u00e9 temporaire d\u2019enseignement et de recherche (1\/2 poste) \u00e0 l\u2019Universit\u00e9 de Nancy 2<\/span><\/li>\n<li class=\"p1\">1996-1999 : <span style=\"font-family: Times New Roman,serif\">Doctorant \u00e0 l\u2019UHP Nancy 1, dans l\u2019\u00e9quipe ISA<\/span><\/li>\n<li class=\"p1\">1996-1999 : <span style=\"font-family: Times New Roman,serif\">Moniteur au d\u00e9partement informatique de la Facult\u00e9 des Sciences et Techniques, UHP Nancy 1<\/span><\/li>\n<\/ul>\n<h4 class=\"cv\">Formation<\/h4>\n<ul>\n<li class=\"p1\"><span class=\"s1\"><span class=\"s1\">14\/12\/1999 : <\/span><\/span><span style=\"font-family: Times New Roman,serif\"><span lang=\"fr-FR\">Doctorat de l\u2019UHP Nancy 1, sp\u00e9cialit\u00e9 Informatique. <\/span><\/span><span style=\"font-family: Times New Roman,serif\"><span lang=\"fr-FR\">\u201cVers un syst\u00e8me de R\u00e9alit\u00e9 Augment\u00e9e Autonome\u201d (di<\/span><\/span><span style=\"font-family: Times New Roman,serif\"><span lang=\"fr-FR\">r. Marie-Odile Berger). <\/span><\/span><span style=\"font-family: Times New Roman,serif\"><span lang=\"fr-FR\">Jury : Dominique Mery, Michel Dhome, Andrew Zisserman, Luc Robert, Marie-Odile Berger<\/span><\/span><span class=\"s1\"><br \/>\n<\/span><\/li>\n<li class=\"p1\">09\/1995 : DEA <span style=\"font-family: Times New Roman,serif\"><span style=\"font-family: Times New Roman,serif\"><span lang=\"fr-FR\">d\u2019Informatique \u00e0 l\u2019Universit\u00e9 Henri Poincar\u00e9 Nancy 1.<\/span><\/span><\/span>\u201c<span style=\"font-family: Times New Roman,serif\"><span lang=\"fr-FR\">D\u00e9termination du point de vue \u00e0 partir de l\u2019observation d\u2019un objet 3D dont le mod\u00e8le est connu\u201d (d<\/span><\/span><span lang=\"fr-FR\">ir. Marie-Odile Berger)<\/span><\/li>\n<li class=\"p1\">09\/1995 : <span style=\"font-family: Times New Roman,serif\"><span lang=\"fr-FR\">Dipl\u00f4me d\u2019Ing\u00e9nieur en informatique de l\u2019ESIAL (\u00c9cole Sup\u00e9rieure d\u2019Informatique et Applications de Lorraine), aujourd\u2019hui TELECOM Nancy<\/span><\/span><\/li>\n<\/ul>\n","protected":false},"excerpt":{"rendered":"<p>Centres d&rsquo;int\u00e9r\u00eat et comp\u00e9tences en recherche<\/p>\n<p>Je m&rsquo;int\u00e9resse principalement \u00e0 la vision par ordinateur et \u00e0 la r\u00e9alit\u00e9 augment\u00e9e dans divers environnements (urbains, scolaires, industriels). Plus pr\u00e9cis\u00e9ment, mes centres d&rsquo;int\u00e9r\u00eat\u00a0 (tri\u00e9s selon le pourcentage d&rsquo;<a href=\"https:\/\/members.loria.fr\/GSimon\/publications\/\">articles<\/a> concern\u00e9s) sont les suivants :<\/p>\n<p>Centres d&rsquo;int\u00e9r\u00eat et comp\u00e9tences en enseignement<\/p>\n<p>J&rsquo;enseigne \u00e0 peu pr\u00e8s \u00e0 tous les niveaux, du L1 au M2, en passant par la LP, dans des formations\u00a0 port\u00e9es par le d\u00e9partement informatique de la FST, ainsi qu&rsquo;\u00e0 TELECOM Nancy et CENTRALE-SUPELEC (quelques heures seulement). Mes enseignements sont g\u00e9n\u00e9ralement en lien avec mon activit\u00e9 de recherche, mais j&rsquo;ai aussi donn\u00e9 beaucoup de cours en bases de donn\u00e9es durant mes premi\u00e8res ann\u00e9es d&rsquo;enseignement,<\/p>\n","protected":false},"author":5,"featured_media":0,"parent":0,"menu_order":0,"comment_status":"closed","ping_status":"closed","template":"","meta":{"footnotes":""},"class_list":["post-10","page","type-page","status-publish","hentry"],"_links":{"self":[{"href":"https:\/\/members.loria.fr\/GSimon\/wp-json\/wp\/v2\/pages\/10","targetHints":{"allow":["GET"]}}],"collection":[{"href":"https:\/\/members.loria.fr\/GSimon\/wp-json\/wp\/v2\/pages"}],"about":[{"href":"https:\/\/members.loria.fr\/GSimon\/wp-json\/wp\/v2\/types\/page"}],"author":[{"embeddable":true,"href":"https:\/\/members.loria.fr\/GSimon\/wp-json\/wp\/v2\/users\/5"}],"replies":[{"embeddable":true,"href":"https:\/\/members.loria.fr\/GSimon\/wp-json\/wp\/v2\/comments?post=10"}],"version-history":[{"count":94,"href":"https:\/\/members.loria.fr\/GSimon\/wp-json\/wp\/v2\/pages\/10\/revisions"}],"predecessor-version":[{"id":503,"href":"https:\/\/members.loria.fr\/GSimon\/wp-json\/wp\/v2\/pages\/10\/revisions\/503"}],"wp:attachment":[{"href":"https:\/\/members.loria.fr\/GSimon\/wp-json\/wp\/v2\/media?parent=10"}],"curies":[{"name":"wp","href":"https:\/\/api.w.org\/{rel}","templated":true}]}}