{"id":395,"date":"2016-04-12T22:54:08","date_gmt":"2016-04-12T20:54:08","guid":{"rendered":"http:\/\/members.loria.fr\/GSimon\/?page_id=395"},"modified":"2024-02-06T14:35:56","modified_gmt":"2024-02-06T12:35:56","slug":"cours-3","status":"publish","type":"page","link":"https:\/\/members.loria.fr\/GSimon\/cours-3\/","title":{"rendered":"Cours"},"content":{"rendered":"<h1>R\u00e9alit\u00e9 augment\u00e9e<\/h1>\n<table  class=\" table table-hover\" >\n<tbody>\n<tr>\n<td><img loading=\"lazy\" decoding=\"async\" src=\"..\/files\/cours\/vignetteRA.jpg\" width=\"200\" height=\"150\" border=\"0\" \/><\/td>\n<td>\n<h2>MASTER 2 Informatique, Universit\u00e9 de Lorraine (12h CM + 12h TP)<\/h2>\n<h3>Diapositives<\/h3>\n<p><a href=\"http:\/\/members.loria.fr\/GSimon\/wp-content\/blogs.dir\/61\/files\/sites\/61\/2024\/01\/RA_1.pdf\">RA_1.pdf<\/a> : Introduction<br \/>\n<a href=\"http:\/\/members.loria.fr\/GSimon\/wp-content\/blogs.dir\/61\/files\/sites\/61\/2024\/01\/RA_2.pdf\">RA_2.pdf<\/a> : G\u00e9om\u00e9trie de la RA<br \/>\n<a href=\"http:\/\/members.loria.fr\/GSimon\/wp-content\/blogs.dir\/61\/files\/sites\/61\/2024\/01\/RA_3.pdf\">RA_3.pdf<\/a> : Calcul de pose<br \/>\n<a href=\"http:\/\/members.loria.fr\/GSimon\/wp-content\/blogs.dir\/61\/files\/sites\/61\/2024\/01\/RA_4.pdf\">RA_4.pdf<\/a> : Odom\u00e9trie visuelle<br \/>\n<a href=\"http:\/\/members.loria.fr\/GSimon\/wp-content\/blogs.dir\/61\/files\/sites\/61\/2024\/02\/RA_5a.pdf\">RA_5a.pdf<\/a>, <a href=\"http:\/\/members.loria.fr\/GSimon\/wp-content\/blogs.dir\/61\/files\/sites\/61\/2024\/02\/RA_5b.pdf\">RA_5b.pdf<\/a>, <a href=\"http:\/\/members.loria.fr\/GSimon\/wp-content\/blogs.dir\/61\/files\/sites\/61\/2024\/02\/RA_5c.pdf\">RA_5c.pdf<\/a> : Positionnement global<\/p>\n<h3>Travaux pratiques (Artoolkit)<\/h3>\n<p><a href=\"http:\/\/members.loria.fr\/GSimon\/wp-content\/blogs.dir\/61\/files\/sites\/61\/2024\/02\/TD-ARTOOLKIT.pdf\">TD ARTOOLKIT.pdf<\/a><br \/>\n<br \/>\n<a href=\"..\/files\/cours\/tp_artoolkit1.pdf\">tp_artoolkit1.pdf<\/a><br \/>\n<a href=\"..\/files\/cours\/tp_artoolkit2.pdf\">tp_artoolkit2.pdf<\/a><br \/>\n<a href=\"..\/files\/cours\/tp_artoolkit3.pdf\">tp_artoolkit3.pdf<\/a><\/p>\n<p><a href=\"..\/files\/cours\/glut.h\">glut.h<\/a> <a href=\"..\/files\/cours\/camera_para.dat\">camera_para.dat<\/a> <a href=\"..\/files\/cours\/simpleTestTwoMarkers.c\">simpleTestTwoMarkers.c<\/a><\/p>\n<h3>Choix d&rsquo;articles \u00e0 pr\u00e9senter<\/h3>\n<p><a href=\"..\/files\/cours\/article1.pdf\">Article 1 : <em>A Novel Representation of Parts for Accurate 3D Object Detection and Tracking<\/em><\/a><br \/>\n<a href=\"..\/files\/cours\/article2.pdf\">Article 2 : <em>PoseNet: A Convolutional Network for Real-Time 6-DOF Camera Relocalization<\/em><\/a><br \/>\n<a href=\"..\/files\/cours\/article3.pdf\">Article 3 : <em>Real-Time Seamless Single Shot 6D Object Pose Prediction<\/em><\/a><br \/>\n<a href=\"..\/files\/cours\/article4.pdf\">Article 4 : <em>Implicit 3D Orientation Learning for 6D Object Detection<\/em><\/a><br \/>\n<a href=\"..\/files\/cours\/article7.pdf\">Article 5 : <em>Place Recognition with ConvNet Landmarks<\/em><\/a><br \/>\n<a href=\"https:\/\/inria.hal.science\/hal-01562392\/document\">Article 6 : <em>Facade Proposals for Urban Augmented Reality<\/em><\/a><br \/>\n<a href=\"https:\/\/arxiv.org\/abs\/2209.08338\">Article 7 : <em>OA-SLAM: Leveraging Objects for Camera Relocalization in Visual SLAM<\/em><\/a><br \/>\n<a href=\"https:\/\/arxiv.org\/abs\/2312.06741\">Article 8 : <em>Gaussian Splatting SLAM<\/em><\/a>\n<\/td>\n<\/tr>\n<\/tbody>\n<\/table>\n<h1>Introduction \u00e0 la Vision par Ordinateur<\/h1>\n<table  class=\" table table-hover\" >\n<tbody>\n<tr>\n<td><img decoding=\"async\" src=\"..\/files\/cours\/minfo_vo\/vo.jpg\" width=\"200\" border=\"0\" \/><\/td>\n<td>\n<h2>MASTER 1 Informatique, Universit\u00e9 de Lorraine<\/h2>\n<p><a href=\"..\/files\/cours\/minfo_vo\/TIVO_part1.pdf\">TIVO_part1.pdf<\/a><br \/>\n<a href=\"..\/files\/cours\/minfo_vo\/TIVO_part2.pdf\">TIVO_part2.pdf<\/a><br \/>\n<a href=\"..\/files\/cours\/minfo_vo\/TIVO_part3.pdf\">TIVO_part3.pdf<\/a><br \/>\n<a href=\"..\/files\/cours\/minfo_vo\/TIVO_tp.pdf\">TIVO_tp.pdf<\/a><br \/>\n<a href=\"..\/files\/cours\/minfo_vo\/Athenes.zip\">Athenes.zip<\/a><br \/>\n<a href=\"..\/files\/cours\/minfo_vo\/matlab.zip\">matlab.zip<\/a><br \/>\n<a href=\"..\/files\/cours\/minfo_vo\/exam.pdf\">Examen 2015<\/a><br \/>\nContenu du cours : 1. VISION MONOCULAIRE : la projection centrale (g\u00e9om\u00e9trie), la projection centrale (calculs), calcul du point de vue. 2. VISION BINOCULAIRE : g\u00e9om\u00e9trie de deux cam\u00e9ras, calcul du mouvement, reconstruction 3D, reconstruction dense. 3. VISION MULTIOCULAIRE : suivi d&rsquo;indices, structure from motion, reconnaissance d&rsquo;indices, slam visuel, slam dense<\/td>\n<\/tr>\n<\/tbody>\n<\/table>\n<h1>Repr\u00e9sentation des donn\u00e9es visuelles<\/h1>\n<table  class=\" table table-hover\" >\n<tbody>\n<tr>\n<td><img decoding=\"async\" src=\"..\/files\/cours\/minfo\/mpr.jpg\" width=\"200\" border=\"0\" \/><\/td>\n<td>\n<h2>MASTER 1 Informatique, Universit\u00e9 de Lorraine<\/h2>\n<p><a href=\"..\/files\/cours\/minfo\/RDV_CM1_couleur.pdf\">RDV_CM1_couleur.pdf<\/a><br \/>\n<a href=\"..\/files\/cours\/minfo\/RDV_CM2_maths.pdf\">RDV_CM2_maths.pdf<\/a><br \/>\n<a href=\"..\/files\/cours\/minfo\/RDV_CM3_fourier1.pdf\">RDV_CM3_fourier1.pdf<\/a><br \/>\n<a href=\"..\/files\/cours\/minfo\/RDV_CM4_fourier2.pdf\">RDV_CM4_fourier2.pdf<\/a><\/p>\n<p><a href=\"https:\/\/members.loria.fr\/GSimon\/files\/cours\/minfo\/RDV_TD1_matlab.pdf\">RDV_TD1_matlab.pdf<\/a><br \/>\n<a href=\"https:\/\/members.loria.fr\/GSimon\/files\/cours\/minfo\/RDV_TD2_colorim\u00e9trie.pdf\">RDV_TD2_colorim\u00e9trie.pdf<\/a><br \/>\n<a href=\"https:\/\/members.loria.fr\/GSimon\/files\/cours\/minfo\/RDV_TD3_fourier.pdf\">RDV_TD3_fourier.pdf<\/a><\/p>\n<p><a href=\"https:\/\/members.loria.fr\/GSimon\/files\/cours\/minfo\/shadows.jpg\">shadows.jpg<\/a><br \/>\n<a href=\"https:\/\/members.loria.fr\/GSimon\/files\/cours\/minfo\/monaloa.jpg\">monaloa.jpg<\/a><br \/>\n<a href=\"https:\/\/members.loria.fr\/GSimon\/files\/cours\/minfo\/animal_tres_mechant.jpg\">animal_tres_mechant.jpg<\/a><\/p>\n<p>&nbsp;<\/p>\n<p>&nbsp;<\/p>\n<p>&nbsp;<\/td>\n<\/tr>\n<\/tbody>\n<\/table>\n<h1>Mod\u00e9lisation et int\u00e9gration 3D<\/h1>\n<table  class=\" table table-hover\" >\n<tbody>\n<tr>\n<td><img decoding=\"async\" src=\"..\/files\/cours\/lpip\/modelisation3d.jpg\" width=\"200\" border=\"0\" \/><\/td>\n<td>\n<h2>LP Infographie paysag\u00e8re, Universit\u00e9 de Lorraine<\/h2>\n<p><a href=\"..\/files\/cours\/lpip\/modelisation3d.pdf\">Cours.pdf<\/a><\/p>\n<p>Contenu du cours : introduction \u00e0 l&rsquo;imagerie num\u00e9rique &#8211; mod\u00e9lisation 3D (introduction \u00e0 Google Sketchup, mod\u00e9lisation \u00e0 partir d&rsquo;un plan, texturage du mod\u00e8le \u00e0 partir de photographies, mod\u00e9lisation du terrain) &#8211; int\u00e9gration 3d (inversion g\u00e9om\u00e9trique d&rsquo;une photographie, int\u00e9gration 3D et rendu r\u00e9aliste)<\/p>\n<p><a href=\"..\/files\/cours\/lpip\/index.html\">Travaux dirig\u00e9s<\/a><\/td>\n<\/tr>\n<\/tbody>\n<\/table>\n","protected":false},"excerpt":{"rendered":"<p>R\u00e9alit\u00e9 augment\u00e9e<\/p>\n<p><img loading=\"lazy\" decoding=\"async\" src=\"..\/files\/cours\/vignetteRA.jpg\" width=\"200\" height=\"150\" border=\"0\" \/><\/p>\n<p>MASTER 2 Informatique, Universit\u00e9 de Lorraine (12h CM + 12h TP)<br \/>\nDiapositives<\/p>\n<p><a href=\"http:\/\/members.loria.fr\/GSimon\/wp-content\/blogs.dir\/61\/files\/sites\/61\/2024\/01\/RA_1.pdf\">RA_1.pdf<\/a> : Introduction<br \/>\n<a href=\"http:\/\/members.loria.fr\/GSimon\/wp-content\/blogs.dir\/61\/files\/sites\/61\/2024\/01\/RA_2.pdf\">RA_2.pdf<\/a> : G\u00e9om\u00e9trie de la RA<br \/>\n<a href=\"http:\/\/members.loria.fr\/GSimon\/wp-content\/blogs.dir\/61\/files\/sites\/61\/2024\/01\/RA_3.pdf\">RA_3.pdf<\/a> : Calcul de pose<br \/>\n<a href=\"http:\/\/members.loria.fr\/GSimon\/wp-content\/blogs.dir\/61\/files\/sites\/61\/2024\/01\/RA_4.pdf\">RA_4.pdf<\/a> : Odom\u00e9trie visuelle<br \/>\n<a href=\"http:\/\/members.loria.fr\/GSimon\/wp-content\/blogs.dir\/61\/files\/sites\/61\/2024\/02\/RA_5a.pdf\">RA_5a.pdf<\/a>, <a href=\"http:\/\/members.loria.fr\/GSimon\/wp-content\/blogs.dir\/61\/files\/sites\/61\/2024\/02\/RA_5b.pdf\">RA_5b.pdf<\/a>, <a href=\"http:\/\/members.loria.fr\/GSimon\/wp-content\/blogs.dir\/61\/files\/sites\/61\/2024\/02\/RA_5c.pdf\">RA_5c.pdf<\/a> : Positionnement global<\/p>\n<p>Travaux pratiques (Artoolkit)<\/p>\n<p><a href=\"http:\/\/members.loria.fr\/GSimon\/wp-content\/blogs.dir\/61\/files\/sites\/61\/2024\/02\/TD-ARTOOLKIT.pdf\">TD ARTOOLKIT.pdf<\/a><\/p>\n<p><a href=\"..\/files\/cours\/tp_artoolkit1.pdf\">tp_artoolkit1.pdf<\/a><br \/>\n<a href=\"..\/files\/cours\/tp_artoolkit2.pdf\">tp_artoolkit2.pdf<\/a><br \/>\n<a href=\"..\/files\/cours\/tp_artoolkit3.pdf\">tp_artoolkit3.pdf<\/a><\/p>\n<p><a href=\"..\/files\/cours\/glut.h\">glut.h<\/a> <a href=\"..\/files\/cours\/camera_para.dat\">camera_para.dat<\/a> <a href=\"..\/files\/cours\/simpleTestTwoMarkers.c\">simpleTestTwoMarkers.c<\/a><\/p>\n<p>Choix d&rsquo;articles \u00e0 pr\u00e9senter<\/p>\n<p><a href=\"..\/files\/cours\/article1.pdf\">Article 1 : <em>A Novel Representation of Parts for Accurate 3D Object Detection and Tracking<\/em><\/a><br \/>\n<a href=\"..\/files\/cours\/article2.pdf\">Article 2 : <em>PoseNet: A Convolutional Network for Real-Time 6-DOF Camera Relocalization<\/em><\/a><br \/>\n<a href=\"..\/files\/cours\/article3.pdf\">Article 3 : <em>Real-Time Seamless Single Shot 6D Object Pose Prediction<\/em><\/a><br \/>\n<a href=\"..\/files\/cours\/article4.pdf\">Article 4 : <em>Implicit 3D Orientation Learning for 6D Object Detection<\/em><\/a><br \/>\n<a href=\"..\/files\/cours\/article7.pdf\">Article 5 : <em>Place Recognition with ConvNet Landmarks<\/em><\/a><br \/>\n<a href=\"https:\/\/inria.hal.science\/hal-01562392\/document\">Article 6 : <em>Facade Proposals for Urban Augmented Reality<\/em><\/a><br \/>\n<a href=\"https:\/\/arxiv.org\/abs\/2209.08338\">Article 7 : <em>OA-SLAM: Leveraging Objects for Camera Relocalization in Visual SLAM<\/em><\/a><br \/>\n<a href=\"https:\/\/arxiv.org\/abs\/2312.06741\">Article 8 : <em>Gaussian Splatting SLAM<\/em><\/a><\/p>\n<p>Introduction \u00e0 la Vision par Ordinateur<\/p>\n<p><img decoding=\"async\" src=\"..\/files\/cours\/minfo_vo\/vo.jpg\" width=\"200\" border=\"0\" \/><\/p>\n<p>MASTER 1 Informatique,<\/p>\n","protected":false},"author":44,"featured_media":0,"parent":0,"menu_order":0,"comment_status":"closed","ping_status":"closed","template":"page-fullwidth.php","meta":{"footnotes":""},"class_list":["post-395","page","type-page","status-publish","hentry"],"_links":{"self":[{"href":"https:\/\/members.loria.fr\/GSimon\/wp-json\/wp\/v2\/pages\/395","targetHints":{"allow":["GET"]}}],"collection":[{"href":"https:\/\/members.loria.fr\/GSimon\/wp-json\/wp\/v2\/pages"}],"about":[{"href":"https:\/\/members.loria.fr\/GSimon\/wp-json\/wp\/v2\/types\/page"}],"author":[{"embeddable":true,"href":"https:\/\/members.loria.fr\/GSimon\/wp-json\/wp\/v2\/users\/44"}],"replies":[{"embeddable":true,"href":"https:\/\/members.loria.fr\/GSimon\/wp-json\/wp\/v2\/comments?post=395"}],"version-history":[{"count":96,"href":"https:\/\/members.loria.fr\/GSimon\/wp-json\/wp\/v2\/pages\/395\/revisions"}],"predecessor-version":[{"id":920,"href":"https:\/\/members.loria.fr\/GSimon\/wp-json\/wp\/v2\/pages\/395\/revisions\/920"}],"wp:attachment":[{"href":"https:\/\/members.loria.fr\/GSimon\/wp-json\/wp\/v2\/media?parent=395"}],"curies":[{"name":"wp","href":"https:\/\/api.w.org\/{rel}","templated":true}]}}