{"id":753,"date":"2019-05-06T11:32:37","date_gmt":"2019-05-06T09:32:37","guid":{"rendered":"http:\/\/members.loria.fr\/GSimon\/?page_id=753"},"modified":"2020-03-30T08:42:26","modified_gmt":"2020-03-30T06:42:26","slug":"habilitation-a-diriger-des-recherches","status":"publish","type":"page","link":"https:\/\/members.loria.fr\/GSimon\/habilitation-a-diriger-des-recherches\/","title":{"rendered":"Habilitation \u00e0 Diriger des Recherches : positionnement visuel pour la r\u00e9alit\u00e9 augment\u00e9e en environnement plan"},"content":{"rendered":"<h1>R\u00e9sum\u00e9<\/h1>\n<p>Mesurer en temps r\u00e9el la pose d&rsquo;une cam\u00e9ra relativement \u00e0 des rep\u00e8res tridimensionnels identifi\u00e9s dans une image vid\u00e9o est un, sinon le pilier fondamental de la r\u00e9alit\u00e9 augment\u00e9e. Nous proposons de r\u00e9soudre ce probl\u00e8me dans des environnements b\u00e2tis, \u00e0 l&rsquo;aide de la vision par ordinateur. Nous montrons qu&rsquo;un syst\u00e8me de positionnement plus pr\u00e9cis que le GPS, et par ailleurs plus stable, plus rapide et moins co\u00fbteux en m\u00e9moire que d&rsquo;autres syst\u00e8mes de positionnement visuel introduits dans la litt\u00e9rature, peut \u00eatre obtenu \u00e0 condition de faire coop\u00e9rer diverses m\u00e9thodes de statistique fine (d\u00e9tection <em>a contrario<\/em> des points de fuite de l&rsquo;image), d&rsquo;apprentissage profond (proposition de boites contenant des fa\u00e7ades, \u00e9laboration d&rsquo;un descripteur de fa\u00e7ades bas\u00e9 sur un r\u00e9seau de neurones convolutifs), d&rsquo;inf\u00e9rence bay\u00e9sienne (recalage par esp\u00e9rance-maximisation d&rsquo;un mod\u00e8le g\u00e9om\u00e9trique et s\u00e9mantique compact des fa\u00e7ades identi\u00e9es) et de s\u00e9lection de mod\u00e8le (analyse des mouvements de la cam\u00e9ra par suivi de plans textur\u00e9s). Nous d\u00e9crivons de plus une m\u00e9thode de mod\u00e9lisation <em>in situ<\/em>, qui permet d&rsquo;obtenir de mani\u00e8re fiable, de par leur confrontation imm\u00e9diate \u00e0 la r\u00e9alit\u00e9, des mod\u00e8les 3D utiles au calcul de pose tel que nous l&rsquo;envisageons.<\/p>\n<h1>M\u00e9moire<\/h1>\n<p>Version papier : <a href=\"http:\/\/members.loria.fr\/GSimon\/files\/hdr\/hdr_gsimon_print.pdf\">hdr_gsimon_print.pdf <\/a><\/p>\n<p>Version \u00e9cran : <a href=\"http:\/\/members.loria.fr\/GSimon\/files\/hdr\/hdr_gsimon_links.pdf\">hdr_gsimon_links.pdf<\/a><\/p>\n<h1>Vid\u00e9os<\/h1>\n<table  class=\" table table-hover\" >\n<tbody>\n<tr>\n<th>No<\/th>\n<th>Lien<\/th>\n<th>L\u00e9gende<\/th>\n<\/tr>\n<tr>\n<td>1<\/td>\n<td><a href=\"http:\/\/members.loria.fr\/GSimon\/files\/movies\/point_track.mpeg\"><img loading=\"lazy\" decoding=\"async\" class=\"alignnone size-full wp-image-792\" src=\"http:\/\/members.loria.fr\/GSimon\/wp-content\/blogs.dir\/61\/files\/sites\/61\/2019\/05\/point_track.jpg\" alt=\"\" width=\"124\" height=\"52\" \/><\/a><\/td>\n<td>G\u00e9n\u00e8se du positionnement en milieu b\u00e2ti dans l&rsquo;\u00e9quipe Magrit (ex-ISA). Un mod\u00e8le du pont Neuf est recal\u00e9 dans une vid\u00e9o en utilisant des contours et des points de ce mod\u00e8le.<\/td>\n<\/tr>\n<tr>\n<td>2<\/td>\n<td><a href=\"http:\/\/members.loria.fr\/GSimon\/files\/movies\/bridge_augmented.mpeg\"><img loading=\"lazy\" decoding=\"async\" class=\"alignnone size-full wp-image-791\" src=\"http:\/\/members.loria.fr\/GSimon\/wp-content\/blogs.dir\/61\/files\/sites\/61\/2019\/05\/bridge_augmented.jpg\" alt=\"\" width=\"125\" height=\"99\" \/><\/a><\/td>\n<td>R\u00e9sultat de l&rsquo;int\u00e9gration 3D du pont, en collaboration avec le CRAI.<\/td>\n<\/tr>\n<tr>\n<td>3<\/td>\n<td><a href=\"http:\/\/members.loria.fr\/GSimon\/files\/movies\/2006-tinmith-city2.mpg\"><img loading=\"lazy\" decoding=\"async\" class=\"alignnone wp-image-758 size-full\" src=\"http:\/\/members.loria.fr\/GSimon\/wp-content\/blogs.dir\/61\/files\/sites\/61\/2019\/05\/tinmith1.jpg\" alt=\"\" width=\"126\" height=\"98\" \/><\/a><\/td>\n<td>Un ph\u00e9nom\u00e8ne de tremblement de la sc\u00e8ne virtuelle par rapport \u00e0 la sc\u00e8ne r\u00e9elle est observ\u00e9 lorsque des capteurs de pose non visuels sont utilis\u00e9s [1].<\/td>\n<\/tr>\n<tr>\n<td>4<\/td>\n<td><a href=\"http:\/\/members.loria.fr\/GSimon\/files\/movies\/2006-tinmith-model3.mpg\"><img loading=\"lazy\" decoding=\"async\" class=\"alignnone size-full wp-image-759\" src=\"http:\/\/members.loria.fr\/GSimon\/wp-content\/blogs.dir\/61\/files\/sites\/61\/2019\/05\/tinmith2.jpg\" alt=\"\" width=\"125\" height=\"95\" \/><\/a><\/td>\n<td>Mod\u00e9lisation <em>in situ<\/em> \u00e0 l&rsquo;aide du syst\u00e8me Tinmith-Metro [1].<\/td>\n<\/tr>\n<tr>\n<td>5<\/td>\n<td><a href=\"http:\/\/members.loria.fr\/GSimon\/files\/movies\/campusLIN2.mpg\"><img loading=\"lazy\" decoding=\"async\" class=\"alignnone size-full wp-image-780\" src=\"http:\/\/members.loria.fr\/GSimon\/wp-content\/blogs.dir\/61\/files\/sites\/61\/2019\/05\/campusLIN2.jpg\" alt=\"\" width=\"122\" height=\"99\" \/><\/a><\/td>\n<td>Suivi multiplan : points appari\u00e9s.<\/td>\n<\/tr>\n<tr>\n<td>6<\/td>\n<td><a href=\"http:\/\/members.loria.fr\/GSimon\/files\/movies\/campusAugmented.mpg\"><img loading=\"lazy\" decoding=\"async\" class=\"alignnone size-full wp-image-779\" src=\"http:\/\/members.loria.fr\/GSimon\/wp-content\/blogs.dir\/61\/files\/sites\/61\/2019\/05\/campusAugmented.jpg\" alt=\"\" width=\"123\" height=\"93\" \/><\/a><\/td>\n<td>Suivi multiplan :\u00a0 int\u00e9gration 3D.<\/td>\n<\/tr>\n<tr>\n<td>7<\/td>\n<td><a href=\"http:\/\/members.loria.fr\/GSimon\/files\/movies\/roomWithoutMS.mpg\"><img loading=\"lazy\" decoding=\"async\" class=\"alignnone wp-image-763 size-full\" src=\"http:\/\/members.loria.fr\/GSimon\/wp-content\/blogs.dir\/61\/files\/sites\/61\/2019\/05\/roomWithoutMS.jpg\" alt=\"\" width=\"125\" height=\"100\" \/><\/a><\/td>\n<td>Suivi multiplan sans la s\u00e9lection de mod\u00e8le.<\/td>\n<\/tr>\n<tr>\n<td>8<\/td>\n<td><a href=\"http:\/\/members.loria.fr\/GSimon\/files\/movies\/roomWithMS.mpg\"><img loading=\"lazy\" decoding=\"async\" class=\"alignnone wp-image-762 size-full\" src=\"http:\/\/members.loria.fr\/GSimon\/wp-content\/blogs.dir\/61\/files\/sites\/61\/2019\/05\/roomWithMS.jpg\" alt=\"\" width=\"125\" height=\"100\" \/><\/a><\/td>\n<td>Suivi multiplan avec la s\u00e9lection de mod\u00e8le.<\/td>\n<\/tr>\n<tr>\n<td>9<\/td>\n<td><a href=\"http:\/\/members.loria.fr\/GSimon\/files\/movies\/hallTrack.mpg\"><img loading=\"lazy\" decoding=\"async\" class=\"alignnone size-full wp-image-784\" src=\"http:\/\/members.loria.fr\/GSimon\/wp-content\/blogs.dir\/61\/files\/sites\/61\/2019\/05\/hallTrack.jpg\" alt=\"\" width=\"126\" height=\"95\" \/><\/a><\/td>\n<td>Autre exemple de suivi multiplan utilisant la s\u00e9lection de mod\u00e8le.<\/td>\n<\/tr>\n<tr>\n<td>10<\/td>\n<td><a href=\"http:\/\/members.loria.fr\/GSimon\/files\/movies\/hallCamera.mpg\"><img loading=\"lazy\" decoding=\"async\" class=\"alignnone size-full wp-image-783\" src=\"http:\/\/members.loria.fr\/GSimon\/wp-content\/blogs.dir\/61\/files\/sites\/61\/2019\/05\/hallCamera.jpg\" alt=\"\" width=\"126\" height=\"96\" \/><\/a><\/td>\n<td>Autre exemple de suivi multiplan utilisant la s\u00e9lection de mod\u00e8le : poses calcul\u00e9es.<\/td>\n<\/tr>\n<tr>\n<td>11<\/td>\n<td><a href=\"http:\/\/members.loria.fr\/GSimon\/files\/movies\/hallAugmented.mpg\"><img loading=\"lazy\" decoding=\"async\" class=\"alignnone size-full wp-image-782\" src=\"http:\/\/members.loria.fr\/GSimon\/wp-content\/blogs.dir\/61\/files\/sites\/61\/2019\/05\/hallAugmented.jpg\" alt=\"\" width=\"126\" height=\"96\" \/><\/a><\/td>\n<td>Autre exemple de suivi multiplan utilisant la s\u00e9lection de mod\u00e8le : int\u00e9gration 3D.<\/td>\n<\/tr>\n<tr>\n<td>12<\/td>\n<td><a href=\"http:\/\/members.loria.fr\/GSimon\/files\/movies\/miniature.avi\"><img loading=\"lazy\" decoding=\"async\" class=\"alignnone size-full wp-image-790\" src=\"http:\/\/members.loria.fr\/GSimon\/wp-content\/blogs.dir\/61\/files\/sites\/61\/2019\/05\/miniature.jpg\" alt=\"\" width=\"123\" height=\"95\" \/><\/a><\/td>\n<td>Illustration de notre m\u00e9thode de mod\u00e9lisation <em>in situ<\/em> avec une sc\u00e8ne miniature.<\/td>\n<\/tr>\n<tr>\n<td>13<\/td>\n<td><a href=\"http:\/\/members.loria.fr\/GSimon\/files\/movies\/outdoor1.avi\"><img loading=\"lazy\" decoding=\"async\" class=\"alignnone size-full wp-image-789\" src=\"http:\/\/members.loria.fr\/GSimon\/wp-content\/blogs.dir\/61\/files\/sites\/61\/2019\/05\/outdoor1.jpg\" alt=\"\" width=\"125\" height=\"93\" \/><\/a><\/td>\n<td>Illustration de notre m\u00e9thode de mod\u00e9lisation <em>in situ<\/em> avec une sc\u00e8ne d&rsquo;ext\u00e9rieur comprenant un \u00e9l\u00e9ment b\u00e2ti.<\/td>\n<\/tr>\n<tr>\n<td>14<\/td>\n<td><a href=\"http:\/\/members.loria.fr\/GSimon\/files\/movies\/outdoor2.avi\"><img loading=\"lazy\" decoding=\"async\" class=\"alignnone size-full wp-image-788\" src=\"http:\/\/members.loria.fr\/GSimon\/wp-content\/blogs.dir\/61\/files\/sites\/61\/2019\/05\/outdoor2.jpg\" alt=\"\" width=\"124\" height=\"92\" \/><\/a><\/td>\n<td>Illustration de notre m\u00e9thode de mod\u00e9lisation <em>in situ<\/em> avec une sc\u00e8ne d&rsquo;ext\u00e9rieur ne comprenant pas d&rsquo;\u00e9l\u00e9ment b\u00e2ti.<\/td>\n<\/tr>\n<tr>\n<td>15<\/td>\n<td><a href=\"http:\/\/members.loria.fr\/GSimon\/files\/movies\/VisualComputer2011\/blobs_indoor.avi\"><img loading=\"lazy\" decoding=\"async\" class=\"alignnone size-full wp-image-795\" src=\"http:\/\/members.loria.fr\/GSimon\/wp-content\/blogs.dir\/61\/files\/sites\/61\/2019\/05\/blobs_indoor.jpg\" alt=\"\" width=\"125\" height=\"62\" \/><\/a><\/td>\n<td>Autre m\u00e9thode de mod\u00e9lisation <em>in situ<\/em> bas\u00e9e sur des blobs (sc\u00e8ne d&rsquo;int\u00e9rieur).<\/td>\n<\/tr>\n<tr>\n<td>16<\/td>\n<td><a href=\"http:\/\/members.loria.fr\/GSimon\/files\/movies\/VisualComputer2011\/blobs_outdoor.avi\"><img loading=\"lazy\" decoding=\"async\" class=\"alignnone size-full wp-image-793\" src=\"http:\/\/members.loria.fr\/GSimon\/wp-content\/blogs.dir\/61\/files\/sites\/61\/2019\/05\/blobs_outdoor.jpg\" alt=\"\" width=\"125\" height=\"94\" \/><\/a><\/td>\n<td>Autre m\u00e9thode de mod\u00e9lisation <em>in situ<\/em> bas\u00e9e sur des blobs (sc\u00e8ne d&rsquo;ext\u00e9rieur).<\/td>\n<\/tr>\n<\/tbody>\n<\/table>\n<p>[1] Wayne Piekarski and Bruce H. Thomas.\u00a0Tinmith-Metro: New Outdoor Techniques for Creating City Models with an Augmented Reality Wearable Computer. In <em>ISWC 2001<\/em>, pages 31-38, 2001.<\/p>\n","protected":false},"excerpt":{"rendered":"<p>R\u00e9sum\u00e9<\/p>\n<p>Mesurer en temps r\u00e9el la pose d&rsquo;une cam\u00e9ra relativement \u00e0 des rep\u00e8res tridimensionnels identifi\u00e9s dans une image vid\u00e9o est un, sinon le pilier fondamental de la r\u00e9alit\u00e9 augment\u00e9e. Nous proposons de r\u00e9soudre ce probl\u00e8me dans des environnements b\u00e2tis, \u00e0 l&rsquo;aide de la vision par ordinateur. Nous montrons qu&rsquo;un syst\u00e8me de positionnement plus pr\u00e9cis que le GPS, et par ailleurs plus stable, plus rapide et moins co\u00fbteux en m\u00e9moire que d&rsquo;autres syst\u00e8mes de positionnement visuel introduits dans la litt\u00e9rature, peut \u00eatre obtenu \u00e0 condition de faire coop\u00e9rer diverses m\u00e9thodes de statistique fine (d\u00e9tection <em>a contrario<\/em> des points de fuite de l&rsquo;image),<\/p>\n","protected":false},"author":44,"featured_media":0,"parent":0,"menu_order":0,"comment_status":"closed","ping_status":"closed","template":"","meta":{"footnotes":""},"class_list":["post-753","page","type-page","status-publish","hentry"],"_links":{"self":[{"href":"https:\/\/members.loria.fr\/GSimon\/wp-json\/wp\/v2\/pages\/753","targetHints":{"allow":["GET"]}}],"collection":[{"href":"https:\/\/members.loria.fr\/GSimon\/wp-json\/wp\/v2\/pages"}],"about":[{"href":"https:\/\/members.loria.fr\/GSimon\/wp-json\/wp\/v2\/types\/page"}],"author":[{"embeddable":true,"href":"https:\/\/members.loria.fr\/GSimon\/wp-json\/wp\/v2\/users\/44"}],"replies":[{"embeddable":true,"href":"https:\/\/members.loria.fr\/GSimon\/wp-json\/wp\/v2\/comments?post=753"}],"version-history":[{"count":32,"href":"https:\/\/members.loria.fr\/GSimon\/wp-json\/wp\/v2\/pages\/753\/revisions"}],"predecessor-version":[{"id":850,"href":"https:\/\/members.loria.fr\/GSimon\/wp-json\/wp\/v2\/pages\/753\/revisions\/850"}],"wp:attachment":[{"href":"https:\/\/members.loria.fr\/GSimon\/wp-json\/wp\/v2\/media?parent=753"}],"curies":[{"name":"wp","href":"https:\/\/api.w.org\/{rel}","templated":true}]}}