{"id":10,"date":"2015-06-15T10:23:49","date_gmt":"2015-06-15T08:23:49","guid":{"rendered":"http:\/\/members.loria.fr\/thierrygartiser\/?page_id=10"},"modified":"2023-01-06T11:55:44","modified_gmt":"2023-01-06T09:55:44","slug":"cv","status":"publish","type":"page","link":"https:\/\/members.loria.fr\/HDPNgo\/cv\/","title":{"rendered":"CV"},"content":{"rendered":"<div class=\"important_div\" style=\"text-align: center\"><\/div>\n<h4 class=\"cv\">Currently<\/h4>\n<ul>\n<li class=\"p1\">\n<h3><a href=\"https:\/\/www.univ-lorraine.fr\/\" target=\"_blank\" rel=\"noopener\">Universit\u00e9 de Lorraine<\/a>, France <span style=\"float: right\"> 2014 &#8211; Present <\/span><\/h3>\n<ul>\n<li>Associate professor at <a href=\"http:\/\/fst.univ-lorraine.fr\/\" target=\"_blank\" rel=\"noopener\">Facult\u00e9 des Sciences et Technology (FST) Nancy<\/a> of Universit\u00e9 de Lorraine.<\/li>\n<li>Researcher at <a href=\"http:\/\/www.loria.fr\/\" target=\"_blank\" rel=\"noopener\">laboratoire LOrrain de Recherche en Informatique et ses Applications (LORIA)<\/a> Nancy.<\/li>\n<\/ul>\n<\/li>\n<\/ul>\n<h4 class=\"cv\">Formation<\/h4>\n<ul>\n<li class=\"p1\">\n<h3><a href=\"https:\/\/www.univ-lorraine.fr\/\" target=\"_blank\" rel=\"noopener\">Universit\u00e9 de Lorraine<\/a>, France <span style=\"float: right\"> 2022 <\/span><\/h3>\n<ul>\n<li>Habilitation \u00e0 diriger des recherches (HDR) in Computer Science<\/li>\n<li>Subject: Digital shape analysis and manipulation.<\/li>\n<\/ul>\n<\/li>\n<li class=\"p1\">\n<h3><a href=\"http:\/\/www.u-pem.fr\/\" target=\"_blank\" rel=\"noopener\">Universit\u00e9 Paris-Est<\/a>, France <span style=\"float: right\"> 2010 &#8211; 2013 <\/span><\/h3>\n<ul>\n<li>PhD in Computer Science under the supervision of Profs. Michel COUPIE, Yukiko KENMOCHI, Nicolas PASSAT and Hugues TALBOT.<\/li>\n<li>Subject: Discrete Geometrical Transformations and Its Application in Image Registration.<\/li>\n<\/ul>\n<\/li>\n<li>\n<h3><a href=\"https:\/\/www.dimension-ingenieur.com\/ecole-superieure-d-ingenieurs-de-luminy-marseille\/320\" target=\"_blank\" rel=\"noopener\">ESIL (\u00c9cole Sup\u00e9rieure d&rsquo;ing\u00e9nieur de Luminy)<\/a>, France <span style=\"float: right\"> 2007 &#8211; 2010 <\/span><\/h3>\n<ul>\n<li>Engineering degree, awarded with merit.<\/li>\n<li>Bourses d&rsquo;Excellence Eiffel pour 3 ans d&rsquo;\u00e9tudes.<\/li>\n<\/ul>\n<\/li>\n<li>\n<h3><a href=\"http:\/\/www.dut.edu.vn\/en\/\" target=\"_blank\" rel=\"noopener\">Ecole polytechnique de Danang<\/a>, Vietnam <span style=\"float: right\"> 2004 &#8211; 2007 <\/span><\/h3>\n<ul>\n<li>Premier cycle Informatique (BSc Computer Science).<\/li>\n<li>FIFTI (Fili\u00e8re l&rsquo;Ing\u00e9nieur Francophone en Technologie de l&rsquo;Informatique).<\/li>\n<\/ul>\n<\/li>\n<li>\n<h3>BAC general, Vietnam <span style=\"float: right\"> 2004 <\/span><\/h3>\n<ul>\n<li>Equivalent to English A-levels in pure maths and physics, awarded with merit.<\/li>\n<\/ul>\n<\/li>\n<\/ul>\n<h4 class=\"cv\">Professional experiences<\/h4>\n<ul>\n<li class=\"p1\">\n<h3><a href=\"https:\/\/www.univ-lorraine.fr\/\" target=\"_blank\" rel=\"noopener\">Universit\u00e9 de Lorraine<\/a>, France <span style=\"float: right\"> 2014 &#8211; Present <\/span><\/h3>\n<ul>\n<li>Associate professor at Computer Science departement of the <a href=\"http:\/\/fst.univ-lorraine.fr\/\" target=\"_blank\" rel=\"noopener\">Facult\u00e9 des Sciences et Technology (FST) Nancy<\/a>.<\/li>\n<\/ul>\n<\/li>\n<li>\n<h3><a href=\"http:\/\/www.ifi.vnu.edu.vn\/fr\/\" target=\"_blank\" rel=\"noopener\">IFI Hanoi<\/a>, Vietnam <span style=\"float: right\"> February 2017 <\/span><\/h3>\n<ul>\n<li>Invited professor for the course of Virtual and Augmented Reality.<\/li>\n<\/ul>\n<\/li>\n<li>\n<h3><a href=\"http:\/\/www.ifi.vnu.edu.vn\/fr\/\" target=\"_blank\" rel=\"noopener\">IFI Hanoi<\/a>, Vietnam <span style=\"float: right\"> December 2015 <\/span><\/h3>\n<ul>\n<li>Invited professor for the course of Virtual and Augmented Reality.<\/li>\n<\/ul>\n<\/li>\n<li>\n<h3><a href=\"https:\/\/www.cea.fr\/paris-saclay\/Pages\/Accueil.aspx\" target=\"_blank\" rel=\"noopener\">CEA Saclay<\/a>, France <span style=\"float: right\"> 2013 &#8211; 2014 <\/span><\/h3>\n<ul>\n<li>Post-doc at Image, Processing and Tomography Lab of CEA Saclay.<\/li>\n<li>Subject: Volumic accelerated reconstruction algorithm in X-ray tomography for early osteoarthrisis diagnostic, low dose and low cost.<\/li>\n<\/ul>\n<\/li>\n<li>\n<h3><a href=\"http:\/\/www.nii.ac.jp\/en\/\" target=\"_blank\" rel=\"noopener\">National Institute of Informatics<\/a>, Tokyo, Japan <span style=\"float: right\"> April-May 2013 <\/span><\/h3>\n<ul>\n<li>Invited researcher for the project: 2D Image Registration using Local Search.<\/li>\n<\/ul>\n<\/li>\n<li>\n<h3><a href=\"http:\/\/www.esiee.fr\/\" target=\"_blank\" rel=\"noopener\">ESIEE Paris<\/a>, France <span style=\"float: right\"> 2011 &#8211; 2013 <\/span><\/h3>\n<ul>\n<li>Teaching assistant to Bac+3 students in C programming, operating systems, graph theory and algorithmics courses.<\/li>\n<\/ul>\n<\/li>\n<li>\n<h3><a href=\"http:\/\/www.univ-mlv.fr\/\" target=\"_blank\" rel=\"noopener\">UPE Marne la Val\u00e9e<\/a>, France <span style=\"float: right\"> 2010 &#8211; 2011 <\/span><\/h3>\n<ul>\n<li>Teaching assistant to Bac+1 students in C programming, operating systems courses.<\/li>\n<\/ul>\n<\/li>\n<li>\n<h3>Dassault Syst\u00e8me Provence, France <span style=\"float: right\"> February-July 2010 <\/span><\/h3>\n<ul>\n<li>Internship for the project: Reconstruction 3D d&rsquo;un objet \u00e0 partir des images obtenues avec cam\u00e9ra vid\u00e9o.<\/li>\n<\/ul>\n<\/li>\n<li>\n<h3><a href=\"http:\/\/www.uwo.ca\/\" target=\"_blank\" rel=\"noopener\">Universit\u00e9 de Western Ontario London<\/a>, Canada <span style=\"float: right\"> Juin-July 2009 <\/span><\/h3>\n<ul>\n<li>Internship for the project: G\u00e9n\u00e9ration de s\u00e9quences d&rsquo;images.<\/li>\n<\/ul>\n<\/li>\n<li>\n<h3>Maison de transport Marseille, France <span style=\"float: right\"> July 2008 <\/span><\/h3>\n<ul>\n<li>Internship for the project: Am\u00e9lioration du logiciel de gestion des dossiers de Maison de Transport.<\/li>\n<\/ul>\n<\/li>\n<\/ul>\n<h4 class=\"cv\">Languages<\/h4>\n<div id=\"skillbar_straight\" style=\"padding:10px 0;\">\n\n<div class=\"skillbar clearfix\" data-percent=\"70%\" style=\"background: #eeeeee;\">\r\n\t\t\t\t<div class=\"skillbar-title\" style=\"background: #336699 !important;\"><span>English<\/span><\/div>\r\n\t\t\t\t<div class=\"skillbar-bar\" style=\"background: #336699;\"><\/div>\r\n\t\t\t\t<div class=\"skill-bar-percent\">70%<\/div>\r\n\t\t\t<\/div>\n\n<div class=\"skillbar clearfix\" data-percent=\"70%\" style=\"background: #eeeeee;\">\r\n\t\t\t\t<div class=\"skillbar-title\" style=\"background: #336699 !important;\"><span>French<\/span><\/div>\r\n\t\t\t\t<div class=\"skillbar-bar\" style=\"background: #336699;\"><\/div>\r\n\t\t\t\t<div class=\"skill-bar-percent\">70%<\/div>\r\n\t\t\t<\/div>\n\n<div class=\"skillbar clearfix\" data-percent=\"100%\" style=\"background: #eeeeee;\">\r\n\t\t\t\t<div class=\"skillbar-title\" style=\"background: #336699 !important;\"><span>Vietnamese<\/span><\/div>\r\n\t\t\t\t<div class=\"skillbar-bar\" style=\"background: #336699;\"><\/div>\r\n\t\t\t\t<div class=\"skill-bar-percent\">100%<\/div>\r\n\t\t\t<\/div>\n\n\n<div style=\"clear:both;\"><\/div>\n<\/div>\n<div style=\"clear:both; height:10px; overflow:hidden;\"><\/div>\n<style type=\"text\/css\">.skillbar-title{font-size:px;color:;}.skill-bar-percent{font-size:px;color:;}<\/style><script>\r\n\t\t\t\tfunction sbar(){\r\n\t\t\t\t\tjQuery(\".skillbar\").each(function(){\r\n\t\t\t\t\t\tjQuery(this).find(\".skillbar-bar\").animate({\r\n\t\t\t\t\t\t\twidth:jQuery(this).attr(\"data-percent\")\r\n\t\t\t\t\t\t},3000);\r\n\t\t\t\t\t});\t\r\n\t\t\t\t}\r\n\t\t\t\tif ( jQuery(\"#skillbar_straight\").next().is(\":appeared\") ){\r\n\t\t\t\t\tsbar();\r\n\t\t\t\t} else {\r\n\t\t\t\t\tjQuery( window ).scroll(function() {\r\n\t\t\t\t\t\tif ( jQuery(\"#skillbar_straight\").next().is(\":appeared\") ){\r\n\t\t\t\t\t\t\tsbar();\r\n\t\t\t\t\t\t}\r\n\t\t\t\t\t});\r\n\t\t\t\t}\r\n\t\t\t\t<\/script>\n<p>&nbsp;<\/p>\n<h4 class=\"cv\">Programming languages<\/h4>\n<style>.sktb_pie_graph {\r\n\t\t\t  --w:150px;\r\n\t\t\t  width: 200px;\r\n\t\t\t  aspect-ratio: 1;\r\n\t\t\t  position: relative;\r\n\t\t\t  display: inline-grid;\r\n\t\t\t  place-content: center;\r\n\t\t\t  margin: 5px 1em;\r\n\t\t\t  \r\n\t\t\t  font-weight: bold;\r\n\t\t\t  font-family: sans-serif;\r\n\t\t\t  border-radius: 50%;\r\n\t\t   }\r\n\t\t   .sktb_pie_graph:before {\r\n\t\t\t  content: \"\";\r\n\t\t\t  position: absolute;\r\n\t\t\t  border-radius: 50%;\r\n\t\t\t  inset: 0;\r\n\t\t\t  background: conic-gradient(var(--c) calc(var(--p)*1%),#333333 0);\r\n\t\t\t  -webkit-mask:radial-gradient(farthest-side,#0000 calc(99% - var(--b)),#000 calc(100% - var(--b)));\r\n\t\t\t\t\t mask:radial-gradient(farthest-side,#0000 calc(99% - var(--b)),#000 calc(100% - var(--b)));\r\n\t\t   }<\/style><div class=\"skt_skill_flex-wrapper\" style=\"font-size:12px;text-align:center\"><div class=\"sktb_pie_graph\">\r\n                         <div class=\"sktb_pie_graph\" style=\"--p:title_background=#336699;--b:30px;--c:#dddddd;font-size: px;color:#333333\"\"><span style=\"color:#dddddd\">title_background=#336699%<\/span><\/div>\r\n                         <span style=\"font-size: px;text-align:center;color:#dddddd\">bar_foreground=#336699<\/span>\r\n                    <\/div><div class=\"sktb_pie_graph\">\r\n                         <div class=\"sktb_pie_graph\" style=\"--p:title_background=#336699;--b:30px;--c:#dddddd;font-size: px;color:#333333\"\"><span style=\"color:#dddddd\">title_background=#336699%<\/span><\/div>\r\n                         <span style=\"font-size: px;text-align:center;color:#dddddd\">bar_foreground=#336699<\/span>\r\n                    <\/div><div class=\"sktb_pie_graph\">\r\n                         <div class=\"sktb_pie_graph\" style=\"--p:title_background=#336699;--b:30px;--c:#dddddd;font-size: px;color:#333333\"\"><span style=\"color:#dddddd\">title_background=#336699%<\/span><\/div>\r\n                         <span style=\"font-size: px;text-align:center;color:#dddddd\">bar_foreground=#336699<\/span>\r\n                    <\/div><div class=\"sktb_pie_graph\">\r\n                         <div class=\"sktb_pie_graph\" style=\"--p:title_background=#336699;--b:30px;--c:#dddddd;font-size: px;color:#333333\"\"><span style=\"color:#dddddd\">title_background=#336699%<\/span><\/div>\r\n                         <span style=\"font-size: px;text-align:center;color:#dddddd\">bar_foreground=#336699<\/span>\r\n                    <\/div><div class=\"sktb_pie_graph\">\r\n                         <div class=\"sktb_pie_graph\" style=\"--p:title_background=#336699;--b:30px;--c:#dddddd;font-size: px;color:#333333\"\"><span style=\"color:#dddddd\">title_background=#336699%<\/span><\/div>\r\n                         <span style=\"font-size: px;text-align:center;color:#dddddd\">bar_foreground=#336699<\/span>\r\n                    <\/div><div class=\"sktb_pie_graph\">\r\n                         <div class=\"sktb_pie_graph\" style=\"--p:title_background=#336699;--b:30px;--c:#dddddd;font-size: px;color:#333333\"\"><span style=\"color:#dddddd\">title_background=#336699%<\/span><\/div>\r\n                         <span style=\"font-size: px;text-align:center;color:#dddddd\">bar_foreground=#336699<\/span>\r\n                    <\/div><\/div>\n","protected":false},"excerpt":{"rendered":"<p>Currently<\/p>\n<ul>\n<li class=\"p1\">\n<a href=\"https:\/\/www.univ-lorraine.fr\/\" target=\"_blank\" rel=\"noopener\">Universit\u00e9 de Lorraine<\/a>, France  2014 &#8211; Present <\/p>\n<ul>\n<li>Associate professor at <a href=\"http:\/\/fst.univ-lorraine.fr\/\" target=\"_blank\" rel=\"noopener\">Facult\u00e9 des Sciences et Technology (FST) Nancy<\/a> of Universit\u00e9 de Lorraine.<\/li>\n<li>Researcher at <a href=\"http:\/\/www.loria.fr\/\" target=\"_blank\" rel=\"noopener\">laboratoire LOrrain de Recherche en Informatique et ses Applications (LORIA)<\/a> Nancy.<\/li>\n<\/ul>\n<\/li>\n<\/ul>\n<p>Formation<\/p>\n<ul>\n<li class=\"p1\">\n<a href=\"https:\/\/www.univ-lorraine.fr\/\" target=\"_blank\" rel=\"noopener\">Universit\u00e9 de Lorraine<\/a>, France  2022 <\/p>\n<ul>\n<li>Habilitation \u00e0 diriger des recherches (HDR) in Computer Science<\/li>\n<li>Subject: Digital shape analysis and manipulation.<\/li>\n<\/ul>\n<\/li>\n<li class=\"p1\">\n<a href=\"http:\/\/www.u-pem.fr\/\" target=\"_blank\" rel=\"noopener\">Universit\u00e9 Paris-Est<\/a>, France  2010 &#8211; 2013 <\/p>\n<ul>\n<li>PhD in Computer Science under the supervision of Profs.<\/li>\n<\/ul>\n<\/li>\n<\/ul>\n","protected":false},"author":5,"featured_media":0,"parent":0,"menu_order":0,"comment_status":"closed","ping_status":"closed","template":"","meta":{"footnotes":""},"class_list":["post-10","page","type-page","status-publish","hentry"],"_links":{"self":[{"href":"https:\/\/members.loria.fr\/HDPNgo\/wp-json\/wp\/v2\/pages\/10","targetHints":{"allow":["GET"]}}],"collection":[{"href":"https:\/\/members.loria.fr\/HDPNgo\/wp-json\/wp\/v2\/pages"}],"about":[{"href":"https:\/\/members.loria.fr\/HDPNgo\/wp-json\/wp\/v2\/types\/page"}],"author":[{"embeddable":true,"href":"https:\/\/members.loria.fr\/HDPNgo\/wp-json\/wp\/v2\/users\/5"}],"replies":[{"embeddable":true,"href":"https:\/\/members.loria.fr\/HDPNgo\/wp-json\/wp\/v2\/comments?post=10"}],"version-history":[{"count":89,"href":"https:\/\/members.loria.fr\/HDPNgo\/wp-json\/wp\/v2\/pages\/10\/revisions"}],"predecessor-version":[{"id":299,"href":"https:\/\/members.loria.fr\/HDPNgo\/wp-json\/wp\/v2\/pages\/10\/revisions\/299"}],"wp:attachment":[{"href":"https:\/\/members.loria.fr\/HDPNgo\/wp-json\/wp\/v2\/media?parent=10"}],"curies":[{"name":"wp","href":"https:\/\/api.w.org\/{rel}","templated":true}]}}