{"id":110,"date":"2015-06-18T19:13:25","date_gmt":"2015-06-18T17:13:25","guid":{"rendered":"http:\/\/members.loria.fr\/template\/?page_id=110"},"modified":"2016-03-31T15:58:09","modified_gmt":"2016-03-31T13:58:09","slug":"formulaire","status":"publish","type":"page","link":"https:\/\/members.loria.fr\/HLNguyen\/contact\/formulaire\/","title":{"rendered":"Infos de contact"},"content":{"rendered":"<div>\n<div class=\"contact_icon\"><img loading=\"lazy\" decoding=\"async\" class=\"alignnone size-full wp-image-66\" src=\"http:\/\/homepages.loria.fr\/IMG\/pin.png\" alt=\"pin\" width=\"64\" height=\"64\" \/><\/div>\n<div class=\"contact_info\">Mettez ici votre adresse postale<\/div>\n<\/div>\n<div>\n<div class=\"contact_icon\"><img loading=\"lazy\" decoding=\"async\" class=\"alignnone size-full wp-image-65\" src=\"http:\/\/homepages.loria.fr\/IMG\/email.png\" alt=\"email\" width=\"64\" height=\"64\" \/><\/div>\n<div class=\"contact_info\">Mettez ici votre adresse mail<\/div>\n<\/div>\n<div>\n<div class=\"contact_icon\"><img loading=\"lazy\" decoding=\"async\" class=\"alignnone size-full wp-image-64\" src=\"http:\/\/homepages.loria.fr\/IMG\/telephone.png\" alt=\"telephone\" width=\"64\" height=\"64\" \/><\/div>\n<div class=\"contact_info\">Et ici votre num\u00e9ro de t\u00e9l\u00e9phone<\/div>\n<\/div>\n<p>&nbsp;<br \/>\n&nbsp;<\/p>\n","protected":false},"excerpt":{"rendered":"<p><img loading=\"lazy\" decoding=\"async\" class=\"alignnone size-full wp-image-66\" src=\"http:\/\/homepages.loria.fr\/IMG\/pin.png\" alt=\"pin\" width=\"64\" height=\"64\" \/><br \/>\nMettez ici votre adresse postale<\/p>\n<p><img loading=\"lazy\" decoding=\"async\" class=\"alignnone size-full wp-image-65\" src=\"http:\/\/homepages.loria.fr\/IMG\/email.png\" alt=\"email\" width=\"64\" height=\"64\" \/><br \/>\nMettez ici votre adresse mail<\/p>\n<p><img loading=\"lazy\" decoding=\"async\" class=\"alignnone size-full wp-image-64\" src=\"http:\/\/homepages.loria.fr\/IMG\/telephone.png\" alt=\"telephone\" width=\"64\" height=\"64\" \/><br \/>\nEt ici votre num\u00e9ro de t\u00e9l\u00e9phone<\/p>\n<p>&nbsp;<br \/>\n&nbsp;<\/p>\n","protected":false},"author":1,"featured_media":0,"parent":50,"menu_order":0,"comment_status":"closed","ping_status":"closed","template":"","meta":{"footnotes":""},"class_list":["post-110","page","type-page","status-publish","hentry"],"_links":{"self":[{"href":"https:\/\/members.loria.fr\/HLNguyen\/wp-json\/wp\/v2\/pages\/110","targetHints":{"allow":["GET"]}}],"collection":[{"href":"https:\/\/members.loria.fr\/HLNguyen\/wp-json\/wp\/v2\/pages"}],"about":[{"href":"https:\/\/members.loria.fr\/HLNguyen\/wp-json\/wp\/v2\/types\/page"}],"author":[{"embeddable":true,"href":"https:\/\/members.loria.fr\/HLNguyen\/wp-json\/wp\/v2\/users\/1"}],"replies":[{"embeddable":true,"href":"https:\/\/members.loria.fr\/HLNguyen\/wp-json\/wp\/v2\/comments?post=110"}],"version-history":[{"count":9,"href":"https:\/\/members.loria.fr\/HLNguyen\/wp-json\/wp\/v2\/pages\/110\/revisions"}],"predecessor-version":[{"id":260,"href":"https:\/\/members.loria.fr\/HLNguyen\/wp-json\/wp\/v2\/pages\/110\/revisions\/260"}],"up":[{"embeddable":true,"href":"https:\/\/members.loria.fr\/HLNguyen\/wp-json\/wp\/v2\/pages\/50"}],"wp:attachment":[{"href":"https:\/\/members.loria.fr\/HLNguyen\/wp-json\/wp\/v2\/media?parent=110"}],"curies":[{"name":"wp","href":"https:\/\/api.w.org\/{rel}","templated":true}]}}