{"id":56,"date":"2015-06-16T13:44:07","date_gmt":"2015-06-16T11:44:07","guid":{"rendered":"http:\/\/members.loria.fr\/thierrygartiser\/?page_id=56"},"modified":"2016-09-13T17:53:41","modified_gmt":"2016-09-13T15:53:41","slug":"accueil","status":"publish","type":"page","link":"https:\/\/members.loria.fr\/IChrisment\/","title":{"rendered":"HOMEPAGE"},"content":{"rendered":"<p><strong><span style=\"color: #4e81a9;font-size: large\">Research Interests:<\/span><\/strong><\/p>\n<ul>\n<li>Security and Monitoring of Internet of Things\u00a0\u00a0 (RPL-based Networks)<\/li>\n<li>Mobile Users Monitoring<\/li>\n<li>HTTPS Traffic Identification<\/li>\n<li>SDN-based Routing Scheme for NDN<\/li>\n<li>P2P and Anonymous Network Monitoring<\/li>\n<\/ul>\n<p><strong><span style=\"color: #4e81a9;font-size: large\">Teaching:<\/span><\/strong><\/p>\n<p>&nbsp;<\/p>\n<p><strong><span style=\"color: #4e81a9;font-size: large\">PhD Students:<\/span><\/strong><\/p>\n<ul>\n<li>Elian Aubry (co-supervised with Thomas Silverston)<\/li>\n<li>Pierre-Olivier Brissaud\u00a0 (co-supervised with <a href=\"http:\/\/jeromefra.free.fr\/\">J\u00e9r\u00f4me Fran\u00e7ois<\/a>)<\/li>\n<li>Anth\u00e9a Mayzaud (co-supervised with R\u00e9mi Badonnel)<\/li>\n<li>Wazen Shbair\u00a0 (co-supervised with <a href=\"http:\/\/thibault.cholez.free.fr\/\">Thibault Cholez<\/a>)<\/li>\n<\/ul>\n<p>&nbsp;<\/p>\n","protected":false},"excerpt":{"rendered":"<p>Research Interests:<\/p>\n<ul>\n<li>Security and Monitoring of Internet of Things\u00a0\u00a0 (RPL-based Networks)<\/li>\n<li>Mobile Users Monitoring<\/li>\n<li>HTTPS Traffic Identification<\/li>\n<li>SDN-based Routing Scheme for NDN<\/li>\n<li>P2P and Anonymous Network Monitoring<\/li>\n<\/ul>\n<p>Teaching:<\/p>\n<p>&nbsp;<\/p>\n<p>PhD Students:<\/p>\n<ul>\n<li>Elian Aubry (co-supervised with Thomas Silverston)<\/li>\n<li>Pierre-Olivier Brissaud\u00a0 (co-supervised with <a href=\"http:\/\/jeromefra.free.fr\/\">J\u00e9r\u00f4me Fran\u00e7ois<\/a>)<\/li>\n<li>Anth\u00e9a Mayzaud (co-supervised with R\u00e9mi Badonnel)<\/li>\n<li>Wazen Shbair\u00a0 (co-supervised with <a href=\"http:\/\/thibault.cholez.free.fr\/\">Thibault Cholez<\/a>)<\/li>\n<\/ul>\n<p>&nbsp;<\/p>\n","protected":false},"author":5,"featured_media":0,"parent":0,"menu_order":0,"comment_status":"closed","ping_status":"closed","template":"","meta":{"footnotes":""},"class_list":["post-56","page","type-page","status-publish","hentry"],"_links":{"self":[{"href":"https:\/\/members.loria.fr\/IChrisment\/wp-json\/wp\/v2\/pages\/56","targetHints":{"allow":["GET"]}}],"collection":[{"href":"https:\/\/members.loria.fr\/IChrisment\/wp-json\/wp\/v2\/pages"}],"about":[{"href":"https:\/\/members.loria.fr\/IChrisment\/wp-json\/wp\/v2\/types\/page"}],"author":[{"embeddable":true,"href":"https:\/\/members.loria.fr\/IChrisment\/wp-json\/wp\/v2\/users\/5"}],"replies":[{"embeddable":true,"href":"https:\/\/members.loria.fr\/IChrisment\/wp-json\/wp\/v2\/comments?post=56"}],"version-history":[{"count":41,"href":"https:\/\/members.loria.fr\/IChrisment\/wp-json\/wp\/v2\/pages\/56\/revisions"}],"predecessor-version":[{"id":316,"href":"https:\/\/members.loria.fr\/IChrisment\/wp-json\/wp\/v2\/pages\/56\/revisions\/316"}],"wp:attachment":[{"href":"https:\/\/members.loria.fr\/IChrisment\/wp-json\/wp\/v2\/media?parent=56"}],"curies":[{"name":"wp","href":"https:\/\/api.w.org\/{rel}","templated":true}]}}