{"id":10,"date":"2015-06-15T10:23:49","date_gmt":"2015-06-15T08:23:49","guid":{"rendered":"http:\/\/members.loria.fr\/thierrygartiser\/?page_id=10"},"modified":"2024-03-13T12:12:02","modified_gmt":"2024-03-13T10:12:02","slug":"cv","status":"publish","type":"page","link":"https:\/\/members.loria.fr\/JColombel\/cv\/","title":{"rendered":"CV"},"content":{"rendered":"<h4 class=\"cv\">Exp\u00e9rience professionnelle<\/h4>\n<ul>\n<li>2023-2024: Postdoc (Loria, CNRS, Nancy)<\/li>\n<li>2022-2023: ATER (IDMC, Universit\u00e9 de Lorraine, Nancy)<\/li>\n<li>2018: Ing\u00e9nieur Informatique (Aio, Bordeaux)<\/li>\n<li class=\"p1\"><span class=\"s1\">2017-2018: Ing\u00e9nieur de Recherche et D\u00e9veloppement (Auctus &#8211; partenariat Aio, Inria Bordeaux Sud Ouest, Bordeaux)<\/span><\/li>\n<\/ul>\n<h4 class=\"cv\">Formation<\/h4>\n<ul>\n<li>2019-2022: PhD <span class=\"s1\">(Inria de l\u2019universit\u00e9 de Bordeaux et Inria de l&rsquo;universit\u00e9 de Lorraine, Nancy)<\/span><\/li>\n<li>2014-2017: Ecole Nationale Sup\u00e9rieure de Cognitique (ENSC) &#8211; Option Robotique (ENSC \/ Enseirb-Matm\u00e9ca, Bordeaux)<\/li>\n<li>2012-2014: PCSI-PSI (Lyc\u00e9e Leconte de Lisle, \u00eele de la R\u00e9union)<\/li>\n<li class=\"p1\"><span class=\"s1\">2012 : Baccalaur\u00e9at Scientifique (Lyc\u00e9e Levavasseur, \u00eele de la R\u00e9union)<\/span><\/li>\n<\/ul>\n<h4 class=\"cv\">Centres d&rsquo;int\u00e9r\u00eat et comp\u00e9tences<\/h4>\n<ul>\n<li>Mouvement Humain<\/li>\n<li>Interaction Humain Robot<\/li>\n<li>Robotique<\/li>\n<\/ul>\n<h4 class=\"cv\">Programmation<\/h4>\n<div id=\"skillbar_straight\" style=\"padding:10px 0;\">\n\n<div class=\"skillbar clearfix\" data-percent=\"90%\" style=\"background: #eeeeee;\">\r\n\t\t\t\t<div class=\"skillbar-title\" style=\"background: #336699 !important;\"><span>Python<\/span><\/div>\r\n\t\t\t\t<div class=\"skillbar-bar\" style=\"background: #336699;\"><\/div>\r\n\t\t\t\t<div class=\"skill-bar-percent\">90%<\/div>\r\n\t\t\t<\/div>\n\n<div class=\"skillbar clearfix\" data-percent=\"90%\" style=\"background: #eeeeee;\">\r\n\t\t\t\t<div class=\"skillbar-title\" style=\"background: #336699 !important;\"><span>C++<\/span><\/div>\r\n\t\t\t\t<div class=\"skillbar-bar\" style=\"background: #336699;\"><\/div>\r\n\t\t\t\t<div class=\"skill-bar-percent\">90%<\/div>\r\n\t\t\t<\/div>\n\n<div class=\"skillbar clearfix\" data-percent=\"70%\" style=\"background: #eeeeee;\">\r\n\t\t\t\t<div class=\"skillbar-title\" style=\"background: #336699 !important;\"><span>Ros<\/span><\/div>\r\n\t\t\t\t<div class=\"skillbar-bar\" style=\"background: #336699;\"><\/div>\r\n\t\t\t\t<div class=\"skill-bar-percent\">70%<\/div>\r\n\t\t\t<\/div>\n\n<div class=\"skillbar clearfix\" data-percent=\"70%\" style=\"background: #eeeeee;\">\r\n\t\t\t\t<div class=\"skillbar-title\" style=\"background: #336699 !important;\"><span>C#,Java<\/span><\/div>\r\n\t\t\t\t<div class=\"skillbar-bar\" style=\"background: #336699;\"><\/div>\r\n\t\t\t\t<div class=\"skill-bar-percent\">70%<\/div>\r\n\t\t\t<\/div>\n\n<div class=\"skillbar clearfix\" data-percent=\"60%\" style=\"background: #eeeeee;\">\r\n\t\t\t\t<div class=\"skillbar-title\" style=\"background: #336699 !important;\"><span>HTML,CSS,JS<\/span><\/div>\r\n\t\t\t\t<div class=\"skillbar-bar\" style=\"background: #336699;\"><\/div>\r\n\t\t\t\t<div class=\"skill-bar-percent\">60%<\/div>\r\n\t\t\t<\/div>\n\n<div class=\"skillbar clearfix\" data-percent=\"70%\" style=\"background: #eeeeee;\">\r\n\t\t\t\t<div class=\"skillbar-title\" style=\"background: #336699 !important;\"><span>Matlab<\/span><\/div>\r\n\t\t\t\t<div class=\"skillbar-bar\" style=\"background: #336699;\"><\/div>\r\n\t\t\t\t<div class=\"skill-bar-percent\">70%<\/div>\r\n\t\t\t<\/div>\n\n\n<div style=\"clear:both;\"><\/div>\n<\/div>\n<div style=\"clear:both; height:10px; overflow:hidden;\"><\/div>\n<style type=\"text\/css\">.skillbar-title{font-size:px;color:;}.skill-bar-percent{font-size:px;color:;}<\/style><script>\r\n\t\t\t\tfunction sbar(){\r\n\t\t\t\t\tjQuery(\".skillbar\").each(function(){\r\n\t\t\t\t\t\tjQuery(this).find(\".skillbar-bar\").animate({\r\n\t\t\t\t\t\t\twidth:jQuery(this).attr(\"data-percent\")\r\n\t\t\t\t\t\t},3000);\r\n\t\t\t\t\t});\t\r\n\t\t\t\t}\r\n\t\t\t\tif ( jQuery(\"#skillbar_straight\").next().is(\":appeared\") ){\r\n\t\t\t\t\tsbar();\r\n\t\t\t\t} else {\r\n\t\t\t\t\tjQuery( window ).scroll(function() {\r\n\t\t\t\t\t\tif ( jQuery(\"#skillbar_straight\").next().is(\":appeared\") ){\r\n\t\t\t\t\t\t\tsbar();\r\n\t\t\t\t\t\t}\r\n\t\t\t\t\t});\r\n\t\t\t\t}\r\n\t\t\t\t<\/script>\n","protected":false},"excerpt":{"rendered":"<p>Exp\u00e9rience professionnelle 2023-2024: Postdoc (Loria, CNRS, Nancy) 2022-2023: ATER (IDMC, Universit\u00e9 de Lorraine, Nancy) 2018: Ing\u00e9nieur Informatique (Aio, Bordeaux) 2017-2018: Ing\u00e9nieur de Recherche et D\u00e9veloppement (Auctus &#8211; partenariat Aio, Inria Bordeaux Sud Ouest, Bordeaux) Formation 2019-2022: PhD (Inria de l\u2019universit\u00e9 de Bordeaux et Inria de l&rsquo;universit\u00e9 de Lorraine, Nancy) 2014-2017: Ecole Nationale Sup\u00e9rieure de Cognitique [&hellip;]<\/p>\n","protected":false},"author":5,"featured_media":0,"parent":0,"menu_order":0,"comment_status":"closed","ping_status":"closed","template":"","meta":{"footnotes":""},"class_list":["post-10","page","type-page","status-publish","hentry"],"_links":{"self":[{"href":"https:\/\/members.loria.fr\/JColombel\/wp-json\/wp\/v2\/pages\/10","targetHints":{"allow":["GET"]}}],"collection":[{"href":"https:\/\/members.loria.fr\/JColombel\/wp-json\/wp\/v2\/pages"}],"about":[{"href":"https:\/\/members.loria.fr\/JColombel\/wp-json\/wp\/v2\/types\/page"}],"author":[{"embeddable":true,"href":"https:\/\/members.loria.fr\/JColombel\/wp-json\/wp\/v2\/users\/5"}],"replies":[{"embeddable":true,"href":"https:\/\/members.loria.fr\/JColombel\/wp-json\/wp\/v2\/comments?post=10"}],"version-history":[{"count":39,"href":"https:\/\/members.loria.fr\/JColombel\/wp-json\/wp\/v2\/pages\/10\/revisions"}],"predecessor-version":[{"id":313,"href":"https:\/\/members.loria.fr\/JColombel\/wp-json\/wp\/v2\/pages\/10\/revisions\/313"}],"wp:attachment":[{"href":"https:\/\/members.loria.fr\/JColombel\/wp-json\/wp\/v2\/media?parent=10"}],"curies":[{"name":"wp","href":"https:\/\/api.w.org\/{rel}","templated":true}]}}