{"id":2,"date":"2015-05-29T08:48:00","date_gmt":"2015-05-29T07:48:00","guid":{"rendered":"http:\/\/members.loria.fr\/thierrygartiser\/?page_id=2"},"modified":"2024-03-13T13:52:22","modified_gmt":"2024-03-13T11:52:22","slug":"perso","status":"publish","type":"page","link":"https:\/\/members.loria.fr\/JColombel\/perso\/","title":{"rendered":"Enseignement"},"content":{"rendered":"<h3>Points cl\u00e9s :<\/h3>\n<ul>\n<li>Nombre d&rsquo;heures: plus de 400h \u00e9quivalent TD depuis 2018;<\/li>\n<li>Formats : Travaux Dirig\u00e9s, Travaux Pratiques, Cours Int\u00e9gr\u00e9s, Cours Magistraux, encadrement de projet et stage;<\/li>\n<li>Niveaux : L1 \u00e0 M2;<\/li>\n<li>\u00c9tablissements : Institut des sciences du Digital, Management \\&amp; Cognition (IDMC), Nancy et trois \u00e9coles d&rsquo;ing\u00e9nieurs (Ecole Nationale Sup\u00e9rieure de Cognitique (ENSC), Enseirb-Matmeca et Telecom Nancy);<\/li>\n<li>Mati\u00e8res enseign\u00e9es :\n<ul>\n<li>Informatique : algorithmique et programmation, bases de donn\u00e9es, web, git, latex, compilation, Java, web s\u00e9mantique.<\/li>\n<li>Robotique : ROS (Robot Operating System).<\/li>\n<li>Biologie : Anatomie et fonctionnalit\u00e9s du corps humain.<\/li>\n<\/ul>\n<\/li>\n<li>Encadrement :\n<ul>\n<li>Stage (L3)<\/li>\n<li>Projet individuel (2A)<\/li>\n<\/ul>\n<\/li>\n<\/ul>\n<h4>Robotique<\/h4>\n<ul>\n<li>ROS pour l&rsquo;industrie<br \/>\nENSEIRB-MATMECA &#8211; option robotique 3\u00e8me ann\u00e9e &#8211; 8h Cours Int\u00e9gr\u00e9s (2019,2020)<br \/>\nDans le cadre de ROS4PRO: supports en ligne disponible <a href=\"https:\/\/learn.ros4.pro\/fr\/\">ici<\/a><\/li>\n<\/ul>\n<h4>Informatique<\/h4>\n<ul>\n<li>Algorithmie\n<ul>\n<li>IDMC, Licence MIASHS &#8211; L1 &#8211; 22h TD (2022)<\/li>\n<li>IDMC, Licence MIASHS &#8211; L2 &#8211; 32h TD (2023-2024)<\/li>\n<\/ul>\n<\/li>\n<li>Base de donn\u00e9es\n<ul>\n<li>TELECOM Nancy &#8211; 1\u00e8re ann\u00e9e &#8211; 12h TD, 12h TP (2020)<\/li>\n<li>(Web) TELECOM Nancy &#8211; 1\u00e8re ann\u00e9e &#8211; 20h TD \/ 9h TD, 19h TP (2021)<\/li>\n<li>IDMC, Licence MIASHS &#8211; L1 &#8211; 10h TD (2023-2024)<\/li>\n<li>IDMC, Licence MIASHS &#8211; L2 &#8211; 14h TD (2022)<\/li>\n<\/ul>\n<\/li>\n<li>Web s\u00e9mantique\n<ul>\n<li>IDMC, Master Sciences Cognitives &#8211; M1 &#8211; 15h TD (2023)<\/li>\n<\/ul>\n<\/li>\n<li>Math\u00e9matiques pour l&rsquo;informatique\n<ul>\n<li>TELECOM Nancy &#8211; 1\u00e8re ann\u00e9e &#8211; 4h CM, 26h TD (2020)<\/li>\n<\/ul>\n<\/li>\n<li><span class=\"\">Culture et outils informatique (Latex et Git)<\/span>\n<ul>\n<li><span class=\"\">TELECOM Nancy &#8211; 1\u00e8re ann\u00e9e &#8211; 8h TD (2020)<\/span><\/li>\n<\/ul>\n<\/li>\n<li><span class=\"\">Conception et d\u00e9veloppement Java<\/span>\n<ul>\n<li><span class=\"\">TELECOM Nancy &#8211; 2\u00e8me ann\u00e9e &#8211; 4h TD, 8h TP (2020)<br \/>\n<\/span><\/li>\n<\/ul>\n<\/li>\n<li><span class=\"\">Traduction des langages (compilation)<\/span>\n<ul>\n<li><span class=\"\">TELECOM Nancy &#8211; 2\u00e8me ann\u00e9e &#8211; 18h TD (2020)<\/span><\/li>\n<\/ul>\n<\/li>\n<\/ul>\n<h4>Biologie<\/h4>\n<ul>\n<li>Anatomie et fonctionnalit\u00e9s du corps humain\n<ul>\n<li>IDMC, Licence MIASHS &#8211; L2 &#8211; 12h CM, 12h TD (2023-2024)<\/li>\n<\/ul>\n<\/li>\n<\/ul>\n","protected":false},"excerpt":{"rendered":"<p>Points cl\u00e9s : Nombre d&rsquo;heures: plus de 400h \u00e9quivalent TD depuis 2018; Formats : Travaux Dirig\u00e9s, Travaux Pratiques, Cours Int\u00e9gr\u00e9s, Cours Magistraux, encadrement de projet et stage; Niveaux : L1 \u00e0 M2; \u00c9tablissements : Institut des sciences du Digital, Management \\&amp; Cognition (IDMC), Nancy et trois \u00e9coles d&rsquo;ing\u00e9nieurs (Ecole Nationale Sup\u00e9rieure de Cognitique (ENSC), Enseirb-Matmeca [&hellip;]<\/p>\n","protected":false},"author":5,"featured_media":0,"parent":0,"menu_order":0,"comment_status":"closed","ping_status":"closed","template":"page-fullwidth.php","meta":{"footnotes":""},"class_list":["post-2","page","type-page","status-publish","hentry"],"_links":{"self":[{"href":"https:\/\/members.loria.fr\/JColombel\/wp-json\/wp\/v2\/pages\/2","targetHints":{"allow":["GET"]}}],"collection":[{"href":"https:\/\/members.loria.fr\/JColombel\/wp-json\/wp\/v2\/pages"}],"about":[{"href":"https:\/\/members.loria.fr\/JColombel\/wp-json\/wp\/v2\/types\/page"}],"author":[{"embeddable":true,"href":"https:\/\/members.loria.fr\/JColombel\/wp-json\/wp\/v2\/users\/5"}],"replies":[{"embeddable":true,"href":"https:\/\/members.loria.fr\/JColombel\/wp-json\/wp\/v2\/comments?post=2"}],"version-history":[{"count":26,"href":"https:\/\/members.loria.fr\/JColombel\/wp-json\/wp\/v2\/pages\/2\/revisions"}],"predecessor-version":[{"id":329,"href":"https:\/\/members.loria.fr\/JColombel\/wp-json\/wp\/v2\/pages\/2\/revisions\/329"}],"wp:attachment":[{"href":"https:\/\/members.loria.fr\/JColombel\/wp-json\/wp\/v2\/media?parent=2"}],"curies":[{"name":"wp","href":"https:\/\/api.w.org\/{rel}","templated":true}]}}