{"id":10,"date":"2015-06-15T10:23:49","date_gmt":"2015-06-15T08:23:49","guid":{"rendered":"http:\/\/members.loria.fr\/thierrygartiser\/?page_id=10"},"modified":"2019-08-26T10:30:40","modified_gmt":"2019-08-26T08:30:40","slug":"cv","status":"publish","type":"page","link":"https:\/\/members.loria.fr\/JFMari\/cv\/","title":{"rendered":"CV"},"content":{"rendered":"<div class=\"important_div\" style=\"text-align: center\"><\/div>\n<h4 class=\"cv\">Formation<\/h4>\n<ul>\n<li>1979 : Th\u00e8se troisi\u00e8me cycle informatique en reconnaissance de la parole <span class=\"s1\"> (LORIA \/ Universit\u00e9 de Lorraine)<\/span><\/li>\n<li>1996 : Habilitation \u00e0 diriger la recherche, \u00ab\u00a0Perception de signaux complexes\u00a0\u00bb <span class=\"s1\">(LORIA \/ Universit\u00e9 de Lorraine)<\/span><\/li>\n<\/ul>\n<h4 class=\"cv\">Exp\u00e9rience professionnelle<\/h4>\n<ul>\n<li class=\"p1\"><span class=\"s1\">1975 &#8211; 1983 : Assistant\u00a0 Universit\u00e9 de Lorraine (IUT)<br \/>\n<\/span><\/li>\n<li>1984 : Assistant Professor, Northeastern University (Boston, Mass.)<\/li>\n<li>1985 &#8211; 1998 : Ma\u00eetre de conf. IUT Nancy-Charlemagne, <span class=\"s1\">Universit\u00e9 de Lorraine<\/span><\/li>\n<li>depuis 1998 : Professeur IUT Nancy-Charlemagne<\/li>\n<li>1995-1996 : d\u00e9tach\u00e9 au CNRS<\/li>\n<li>2006 &#8211; 2008 : accueilli en d\u00e9l\u00e9gation \u00e0 Inra (SAD ASTER)<\/li>\n<\/ul>\n<h4 class=\"cv\">Centres d&rsquo;int\u00e9r\u00eat et comp\u00e9tences<\/h4>\n<p><div id=\"skillbar_straight\" style=\"padding:10px 0;\">\n\n<div class=\"skillbar clearfix\" data-percent=\"70%\" style=\"background: #eeeeee;\">\r\n\t\t\t\t<div class=\"skillbar-title\" style=\"background: #336699 !important;\"><span>Int\u00e9r\u00eat 1<\/span><\/div>\r\n\t\t\t\t<div class=\"skillbar-bar\" style=\"background: #336699;\"><\/div>\r\n\t\t\t\t<div class=\"skill-bar-percent\">70%<\/div>\r\n\t\t\t<\/div>\n\n<div class=\"skillbar clearfix\" data-percent=\"80%\" style=\"background: #eeeeee;\">\r\n\t\t\t\t<div class=\"skillbar-title\" style=\"background: #336699 !important;\"><span>Int\u00e9r\u00eat 2<\/span><\/div>\r\n\t\t\t\t<div class=\"skillbar-bar\" style=\"background: #336699;\"><\/div>\r\n\t\t\t\t<div class=\"skill-bar-percent\">80%<\/div>\r\n\t\t\t<\/div>\n\n<div class=\"skillbar clearfix\" data-percent=\"60%\" style=\"background: #eeeeee;\">\r\n\t\t\t\t<div class=\"skillbar-title\" style=\"background: #336699 !important;\"><span>Int\u00e9r\u00eat 3<\/span><\/div>\r\n\t\t\t\t<div class=\"skillbar-bar\" style=\"background: #336699;\"><\/div>\r\n\t\t\t\t<div class=\"skill-bar-percent\">60%<\/div>\r\n\t\t\t<\/div>\n\n\n<div style=\"clear:both;\"><\/div>\n<\/div>\n<div style=\"clear:both; height:10px; overflow:hidden;\"><\/div>\n<style type=\"text\/css\">.skillbar-title{font-size:px;color:;}.skill-bar-percent{font-size:px;color:;}<\/style><script>\r\n\t\t\t\tfunction sbar(){\r\n\t\t\t\t\tjQuery(\".skillbar\").each(function(){\r\n\t\t\t\t\t\tjQuery(this).find(\".skillbar-bar\").animate({\r\n\t\t\t\t\t\t\twidth:jQuery(this).attr(\"data-percent\")\r\n\t\t\t\t\t\t},3000);\r\n\t\t\t\t\t});\t\r\n\t\t\t\t}\r\n\t\t\t\tif ( jQuery(\"#skillbar_straight\").next().is(\":appeared\") ){\r\n\t\t\t\t\tsbar();\r\n\t\t\t\t} else {\r\n\t\t\t\t\tjQuery( window ).scroll(function() {\r\n\t\t\t\t\t\tif ( jQuery(\"#skillbar_straight\").next().is(\":appeared\") ){\r\n\t\t\t\t\t\t\tsbar();\r\n\t\t\t\t\t\t}\r\n\t\t\t\t\t});\r\n\t\t\t\t}\r\n\t\t\t\t<\/script><br \/>\n&nbsp;<\/p>\n","protected":false},"excerpt":{"rendered":"<p>Formation<\/p>\n<ul>\n<li>1979 : Th\u00e8se troisi\u00e8me cycle informatique en reconnaissance de la parole  (LORIA \/ Universit\u00e9 de Lorraine)<\/li>\n<li>1996 : Habilitation \u00e0 diriger la recherche, \u00ab\u00a0Perception de signaux complexes\u00a0\u00bb (LORIA \/ Universit\u00e9 de Lorraine)<\/li>\n<\/ul>\n<p>Exp\u00e9rience professionnelle<\/p>\n<ul>\n<li class=\"p1\">1975 &#8211; 1983 : Assistant\u00a0 Universit\u00e9 de Lorraine (IUT)\n<\/li>\n<li>1984 : Assistant Professor, Northeastern University (Boston, Mass.)<\/li>\n<li>1985 &#8211; 1998 : Ma\u00eetre de conf. IUT Nancy-Charlemagne, Universit\u00e9 de Lorraine<\/li>\n<li>depuis 1998 : Professeur IUT Nancy-Charlemagne<\/li>\n<li>1995-1996 : d\u00e9tach\u00e9 au CNRS<\/li>\n<li>2006 &#8211; 2008 : accueilli en d\u00e9l\u00e9gation \u00e0 Inra (SAD ASTER)<\/li>\n<\/ul>\n<p>Centres d&rsquo;int\u00e9r\u00eat et comp\u00e9tences<\/p>\n<p>&nbsp;<\/p>\n","protected":false},"author":5,"featured_media":0,"parent":0,"menu_order":0,"comment_status":"closed","ping_status":"closed","template":"","meta":{"footnotes":""},"class_list":["post-10","page","type-page","status-publish","hentry"],"_links":{"self":[{"href":"https:\/\/members.loria.fr\/JFMari\/wp-json\/wp\/v2\/pages\/10","targetHints":{"allow":["GET"]}}],"collection":[{"href":"https:\/\/members.loria.fr\/JFMari\/wp-json\/wp\/v2\/pages"}],"about":[{"href":"https:\/\/members.loria.fr\/JFMari\/wp-json\/wp\/v2\/types\/page"}],"author":[{"embeddable":true,"href":"https:\/\/members.loria.fr\/JFMari\/wp-json\/wp\/v2\/users\/5"}],"replies":[{"embeddable":true,"href":"https:\/\/members.loria.fr\/JFMari\/wp-json\/wp\/v2\/comments?post=10"}],"version-history":[{"count":51,"href":"https:\/\/members.loria.fr\/JFMari\/wp-json\/wp\/v2\/pages\/10\/revisions"}],"predecessor-version":[{"id":327,"href":"https:\/\/members.loria.fr\/JFMari\/wp-json\/wp\/v2\/pages\/10\/revisions\/327"}],"wp:attachment":[{"href":"https:\/\/members.loria.fr\/JFMari\/wp-json\/wp\/v2\/media?parent=10"}],"curies":[{"name":"wp","href":"https:\/\/api.w.org\/{rel}","templated":true}]}}