{"id":22,"date":"2015-06-15T11:01:33","date_gmt":"2015-06-15T09:01:33","guid":{"rendered":"http:\/\/members.loria.fr\/thierrygartiser\/?page_id=22"},"modified":"2025-03-03T11:13:44","modified_gmt":"2025-03-03T09:13:44","slug":"projets","status":"publish","type":"page","link":"https:\/\/members.loria.fr\/JGuichon\/projets\/","title":{"rendered":"Enseignements"},"content":{"rendered":"<p class=\"p1\"><strong><span class=\"s1\">Enseignements dispens\u00e9s \u00e0 l&rsquo; Universit\u00e9 de Lorraine :\u00a0<\/span><\/strong><\/p>\n<h4>2024-2025 :<\/h4>\n<h5><span class=\"s1\">Facult\u00e9 de Sciences et Technologies de Nancy : 4h TD + 56h TP<\/span><\/h5>\n<ul>\n<li><em>Projet de Synth\u00e8se S5 (langage C)<\/em> : 21 L2 \u00e9tudiants en informatique, <strong>TD\/TP <\/strong>(4h TD + 22h TP)<\/li>\n<li><em>Projet de Synth\u00e8se S6 (Java, C, JavaFX, Pattern Conception, g\u00e9n\u00e9ration automatique de code, syst\u00e8me, r\u00e9seau)<\/em> : 20 L2 \u00e9tudiants en informatique , <strong>TP <\/strong>(22h TP)<\/li>\n<li><em>Algorithmie et programmation dynamique (r\u00e9alisation et enseignement de TP)<\/em> : 18 L3 \u00e9tudiants en informatique, <strong>TP<\/strong>(12h TP)<\/li>\n<\/ul>\n<h5><span class=\"s1\">TELECOM Nancy : 8h TD + 32h TP<\/span><\/h5>\n<ul>\n<li><em>Bases de Donn\u00e9es NoSQL (r\u00e9alisation et encadrement projet)<\/em> : 11 M2 ing\u00e9nieur-informatique, <strong>TP\/Projet\u00a0<\/strong>(32h TP)<\/li>\n<li><em>Hackaton Big Data <\/em>\u00a0: 22 M2 ing\u00e9nieur-informatique, <strong>TD\/Projet <\/strong>(8h TD)<\/li>\n<\/ul>\n<h4>2023-2024 :<\/h4>\n<h5><span class=\"s1\">TELECOM Nancy : 6h CM + 2h TD + 75h TP<\/span><\/h5>\n<ul>\n<li><em>Bases de Donn\u00e9es NoSQL<\/em> : 25 M2 ing\u00e9nieur-informatique, <strong>TD\/TP\/Projet\u00a0<\/strong>(2h TD + 48h TP)<\/li>\n<li><em>Gestion des Masses de Donn\u00e9es<\/em> : 22 M1 ing\u00e9nieur-informatique + 25 M2 IMSD-UL , <strong>CM\/TP-TD\/Projet <\/strong>(6h CM + 27h TP)<\/li>\n<\/ul>\n<h4>2022-2023 :<\/h4>\n<h5><span class=\"s1\">TELECOM Nancy : 29h TD + 2h TP<\/span><\/h5>\n<ul>\n<li><em>Programmation Orient\u00e9e Objet<\/em> : 32 L3 ing\u00e9nieur-informatique, <strong>TD\/TP\u00a0<\/strong>(17h TD + 2h TP)<\/li>\n<li><em>Projet cr\u00e9ation d&rsquo;applications<\/em> : 14 M1 ing\u00e9nieur-informatique, <strong>TD\/Projet<\/strong><strong>\u00a0<\/strong>(12h TD)<\/li>\n<\/ul>\n","protected":false},"excerpt":{"rendered":"<p>Enseignements dispens\u00e9s \u00e0 l&rsquo; Universit\u00e9 de Lorraine :\u00a0 2024-2025 : Facult\u00e9 de Sciences et Technologies de Nancy : 4h TD + 56h TP Projet de Synth\u00e8se S5 (langage C) : 21 L2 \u00e9tudiants en informatique, TD\/TP (4h TD + 22h TP) Projet de Synth\u00e8se S6 (Java, C, JavaFX, Pattern Conception, g\u00e9n\u00e9ration automatique de code, syst\u00e8me, [&hellip;]<\/p>\n","protected":false},"author":5,"featured_media":0,"parent":0,"menu_order":0,"comment_status":"closed","ping_status":"closed","template":"page-fullwidth.php","meta":{"footnotes":""},"class_list":["post-22","page","type-page","status-publish","hentry"],"_links":{"self":[{"href":"https:\/\/members.loria.fr\/JGuichon\/wp-json\/wp\/v2\/pages\/22","targetHints":{"allow":["GET"]}}],"collection":[{"href":"https:\/\/members.loria.fr\/JGuichon\/wp-json\/wp\/v2\/pages"}],"about":[{"href":"https:\/\/members.loria.fr\/JGuichon\/wp-json\/wp\/v2\/types\/page"}],"author":[{"embeddable":true,"href":"https:\/\/members.loria.fr\/JGuichon\/wp-json\/wp\/v2\/users\/5"}],"replies":[{"embeddable":true,"href":"https:\/\/members.loria.fr\/JGuichon\/wp-json\/wp\/v2\/comments?post=22"}],"version-history":[{"count":3,"href":"https:\/\/members.loria.fr\/JGuichon\/wp-json\/wp\/v2\/pages\/22\/revisions"}],"predecessor-version":[{"id":301,"href":"https:\/\/members.loria.fr\/JGuichon\/wp-json\/wp\/v2\/pages\/22\/revisions\/301"}],"wp:attachment":[{"href":"https:\/\/members.loria.fr\/JGuichon\/wp-json\/wp\/v2\/media?parent=22"}],"curies":[{"name":"wp","href":"https:\/\/api.w.org\/{rel}","templated":true}]}}