{"id":10,"date":"2015-06-15T10:23:49","date_gmt":"2015-06-15T08:23:49","guid":{"rendered":"http:\/\/members.loria.fr\/thierrygartiser\/?page_id=10"},"modified":"2021-02-24T17:59:40","modified_gmt":"2021-02-24T16:59:40","slug":"cv","status":"publish","type":"page","link":"https:\/\/members.loria.fr\/JLallemand\/cv\/","title":{"rendered":"CV"},"content":{"rendered":"<ul>\n<li>depuis janvier 2021 : charg\u00e9 de recherche CNRS \u00e0 l&rsquo;IRISA, \u00e9quipe EMSEC<\/li>\n<li>2020 : post-doc \u00e0 L&rsquo;ETH Z\u00fcrich (groupe de David Basin)<\/li>\n<li>2016-2019 : doctorant au Loria sous la direction de V\u00e9ronique Cortier<\/li>\n<li>2015-2016 : Stage de recherche d&rsquo;un an \u00e0 l&rsquo;ETH Z\u00fcrich (Suisse)\n<li>2015 : Master Parisien de Recherche en Informatique (MPRI)<\/li>\n<li>2012-2016 : \u00c9cole Normale Sup\u00e9rieure de Cachan<\/li>\n<\/ul>\n","protected":false},"excerpt":{"rendered":"<ul>\n<li>depuis janvier 2021 : charg\u00e9 de recherche CNRS \u00e0 l&rsquo;IRISA, \u00e9quipe EMSEC<\/li>\n<li>2020 : post-doc \u00e0 L&rsquo;ETH Z\u00fcrich (groupe de David Basin)<\/li>\n<li>2016-2019 : doctorant au Loria sous la direction de V\u00e9ronique Cortier<\/li>\n<li>2015-2016 : Stage de recherche d&rsquo;un an \u00e0 l&rsquo;ETH Z\u00fcrich (Suisse)\n<\/li>\n<li>2015 : Master Parisien de Recherche en Informatique (MPRI)<\/li>\n<li>2012-2016 : \u00c9cole Normale Sup\u00e9rieure de Cachan<\/li>\n<\/ul>\n","protected":false},"author":5,"featured_media":0,"parent":0,"menu_order":0,"comment_status":"closed","ping_status":"closed","template":"","meta":{"footnotes":""},"class_list":["post-10","page","type-page","status-publish","hentry"],"_links":{"self":[{"href":"https:\/\/members.loria.fr\/JLallemand\/wp-json\/wp\/v2\/pages\/10","targetHints":{"allow":["GET"]}}],"collection":[{"href":"https:\/\/members.loria.fr\/JLallemand\/wp-json\/wp\/v2\/pages"}],"about":[{"href":"https:\/\/members.loria.fr\/JLallemand\/wp-json\/wp\/v2\/types\/page"}],"author":[{"embeddable":true,"href":"https:\/\/members.loria.fr\/JLallemand\/wp-json\/wp\/v2\/users\/5"}],"replies":[{"embeddable":true,"href":"https:\/\/members.loria.fr\/JLallemand\/wp-json\/wp\/v2\/comments?post=10"}],"version-history":[{"count":54,"href":"https:\/\/members.loria.fr\/JLallemand\/wp-json\/wp\/v2\/pages\/10\/revisions"}],"predecessor-version":[{"id":383,"href":"https:\/\/members.loria.fr\/JLallemand\/wp-json\/wp\/v2\/pages\/10\/revisions\/383"}],"wp:attachment":[{"href":"https:\/\/members.loria.fr\/JLallemand\/wp-json\/wp\/v2\/media?parent=10"}],"curies":[{"name":"wp","href":"https:\/\/api.w.org\/{rel}","templated":true}]}}