{"id":56,"date":"2015-06-16T13:44:07","date_gmt":"2015-06-16T11:44:07","guid":{"rendered":"http:\/\/members.loria.fr\/thierrygartiser\/?page_id=56"},"modified":"2021-02-24T17:59:15","modified_gmt":"2021-02-24T16:59:15","slug":"accueil","status":"publish","type":"page","link":"https:\/\/members.loria.fr\/JLallemand\/","title":{"rendered":"Joseph Lallemand"},"content":{"rendered":"<p><strong>Ceci est mon ancienne page web, qui n&rsquo;est plus \u00e0 jour. La nouvelle se trouve <a href=\"https:\/\/people.irisa.fr\/Joseph.Lallemand\">ici<\/a>.<\/strong><\/p>\n<p>&#8212;<\/p>\n<p><strong>This is my old (outdated) webpage. Please visit the new one <a href=\"https:\/\/people.irisa.fr\/Joseph.Lallemand\">here<\/a>.<\/strong><\/p>\n<p>&#8212;<\/p>\n<p>I am currently a researcher for CNRS at IRISA (Rennes, France).<br \/>\nI work on formal analysis of cryptographic protocols. More precisely, I am interested in electronic voting protocols, as well as automated proofs of privacy properties for security protocols.<\/p>\n<p>Previously, in 2020, I was a post-doc at ETH Z\u00fcrich in <a href=\"https:\/\/infsec.ethz.ch\">David Basin&rsquo;s group<\/a>.<br \/>\nI did my PhD from 2016 to 2019, under the supervision of <a href=\"https:\/\/members.loria.fr\/VCortier\/\">V\u00e9ronique Cortier<\/a> in the <a href=\"https:\/\/team.inria.fr\/pesto\/\">Pesto<\/a> team.<\/p>\n<p>I defended my thesis on November 8, 2019 at Loria in Nancy.<br \/>\nThe manuscript, entitled \u00ab\u00a0Electronic Voting: Definitions and Analysis Techniques\u00a0\u00bb, can be found<br \/>\n<a href=\"https:\/\/members.loria.fr\/JLallemand\/files\/thesis.pdf\">[here]<\/a>.<\/p>\n<p>&#8212;<\/p>\n<p>Je suis actuellement charg\u00e9 de recherche CNRS \u00e0 l&rsquo;IRISA (Rennes, France), dans l&rsquo;\u00e9quipe EMSEC.<br \/>\nMes travaux portent sur l&rsquo;analyse formelle de protocoles cryptographiques. Plus pr\u00e9cis\u00e9ment, je m&rsquo;int\u00e9resse notamment aux protocoles de vote \u00e9lectronique, ainsi qu&rsquo;\u00e0 la v\u00e9rification automatique de propri\u00e9t\u00e9s d&rsquo;\u00e9quivalence de protocoles.<\/p>\n<p>J&rsquo;\u00e9tais auparavant (2020) post-doc \u00e0 l&rsquo;ETH Z\u00fcrich, dans le <a href=\"https:\/\/infsec.ethz.ch\">groupe de David Basin<\/a>.<br \/>\nEntre 2016 et 2019, j&rsquo;\u00e9tais doctorant sous la direction de <a href=\"https:\/\/members.loria.fr\/VCortier\/\">V\u00e9ronique Cortier<\/a> dans l&rsquo;\u00e9quipe <a href=\"https:\/\/team.inria.fr\/pesto\/\">Pesto<\/a>.<\/p>\n<p>J&rsquo;ai soutenu ma th\u00e8se le 8 novembre 2019 au Loria.<br \/>\nLe manuscrit, intitul\u00e9 \u00ab\u00a0Vote \u00e9lectronique : d\u00e9finitions et techniques d&rsquo;analyse\u00a0\u00bb, peut \u00eatre obtenu <a href=\"https:\/\/members.loria.fr\/JLallemand\/files\/thesis.pdf\">[ici]<\/a>.<\/p>\n<p>&#8212;<\/p>\n<p><strong>Prix<\/strong><\/p>\n<ul>\n<li> Distinguished Paper Award, IEEE CSF 2020, pour l&rsquo;article <em>Fifty Shades of Ballot Privacy: Privacy against a Malicious Board<\/em>.<\/li>\n<li> Accessit du prix de th\u00e8se 2020 du GdR S\u00e9curit\u00e9 Informatique.<\/li>\n<\/ul>\n","protected":false},"excerpt":{"rendered":"<p>Ceci est mon ancienne page web, qui n&rsquo;est plus \u00e0 jour. La nouvelle se trouve <a href=\"https:\/\/people.irisa.fr\/Joseph.Lallemand\">ici<\/a>.<\/p>\n<p>&#8212;<\/p>\n<p>This is my old (outdated) webpage. Please visit the new one <a href=\"https:\/\/people.irisa.fr\/Joseph.Lallemand\">here<\/a>.<\/p>\n<p>&#8212;<\/p>\n<p>I am currently a researcher for CNRS at IRISA (Rennes, France).<br \/>\nI work on formal analysis of cryptographic protocols. More precisely, I am interested in electronic voting protocols, as well as automated proofs of privacy properties for security protocols.<\/p>\n<p>Previously, in 2020, I was a post-doc at ETH Z\u00fcrich in <a href=\"https:\/\/infsec.ethz.ch\">David Basin&rsquo;s group<\/a>.<\/p>\n","protected":false},"author":5,"featured_media":0,"parent":0,"menu_order":0,"comment_status":"closed","ping_status":"closed","template":"","meta":{"footnotes":""},"class_list":["post-56","page","type-page","status-publish","hentry"],"_links":{"self":[{"href":"https:\/\/members.loria.fr\/JLallemand\/wp-json\/wp\/v2\/pages\/56","targetHints":{"allow":["GET"]}}],"collection":[{"href":"https:\/\/members.loria.fr\/JLallemand\/wp-json\/wp\/v2\/pages"}],"about":[{"href":"https:\/\/members.loria.fr\/JLallemand\/wp-json\/wp\/v2\/types\/page"}],"author":[{"embeddable":true,"href":"https:\/\/members.loria.fr\/JLallemand\/wp-json\/wp\/v2\/users\/5"}],"replies":[{"embeddable":true,"href":"https:\/\/members.loria.fr\/JLallemand\/wp-json\/wp\/v2\/comments?post=56"}],"version-history":[{"count":34,"href":"https:\/\/members.loria.fr\/JLallemand\/wp-json\/wp\/v2\/pages\/56\/revisions"}],"predecessor-version":[{"id":382,"href":"https:\/\/members.loria.fr\/JLallemand\/wp-json\/wp\/v2\/pages\/56\/revisions\/382"}],"wp:attachment":[{"href":"https:\/\/members.loria.fr\/JLallemand\/wp-json\/wp\/v2\/media?parent=56"}],"curies":[{"name":"wp","href":"https:\/\/api.w.org\/{rel}","templated":true}]}}