{"id":10,"date":"2015-06-15T10:23:49","date_gmt":"2015-06-15T08:23:49","guid":{"rendered":"http:\/\/members.loria.fr\/thierrygartiser\/?page_id=10"},"modified":"2025-10-23T11:05:30","modified_gmt":"2025-10-23T09:05:30","slug":"cv","status":"publish","type":"page","link":"https:\/\/members.loria.fr\/JPEisenbarth\/cv\/","title":{"rendered":"CV"},"content":{"rendered":"<h4 class=\"cv\">Education<\/h4>\n<ul>\n<li>2022: Th\u00e8se de doctorat \u00e0 l&rsquo;Universit\u00e9 de Lorraine\n<ul>\n<li><strong>Titre<\/strong>\u00a0:\u00a0 Analyse, valorisation et protection des r\u00e9seaux pair-\u00e0-pair de blockchains publiques<\/li>\n<li><strong>Directeurs<\/strong>\u00a0: <a href=\"http:\/\/thibault.cholez.free.fr\/\">Thibault CHOLEZ<\/a> and\u00a0<a href=\"https:\/\/members.loria.fr\/OPerrin\/\">Olivier PERRIN<\/a><\/li>\n<li><strong>Jury<\/strong>\u00a0:\u00a0<a href=\"https:\/\/members.loria.fr\/VChevrier\/\">Vincent CHEVRIER<\/a> (pr\u00e9sident), <a href=\"https:\/\/www-sop.inria.fr\/members\/Arnaud.Legout\/\">Arnaud LEGOUT<\/a> (rapporteur),\u00a0<a href=\"https:\/\/www.uni.lu\/snt-en\/people\/radu-state\/\">Radu STATE<\/a> (rapporteur),\u00a0<a href=\"https:\/\/people.irisa.fr\/Emmanuelle.Anceaume\/\">Emmanuelle ANCEAUME<\/a> (examinatrice),\u00a0<a href=\"https:\/\/www-public.imtbs-tsp.eu\/~lauren_m\/\">Maryline LAURENT<\/a> (examinatrice)<\/li>\n<li>Le manuscrit est disponible <a href=\"https:\/\/hal.univ-lorraine.fr\/tel-04056712\">ici<\/a><\/li>\n<\/ul>\n<\/li>\n<li>2016: Dipl\u00f4me d&rsquo;ing\u00e9nieur <a href=\"https:\/\/telecomnancy.univ-lorraine.fr\/?lang=en\">TELECOM Nancy<\/a>\n<ul>\n<li>approfondissement en r\u00e9seau, syst\u00e8me et cybers\u00e9curit\u00e9<\/li>\n<\/ul>\n<\/li>\n<\/ul>\n<h4 class=\"cv\">Exp\u00e9rience professionelle<\/h4>\n<ul>\n<li>Depuis septembre 2025: Ma\u00eetre de conf\u00e9rences \u00e0 l&rsquo;<a href=\"http:\/\/univ-lorraine.fr\">Universit\u00e9 de Lorraine<\/a> et <a href=\"http:\/\/loria.fr\">LORIA<\/a>, \u00e9quipe <a href=\"http:\/\/loreley.inria.fr\">LORELEY<\/a><\/li>\n<li>Avril 2025&#8211;Ao\u00fbt 2025: Postdoctorant au centre <a href=\"https:\/\/www.inria.fr\/en\/inria-centre-universite-lorraine\">Inria de l&rsquo;Universit\u00e9 de Lorraine<\/a>, \u00e9quipe <a href=\"http:\/\/coast.inria.fr\">COAST<\/a><\/li>\n<li>F\u00e9vr. 2023&#8211;F\u00e9vr. 2025: Postdoctorant \u00e0 l&rsquo;Universit\u00e9 du Luxembourg et <a href=\"https:\/\/www.uni.lu\/snt-en\/\">laboratoire SnT<\/a>, \u00e9quipe SEDAN<\/li>\n<li>2019&#8211;2022: Doctorant \u00e0 l&rsquo;Universit\u00e9 de Lorraine et <a href=\"https:\/\/www.loria.fr\/en\/\">LORIA<\/a>, \u00e9quipe <a href=\"http:\/\/resist.inria.fr\">RESIST <\/a><\/li>\n<li>2016&#8211;2019: Ing\u00e9nieur de recherche \u00e0 l&rsquo;universit\u00e9 de Lorraine, <a href=\"https:\/\/www.loria.fr\/en\/\">LORIA lab<\/a>, \u00e9quipe <a href=\"http:\/\/coast.inria.fr\">COAST<\/a><\/li>\n<\/ul>\n","protected":false},"excerpt":{"rendered":"<p>Education<\/p>\n<ul>\n<li>2022: Th\u00e8se de doctorat \u00e0 l&rsquo;Universit\u00e9 de Lorraine\n<ul>\n<li>Titre\u00a0:\u00a0 Analyse, valorisation et protection des r\u00e9seaux pair-\u00e0-pair de blockchains publiques<\/li>\n<li>Directeurs\u00a0: <a href=\"http:\/\/thibault.cholez.free.fr\/\">Thibault CHOLEZ<\/a> and\u00a0<a href=\"https:\/\/members.loria.fr\/OPerrin\/\">Olivier PERRIN<\/a><\/li>\n<li>Jury\u00a0:\u00a0<a href=\"https:\/\/members.loria.fr\/VChevrier\/\">Vincent CHEVRIER<\/a> (pr\u00e9sident), <a href=\"https:\/\/www-sop.inria.fr\/members\/Arnaud.Legout\/\">Arnaud LEGOUT<\/a> (rapporteur),\u00a0<a href=\"https:\/\/www.uni.lu\/snt-en\/people\/radu-state\/\">Radu STATE<\/a> (rapporteur),\u00a0<a href=\"https:\/\/people.irisa.fr\/Emmanuelle.Anceaume\/\">Emmanuelle ANCEAUME<\/a> (examinatrice),\u00a0<a href=\"https:\/\/www-public.imtbs-tsp.eu\/~lauren_m\/\">Maryline LAURENT<\/a> (examinatrice)<\/li>\n<li>Le manuscrit est disponible <a href=\"https:\/\/hal.univ-lorraine.fr\/tel-04056712\">ici<\/a><\/li>\n<\/ul>\n<\/li>\n<li>2016: Dipl\u00f4me d&rsquo;ing\u00e9nieur <a href=\"https:\/\/telecomnancy.univ-lorraine.fr\/?lang=en\">TELECOM Nancy<\/a>\n<ul>\n<li>approfondissement en r\u00e9seau, syst\u00e8me et cybers\u00e9curit\u00e9<\/li>\n<\/ul>\n<\/li>\n<\/ul>\n<p>Exp\u00e9rience professionelle<\/p>\n<ul>\n<li>Depuis septembre 2025: Ma\u00eetre de conf\u00e9rences \u00e0 l&rsquo;<\/li>\n<\/ul>\n","protected":false},"author":5,"featured_media":0,"parent":0,"menu_order":0,"comment_status":"closed","ping_status":"closed","template":"","meta":{"footnotes":""},"class_list":["post-10","page","type-page","status-publish","hentry"],"_links":{"self":[{"href":"https:\/\/members.loria.fr\/JPEisenbarth\/wp-json\/wp\/v2\/pages\/10","targetHints":{"allow":["GET"]}}],"collection":[{"href":"https:\/\/members.loria.fr\/JPEisenbarth\/wp-json\/wp\/v2\/pages"}],"about":[{"href":"https:\/\/members.loria.fr\/JPEisenbarth\/wp-json\/wp\/v2\/types\/page"}],"author":[{"embeddable":true,"href":"https:\/\/members.loria.fr\/JPEisenbarth\/wp-json\/wp\/v2\/users\/5"}],"replies":[{"embeddable":true,"href":"https:\/\/members.loria.fr\/JPEisenbarth\/wp-json\/wp\/v2\/comments?post=10"}],"version-history":[{"count":77,"href":"https:\/\/members.loria.fr\/JPEisenbarth\/wp-json\/wp\/v2\/pages\/10\/revisions"}],"predecessor-version":[{"id":458,"href":"https:\/\/members.loria.fr\/JPEisenbarth\/wp-json\/wp\/v2\/pages\/10\/revisions\/458"}],"wp:attachment":[{"href":"https:\/\/members.loria.fr\/JPEisenbarth\/wp-json\/wp\/v2\/media?parent=10"}],"curies":[{"name":"wp","href":"https:\/\/api.w.org\/{rel}","templated":true}]}}