{"id":13,"date":"2015-06-15T10:26:53","date_gmt":"2015-06-15T08:26:53","guid":{"rendered":"http:\/\/members.loria.fr\/thierrygartiser\/?page_id=13"},"modified":"2019-10-25T14:00:20","modified_gmt":"2019-10-25T12:00:20","slug":"publications","status":"publish","type":"page","link":"https:\/\/members.loria.fr\/JPEisenbarth\/publications\/","title":{"rendered":"Publications"},"content":{"rendered":"<p>   <!DOCTYPE html PUBLIC \"-\/\/W3C\/\/DTD XHTML 1.0 Transitional\/\/EN\" \"http:\/\/www.w3.org\/TR\/xhtml1\/DTD\/xhtml1-transitional.dtd\"> <html xmlns='http:\/\/www.w3.org\/1999\/xhtml' xml:lang='fr' lang='fr'> <head> <meta name=\"robots\" content=\"noindex, nofollow\" \/> <meta http-equiv=\"content-type\" content= \"text\/html;charset=UTF-8\" \/> <meta http-equiv=\"Content-Language\" content=\"fr\" \/> <link rel=\"stylesheet\" type=\"text\/css\" href=\"..\/css\/VisuGen.css\" \/> <link rel=\"stylesheet\" type=\"text\/css\" href=\"https:\/\/haltools.inria.fr\/\/css\/VisuRubriqueEncadre.css\" \/> <!-- Piwik haltools.inria.fr--> <script type=\"text\/javascript\">   var _paq = _paq || [];   _paq.push(['trackPageView']);   _paq.push(['enableLinkTracking']);   (function() {     var u=\"\/\/piwik.inria.fr\/\";     _paq.push(['setTrackerUrl', u+'piwik.php']);     _paq.push(['setSiteId', 25]);     var d=document, g=d.createElement('script'), s=d.getElementsByTagName('script')[0];     g.type='text\/javascript'; g.async=true; g.defer=true; g.src=u+'piwik.js'; s.parentNode.insertBefore(g,s);   })(); <\/script> <noscript><\/p>\n<p><img decoding=\"async\" src=\"\/\/piwik.inria.fr\/piwik.php?idsite=25\" style=\"border:0;\" alt=\"\" \/><\/p>\n<p><\/noscript> <!-- End Piwik Code -->  <title>Publications HAL de  jean-philippe eisenbarth<\/title> <\/head> <body> <\/p>\n<div id=\"res_script\">\n<p class='Rubrique'>2025<\/p>\n<p class='SousRubrique'>Conference papers<\/p>\n<dl class='NoticeRes'>\n<dt class=\"ChampRes\">titre<\/dt>\n<dd class=\"ValeurRes Titre\"><a href=\"https:\/\/inria.hal.science\/hal-05462849v2\" target=\"_blank\" >Causal Analysis of GossipSub Mesh Parameters Over the XRP Ledger<\/a><\/dd>\n<dt class=\"ChampRes\">auteur<\/dt>\n<dd class=\"ValeurRes Auteurs\">Flaviene Scheidt de Cristo, Jorge Augusto Meira, Jean-Philippe Eisenbarth, Radu State<\/dd>\n<dt class=\"ChampRes\">article<\/dt>\n<dd class=\"ValeurRes article\"><i>NOMS 2025 &#8211; IEEE Network Operations and Management Symposium<\/i>, May 2025, Honolulu, United States. pp.01-09, <a target=\"_blank\" href=\"https:\/\/dx.doi.org\/10.1109\/NOMS57970.2025.11073650\">&#x27E8;10.1109\/NOMS57970.2025.11073650&#x27E9;<\/a><\/dd>\n<dt class=\"ChampRes\">typdoc<\/dt>\n<dd class=\"ValeurRes Type_de_document\">Conference papers<\/dd>\n<dt class=\"ChampRes\">DOI<\/dt>\n<dd class=\"ValeurRes DOI\">DOI : <a href=\"\/\/dx.doi.org\/10.1109\/NOMS57970.2025.11073650\" target=\"_blank\" >10.1109\/NOMS57970.2025.11073650<\/a><\/dd>\n<dt class=\"ChampRes\">Acc\u00e8s au texte int\u00e9gral et bibtex<\/dt>\n<dd class=\"ValeurRes Fichier_joint\"> <a href=\"https:\/\/inria.hal.science\/hal-05462849\/file\/CausalAnalysisNOMS1.pdf\"  target=\"_blank\"> <img decoding=\"async\" alt=\"https:\/\/inria.hal.science\/hal-05462849\/file\/CausalAnalysisNOMS1.pdf\" src=\"https:\/\/haltools.inria.fr\/images\/Haltools_pdf.png\" border=\"0\" title=\"https:\/\/inria.hal.science\/hal-05462849\/file\/CausalAnalysisNOMS1.pdf\" \/><\/a> <span class=\"LienBibtexACoteFulltext\"><a href=\"https:\/\/inria.hal.science\/hal-05462849v2\/bibtex\" target=\"_self\"> <img decoding=\"async\" alt=\"BibTex\" src=\"https:\/\/haltools.inria.fr\/images\/Haltools_bibtex3.png\" border=\"0\"  title=\"BibTex\" \/><\/a> <\/span><\/dd>\n<\/dl>\n<p class='Rubrique'>2024<\/p>\n<p class='SousRubrique'>Conference papers<\/p>\n<dl class='NoticeRes'>\n<dt class=\"ChampRes\">titre<\/dt>\n<dd class=\"ValeurRes Titre\"><a href=\"https:\/\/inria.hal.science\/hal-04733791v1\" target=\"_blank\" >A Deeper Grasp of Handshake: A Thorough Analysis of Blockchain-based DNS Records<\/a><\/dd>\n<dt class=\"ChampRes\">auteur<\/dt>\n<dd class=\"ValeurRes Auteurs\">Katsuki Isobe, Jean-Philippe Eisenbarth, Daishi Kondo, Thibault Cholez, Hideki Tode<\/dd>\n<dt class=\"ChampRes\">article<\/dt>\n<dd class=\"ValeurRes article\"><i>BRAINS 2024 &#8211; 6th Conference on Blockchain Research &#038; Applications for Innovative Networks and Services<\/i>, Oct 2024, Berlin, Germany. pp.10, <a target=\"_blank\" href=\"https:\/\/dx.doi.org\/10.1109\/BRAINS63024.2024.10732335\">&#x27E8;10.1109\/BRAINS63024.2024.10732335&#x27E9;<\/a><\/dd>\n<dt class=\"ChampRes\">typdoc<\/dt>\n<dd class=\"ValeurRes Type_de_document\">Conference papers<\/dd>\n<dt class=\"ChampRes\">DOI<\/dt>\n<dd class=\"ValeurRes DOI\">DOI : <a href=\"\/\/dx.doi.org\/10.1109\/BRAINS63024.2024.10732335\" target=\"_blank\" >10.1109\/BRAINS63024.2024.10732335<\/a><\/dd>\n<dt class=\"ChampRes\">Acc\u00e8s au texte int\u00e9gral et bibtex<\/dt>\n<dd class=\"ValeurRes Fichier_joint\"> <a href=\"https:\/\/inria.hal.science\/hal-04733791\/file\/Handshake_DNS_analysis_Isobe_BRAINS24.pdf\"  target=\"_blank\"> <img decoding=\"async\" alt=\"https:\/\/inria.hal.science\/hal-04733791\/file\/Handshake_DNS_analysis_Isobe_BRAINS24.pdf\" src=\"https:\/\/haltools.inria.fr\/images\/Haltools_pdf.png\" border=\"0\" title=\"https:\/\/inria.hal.science\/hal-04733791\/file\/Handshake_DNS_analysis_Isobe_BRAINS24.pdf\" \/><\/a> <span class=\"LienBibtexACoteFulltext\"><a href=\"https:\/\/inria.hal.science\/hal-04733791v1\/bibtex\" target=\"_self\"> <img decoding=\"async\" alt=\"BibTex\" src=\"https:\/\/haltools.inria.fr\/images\/Haltools_bibtex3.png\" border=\"0\"  title=\"BibTex\" \/><\/a> <\/span><\/dd>\n<\/dl>\n<p class='Rubrique'>2023<\/p>\n<p class='SousRubrique'>Conference papers<\/p>\n<dl class='NoticeRes'>\n<dt class=\"ChampRes\">titre<\/dt>\n<dd class=\"ValeurRes Titre\"><a href=\"https:\/\/inria.hal.science\/hal-04163897v2\" target=\"_blank\" >Avoiding the 1 TB Storage Wall: Leveraging Ethereum&rsquo;s DHT to Reduce Peer Storage Needs<\/a><\/dd>\n<dt class=\"ChampRes\">auteur<\/dt>\n<dd class=\"ValeurRes Auteurs\">Jean-Philippe Eisenbarth, Thibault Cholez, Olivier Perrin<\/dd>\n<dt class=\"ChampRes\">article<\/dt>\n<dd class=\"ValeurRes article\"><i>The 5th ACM International Symposium on Blockchain and Secure Critical Infrastructure (BSCI 2023)<\/i>, ACM ASIACCS Workshop, Jul 2023, Melbourne, Australia. pp.10, <a target=\"_blank\" href=\"https:\/\/dx.doi.org\/10.1145\/3594556.3594625\">&#x27E8;10.1145\/3594556.3594625&#x27E9;<\/a><\/dd>\n<dt class=\"ChampRes\">typdoc<\/dt>\n<dd class=\"ValeurRes Type_de_document\">Conference papers<\/dd>\n<dt class=\"ChampRes\">DOI<\/dt>\n<dd class=\"ValeurRes DOI\">DOI : <a href=\"\/\/dx.doi.org\/10.1145\/3594556.3594625\" target=\"_blank\" >10.1145\/3594556.3594625<\/a><\/dd>\n<dt class=\"ChampRes\">Acc\u00e8s au texte int\u00e9gral et bibtex<\/dt>\n<dd class=\"ValeurRes Fichier_joint\"> <a href=\"https:\/\/inria.hal.science\/hal-04163897\/file\/acm-bsci2023_authorversion.pdf\"  target=\"_blank\"> <img decoding=\"async\" alt=\"https:\/\/inria.hal.science\/hal-04163897\/file\/acm-bsci2023_authorversion.pdf\" src=\"https:\/\/haltools.inria.fr\/images\/Haltools_pdf.png\" border=\"0\" title=\"https:\/\/inria.hal.science\/hal-04163897\/file\/acm-bsci2023_authorversion.pdf\" \/><\/a> <span class=\"LienBibtexACoteFulltext\"><a href=\"https:\/\/inria.hal.science\/hal-04163897v2\/bibtex\" target=\"_self\"> <img decoding=\"async\" alt=\"BibTex\" src=\"https:\/\/haltools.inria.fr\/images\/Haltools_bibtex3.png\" border=\"0\"  title=\"BibTex\" \/><\/a> <\/span><\/dd>\n<\/dl>\n<dl class='NoticeRes'>\n<dt class=\"ChampRes\">titre<\/dt>\n<dd class=\"ValeurRes Titre\"><a href=\"https:\/\/hal.science\/hal-04080219v1\" target=\"_blank\" >Valorisation de la DHT d&rsquo;Ethereum pour r\u00e9duire les besoins de stockage des pairs<\/a><\/dd>\n<dt class=\"ChampRes\">auteur<\/dt>\n<dd class=\"ValeurRes Auteurs\">Jean-Philippe Eisenbarth, Thibault Cholez, Olivier Perrin<\/dd>\n<dt class=\"ChampRes\">article<\/dt>\n<dd class=\"ValeurRes article\"><i>CoRes 2023 &#8211; 8\u00e8mes Rencontres Francophones sur la Conception de protocoles, l&rsquo;\u00e9valuation de performances et l&rsquo;exp\u00e9rimentation de R\u00e9seaux de communication<\/i>, May 2023, Carg\u00e8se (Corse), France<\/dd>\n<dt class=\"ChampRes\">typdoc<\/dt>\n<dd class=\"ValeurRes Type_de_document\">Conference papers<\/dd>\n<dt class=\"ChampRes\">Acc\u00e8s au texte int\u00e9gral et bibtex<\/dt>\n<dd class=\"ValeurRes Fichier_joint\"> <a href=\"https:\/\/hal.science\/hal-04080219\/file\/cores2023.pdf\"  target=\"_blank\"> <img decoding=\"async\" alt=\"https:\/\/hal.science\/hal-04080219\/file\/cores2023.pdf\" src=\"https:\/\/haltools.inria.fr\/images\/Haltools_pdf.png\" border=\"0\" title=\"https:\/\/hal.science\/hal-04080219\/file\/cores2023.pdf\" \/><\/a> <span class=\"LienBibtexACoteFulltext\"><a href=\"https:\/\/hal.science\/hal-04080219v1\/bibtex\" target=\"_self\"> <img decoding=\"async\" alt=\"BibTex\" src=\"https:\/\/haltools.inria.fr\/images\/Haltools_bibtex3.png\" border=\"0\"  title=\"BibTex\" \/><\/a> <\/span><\/dd>\n<\/dl>\n<p class='Rubrique'>2022<\/p>\n<p class='SousRubrique'>Journal articles<\/p>\n<dl class='NoticeRes'>\n<dt class=\"ChampRes\">titre<\/dt>\n<dd class=\"ValeurRes Titre\"><a href=\"https:\/\/inria.hal.science\/hal-03777454v1\" target=\"_blank\" >Ethereum\u2019s Peer-to-Peer Network Monitoring and Sybil Attack Prevention<\/a><\/dd>\n<dt class=\"ChampRes\">auteur<\/dt>\n<dd class=\"ValeurRes Auteurs\">Jean-Philippe Eisenbarth, Thibault Cholez, Olivier Perrin<\/dd>\n<dt class=\"ChampRes\">article<\/dt>\n<dd class=\"ValeurRes article\"><i>Journal of Network and Systems Management<\/i>, 2022, Special Issue on Blockchains and Distributed Ledgers in Network and Service Management, 30 (4), pp.65. <a target=\"_blank\" href=\"https:\/\/dx.doi.org\/10.1007\/s10922-022-09676-2\">&#x27E8;10.1007\/s10922-022-09676-2&#x27E9;<\/a><\/dd>\n<dt class=\"ChampRes\">typdoc<\/dt>\n<dd class=\"ValeurRes Type_de_document\">Journal articles<\/dd>\n<dt class=\"ChampRes\">DOI<\/dt>\n<dd class=\"ValeurRes DOI\">DOI : <a href=\"\/\/dx.doi.org\/10.1007\/s10922-022-09676-2\" target=\"_blank\" >10.1007\/s10922-022-09676-2<\/a><\/dd>\n<dt class=\"ChampRes\">Acc\u00e8s au texte int\u00e9gral et bibtex<\/dt>\n<dd class=\"ValeurRes Fichier_joint\"> <a href=\"https:\/\/inria.hal.science\/hal-03777454\/file\/jnsm2022.pdf\"  target=\"_blank\"> <img decoding=\"async\" alt=\"https:\/\/inria.hal.science\/hal-03777454\/file\/jnsm2022.pdf\" src=\"https:\/\/haltools.inria.fr\/images\/Haltools_pdf.png\" border=\"0\" title=\"https:\/\/inria.hal.science\/hal-03777454\/file\/jnsm2022.pdf\" \/><\/a> <span class=\"LienBibtexACoteFulltext\"><a href=\"https:\/\/inria.hal.science\/hal-03777454v1\/bibtex\" target=\"_self\"> <img decoding=\"async\" alt=\"BibTex\" src=\"https:\/\/haltools.inria.fr\/images\/Haltools_bibtex3.png\" border=\"0\"  title=\"BibTex\" \/><\/a> <\/span><\/dd>\n<\/dl>\n<p class='SousRubrique'>Theses<\/p>\n<dl class='NoticeRes'>\n<dt class=\"ChampRes\">titre<\/dt>\n<dd class=\"ValeurRes Titre\"><a href=\"https:\/\/hal.univ-lorraine.fr\/tel-04056712v1\" target=\"_blank\" >Analysis, valuation and protection of public blockchains&rsquo; peer-to-peer networks<\/a><\/dd>\n<dt class=\"ChampRes\">auteur<\/dt>\n<dd class=\"ValeurRes Auteurs\">Jean-Philippe Eisenbarth<\/dd>\n<dt class=\"ChampRes\">article<\/dt>\n<dd class=\"ValeurRes article\">Informatique [cs]. Universit\u00e9 de Lorraine, 2022. Fran\u00e7ais. <a target=\"_blank\" href=\"https:\/\/www.theses.fr\/2022LORR0213\">&#x27E8;NNT : 2022LORR0213&#x27E9;<\/a><\/dd>\n<dt class=\"ChampRes\">typdoc<\/dt>\n<dd class=\"ValeurRes Type_de_document\">Theses<\/dd>\n<dt class=\"ChampRes\">Acc\u00e8s au texte int\u00e9gral et bibtex<\/dt>\n<dd class=\"ValeurRes Fichier_joint\"> <a href=\"https:\/\/hal.univ-lorraine.fr\/tel-04056712\/file\/DDOC_T_2022_0213_EISENBARTH.pdf\"  target=\"_blank\"> <img decoding=\"async\" alt=\"https:\/\/hal.univ-lorraine.fr\/tel-04056712\/file\/DDOC_T_2022_0213_EISENBARTH.pdf\" src=\"https:\/\/haltools.inria.fr\/images\/Haltools_pdf.png\" border=\"0\" title=\"https:\/\/hal.univ-lorraine.fr\/tel-04056712\/file\/DDOC_T_2022_0213_EISENBARTH.pdf\" \/><\/a> <span class=\"LienBibtexACoteFulltext\"><a href=\"https:\/\/hal.univ-lorraine.fr\/tel-04056712v1\/bibtex\" target=\"_self\"> <img decoding=\"async\" alt=\"BibTex\" src=\"https:\/\/haltools.inria.fr\/images\/Haltools_bibtex3.png\" border=\"0\"  title=\"BibTex\" \/><\/a> <\/span><\/dd>\n<\/dl>\n<p class='Rubrique'>2021<\/p>\n<p class='SousRubrique'>Conference papers<\/p>\n<dl class='NoticeRes'>\n<dt class=\"ChampRes\">titre<\/dt>\n<dd class=\"ValeurRes Titre\"><a href=\"https:\/\/inria.hal.science\/hal-03380595v1\" target=\"_blank\" >A Comprehensive Study of the Bitcoin P2P Network<\/a><\/dd>\n<dt class=\"ChampRes\">auteur<\/dt>\n<dd class=\"ValeurRes Auteurs\">Jean-Philippe Eisenbarth, Thibault Cholez, Olivier Perrin<\/dd>\n<dt class=\"ChampRes\">article<\/dt>\n<dd class=\"ValeurRes article\"><i>BRAINS 2021 &#8211; 3rd Conference on Blockchain Research &#038; Applications for Innovative Networks and Services<\/i>, Sep 2021, Paris\/ Virtuel, France. pp.8, <a target=\"_blank\" href=\"https:\/\/dx.doi.org\/10.1109\/BRAINS52497.2021.9569782\">&#x27E8;10.1109\/BRAINS52497.2021.9569782&#x27E9;<\/a><\/dd>\n<dt class=\"ChampRes\">typdoc<\/dt>\n<dd class=\"ValeurRes Type_de_document\">Conference papers<\/dd>\n<dt class=\"ChampRes\">DOI<\/dt>\n<dd class=\"ValeurRes DOI\">DOI : <a href=\"\/\/dx.doi.org\/10.1109\/BRAINS52497.2021.9569782\" target=\"_blank\" >10.1109\/BRAINS52497.2021.9569782<\/a><\/dd>\n<dt class=\"ChampRes\">Acc\u00e8s au texte int\u00e9gral et bibtex<\/dt>\n<dd class=\"ValeurRes Fichier_joint\"> <a href=\"https:\/\/inria.hal.science\/hal-03380595\/file\/brains2021_Bitcoin_P2P_network_study.pdf\"  target=\"_blank\"> <img decoding=\"async\" alt=\"https:\/\/inria.hal.science\/hal-03380595\/file\/brains2021_Bitcoin_P2P_network_study.pdf\" src=\"https:\/\/haltools.inria.fr\/images\/Haltools_pdf.png\" border=\"0\" title=\"https:\/\/inria.hal.science\/hal-03380595\/file\/brains2021_Bitcoin_P2P_network_study.pdf\" \/><\/a> <span class=\"LienBibtexACoteFulltext\"><a href=\"https:\/\/inria.hal.science\/hal-03380595v1\/bibtex\" target=\"_self\"> <img decoding=\"async\" alt=\"BibTex\" src=\"https:\/\/haltools.inria.fr\/images\/Haltools_bibtex3.png\" border=\"0\"  title=\"BibTex\" \/><\/a> <\/span><\/dd>\n<\/dl>\n<dl class='NoticeRes'>\n<dt class=\"ChampRes\">titre<\/dt>\n<dd class=\"ValeurRes Titre\"><a href=\"https:\/\/inria.hal.science\/hal-03244771v1\" target=\"_blank\" >An open measurement dataset on the Bitcoin P2P Network<\/a><\/dd>\n<dt class=\"ChampRes\">auteur<\/dt>\n<dd class=\"ValeurRes Auteurs\">Jean-Philippe Eisenbarth, Thibault Cholez, Olivier Perrin<\/dd>\n<dt class=\"ChampRes\">article<\/dt>\n<dd class=\"ValeurRes article\"><i>IM 2021 &#8211; 17th IFIP\/IEEE International Symposium on Integrated Network Management<\/i>, May 2021, Bordeaux \/ Virtual, France. pp.5<\/dd>\n<dt class=\"ChampRes\">typdoc<\/dt>\n<dd class=\"ValeurRes Type_de_document\">Conference papers<\/dd>\n<dt class=\"ChampRes\">Acc\u00e8s au texte int\u00e9gral et bibtex<\/dt>\n<dd class=\"ValeurRes Fichier_joint\"> <a href=\"https:\/\/inria.hal.science\/hal-03244771\/file\/ieee-im2021-short.pdf\"  target=\"_blank\"> <img decoding=\"async\" alt=\"https:\/\/inria.hal.science\/hal-03244771\/file\/ieee-im2021-short.pdf\" src=\"https:\/\/haltools.inria.fr\/images\/Haltools_pdf.png\" border=\"0\" title=\"https:\/\/inria.hal.science\/hal-03244771\/file\/ieee-im2021-short.pdf\" \/><\/a> <span class=\"LienBibtexACoteFulltext\"><a href=\"https:\/\/inria.hal.science\/hal-03244771v1\/bibtex\" target=\"_self\"> <img decoding=\"async\" alt=\"BibTex\" src=\"https:\/\/haltools.inria.fr\/images\/Haltools_bibtex3.png\" border=\"0\"  title=\"BibTex\" \/><\/a> <\/span><\/dd>\n<\/dl>\n<p class='Rubrique'>2018<\/p>\n<p class='SousRubrique'>Conference papers<\/p>\n<dl class='NoticeRes'>\n<dt class=\"ChampRes\">titre<\/dt>\n<dd class=\"ValeurRes Titre\"><a href=\"https:\/\/hal.science\/hal-01917636v1\" target=\"_blank\" >Blockchain-Based Auditing of Transparent Log Servers<\/a><\/dd>\n<dt class=\"ChampRes\">auteur<\/dt>\n<dd class=\"ValeurRes Auteurs\">Hoang-Long Nguyen, Jean-Philippe Eisenbarth, Claudia-Lavinia Ignat, Olivier Perrin<\/dd>\n<dt class=\"ChampRes\">article<\/dt>\n<dd class=\"ValeurRes article\"><i>32th IFIP Annual Conference on Data and Applications Security and Privacy (DBSec)<\/i>, Jul 2018, Bergamo, Italy. pp.21-37, <a target=\"_blank\" href=\"https:\/\/dx.doi.org\/10.1007\/978-3-319-95729-6_2\">&#x27E8;10.1007\/978-3-319-95729-6_2&#x27E9;<\/a><\/dd>\n<dt class=\"ChampRes\">typdoc<\/dt>\n<dd class=\"ValeurRes Type_de_document\">Conference papers<\/dd>\n<dt class=\"ChampRes\">DOI<\/dt>\n<dd class=\"ValeurRes DOI\">DOI : <a href=\"\/\/dx.doi.org\/10.1007\/978-3-319-95729-6_2\" target=\"_blank\" >10.1007\/978-3-319-95729-6_2<\/a><\/dd>\n<dt class=\"ChampRes\">Acc\u00e8s au texte int\u00e9gral et bibtex<\/dt>\n<dd class=\"ValeurRes Fichier_joint\"> <a href=\"https:\/\/hal.science\/hal-01917636\/file\/DBSec.pdf\"  target=\"_blank\"> <img decoding=\"async\" alt=\"https:\/\/hal.science\/hal-01917636\/file\/DBSec.pdf\" src=\"https:\/\/haltools.inria.fr\/images\/Haltools_pdf.png\" border=\"0\" title=\"https:\/\/hal.science\/hal-01917636\/file\/DBSec.pdf\" \/><\/a> <span class=\"LienBibtexACoteFulltext\"><a href=\"https:\/\/hal.science\/hal-01917636v1\/bibtex\" target=\"_self\"> <img decoding=\"async\" alt=\"BibTex\" src=\"https:\/\/haltools.inria.fr\/images\/Haltools_bibtex3.png\" border=\"0\"  title=\"BibTex\" \/><\/a> <\/span><\/dd>\n<\/dl><\/div>\n<p> <\/body> <\/html> <\/p>\n","protected":false},"excerpt":{"rendered":"<p>               var _paq = _paq || [];   _paq.push([&lsquo;trackPageView&rsquo;]);   _paq.push([&lsquo;enableLinkTracking&rsquo;]);   (function() {     var u=\u00a0\u00bb\/\/piwik.inria.fr\/\u00a0\u00bb;     _paq.push([&lsquo;setTrackerUrl&rsquo;, u+&rsquo;piwik.php&rsquo;]);     _paq.push([&lsquo;setSiteId&rsquo;, 25]);     var d=document, g=d.createElement(&lsquo;script&rsquo;), s=d.getElementsByTagName(&lsquo;script&rsquo;)[0];     g.type=&rsquo;text\/javascript&rsquo;; g.async=true; g.defer=true; g.src=u+&rsquo;piwik.js&rsquo;; s.parentNode.insertBefore(g,s);   })();  <\/p>\n<p><img decoding=\"async\" src=\"\/\/piwik.inria.fr\/piwik.php?idsite=25\" style=\"border:0;\" alt=\"\" \/><\/p>\n<p>   Publications HAL de  jean-philippe eisenbarth   <\/p>\n<p class='Rubrique'>2025<\/p>\n<p class='SousRubrique'>Conference papers<\/p>\n<p>titre<br \/>\n<a href=\"https:\/\/inria.hal.science\/hal-05462849v2\" target=\"_blank\">Causal Analysis of GossipSub Mesh Parameters Over the XRP Ledger<\/a><br \/>\nauteur<br \/>\nFlaviene Scheidt de Cristo, Jorge Augusto Meira, Jean-Philippe Eisenbarth, Radu State<br \/>\narticle<br \/>\n<i>NOMS 2025 &#8211; IEEE Network Operations and Management Symposium<\/i>, May 2025, Honolulu, United States. pp.01-09, <a target=\"_blank\" href=\"https:\/\/dx.doi.org\/10.1109\/NOMS57970.2025.11073650\">&#x27E8;10.1109\/NOMS57970.2025.11073650&#x27E9;<\/a><br \/>\ntypdoc<br \/>\nConference papers<br \/>\nDOI<br \/>\nDOI : <a href=\"\/\/dx.doi.org\/10.1109\/NOMS57970.2025.11073650\" target=\"_blank\">10.1109\/NOMS57970.2025.11073650<\/a><br \/>\nAcc\u00e8s au texte int\u00e9gral et bibtex<br \/>\n <a href=\"https:\/\/inria.hal.science\/hal-05462849\/file\/CausalAnalysisNOMS1.pdf\"  target=\"_blank\"> <img decoding=\"async\" alt=\"https:\/\/inria.hal.science\/hal-05462849\/file\/CausalAnalysisNOMS1.pdf\" src=\"https:\/\/haltools.inria.fr\/images\/Haltools_pdf.png\" border=\"0\" title=\"https:\/\/inria.hal.science\/hal-05462849\/file\/CausalAnalysisNOMS1.pdf\" \/><\/a> <a href=\"https:\/\/inria.hal.science\/hal-05462849v2\/bibtex\" target=\"_self\"> <img decoding=\"async\" alt=\"BibTex\" src=\"https:\/\/haltools.inria.fr\/images\/Haltools_bibtex3.png\" border=\"0\"  title=\"BibTex\" \/><\/a> <\/p>\n<p class='Rubrique'>2024<\/p>\n<p class='SousRubrique'>Conference papers<\/p>\n<p>titre<br \/>\n<a href=\"https:\/\/inria.hal.science\/hal-04733791v1\" target=\"_blank\">A Deeper Grasp of Handshake: A Thorough Analysis of Blockchain-based DNS Records<\/a><br \/>\nauteur<br \/>\nKatsuki Isobe, <\/p>\n","protected":false},"author":5,"featured_media":0,"parent":0,"menu_order":0,"comment_status":"closed","ping_status":"closed","template":"page-fullwidth.php","meta":{"footnotes":""},"class_list":["post-13","page","type-page","status-publish","hentry"],"_links":{"self":[{"href":"https:\/\/members.loria.fr\/JPEisenbarth\/wp-json\/wp\/v2\/pages\/13","targetHints":{"allow":["GET"]}}],"collection":[{"href":"https:\/\/members.loria.fr\/JPEisenbarth\/wp-json\/wp\/v2\/pages"}],"about":[{"href":"https:\/\/members.loria.fr\/JPEisenbarth\/wp-json\/wp\/v2\/types\/page"}],"author":[{"embeddable":true,"href":"https:\/\/members.loria.fr\/JPEisenbarth\/wp-json\/wp\/v2\/users\/5"}],"replies":[{"embeddable":true,"href":"https:\/\/members.loria.fr\/JPEisenbarth\/wp-json\/wp\/v2\/comments?post=13"}],"version-history":[{"count":27,"href":"https:\/\/members.loria.fr\/JPEisenbarth\/wp-json\/wp\/v2\/pages\/13\/revisions"}],"predecessor-version":[{"id":307,"href":"https:\/\/members.loria.fr\/JPEisenbarth\/wp-json\/wp\/v2\/pages\/13\/revisions\/307"}],"wp:attachment":[{"href":"https:\/\/members.loria.fr\/JPEisenbarth\/wp-json\/wp\/v2\/media?parent=13"}],"curies":[{"name":"wp","href":"https:\/\/api.w.org\/{rel}","templated":true}]}}