{"id":385,"date":"2023-03-07T10:02:46","date_gmt":"2023-03-07T08:02:46","guid":{"rendered":"https:\/\/members.loria.fr\/JPEisenbarth\/?page_id=385"},"modified":"2025-10-23T11:33:17","modified_gmt":"2025-10-23T09:33:17","slug":"teaching","status":"publish","type":"page","link":"https:\/\/members.loria.fr\/JPEisenbarth\/teaching\/","title":{"rendered":"Enseignements"},"content":{"rendered":"<h4 class=\"cv\">\u00c0 TELECOM Nancy (2016 &#8212; 2022)<\/h4>\n<h5>Int\u00e9 TN<\/h5>\n<p>Git, Latex, et bases de la ligne de commandes GNU\/Linux. J&rsquo;\u00e9tais responsable du TD de Shell (co-\u00e9crit avec R\u00e9mi Even et Quentin Laporte-Chabasse), que vous pouvez trouver <a href=\"http:\/\/members.loria.fr\/JPEisenbarth\/wp-content\/blogs.dir\/209\/files\/sites\/209\/2022\/11\/tp_initiation_shell.pdf\">ici<\/a><\/p>\n<h5>POO<\/h5>\n<p>Programmation orient\u00e9 objet, G\u00e9rald Oster est responsable du module, ses ressources sont disponibles <a href=\"https:\/\/members.loria.fr\/goster\/teaching-oop\/\">ici<\/a>.<\/p>\n<h5>Structures de donn\u00e9es<\/h5>\n<p>Ensembles, listes, piles, files, tables, arbres et graphes et implantation en Java and C, S\u00e9bastien Da Silva est responsable du module.<\/p>\n<h5>C\/Shell (pour les apprentis)<\/h5>\n<p>Programmation en C et Shell (petits scripts Bash, commandes cut, find, grep, sed, etc.)<\/p>\n<p>Thibault Cholez est responsable du module, ses ressources (notamment en C) sont disponibles <a href=\"http:\/\/thibault.cholez.free.fr\/teaching.html\">ici<\/a><br \/>\nLes ressources Shell sont disponibles <a href=\"http:\/\/members.loria.fr\/JPEisenbarth\/wp-content\/blogs.dir\/209\/files\/sites\/209\/2022\/11\/shell1.pdf\">ici<\/a> et <a href=\"http:\/\/members.loria.fr\/JPEisenbarth\/wp-content\/blogs.dir\/209\/files\/sites\/209\/2022\/11\/shell2.pdf\">ici<\/a><\/p>\n<h5>R\u00e9seaux et Syst\u00e8mes<\/h5>\n<p>Je suis intervenu sur le module Syst\u00e8mes qui concerne la programmation syst\u00e8me en C (appels syst\u00e8mes fork, pipe, exec, wait, signal ainsi que synchronisation par s\u00e9maphore et threads).<\/p>\n<p>Lucas Nussbaum est responsable du module, ses ressources sont disponibles <a href=\"https:\/\/members.loria.fr\/LNussbaum\/rs.html\">ici<\/a><\/p>\n<p>J&rsquo;ai \u00e9galement \u00e9t\u00e9 responsable du projet de syst\u00e8me pour les ann\u00e9es 2019-2020 et 2020-2021, dont vous trouverez les sujets <a href=\"http:\/\/members.loria.fr\/JPEisenbarth\/wp-content\/blogs.dir\/209\/files\/sites\/209\/2022\/11\/projet-1920-fari.pdf\">ici<\/a> et <a href=\"http:\/\/members.loria.fr\/JPEisenbarth\/wp-content\/blogs.dir\/209\/files\/sites\/209\/2022\/11\/projet-2021-testaro.pdf\">ici<\/a><\/p>\n<h5>Gestion de Masses de Donn\u00e9es<\/h5>\n<p>Diff\u00e9rents supports de donn\u00e9es (bases de donn\u00e9es relationnels, bases de donn\u00e9es NoSQL, fichiers textes, fichiers XML, etc.), plateformes de traitements des masses de donn\u00e9es (Hadoop MapReduce,Spark), indexation des donn\u00e9es textuelles.<br \/>\nSabeur Aridhi est responsable du module, ses ressources sont disponibles <a href=\"https:\/\/members.loria.fr\/SAridhi\/teaching\/course-material\/\">ici<\/a>.<\/p>\n<h5>Command-Line<\/h5>\n<p>Christophe Bouthier est responsable du module<\/p>\n<h5>CS 54<\/h5>\n<p>Je suis intervenu sur la partie developpement Web (backend) en Python (Flask). Gerald Oster est responsable du module.<\/p>\n","protected":false},"excerpt":{"rendered":"<p>\u00c0 TELECOM Nancy (2016 &#8212; 2022)<br \/>\nInt\u00e9 TN<\/p>\n<p>Git, Latex, et bases de la ligne de commandes GNU\/Linux. J&rsquo;\u00e9tais responsable du TD de Shell (co-\u00e9crit avec R\u00e9mi Even et Quentin Laporte-Chabasse), que vous pouvez trouver <a href=\"http:\/\/members.loria.fr\/JPEisenbarth\/wp-content\/blogs.dir\/209\/files\/sites\/209\/2022\/11\/tp_initiation_shell.pdf\">ici<\/a><\/p>\n<p>POO<\/p>\n<p>Programmation orient\u00e9 objet, G\u00e9rald Oster est responsable du module, ses ressources sont disponibles <a href=\"https:\/\/members.loria.fr\/goster\/teaching-oop\/\">ici<\/a>.<\/p>\n<p>Structures de donn\u00e9es<\/p>\n<p>Ensembles, listes, piles, files, tables, arbres et graphes et implantation en Java and C, S\u00e9bastien Da Silva est responsable du module.<\/p>\n<p>C\/Shell (pour les apprentis)<\/p>\n<p>Programmation en C et Shell (petits scripts Bash, commandes cut,<\/p>\n","protected":false},"author":193,"featured_media":0,"parent":0,"menu_order":0,"comment_status":"closed","ping_status":"closed","template":"","meta":{"footnotes":""},"class_list":["post-385","page","type-page","status-publish","hentry"],"_links":{"self":[{"href":"https:\/\/members.loria.fr\/JPEisenbarth\/wp-json\/wp\/v2\/pages\/385","targetHints":{"allow":["GET"]}}],"collection":[{"href":"https:\/\/members.loria.fr\/JPEisenbarth\/wp-json\/wp\/v2\/pages"}],"about":[{"href":"https:\/\/members.loria.fr\/JPEisenbarth\/wp-json\/wp\/v2\/types\/page"}],"author":[{"embeddable":true,"href":"https:\/\/members.loria.fr\/JPEisenbarth\/wp-json\/wp\/v2\/users\/193"}],"replies":[{"embeddable":true,"href":"https:\/\/members.loria.fr\/JPEisenbarth\/wp-json\/wp\/v2\/comments?post=385"}],"version-history":[{"count":7,"href":"https:\/\/members.loria.fr\/JPEisenbarth\/wp-json\/wp\/v2\/pages\/385\/revisions"}],"predecessor-version":[{"id":476,"href":"https:\/\/members.loria.fr\/JPEisenbarth\/wp-json\/wp\/v2\/pages\/385\/revisions\/476"}],"wp:attachment":[{"href":"https:\/\/members.loria.fr\/JPEisenbarth\/wp-json\/wp\/v2\/media?parent=385"}],"curies":[{"name":"wp","href":"https:\/\/api.w.org\/{rel}","templated":true}]}}