{"id":421,"date":"2025-06-18T11:35:26","date_gmt":"2025-06-18T09:35:26","guid":{"rendered":"https:\/\/members.loria.fr\/JPEisenbarth\/?page_id=421"},"modified":"2025-10-23T11:13:21","modified_gmt":"2025-10-23T09:13:21","slug":"diffusion-et-rayonnement-scientifique","status":"publish","type":"page","link":"https:\/\/members.loria.fr\/JPEisenbarth\/cv\/diffusion-et-rayonnement-scientifique\/","title":{"rendered":"Valorisation et expertise scientifique"},"content":{"rendered":"<h4 class=\"cv\">Collaborations<\/h4>\n<h5>Collaborations internationales<\/h5>\n<ul>\n<li><strong>2022-2024<\/strong> : Avec l&rsquo;<strong>Universit\u00e9 M\u00e9tropolitaine d&rsquo;Osaka (OMU) au Japon, <\/strong>dans le cadre du co-encadrement de la th\u00e8se de Master de <a href=\"https:\/\/k1s0b3.github.io\/\">Katsuki Isobe<\/a> (aujourd&rsquo;hui doctorant au LORIA).\n<ul>\n<li>Sujet: \u00c9tude de la blockchain Handshake qui propose une alternative \u00e0 l&rsquo;actuel syst\u00e8me de nom de domaines (DNS), en particulier pour les domaines de premier niveau (TLD)<\/li>\n<li>En collaboration avec <a href=\"http:\/\/thibault.cholez.free.fr\/\">Thibault Cholez<\/a> de l&rsquo;\u00e9quipe <a href=\"http:\/\/resist.inria.fr\">RESIST<\/a> du LORIA.<\/li>\n<li>Encadran principal : <a href=\"https:\/\/daishi-kondo.github.io\/\">Daishi Kondo<\/a><\/li>\n<\/ul>\n<\/li>\n<\/ul>\n<h4 class=\"cv\">Activit\u00e9s \u00e9ditoriales<\/h4>\n<h5>Membre de comit\u00e9 de programme (TPC)<\/h5>\n<ul>\n<li><strong>ACM International Symposium on Blockchain and Secure Critical Infrastructure<\/strong> (BSCI, workshop de AsiaCCS) &#8212; 2024, 2025<\/li>\n<li><b>Conference on Blockchain Research &amp; Applications for Innovative Networks and Services <\/b>(BRAINS) &#8212; 2024, 2025<\/li>\n<\/ul>\n<h5>\u00c9diteur invit\u00e9<\/h5>\n<ul>\n<li><strong>Wiley International Journal of Network Management<\/strong> (IJNM), Data-centric Network Management special issue (disponible <a href=\"https:\/\/onlinelibrary.wiley.com\/page\/journal\/10991190\/homepage\/call-for-papers\/si-2025-000852\">ici<\/a>) &#8212; 2025<\/li>\n<\/ul>\n<h5>Relecteur pour revues<\/h5>\n<ul>\n<li><strong><strong>Springer <\/strong>Journal of Network and Systems Management\u00a0<\/strong>(JNSM) &#8212; 2025<\/li>\n<li><strong>IEEE Transactions on Network and Service Management<\/strong> (TNSM) &#8212; 20222<\/li>\n<li><strong>Elsevier <\/strong><span class=\"anchor-text-container\"><span class=\"anchor-text\"><strong>Blockchain: Research and Applications<\/strong> (BCRA) &#8212; 2022<\/span><\/span><\/li>\n<\/ul>\n","protected":false},"excerpt":{"rendered":"<p>Collaborations<br \/>\nCollaborations internationales<\/p>\n<ul>\n<li>2022-2024 : Avec l&rsquo;Universit\u00e9 M\u00e9tropolitaine d&rsquo;Osaka (OMU) au Japon, dans le cadre du co-encadrement de la th\u00e8se de Master de <a href=\"https:\/\/k1s0b3.github.io\/\">Katsuki Isobe<\/a> (aujourd&rsquo;hui doctorant au LORIA).\n<ul>\n<li>Sujet: \u00c9tude de la blockchain Handshake qui propose une alternative \u00e0 l&rsquo;actuel syst\u00e8me de nom de domaines (DNS), en particulier pour les domaines de premier niveau (TLD)<\/li>\n<li>En collaboration avec <a href=\"http:\/\/thibault.cholez.free.fr\/\">Thibault Cholez<\/a> de l&rsquo;\u00e9quipe <a href=\"http:\/\/resist.inria.fr\">RESIST<\/a> du LORIA.<\/li>\n<li>Encadran principal : <a href=\"https:\/\/daishi-kondo.github.io\/\">Daishi Kondo<\/a><\/li>\n<\/ul>\n<\/li>\n<\/ul>\n<p>Activit\u00e9s \u00e9ditoriales<br \/>\nMembre de comit\u00e9 de programme (TPC)<\/p>\n<ul>\n<li>ACM International Symposium on Blockchain and Secure Critical Infrastructure (BSCI,<\/li>\n<\/ul>\n","protected":false},"author":193,"featured_media":0,"parent":10,"menu_order":0,"comment_status":"closed","ping_status":"closed","template":"","meta":{"footnotes":""},"class_list":["post-421","page","type-page","status-publish","hentry"],"_links":{"self":[{"href":"https:\/\/members.loria.fr\/JPEisenbarth\/wp-json\/wp\/v2\/pages\/421","targetHints":{"allow":["GET"]}}],"collection":[{"href":"https:\/\/members.loria.fr\/JPEisenbarth\/wp-json\/wp\/v2\/pages"}],"about":[{"href":"https:\/\/members.loria.fr\/JPEisenbarth\/wp-json\/wp\/v2\/types\/page"}],"author":[{"embeddable":true,"href":"https:\/\/members.loria.fr\/JPEisenbarth\/wp-json\/wp\/v2\/users\/193"}],"replies":[{"embeddable":true,"href":"https:\/\/members.loria.fr\/JPEisenbarth\/wp-json\/wp\/v2\/comments?post=421"}],"version-history":[{"count":14,"href":"https:\/\/members.loria.fr\/JPEisenbarth\/wp-json\/wp\/v2\/pages\/421\/revisions"}],"predecessor-version":[{"id":460,"href":"https:\/\/members.loria.fr\/JPEisenbarth\/wp-json\/wp\/v2\/pages\/421\/revisions\/460"}],"up":[{"embeddable":true,"href":"https:\/\/members.loria.fr\/JPEisenbarth\/wp-json\/wp\/v2\/pages\/10"}],"wp:attachment":[{"href":"https:\/\/members.loria.fr\/JPEisenbarth\/wp-json\/wp\/v2\/media?parent=421"}],"curies":[{"name":"wp","href":"https:\/\/api.w.org\/{rel}","templated":true}]}}