{"id":461,"date":"2025-10-23T11:22:02","date_gmt":"2025-10-23T09:22:02","guid":{"rendered":"https:\/\/members.loria.fr\/JPEisenbarth\/?page_id=461"},"modified":"2026-04-23T09:39:12","modified_gmt":"2026-04-23T07:39:12","slug":"responsabilite-enseignement","status":"publish","type":"page","link":"https:\/\/members.loria.fr\/JPEisenbarth\/cv\/responsabilite-enseignement\/","title":{"rendered":"Responsabilit\u00e9 enseignement"},"content":{"rendered":"<h4 class=\"cv\">Institut des sciences du Digital, Management et Cognition (IDMC)<\/h4>\n<h5>Responsable p\u00e9dagogique de la L1 MIASHS (Maths, Informatique appliqu\u00e9s aux Sciences humaines et sociales) depuis 2025<\/h5>\n<p>Coordination de la promotion, pilotage des enseignements et des modalit\u00e9s d\u2019\u00e9valuation, suivi des \u00e9tudiants, gestion de l&#8217;emploi du temps et interface entre les enseignants, la scolarit\u00e9 et l&rsquo;administration.<\/p>\n<p>Membre du jury de Licence (L1, L2, L3)<br \/>\nMembre du jury de Master MIAGE SID<\/p>\n","protected":false},"excerpt":{"rendered":"<p>Institut des sciences du Digital, Management et Cognition (IDMC)<br \/>\nResponsable p\u00e9dagogique de la L1 MIASHS (Maths, Informatique appliqu\u00e9s aux Sciences humaines et sociales) depuis 2025<\/p>\n<p>Coordination de la promotion, pilotage des enseignements et des modalit\u00e9s d\u2019\u00e9valuation, suivi des \u00e9tudiants, gestion de l&#8217;emploi du temps et interface entre les enseignants, la scolarit\u00e9 et l&rsquo;administration.<\/p>\n<p>Membre du jury de Licence (L1, L2, L3)<br \/>\nMembre du jury de Master MIAGE SID<\/p>\n","protected":false},"author":193,"featured_media":0,"parent":10,"menu_order":0,"comment_status":"closed","ping_status":"closed","template":"","meta":{"footnotes":""},"class_list":["post-461","page","type-page","status-publish","hentry"],"_links":{"self":[{"href":"https:\/\/members.loria.fr\/JPEisenbarth\/wp-json\/wp\/v2\/pages\/461","targetHints":{"allow":["GET"]}}],"collection":[{"href":"https:\/\/members.loria.fr\/JPEisenbarth\/wp-json\/wp\/v2\/pages"}],"about":[{"href":"https:\/\/members.loria.fr\/JPEisenbarth\/wp-json\/wp\/v2\/types\/page"}],"author":[{"embeddable":true,"href":"https:\/\/members.loria.fr\/JPEisenbarth\/wp-json\/wp\/v2\/users\/193"}],"replies":[{"embeddable":true,"href":"https:\/\/members.loria.fr\/JPEisenbarth\/wp-json\/wp\/v2\/comments?post=461"}],"version-history":[{"count":11,"href":"https:\/\/members.loria.fr\/JPEisenbarth\/wp-json\/wp\/v2\/pages\/461\/revisions"}],"predecessor-version":[{"id":478,"href":"https:\/\/members.loria.fr\/JPEisenbarth\/wp-json\/wp\/v2\/pages\/461\/revisions\/478"}],"up":[{"embeddable":true,"href":"https:\/\/members.loria.fr\/JPEisenbarth\/wp-json\/wp\/v2\/pages\/10"}],"wp:attachment":[{"href":"https:\/\/members.loria.fr\/JPEisenbarth\/wp-json\/wp\/v2\/media?parent=461"}],"curies":[{"name":"wp","href":"https:\/\/api.w.org\/{rel}","templated":true}]}}