{"id":321,"date":"2016-11-30T22:08:12","date_gmt":"2016-11-30T20:08:12","guid":{"rendered":"http:\/\/members.loria.fr\/JPHaton\/?page_id=321"},"modified":"2016-11-30T22:08:12","modified_gmt":"2016-11-30T20:08:12","slug":"recherche","status":"publish","type":"page","link":"https:\/\/members.loria.fr\/JPHaton\/recherche\/","title":{"rendered":"Recherche"},"content":{"rendered":"<p>Mes activit\u00e9s de recherche concernent l\u2019intelligence artificielle, dans ses aspects perceptifs (relevant de la reconnaissance des formes) et cognitifs.\u00a0 Elles font appel \u00e0 trois classes de m\u00e9thodes, souvent de fa\u00e7on combin\u00e9e :<\/p>\n<p>. les mod\u00e8les statistiques et stochastiques,<br \/>\n. les r\u00e9seaux connexionnistes neuromim\u00e9tiques,<br \/>\n. les syst\u00e8mes \u00e0 base de connaissances.<\/p>\n<p>Les principaux domaines d\u2019applications sont :<\/p>\n<p>. la reconnaissance et la compr\u00e9hension de la parole,<br \/>\n. l\u2019interpr\u00e9tation de signaux,<br \/>\n. le raisonnement et la planification fond\u00e9s sur des connaissances.<\/p>\n<p>Ces travaux comportent un aspect d\u2019application pratique, en liaison avec des industriels et des utilisateurs (reconnaissance de la parole, robotique, diagnostic) et une part de recherche fondamentale et finalis\u00e9e sur les mod\u00e8les perceptifs, le raisonnement et la repr\u00e9sentation des connaissances. Cet \u00e9quilibre entre aspects fondamentaux et appliqu\u00e9s me para\u00eet tr\u00e8s important dans le domaine de l\u2019Intelligence Artificielle et j&rsquo;ai toujours essay\u00e9 de le maintenir.<\/p>\n","protected":false},"excerpt":{"rendered":"<p>Mes activit\u00e9s de recherche concernent l\u2019intelligence artificielle, dans ses aspects perceptifs (relevant de la reconnaissance des formes) et cognitifs.\u00a0 Elles font appel \u00e0 trois classes de m\u00e9thodes, souvent de fa\u00e7on combin\u00e9e :<\/p>\n<p>. les mod\u00e8les statistiques et stochastiques,<br \/>\n. les r\u00e9seaux connexionnistes neuromim\u00e9tiques,<br \/>\n. les syst\u00e8mes \u00e0 base de connaissances.<\/p>\n<p>Les principaux domaines d\u2019applications sont :<\/p>\n<p>. la reconnaissance et la compr\u00e9hension de la parole,<br \/>\n. l\u2019interpr\u00e9tation de signaux,<br \/>\n. le raisonnement et la planification fond\u00e9s sur des connaissances.<\/p>\n<p>Ces travaux comportent un aspect d\u2019application pratique, en liaison avec des industriels et des utilisateurs (reconnaissance de la parole,<\/p>\n","protected":false},"author":132,"featured_media":0,"parent":0,"menu_order":0,"comment_status":"closed","ping_status":"closed","template":"","meta":{"footnotes":""},"class_list":["post-321","page","type-page","status-publish","hentry"],"_links":{"self":[{"href":"https:\/\/members.loria.fr\/JPHaton\/wp-json\/wp\/v2\/pages\/321","targetHints":{"allow":["GET"]}}],"collection":[{"href":"https:\/\/members.loria.fr\/JPHaton\/wp-json\/wp\/v2\/pages"}],"about":[{"href":"https:\/\/members.loria.fr\/JPHaton\/wp-json\/wp\/v2\/types\/page"}],"author":[{"embeddable":true,"href":"https:\/\/members.loria.fr\/JPHaton\/wp-json\/wp\/v2\/users\/132"}],"replies":[{"embeddable":true,"href":"https:\/\/members.loria.fr\/JPHaton\/wp-json\/wp\/v2\/comments?post=321"}],"version-history":[{"count":1,"href":"https:\/\/members.loria.fr\/JPHaton\/wp-json\/wp\/v2\/pages\/321\/revisions"}],"predecessor-version":[{"id":322,"href":"https:\/\/members.loria.fr\/JPHaton\/wp-json\/wp\/v2\/pages\/321\/revisions\/322"}],"wp:attachment":[{"href":"https:\/\/members.loria.fr\/JPHaton\/wp-json\/wp\/v2\/media?parent=321"}],"curies":[{"name":"wp","href":"https:\/\/api.w.org\/{rel}","templated":true}]}}