{"id":10,"date":"2015-06-15T10:23:49","date_gmt":"2015-06-15T08:23:49","guid":{"rendered":"http:\/\/members.loria.fr\/thierrygartiser\/?page_id=10"},"modified":"2020-03-19T15:13:50","modified_gmt":"2020-03-19T13:13:50","slug":"cv","status":"publish","type":"page","link":"https:\/\/members.loria.fr\/JReynaud\/","title":{"rendered":"CV"},"content":{"rendered":"<p><em>French version. English version <a href=\"http:\/\/members.loria.fr\/JReynaud\/cv-en\/\">here<\/a>.<\/em><\/p>\n<p style=\"padding-bottom:1em\">\nJ&rsquo;ai soutenu ma th\u00e8se portant sur la d\u00e9couverte de connaissances dans le web des donn\u00e9es en d\u00e9cembre 2019. Je suis qualifi\u00e9e en section 27, et actuellement ATER \u00e0 l&rsquo;universit\u00e9 de Lorraine.\n<\/p>\n<div class=\"important_div\" style=\"text-align: center\"><\/div>\n<h4 class=\"cv\">Exp\u00e9rience professionnelle<\/h4>\n<table  class=\" table table-hover\" >\n<tr>\n<td>2018-2020<\/td>\n<td><span class=\"s1\">ATER  \u00e0 l&rsquo;Universit\u00e9 de Lorraine &#8211; IUT de Saint-Di\u00e9-des-Vosges<\/span><\/td>\n<\/tr>\n<tr>\n<td>2015-2019<\/td>\n<td>Th\u00e8se en informatique &#8211; LORIA (Universit\u00e9 de Lorraine, CNRS, Inria)<\/td>\n<\/tr>\n<tr>\n<td> <\/td>\n<td> <\/td>\n<\/tr>\n<\/table>\n<h4 class=\"cv\">Cursus universitaire<\/h4>\n<table  class=\" table table-hover\" border=\"0\">\n<tbody>\n<tr>\n<td>2019<\/td>\n<td>Th\u00e8se en Informatique &#8211; LORIA (Universit\u00e9 de Lorraine, CNRS, Inria)<br \/>\nTitre de la th\u00e8se : D\u00e9couverte de d\u00e9finitions dans le web des donn\u00e9es<\/td>\n<\/tr>\n<tr>\n<td>2015<\/td>\n<td>Master Informatique &#8211; Interaction Perception Action et Connaissances<\/td>\n<\/tr>\n<tr>\n<td>2014<\/td>\n<td>Master Sciences Cognitives et M\u00e9dias Num\u00e9riques<\/td>\n<\/tr>\n<tr>\n<td>2011<\/td>\n<td>Licence MIASHS (Math\u00e9matiques et Informatique Appliqu\u00e9es aux Sciences Humaines et Sociales) parcours Sciences du Comportement et de la Cognition<\/td>\n<\/tr>\n<tr>\n<td> <\/td>\n<td> <\/td>\n<\/tr>\n<\/tbody>\n<\/table>\n","protected":false},"excerpt":{"rendered":"<p><em>French version. English version <a href=\"http:\/\/members.loria.fr\/JReynaud\/cv-en\/\">here<\/a>.<\/em><\/p>\n<p style=\"padding-bottom:1em\">\nJ&rsquo;ai soutenu ma th\u00e8se portant sur la d\u00e9couverte de connaissances dans le web des donn\u00e9es en d\u00e9cembre 2019. Je suis qualifi\u00e9e en section 27, et actuellement ATER \u00e0 l&rsquo;universit\u00e9 de Lorraine.\n<\/p>\n<p>Exp\u00e9rience professionnelle<\/p>\n<p>2018-2020<br \/>\nATER  \u00e0 l&rsquo;Universit\u00e9 de Lorraine &#8211; IUT de Saint-Di\u00e9-des-Vosges<\/p>\n<p>2015-2019<br \/>\nTh\u00e8se en informatique &#8211; LORIA (Universit\u00e9 de Lorraine, CNRS, Inria)<\/p>\n<p>Cursus universitaire<\/p>\n<p>2019<br \/>\nTh\u00e8se en Informatique &#8211; LORIA (Universit\u00e9 de Lorraine, CNRS, Inria)<br \/>\nTitre de la th\u00e8se : D\u00e9couverte de d\u00e9finitions dans le web des donn\u00e9es<\/p>\n<p>2015<br \/>\nMaster Informatique &#8211; Interaction Perception Action et Connaissances<\/p>\n<p>2014<br \/>\nMaster Sciences Cognitives et M\u00e9dias Num\u00e9riques<\/p>\n<p>2011<br \/>\nLicence MIASHS (Math\u00e9matiques et Informatique Appliqu\u00e9es aux Sciences Humaines et Sociales) parcours Sciences du Comportement et de la Cognition <\/p>\n","protected":false},"author":5,"featured_media":0,"parent":0,"menu_order":0,"comment_status":"closed","ping_status":"closed","template":"","meta":{"footnotes":""},"class_list":["post-10","page","type-page","status-publish","hentry"],"_links":{"self":[{"href":"https:\/\/members.loria.fr\/JReynaud\/wp-json\/wp\/v2\/pages\/10","targetHints":{"allow":["GET"]}}],"collection":[{"href":"https:\/\/members.loria.fr\/JReynaud\/wp-json\/wp\/v2\/pages"}],"about":[{"href":"https:\/\/members.loria.fr\/JReynaud\/wp-json\/wp\/v2\/types\/page"}],"author":[{"embeddable":true,"href":"https:\/\/members.loria.fr\/JReynaud\/wp-json\/wp\/v2\/users\/5"}],"replies":[{"embeddable":true,"href":"https:\/\/members.loria.fr\/JReynaud\/wp-json\/wp\/v2\/comments?post=10"}],"version-history":[{"count":66,"href":"https:\/\/members.loria.fr\/JReynaud\/wp-json\/wp\/v2\/pages\/10\/revisions"}],"predecessor-version":[{"id":344,"href":"https:\/\/members.loria.fr\/JReynaud\/wp-json\/wp\/v2\/pages\/10\/revisions\/344"}],"wp:attachment":[{"href":"https:\/\/members.loria.fr\/JReynaud\/wp-json\/wp\/v2\/media?parent=10"}],"curies":[{"name":"wp","href":"https:\/\/api.w.org\/{rel}","templated":true}]}}