{"id":102,"date":"2015-06-17T12:57:29","date_gmt":"2015-06-17T10:57:29","guid":{"rendered":"http:\/\/members.loria.fr\/template\/?page_id=102"},"modified":"2020-03-13T14:29:15","modified_gmt":"2020-03-13T12:29:15","slug":"equipe","status":"publish","type":"page","link":"https:\/\/members.loria.fr\/JReynaud\/equipe\/","title":{"rendered":"\u00c9quipe\/Team"},"content":{"rendered":"<p>Je fais actuellement partie de l&rsquo;\u00e9quipe Orpailleur. Nous travaillons sur des probl\u00e9matiques de <strong>fouille de donn\u00e9es<\/strong> et de <strong>repr\u00e9sentation des connaissances. <\/strong>La fouille de donn\u00e9es est un processus qui se d\u00e9compose en trois principales \u00e9tapes : la s\u00e9lection et le pr\u00e9-traitement des donn\u00e9es, la d\u00e9couverte de nouvelles connaissances \u00e0 partir de ces donn\u00e9es et l&rsquo;\u00e9valuation des connaissances d\u00e9couvertes. Pour cela, nous nous appuyons principalement sur des m\u00e9thodes symboliques nous permettant de raisonner sur les connaissances, notamment gr\u00e2ce \u00e0 des bases de connaissances. Les domaines d&rsquo;applications sont vari\u00e9s, allant de l&rsquo;analyse de textes scientifiques \u00e0 la m\u00e9decine en passant par l&rsquo;agronomie. Rendez-vous sur <a href=\"https:\/\/orpailleur.loria.fr\/\">le site de l&rsquo;\u00e9quipe<\/a> pour en savoir plus.<\/p>\n<p>I&rsquo;m currently working in the Orpailleur team. We are interested in <strong>data mining<\/strong> and <strong>knowledge discovery and representation.<\/strong> The data mining process is made of three main steps: the selection and preprocessing of data, the mining process itself and the evaluation and integration of the knowledge extracted from the mined patterns. To this end, we rely on symbolic methods allowing us to reason on extracted knowledge, with the use of knowledge bases. Applications cover a wide range of domains, from scientific text mining to medical data or agronomy. Check\u00a0<a href=\"https:\/\/orpailleur.loria.fr\/\">our website<\/a> for more information!<\/p>\n<p>&nbsp;<\/p>\n","protected":false},"excerpt":{"rendered":"<p>Je fais actuellement partie de l&rsquo;\u00e9quipe Orpailleur. Nous travaillons sur des probl\u00e9matiques de fouille de donn\u00e9es et de repr\u00e9sentation des connaissances. La fouille de donn\u00e9es est un processus qui se d\u00e9compose en trois principales \u00e9tapes : la s\u00e9lection et le pr\u00e9-traitement des donn\u00e9es, la d\u00e9couverte de nouvelles connaissances \u00e0 partir de ces donn\u00e9es et l&rsquo;\u00e9valuation des connaissances d\u00e9couvertes. Pour cela, nous nous appuyons principalement sur des m\u00e9thodes symboliques nous permettant de raisonner sur les connaissances, notamment gr\u00e2ce \u00e0 des bases de connaissances. Les domaines d&rsquo;applications sont vari\u00e9s, allant de l&rsquo;analyse de textes scientifiques \u00e0 la m\u00e9decine en passant par l&rsquo;agronomie.<\/p>\n","protected":false},"author":1,"featured_media":0,"parent":0,"menu_order":0,"comment_status":"closed","ping_status":"closed","template":"","meta":{"footnotes":""},"class_list":["post-102","page","type-page","status-publish","hentry"],"_links":{"self":[{"href":"https:\/\/members.loria.fr\/JReynaud\/wp-json\/wp\/v2\/pages\/102","targetHints":{"allow":["GET"]}}],"collection":[{"href":"https:\/\/members.loria.fr\/JReynaud\/wp-json\/wp\/v2\/pages"}],"about":[{"href":"https:\/\/members.loria.fr\/JReynaud\/wp-json\/wp\/v2\/types\/page"}],"author":[{"embeddable":true,"href":"https:\/\/members.loria.fr\/JReynaud\/wp-json\/wp\/v2\/users\/1"}],"replies":[{"embeddable":true,"href":"https:\/\/members.loria.fr\/JReynaud\/wp-json\/wp\/v2\/comments?post=102"}],"version-history":[{"count":25,"href":"https:\/\/members.loria.fr\/JReynaud\/wp-json\/wp\/v2\/pages\/102\/revisions"}],"predecessor-version":[{"id":321,"href":"https:\/\/members.loria.fr\/JReynaud\/wp-json\/wp\/v2\/pages\/102\/revisions\/321"}],"wp:attachment":[{"href":"https:\/\/members.loria.fr\/JReynaud\/wp-json\/wp\/v2\/media?parent=102"}],"curies":[{"name":"wp","href":"https:\/\/api.w.org\/{rel}","templated":true}]}}