{"id":353,"date":"2020-05-19T16:13:47","date_gmt":"2020-05-19T14:13:47","guid":{"rendered":"http:\/\/members.loria.fr\/JReynaud\/?page_id=353"},"modified":"2020-05-19T16:15:00","modified_gmt":"2020-05-19T14:15:00","slug":"enseignements","status":"publish","type":"page","link":"https:\/\/members.loria.fr\/JReynaud\/enseignements\/","title":{"rendered":"Enseignement"},"content":{"rendered":"<p>Les cours sont sur Arche : <a href=\"http:\/\/arche.univ-lorraine.fr\/\">arche.univ-lorraine.fr\/<\/a><\/p>\n<p>J&rsquo;enseigne en ATER dans la composante <a href=\"http:\/\/iutsd.univ-lorraine.fr\/formation\/mmi\/dut-mmi\/\">M\u00e9tiers du Multim\u00e9dia et de l&rsquo;Internet<\/a> \u00e0 l&rsquo;IUT de Saint-Di\u00e9-des-Vosges. Principaux cours dispens\u00e9s :<\/p>\n<ul>\n<li>Algorithmique et Programmation<\/li>\n<li>D\u00e9veloppement Web<\/li>\n<li>R\u00e9seaux<\/li>\n<\/ul>\n<p>Durant ma th\u00e8se, j&rsquo;ai enseign\u00e9 en L1 Sciences Cognitives et MIAGE ainsi qu&rsquo;en M1 Sciences Cognitives et Traitement Automatique des Langues. Principaux cours dispenss\u00e9s :<\/p>\n<ul>\n<li>Algorithmique et Programmation<\/li>\n<li>Communication scientifique (r\u00e9daction en LaTeX et gestion de bibliographie)<\/li>\n<li>C2i \/ NUMOC<\/li>\n<\/ul>\n","protected":false},"excerpt":{"rendered":"<p>Les cours sont sur Arche : <a href=\"http:\/\/arche.univ-lorraine.fr\/\">arche.univ-lorraine.fr\/<\/a><\/p>\n<p>J&rsquo;enseigne en ATER dans la composante <a href=\"http:\/\/iutsd.univ-lorraine.fr\/formation\/mmi\/dut-mmi\/\">M\u00e9tiers du Multim\u00e9dia et de l&rsquo;Internet<\/a> \u00e0 l&rsquo;IUT de Saint-Di\u00e9-des-Vosges. Principaux cours dispens\u00e9s :<\/p>\n<ul>\n<li>Algorithmique et Programmation<\/li>\n<li>D\u00e9veloppement Web<\/li>\n<li>R\u00e9seaux<\/li>\n<\/ul>\n<p>Durant ma th\u00e8se, j&rsquo;ai enseign\u00e9 en L1 Sciences Cognitives et MIAGE ainsi qu&rsquo;en M1 Sciences Cognitives et Traitement Automatique des Langues. Principaux cours dispenss\u00e9s :<\/p>\n<ul>\n<li>Algorithmique et Programmation<\/li>\n<li>Communication scientifique (r\u00e9daction en LaTeX et gestion de bibliographie)<\/li>\n<li>C2i \/ NUMOC<\/li>\n<\/ul>\n","protected":false},"author":153,"featured_media":0,"parent":0,"menu_order":0,"comment_status":"closed","ping_status":"closed","template":"","meta":{"footnotes":""},"class_list":["post-353","page","type-page","status-publish","hentry"],"_links":{"self":[{"href":"https:\/\/members.loria.fr\/JReynaud\/wp-json\/wp\/v2\/pages\/353","targetHints":{"allow":["GET"]}}],"collection":[{"href":"https:\/\/members.loria.fr\/JReynaud\/wp-json\/wp\/v2\/pages"}],"about":[{"href":"https:\/\/members.loria.fr\/JReynaud\/wp-json\/wp\/v2\/types\/page"}],"author":[{"embeddable":true,"href":"https:\/\/members.loria.fr\/JReynaud\/wp-json\/wp\/v2\/users\/153"}],"replies":[{"embeddable":true,"href":"https:\/\/members.loria.fr\/JReynaud\/wp-json\/wp\/v2\/comments?post=353"}],"version-history":[{"count":5,"href":"https:\/\/members.loria.fr\/JReynaud\/wp-json\/wp\/v2\/pages\/353\/revisions"}],"predecessor-version":[{"id":359,"href":"https:\/\/members.loria.fr\/JReynaud\/wp-json\/wp\/v2\/pages\/353\/revisions\/359"}],"wp:attachment":[{"href":"https:\/\/members.loria.fr\/JReynaud\/wp-json\/wp\/v2\/media?parent=353"}],"curies":[{"name":"wp","href":"https:\/\/api.w.org\/{rel}","templated":true}]}}