{"id":10,"date":"2015-06-15T10:23:49","date_gmt":"2015-06-15T08:23:49","guid":{"rendered":"http:\/\/members.loria.fr\/thierrygartiser\/?page_id=10"},"modified":"2024-01-18T10:45:39","modified_gmt":"2024-01-18T08:45:39","slug":"cv","status":"publish","type":"page","link":"https:\/\/members.loria.fr\/JSoumier\/cv\/","title":{"rendered":"Curriculum Vitae"},"content":{"rendered":"<div class=\"important_div\" style=\"text-align: center\"><\/div>\n<h4 class=\"cv\">Education<\/h4>\n<ul>\n<li class=\"p1\">2023 &#8211; M2 Alg\u00e8bre Appliqu\u00e9, internship in CARAMBA team<br \/>\n<em>Universit\u00e9 de Versailles,<\/em><\/li>\n<li>2022- M2 Pr\u00e9paration \u00e0 l&rsquo;Agr\u00e9gation de Math\u00e9matique<br \/>\n<em>Universit\u00e9 Paris Saclay,<\/em><\/li>\n<li>2021 &#8211; M1 Parcours Hadamard<br \/>\n<em>Universit\u00e9 Paris Saclay,<\/em><\/li>\n<\/ul>\n<h4 class=\"cv\">Professional Background<\/h4>\n<ul>\n<li class=\"p1\"><span class=\"s1\">2023 &#8211; Teaching computer science at <em>Universit\u00e9 de Lorraine -Nancy<\/em><br \/>\n<\/span><\/li>\n<\/ul>\n<fieldset class=\"tutoriel\">\n<legend class=\"info\"><strong> Study work<\/strong><\/legend>\n<p>Internship report 2023: <a href=\"http:\/\/members.loria.fr\/JSoumier\/wp-content\/blogs.dir\/255\/files\/sites\/255\/2023\/12\/stage_m2_julien_soumier.pdf\">Computing isogenies, Internship Report.<\/a><\/p>\n<p>Projet Informatique 2023: <a href=\"http:\/\/members.loria.fr\/JSoumier\/wp-content\/blogs.dir\/255\/files\/sites\/255\/2023\/12\/Algorithmique-p-adique-equation-dArtin-Schreier.pdf\">Algorithmique p-adique, \u00e9quation d&rsquo;Artin-Schreier.<\/a><\/p>\n<p>Projet de recherche 2022: <a href=\"http:\/\/members.loria.fr\/JSoumier\/wp-content\/blogs.dir\/255\/files\/sites\/255\/2023\/12\/Introduction_au_groupe_de_Brauer.pdf\">Introduction au groupe de Brauer<\/a>.<\/p>\n<p>Projet TER 2021: <a href=\"http:\/\/members.loria.fr\/JSoumier\/wp-content\/blogs.dir\/255\/files\/sites\/255\/2023\/12\/Theoreme-de-Hasse-Minkowski.pdf\">Th\u00e9or\u00e8me de Hasse-Minkowski<\/a>.<\/p>\n<p>&nbsp;<\/fieldset>\n<p>&nbsp;<\/p>\n","protected":false},"excerpt":{"rendered":"<p>Education<\/p>\n<ul>\n<li class=\"p1\">2023 &#8211; M2 Alg\u00e8bre Appliqu\u00e9, internship in CARAMBA team<br \/>\n<em>Universit\u00e9 de Versailles,<\/em><\/li>\n<li>2022- M2 Pr\u00e9paration \u00e0 l&rsquo;Agr\u00e9gation de Math\u00e9matique<br \/>\n<em>Universit\u00e9 Paris Saclay,<\/em><\/li>\n<li>2021 &#8211; M1 Parcours Hadamard<br \/>\n<em>Universit\u00e9 Paris Saclay,<\/em><\/li>\n<\/ul>\n<p>Professional Background<\/p>\n<ul>\n<li class=\"p1\">2023 &#8211; Teaching computer science at <em>Universit\u00e9 de Lorraine -Nancy<\/em>\n<\/li>\n<\/ul>\n<p> Study work<\/p>\n<p>Internship report 2023: <a href=\"http:\/\/members.loria.fr\/JSoumier\/wp-content\/blogs.dir\/255\/files\/sites\/255\/2023\/12\/stage_m2_julien_soumier.pdf\">Computing isogenies, Internship Report.<\/a><\/p>\n<p>Projet Informatique 2023: <a href=\"http:\/\/members.loria.fr\/JSoumier\/wp-content\/blogs.dir\/255\/files\/sites\/255\/2023\/12\/Algorithmique-p-adique-equation-dArtin-Schreier.pdf\">Algorithmique p-adique, \u00e9quation d&rsquo;Artin-Schreier.<\/a><\/p>\n<p>Projet de recherche 2022: <a href=\"http:\/\/members.loria.fr\/JSoumier\/wp-content\/blogs.dir\/255\/files\/sites\/255\/2023\/12\/Introduction_au_groupe_de_Brauer.pdf\">Introduction au groupe de Brauer<\/a>.<\/p>\n","protected":false},"author":5,"featured_media":0,"parent":0,"menu_order":0,"comment_status":"closed","ping_status":"closed","template":"","meta":{"footnotes":""},"class_list":["post-10","page","type-page","status-publish","hentry"],"_links":{"self":[{"href":"https:\/\/members.loria.fr\/JSoumier\/wp-json\/wp\/v2\/pages\/10","targetHints":{"allow":["GET"]}}],"collection":[{"href":"https:\/\/members.loria.fr\/JSoumier\/wp-json\/wp\/v2\/pages"}],"about":[{"href":"https:\/\/members.loria.fr\/JSoumier\/wp-json\/wp\/v2\/types\/page"}],"author":[{"embeddable":true,"href":"https:\/\/members.loria.fr\/JSoumier\/wp-json\/wp\/v2\/users\/5"}],"replies":[{"embeddable":true,"href":"https:\/\/members.loria.fr\/JSoumier\/wp-json\/wp\/v2\/comments?post=10"}],"version-history":[{"count":63,"href":"https:\/\/members.loria.fr\/JSoumier\/wp-json\/wp\/v2\/pages\/10\/revisions"}],"predecessor-version":[{"id":303,"href":"https:\/\/members.loria.fr\/JSoumier\/wp-json\/wp\/v2\/pages\/10\/revisions\/303"}],"wp:attachment":[{"href":"https:\/\/members.loria.fr\/JSoumier\/wp-json\/wp\/v2\/media?parent=10"}],"curies":[{"name":"wp","href":"https:\/\/api.w.org\/{rel}","templated":true}]}}