{"id":10,"date":"2015-06-15T10:23:49","date_gmt":"2015-06-15T08:23:49","guid":{"rendered":"http:\/\/members.loria.fr\/thierrygartiser\/?page_id=10"},"modified":"2023-02-08T19:09:09","modified_gmt":"2023-02-08T17:09:09","slug":"cv","status":"publish","type":"page","link":"https:\/\/members.loria.fr\/JSouquieres\/","title":{"rendered":"CV"},"content":{"rendered":"<p><strong>Emeritus Professor at the <a href=\"http:\/\/www.univ-lorraine.fr\/\">Universit\u00e9 de Lorraine<\/a><\/strong><\/p>\n<p><strong>Research in the\u00a0<a href=\"http:\/\/dedale.loria.fr\">Mosel-Veridis team <\/a> of <a href=\"http:\/\/www.loria.fr\">LORIA<\/a> <\/strong><\/p>\n<pre>  . Formal Specifications, Refinement\r\n  . Requirements and formal developments \r\n  . Links between Requirements and Specifications\r\n  . Verification and Validation during the Sotware Development Process\r\n  . Development Patterns<\/pre>\n<pre><strong>Administration\/Recherche <\/strong>\r\n  . Cr\u00e9ation et animation \u00e9quipe de recherche DEDALE, LORIA (1995-2009)\r\n  . Diff\u00e9rents projets\r\n    - nationaux (ANR SETIN'06 TACOS)\r\n    - internationaux (coop\u00e9ration franco-tusienne, franco-allemande, franco-belge)  \r\n    - europ\u00e9en (ESPRIT ICARUS)\r\n  . Animation scientifique de la recherche en informatique \r\n    - comit\u00e9 \u00e9ditorial de la revue TSI\r\n    - membre comit\u00e9 de programme d'ateliers AFADL depuis sa cr\u00e9ation en 1997\r\n    - relectrice pour les conf\u00e9rences du domaine\r\n    - membre de comit\u00e9s de programmes de diff\u00e9rentes conf\u00e9rences internationales\r\n  . Responsabilit\u00e9s et mandats nationaux ou r\u00e9gionaux\r\n    - Membre \u00e9lu Conseil Nationaux des Universit\u00e9s CNU 27\u00e8me section (2003-2006)\r\n    - Pr\u00e9sidence, puis VP CSE Universit\u00e9 Nancy 2, 27\u00e8me section (1998-2009)\r\n    - Membre nomm\u00e9 de la CSE de l'Universite de Franche-Comte, 27\u00e8me section (1998-2009) \r\n  . Responsabilit\u00e9s dans diff\u00e9rentes Agences Nationales (AeRes, ANR, ...)<\/pre>\n<pre><strong>Administration<\/strong>\r\n . Vice-pr\u00e9sidente du Conseil Scientifique Universit\u00e9 de Nancy2 (2006-2009) \r\n . Responsable D\u00e9partement de Formation Doctorale Informatique (2007-2009) \r\n . Aminatrice Comit\u00e9 R\u00e9gional des Ecoles Doctorales (2008-2009) \r\n . Directice UFR MI, Universit\u00e9 Nancy 2 (1994-1999) \r\n    - cr\u00e9ation de nouveaux dipl\u00f4mes (DU\/DESS\/Master2 II avec Belgique et Luxembourg)\r\n    - formations qualifiantes \r\n . Mise en place et responsabilit\u00e9 service campus du P\u00f4le Lorrain de gestion<\/pre>\n","protected":false},"excerpt":{"rendered":"<p>Emeritus Professor at the <a href=\"http:\/\/www.univ-lorraine.fr\/\">Universit\u00e9 de Lorraine<\/a><\/p>\n<p>Research in the\u00a0<a href=\"http:\/\/dedale.loria.fr\">Mosel-Veridis team <\/a> of <a href=\"http:\/\/www.loria.fr\">LORIA<\/a> <\/p>\n<p>  . Formal Specifications, Refinement<br \/>\n  . Requirements and formal developments<br \/>\n  . Links between Requirements and Specifications<br \/>\n  . Verification and Validation during the Sotware Development Process<br \/>\n  . Development Patterns<br \/>\nAdministration\/Recherche<br \/>\n  . Cr\u00e9ation et animation \u00e9quipe de recherche DEDALE, LORIA (1995-2009)<br \/>\n  . Diff\u00e9rents projets<br \/>\n    &#8211; nationaux (ANR SETIN&rsquo;06 TACOS)<br \/>\n    &#8211; internationaux (coop\u00e9ration franco-tusienne, franco-allemande, franco-belge)<br \/>\n    &#8211; europ\u00e9en (ESPRIT ICARUS)<br \/>\n  . Animation scientifique de la recherche en informatique<br \/>\n    &#8211; comit\u00e9 \u00e9ditorial de la revue TSI<br \/>\n    &#8211; membre comit\u00e9 de programme d&rsquo;ateliers AFADL depuis sa cr\u00e9ation en 1997<br \/>\n    &#8211; relectrice pour les conf\u00e9rences du domaine<br \/>\n    &#8211; membre de comit\u00e9s de programmes de diff\u00e9rentes conf\u00e9rences internationales<br \/>\n  . <\/p>\n","protected":false},"author":72,"featured_media":0,"parent":0,"menu_order":0,"comment_status":"closed","ping_status":"closed","template":"","meta":{"footnotes":""},"class_list":["post-10","page","type-page","status-publish","hentry"],"_links":{"self":[{"href":"https:\/\/members.loria.fr\/JSouquieres\/wp-json\/wp\/v2\/pages\/10","targetHints":{"allow":["GET"]}}],"collection":[{"href":"https:\/\/members.loria.fr\/JSouquieres\/wp-json\/wp\/v2\/pages"}],"about":[{"href":"https:\/\/members.loria.fr\/JSouquieres\/wp-json\/wp\/v2\/types\/page"}],"author":[{"embeddable":true,"href":"https:\/\/members.loria.fr\/JSouquieres\/wp-json\/wp\/v2\/users\/72"}],"replies":[{"embeddable":true,"href":"https:\/\/members.loria.fr\/JSouquieres\/wp-json\/wp\/v2\/comments?post=10"}],"version-history":[{"count":64,"href":"https:\/\/members.loria.fr\/JSouquieres\/wp-json\/wp\/v2\/pages\/10\/revisions"}],"predecessor-version":[{"id":551,"href":"https:\/\/members.loria.fr\/JSouquieres\/wp-json\/wp\/v2\/pages\/10\/revisions\/551"}],"wp:attachment":[{"href":"https:\/\/members.loria.fr\/JSouquieres\/wp-json\/wp\/v2\/media?parent=10"}],"curies":[{"name":"wp","href":"https:\/\/api.w.org\/{rel}","templated":true}]}}