{"id":10,"date":"2015-06-15T10:23:49","date_gmt":"2015-06-15T08:23:49","guid":{"rendered":"http:\/\/members.loria.fr\/thierrygartiser\/?page_id=10"},"modified":"2017-03-05T12:54:02","modified_gmt":"2017-03-05T10:54:02","slug":"cv","status":"publish","type":"page","link":"https:\/\/members.loria.fr\/JYMarion\/cv\/","title":{"rendered":"CV"},"content":{"rendered":"<ul>\n<li>Head of the computer science lab. of the University of Lorraine : <a href=\"http:\/\/www.loria.fr\" target=\"_blank\">LORIA<\/a><\/li>\n<li>Member of <a href=\"http:\/\/www.iufrance.fr\/\">Institut Universitaire de France<\/a><\/li>\n<li>Member of Comit\u00e9 de Pilotage Scientifique du D\u00e9fi 9 de l&#8217;ANR<\/li>\n<li>Member of C2IME (Commissariat d\u2019Investissement \u00e0 l\u2019Innovation et \u00e0 la Mobilisation Economique de la r\u00e9gion Lorraine)<\/li>\n<li>Member of CA of <a href=\"https:\/\/www.cecyf.fr\/\">CeCyf<\/a><\/li>\n<\/ul>\n<p>Jean-Yves Marion got a Ph.D.\u00a0 in Computer Science from Paris 7 University in 1991. He had a Post Doctoral Research position at Indiana University in 1992 and in 1993. From 1995 to 2002, he was Assistant Professor (ma\u00eetre de conf\u00e9rences) at Nancy 2 University (IUT Charlemagne in the computer science dept). He obtained an Habititation \u00e0 Diriger les Recherches in 2000. Since 2002, he is full professor at the Ecole Nationale Sup\u00e9rieure des Mines de Nancy (ENSMN). He is one of the co-founders of High Security Lab (LHS).<\/p>\n","protected":false},"excerpt":{"rendered":"<ul>\n<li>Head of the computer science lab. of the University of Lorraine : <a href=\"http:\/\/www.loria.fr\" target=\"_blank\">LORIA<\/a><\/li>\n<li>Member of <a href=\"http:\/\/www.iufrance.fr\/\">Institut Universitaire de France<\/a><\/li>\n<li>Member of Comit\u00e9 de Pilotage Scientifique du D\u00e9fi 9 de l&#8217;ANR<\/li>\n<li>Member of C2IME (Commissariat d\u2019Investissement \u00e0 l\u2019Innovation et \u00e0 la Mobilisation Economique de la r\u00e9gion Lorraine)<\/li>\n<li>Member of CA of <a href=\"https:\/\/www.cecyf.fr\/\">CeCyf<\/a><\/li>\n<\/ul>\n<p>Jean-Yves Marion got a Ph.D.\u00a0 in Computer Science from Paris 7 University in 1991. He had a Post Doctoral Research position at Indiana University in 1992 and in 1993. From 1995 to 2002,<\/p>\n","protected":false},"author":5,"featured_media":0,"parent":0,"menu_order":0,"comment_status":"closed","ping_status":"closed","template":"","meta":{"footnotes":""},"class_list":["post-10","page","type-page","status-publish","hentry"],"_links":{"self":[{"href":"https:\/\/members.loria.fr\/JYMarion\/wp-json\/wp\/v2\/pages\/10","targetHints":{"allow":["GET"]}}],"collection":[{"href":"https:\/\/members.loria.fr\/JYMarion\/wp-json\/wp\/v2\/pages"}],"about":[{"href":"https:\/\/members.loria.fr\/JYMarion\/wp-json\/wp\/v2\/types\/page"}],"author":[{"embeddable":true,"href":"https:\/\/members.loria.fr\/JYMarion\/wp-json\/wp\/v2\/users\/5"}],"replies":[{"embeddable":true,"href":"https:\/\/members.loria.fr\/JYMarion\/wp-json\/wp\/v2\/comments?post=10"}],"version-history":[{"count":52,"href":"https:\/\/members.loria.fr\/JYMarion\/wp-json\/wp\/v2\/pages\/10\/revisions"}],"predecessor-version":[{"id":368,"href":"https:\/\/members.loria.fr\/JYMarion\/wp-json\/wp\/v2\/pages\/10\/revisions\/368"}],"wp:attachment":[{"href":"https:\/\/members.loria.fr\/JYMarion\/wp-json\/wp\/v2\/media?parent=10"}],"curies":[{"name":"wp","href":"https:\/\/api.w.org\/{rel}","templated":true}]}}