{"id":22,"date":"2015-06-15T11:01:33","date_gmt":"2015-06-15T09:01:33","guid":{"rendered":"http:\/\/members.loria.fr\/thierrygartiser\/?page_id=22"},"modified":"2022-04-12T17:50:12","modified_gmt":"2022-04-12T15:50:12","slug":"projets","status":"publish","type":"page","link":"https:\/\/members.loria.fr\/KBenali\/projets\/","title":{"rendered":"Activit\u00e9s de transfert"},"content":{"rendered":"<div id=\"Projets\">\n<p><a id=\"Projets\" name=\"Projets\"><\/a><br \/>\nJ&rsquo;ai particip\u00e9 \u00e0 plusieurs projets de recherches\/d\u00e9veloppements \u201cindustriels\u201d ou de transfert.<\/p>\n<div class=\"vspace\"><\/div>\n<ul>\n<li>ALF (projet Esprit I) (1987-1991)<br \/>\nCe projet Europ\u00e9en, auquel j&rsquo;ai particip\u00e9, dans le cadre de ma th\u00e8se d&rsquo;universit\u00e9, avait pour objectif de construire un Atelier de G\u00e9nie Logiciel de 3\u00e8me G\u00e9n\u00e9ration. L&rsquo;objectif pr\u00e9cis \u00e9tait la conception et la r\u00e9alisation d&rsquo;une structure d&rsquo;accueil permettant le d\u00e9veloppement d&rsquo;Ateliers de G\u00e9nie Logiciel \u00e0 capacit\u00e9s d&rsquo;initiative. Pour ce faire, une nouvelle g\u00e9n\u00e9ration d&rsquo;interfaces compatibles avec PCTE a \u00e9t\u00e9 propos\u00e9e. Les participants au projet \u00e9taient le GIE Emeraude regroupant Bull, Eurosoft et Syseca (Paris, France), CIG-INTERSYS S.A. (Bruxelles, Belgique), Computer Technologies Co.-CTC (Ath\u00e8nes, Gr\u00e8ce), Grupo de Mec\u00e1nica del Vuelo, S.A. (Madrid, Espagne), International Computers Limited (Reading, Grande Bretagne), l&rsquo;universit\u00e9 de Nancy-CRIN (Nancy, France), l&rsquo;universit\u00e9 de Dortmund-Informatik X (Dortmund, RFA), Cerilor (Nancy, France), l&rsquo;universit\u00e9 Catholique de Louvain (Louvain-la-Neuve, Belgique), et l&rsquo;universit\u00e9 de Dijon-CRID (Dijon, France). Ma participation au projet \u00e9tait importante dans la mesure o\u00f9 ma th\u00e8se a \u00e9t\u00e9 r\u00e9alis\u00e9e dans ce cadre et ma derni\u00e8re ann\u00e9e de th\u00e8se a \u00e9t\u00e9 financ\u00e9 directement par ce projet. J&rsquo;ai publi\u00e9s de nombreux articles dans ce cadre.<\/p>\n<div class=\"vspace\"><\/div>\n<\/li>\n<li>Cocao (projet CTI-CNET) (1998-2001)<br \/>\nMa participation \u00e0 ce projet Fran\u00e7ais impliquant le CNET, le LORIA et le CRAI (Centre de Recherche en Architecture et Ing\u00e9nierie) de Nancy, a concern\u00e9 la premi\u00e8re ann\u00e9e du projet et plus particuli\u00e8rement l&rsquo;analyse des usages en vigueur pour les projets architecturaux n\u00e9cessitant une coop\u00e9ration entre les diff\u00e9rents acteurs du domaine. Cette participation a donn\u00e9 lieu \u00e0 deux articles que j&rsquo;ai \u00e9crits avec des chercheurs du CRAI.<\/p>\n<div class=\"vspace\"><\/div>\n<\/li>\n<li>MTI (Management Territorial Interactif) (2000-2001)<br \/>\nCe projet Nanc\u00e9ien \u00e9tait port\u00e9 par des gestionnaires du GREFIGE (Groupe de Recherche en Economie Financi\u00e8re et Gestion des Entreprises), laboratoire de recherche du P\u00f4le Lorrain de Gestion (Universit\u00e9 Nancy 2) et concernait l&rsquo;introduction des NTI et l&rsquo;impact de celles-ci dans le Management Territorial. Mon r\u00f4le \u00e9tait celui de \u201cl&rsquo;expert informaticien\u201d. Ma participation m&rsquo;a permis d&rsquo;appr\u00e9hender la vision des gestionnaires et des chercheurs en gestion sur les Syst\u00e8mes d&rsquo;Information.<\/p>\n<div class=\"vspace\"><\/div>\n<\/li>\n<li>UEML (Projet IST) (2002-2003)<br \/>\nL&rsquo;objectif du projet Europ\u00e9en UEML \u00e9tait la cr\u00e9ation d&rsquo;un Langage Unifi\u00e9 de Mod\u00e9lisation d&rsquo;Enterprise afin de faciliter l&rsquo;interop\u00e9rabilit\u00e9 entre syst\u00e8mes de mod\u00e9lisation d&rsquo;entreprises et, de l\u00e0, l&rsquo;interoperabilit\u00e9 entre entrepises. UEML regroupait huit partenaires en provenance du monde de la recherche et de l&rsquo;industrie : Computas (Norv\u00e8ge), Graisoft (France), CIMOSA (Allemagne), IPK (Fraunhofer Institute for Production Systems and Design Technology &#8211; Allemagne), le LORIA (France), l&rsquo;universit\u00e9 de Namur (Belgique), l&rsquo;universit\u00e9 de Turin (Italie) et l&rsquo;universit\u00e9 polytechnique de Valencia (Espagne). Ma participation a principalement port\u00e9 sur l&rsquo;\u00e9tat de l&rsquo;art en mod\u00e9lisation de syst\u00e8mes et sur la d\u00e9finition des constructeurs de base du langage vis\u00e9, ces constructeurs de base ayant \u00e9t\u00e9 d\u00e9duit d&rsquo;une m\u00e9ta-mod\u00e9lisation des mod\u00e8les sous-hacents aux trois outils de mod\u00e9lisation utilis\u00e9s dans le cadre du projet. J&rsquo;ai publi\u00e9 un aricle proposant une synth\u00e8se de mes activit\u00e9s de recherche dans le cadre de ce projet.<\/p>\n<div class=\"vspace\"><\/div>\n<\/li>\n<li>INTEROP (R\u00e9seau d&rsquo;Excellence Europ\u00e9en) (2003 &#8211; 2007)<br \/>\nLe projet UEML a donn\u00e9 lieu \u00e0 une \u201csuite\u201d sous la forme d\u2019un R\u00e9seau d\u2019excellence Europ\u00e9en (NoE ou \u201cNetwork of Excellence\u201d) autour de l\u2019interoperabilit\u00e9 dans le cadre du 6\u00e8me PCRD europ\u00e9en (sixth framework programme (FP6)) J\u2019ai particip\u00e9 au travail dans plusieurs \u201cWork Packages\u201d (WP) et j\u2019ai \u00e9t\u00e9, par ailleurs, co-responsable d\u2019une t\u00e2che dans un WP, tout au long du projet. Le travail dans ce WP avait pour but la r\u00e9alisation d\u2019une carte de connaissances des recherches \u201ccommunes\u201d au sein d\u2019INTEROP (\u201cKnowledge map for Enterprise Modelling, Ontology, Architecture and Platform for interoperability researches inside INTEROP\u201d). Outre cette implication dans ce WP, ma participation \u00e0 INTEROP a \u00e9t\u00e9 constante et effective.<\/li>\n<\/ul>\n<p class=\"vspace\">Tous ces projets ont \u00e9t\u00e9 l&rsquo;occasion de Recherche\/D\u00e9veloppement et ont donn\u00e9 lieu \u00e0 de nombreux rapports et \u00e0 des publications.<\/p>\n<p class=\"vspace\"><a class=\"urllink\" href=\"http:\/\/members.loria.fr\/KBenali\/projets\" rel=\"nofollow\">Retour au d\u00e9but<\/a><\/p>\n<\/div>\n","protected":false},"excerpt":{"rendered":"<p><a id=\"Projets\" name=\"Projets\"><\/a><br \/>\nJ&rsquo;ai particip\u00e9 \u00e0 plusieurs projets de recherches\/d\u00e9veloppements \u201cindustriels\u201d ou de transfert.<\/p>\n<ul>\n<li>ALF (projet Esprit I) (1987-1991)<br \/>\nCe projet Europ\u00e9en, auquel j&rsquo;ai particip\u00e9, dans le cadre de ma th\u00e8se d&rsquo;universit\u00e9, avait pour objectif de construire un Atelier de G\u00e9nie Logiciel de 3\u00e8me G\u00e9n\u00e9ration. L&rsquo;objectif pr\u00e9cis \u00e9tait la conception et la r\u00e9alisation d&rsquo;une structure d&rsquo;accueil permettant le d\u00e9veloppement d&rsquo;Ateliers de G\u00e9nie Logiciel \u00e0 capacit\u00e9s d&rsquo;initiative. Pour ce faire, une nouvelle g\u00e9n\u00e9ration d&rsquo;interfaces compatibles avec PCTE a \u00e9t\u00e9 propos\u00e9e. Les participants au projet \u00e9taient le GIE Emeraude regroupant Bull, Eurosoft et Syseca (Paris, France), CIG-INTERSYS S.A.<\/li>\n<\/ul>\n","protected":false},"author":5,"featured_media":0,"parent":0,"menu_order":0,"comment_status":"closed","ping_status":"closed","template":"page-fullwidth.php","meta":{"footnotes":""},"class_list":["post-22","page","type-page","status-publish","hentry"],"_links":{"self":[{"href":"https:\/\/members.loria.fr\/KBenali\/wp-json\/wp\/v2\/pages\/22","targetHints":{"allow":["GET"]}}],"collection":[{"href":"https:\/\/members.loria.fr\/KBenali\/wp-json\/wp\/v2\/pages"}],"about":[{"href":"https:\/\/members.loria.fr\/KBenali\/wp-json\/wp\/v2\/types\/page"}],"author":[{"embeddable":true,"href":"https:\/\/members.loria.fr\/KBenali\/wp-json\/wp\/v2\/users\/5"}],"replies":[{"embeddable":true,"href":"https:\/\/members.loria.fr\/KBenali\/wp-json\/wp\/v2\/comments?post=22"}],"version-history":[{"count":11,"href":"https:\/\/members.loria.fr\/KBenali\/wp-json\/wp\/v2\/pages\/22\/revisions"}],"predecessor-version":[{"id":555,"href":"https:\/\/members.loria.fr\/KBenali\/wp-json\/wp\/v2\/pages\/22\/revisions\/555"}],"wp:attachment":[{"href":"https:\/\/members.loria.fr\/KBenali\/wp-json\/wp\/v2\/media?parent=22"}],"curies":[{"name":"wp","href":"https:\/\/api.w.org\/{rel}","templated":true}]}}