{"id":50,"date":"2015-06-16T13:21:42","date_gmt":"2015-06-16T11:21:42","guid":{"rendered":"http:\/\/members.loria.fr\/thierrygartiser\/?page_id=50"},"modified":"2022-07-01T19:23:25","modified_gmt":"2022-07-01T17:23:25","slug":"enseignement","status":"publish","type":"page","link":"https:\/\/members.loria.fr\/KBenali\/enseignement\/","title":{"rendered":"Enseignement"},"content":{"rendered":"<div id=\"Enseignement\">\n<p><a id=\"Enseignement\" name=\"Enseignement\"><\/a><\/p>\n<p class=\"vspace\">J&rsquo;enseigne au sein de <a class=\"urllink\" href=\"https:\/\/idmc.univ-lorraine.fr\/\" rel=\"nofollow\">l&rsquo;Institut des sciences du Digital, Management &amp; Cognition<\/a> de <a class=\"urllink\" href=\"http:\/\/www.univ-lorraine.fr\/\" rel=\"nofollow\">l&rsquo;Universit\u00e9 de Lorraine<\/a>.<br \/>\nJe cite, ci-apr\u00e8s, les cours donn\u00e9s \u00e0 l&rsquo;universit\u00e9 de Metz o\u00f9 j&rsquo;ai \u00e9t\u00e9 en poste d&rsquo;octobre 1990 \u00e0 ao\u00fbt 1997, puis \u00e0 l&rsquo;universit\u00e9 Nancy 2 o\u00f9 je suis en poste depuis septembre 97. Les universit\u00e9s lorraines (les 3 universit\u00e9s de Nancy et celle de Metz) ont maintenant fusionn\u00e9 en une universit\u00e9 unique : l&rsquo;Universit\u00e9 de Lorraine. Mes interventions ont vari\u00e9 du cours magistral pour premier cycle, en amphith\u00e9\u00e2tre, au cours sp\u00e9cialis\u00e9 de troisi\u00e8me cycle devant un groupe restreint d&rsquo;\u00e9tudiant. Mes domaines d&rsquo;intervention ont aussi \u00e9t\u00e9 nombreux et vari\u00e9s : du cours d&rsquo;initiation \u00e0 l&rsquo;algorithmique au cours sur les architectures des Syst\u00e8mes d&rsquo;Information Distribu\u00e9s et les techniques de distribution des syst\u00e8mes.<br \/>\nIl est \u00e0 noter, par ailleurs, que la plupart des enseignements que j&rsquo;ai r\u00e9alis\u00e9s ont \u00e9t\u00e9 des cr\u00e9ations (Applications Distribu\u00e9es, Analyse et Conception Orient\u00e9es Objet en UML, Informatique Appliqu\u00e9e,&#8230;). C&rsquo;est \u00e0 dire qu&rsquo;il a fallu les penser, les d\u00e9crire, \u00ab\u00a0monter\u00a0\u00bb l&rsquo;enseignement de toutes pi\u00e8ces et faire un polycopi\u00e9.<br \/>\nDans le descriptif suivant, je liste les cours effectu\u00e9s et le public vis\u00e9, avec, entre parenth\u00e8ses, le volume horaire en cours magistral suivi du volume horaire en travaux dirig\u00e9s effectu\u00e9s. Je garde l\u2019ancien intitul\u00e9 de DEUG, licence, ma\u00eetrise, DESS ou DEA quand les cours correspondent \u00e0 des cours faits avant le passage au LMD. Un symbole \u2295 indique les cours que je fais actuellement.<\/p>\n<p>&nbsp;<\/p>\n<div class=\"vspace\"><\/div>\n<div><a class=\"urllink\" href=\"https:\/\/www.visual-paradigm.com\/\" rel=\"nofollow\"><img decoding=\"async\" title=\"\" src=\"https:\/\/images.visual-paradigm.com\/images\/media\/product\/vp_logo.gif\" alt=\"\" \/><\/a><\/div>\n<p><a href=\"https:\/\/www.visual-paradigm.com\/\" target=\"_blank\" rel=\"noopener noreferrer\">Visual Paradigm<\/a> provides <a href=\"https:\/\/www.visual-paradigm.com\/partner\/academic\/\" target=\"_blank\" rel=\"noopener noreferrer\">academic license<\/a> of their <a href=\"https:\/\/www.visual-paradigm.com\/features\/uml-and-sysml-tools\/\" target=\"_blank\" rel=\"noopener noreferrer\">UML tools<\/a>, <a href=\"https:\/\/www.visual-paradigm.com\/features\/bpmn-diagram-and-tools\/\" target=\"_blank\" rel=\"noopener noreferrer\">BPMN tools<\/a> and agile development tools (<a href=\"https:\/\/www.visual-paradigm.com\/features\/agile-development-tools\/#user-story-map\" target=\"_blank\" rel=\"noopener noreferrer\">story mapping<\/a>) to students and lecturers of Universit\u00e9 Nancy 2.<\/p>\n<div class=\"vspace\"><\/div>\n<h1>Master<\/h1>\n<ul>\n<li>Analyse et conception orient\u00e9es objet<br \/>\nCours et TD en ma\u00eetrise d&rsquo;informatique de Metz (15+12 heures)<\/li>\n<li>Conception de SI en utilisant une approche objet et UML<br \/>\nTD en Master 1 MIAGE de Nancy 2 (24 heures)<\/li>\n<li>Conception et programmation objets (C++)<br \/>\nCours en cycle C du CNAM des universit\u00e9s de Nancy (26 heures)<\/li>\n<li>Conception objet (partie du module Bases de Donn\u00e9es Orient\u00e9es Objet)<br \/>\nCours et TD en DESS informatique de Nancy 1 et ESIAL 3 (6+9 heures)<\/li>\n<li>R\u00e9seaux et Syst\u00e8mes d&rsquo;Information.<br \/>\nCours en DESS ACSI de Nancy 2 (20 heures)<\/li>\n<li>Mod\u00e8le de Transactions exotique pour la CAO (partie du module Bases de Donn\u00e9es pour le G\u00e9nie Logiciel)<br \/>\nCours en DEA informatique de Nancy (6 heures)<\/li>\n<li>Interop\u00e9rabilit\u00e9 des Syst\u00e8mes d&rsquo;Entreprises<br \/>\nCours en Master 2 Recherche en informatique et Master IS de Nancy (je fais 4 heures de CM dans le cadre de ce cours)<\/li>\n<li>Les outils du travail coop\u00e9ratif et la coh\u00e9rence des donn\u00e9es coop\u00e9ratives (partie d&rsquo;un module faisant intervenir des \u201cexperts\u201d ext\u00e9rieurs)<br \/>\nCours en Master 2 Recherche en informatique (RACOR) de Troyes (4 heures)<\/li>\n<li>Projets industriels.<br \/>\nEncadrement en sp\u00e9cialit\u00e9 IISE du Master INE de l&rsquo;UHP-Nancy 1 et Nancy 2 (15h)<\/li>\n<li>\u2295 Analyse et conception orient\u00e9es objet en UML<br \/>\nCours et TD Master 1 MIAGE de l&rsquo;Universt\u00e9 de Lorraine (32+10 heures)<\/li>\n<li>\u2295 Applications Distribu\u00e9es.<br \/>\nCours et TD en sp\u00e9cialit\u00e9 SID du Master <span class=\"wikiword\">MIAGE<\/span> de l&rsquo;Universt\u00e9 de Lorraine (20+10 heures)<\/li>\n<li>\u2295 M\u00e9thodes de Conception Orient\u00e9es Objets et Patrons.<br \/>\nCours et TD en sp\u00e9cialit\u00e9s SID et ACSI du Master <span class=\"wikiword\">MIAGE de<\/span> l&rsquo;Universt\u00e9 de Lorraine (20+10 heures)<\/li>\n<li>\u2295 Mise en \u0153uvre de cas industriels.<br \/>\nR\u00e9solution de probl\u00e8mes concrets soumis par des entreprises ou laboratoires en sp\u00e9cialit\u00e9 SID du Master <span class=\"wikiword\">MIAGe<\/span> de l&rsquo;Universt\u00e9 de Lorraine (15h)<\/li>\n<li>\u2295 Projets bibliographique et d&rsquo;application.<br \/>\nEncadrement en sp\u00e9cialit\u00e9 ACSI du Master <span class=\"wikiword\">MIAGE<\/span> de l&rsquo;Universt\u00e9 de Lorraine (20h)<\/li>\n<\/ul>\n<div class=\"vspace\"><\/div>\n<h1>Licence<\/h1>\n<ul>\n<li>Initiation \u00e0 l&rsquo;algorithmique et \u00e0 la programmation<br \/>\nCours et TD en 1\u00e8re ann\u00e9e du DEUG SV (Sciences de la Vie) de Metz (16+24 heures)<\/li>\n<li>Informatique Appliqu\u00e9e : Architecture d&rsquo;un ordinateur et assembleur, R\u00e9seau, Base de donn\u00e9es, Intelligence artificielle.<br \/>\nCours et TD en 2\u00e8me ann\u00e9e du DEUG MIAS (Math\u00e9matiques, Informatique et Applications aux Sciences) de Metz (18+30 heures)<br \/>\nJ&rsquo;avais propos\u00e9 et mont\u00e9 ce cours d&rsquo;ouverture comme un \u201cproduit d&rsquo;appel\u201d pour la Licence d&rsquo;Informatique dont j&rsquo;\u00e9tais responsable.<\/li>\n<li>Outils de Base.<br \/>\nCours et TD en 1\u00e8re ann\u00e9e du DEUG MISASHS (Math\u00e9matiques, Informatique, Statistiques Appliqu\u00e9es aux Sciences Humaines et Sociales) de Nancy 2 (25 heures)<\/li>\n<li>Initiation \u00e0 l&rsquo;algorithmique et \u00e0 la programmation<br \/>\nCours et TD en 1\u00e8re ann\u00e9e du DEUG MISASHS de Nancy 2 (50 heures)<\/li>\n<li>Architecture des ordinateurs<br \/>\nCours et TD en licence d&rsquo;informatique de Metz (24+36 heures)<\/li>\n<li>Programmation en C<br \/>\nCours et TD en 2\u00e8me ann\u00e9e de l&rsquo;IUP-MIAGE de Nancy 2 (10+20 heures)<\/li>\n<\/ul>\n<p class=\"vspace\"><a class=\"urllink\" href=\"http:\/\/members.loria.fr\/KBenali\/enseignement\" rel=\"nofollow\">Retour au d\u00e9but<\/a><\/p>\n<\/div>\n","protected":false},"excerpt":{"rendered":"<p><a id=\"Enseignement\" name=\"Enseignement\"><\/a><\/p>\n<p class=\"vspace\">J&rsquo;enseigne au sein de <a class=\"urllink\" href=\"https:\/\/idmc.univ-lorraine.fr\/\" rel=\"nofollow\">l&rsquo;Institut des sciences du Digital, Management &amp; Cognition<\/a> de <a class=\"urllink\" href=\"http:\/\/www.univ-lorraine.fr\/\" rel=\"nofollow\">l&rsquo;Universit\u00e9 de Lorraine<\/a>.<br \/>\nJe cite, ci-apr\u00e8s, les cours donn\u00e9s \u00e0 l&rsquo;universit\u00e9 de Metz o\u00f9 j&rsquo;ai \u00e9t\u00e9 en poste d&rsquo;octobre 1990 \u00e0 ao\u00fbt 1997, puis \u00e0 l&rsquo;universit\u00e9 Nancy 2 o\u00f9 je suis en poste depuis septembre 97. Les universit\u00e9s lorraines (les 3 universit\u00e9s de Nancy et celle de Metz) ont maintenant fusionn\u00e9 en une universit\u00e9 unique : l&rsquo;Universit\u00e9 de Lorraine. Mes interventions ont vari\u00e9 du cours magistral pour premier cycle, en amphith\u00e9\u00e2tre, au cours sp\u00e9cialis\u00e9 de troisi\u00e8me cycle devant un groupe restreint d&rsquo;\u00e9tudiant.<\/p>\n","protected":false},"author":5,"featured_media":0,"parent":0,"menu_order":0,"comment_status":"closed","ping_status":"closed","template":"","meta":{"footnotes":""},"class_list":["post-50","page","type-page","status-publish","hentry"],"_links":{"self":[{"href":"https:\/\/members.loria.fr\/KBenali\/wp-json\/wp\/v2\/pages\/50","targetHints":{"allow":["GET"]}}],"collection":[{"href":"https:\/\/members.loria.fr\/KBenali\/wp-json\/wp\/v2\/pages"}],"about":[{"href":"https:\/\/members.loria.fr\/KBenali\/wp-json\/wp\/v2\/types\/page"}],"author":[{"embeddable":true,"href":"https:\/\/members.loria.fr\/KBenali\/wp-json\/wp\/v2\/users\/5"}],"replies":[{"embeddable":true,"href":"https:\/\/members.loria.fr\/KBenali\/wp-json\/wp\/v2\/comments?post=50"}],"version-history":[{"count":38,"href":"https:\/\/members.loria.fr\/KBenali\/wp-json\/wp\/v2\/pages\/50\/revisions"}],"predecessor-version":[{"id":558,"href":"https:\/\/members.loria.fr\/KBenali\/wp-json\/wp\/v2\/pages\/50\/revisions\/558"}],"wp:attachment":[{"href":"https:\/\/members.loria.fr\/KBenali\/wp-json\/wp\/v2\/media?parent=50"}],"curies":[{"name":"wp","href":"https:\/\/api.w.org\/{rel}","templated":true}]}}