{"id":22,"date":"2015-06-15T11:01:33","date_gmt":"2015-06-15T09:01:33","guid":{"rendered":"http:\/\/members.loria.fr\/thierrygartiser\/?page_id=22"},"modified":"2023-12-15T11:37:45","modified_gmt":"2023-12-15T09:37:45","slug":"projets","status":"publish","type":"page","link":"https:\/\/members.loria.fr\/KFort\/projets\/","title":{"rendered":"Projects"},"content":{"rendered":"<p><img loading=\"lazy\" decoding=\"async\" class=\"aligncenter wp-image-872 size-full\" src=\"http:\/\/members.loria.fr\/KFort\/wp-content\/blogs.dir\/221\/files\/sites\/221\/2023\/12\/Projets.png\" alt=\"\" width=\"909\" height=\"438\" srcset=\"https:\/\/members.loria.fr\/KFort\/wp-content\/blogs.dir\/221\/files\/sites\/221\/2023\/12\/Projets.png 909w, https:\/\/members.loria.fr\/KFort\/wp-content\/blogs.dir\/221\/files\/sites\/221\/2023\/12\/Projets-300x145.png 300w, https:\/\/members.loria.fr\/KFort\/wp-content\/blogs.dir\/221\/files\/sites\/221\/2023\/12\/Projets-768x370.png 768w\" sizes=\"auto, (max-width: 909px) 100vw, 909px\" \/><\/p>\n<h2>Recent projects<\/h2>\n<ul>\n<li>2023 &#8212; 2027: PI of the ANR project<a href=\"https:\/\/anr-inextenso.loria.fr\/\"> Intrinsic and Extrinsic evaluation of biases in large language models<\/a> (InExtenso), with LISN-CNRS and CHU de Rouen.<\/li>\n<li>2021 &#8212; 2025: ANR project <a href=\"https:\/\/codeine.lisn.upsaclay.fr\">artificial text COrpus DEsIgNed Ethically : automatic synthesis of clinical document<\/a> (CODEINE), with Aur\u00e9lie N\u00e9v\u00e9l (PI, LIMSI-CNRS), Olivier Ferret (CEA) et al.<\/li>\n<li>2024 &#8211;: PI of the GDR LIFT 2 (Linguistique Informatique, Formelle et de Terrain).<\/li>\n<li>2020 &#8212; 2023: European project ICT-38-2020 \u00ab\u00a0Artificial Intelligence for Manufacturing\u00a0\u00bb, <a href=\"https:\/\/www.loria.fr\/fr\/ai-proficient-lintelligence-artificielle-par-et-pour-lhumain-au-coeur-de-lindustrie-manufacturiere-du-futur\/\">AI-PROFICIENT<\/a>.<\/li>\n<li>2020 &#8212; 2024: <a href=\"http:\/\/www.cost.eu\/COST_Actions\/ca\/CA19102\">Language In The Human-Machine Era<\/a> (LITHME) COST action, Management Committee member for France.<\/li>\n<\/ul>\n<h2>Older projects<\/h2>\n<ul>\n<li>2019 &#8212; 2021: Sorbonne Universit\u00e9 \u00c9mergence project CAMARADERIE (Idex SUPER), with M. Avanzi (PI, Sorbonne Universit\u00e9), A. Thibault (Sorbonne Universit\u00e9) and N. Obin (IRCAM). <em>Prolonged<\/em>.<\/li>\n<li>2019 &#8212; 2021: Sorbonne Universit\u00e9 \u00c9mergence project MEMES with A. Gautier (PI, Sorbonne Universit\u00e9), G. Lejeune (Sorbonne Universit\u00e9) and G. Sioufi (Sorbonne Universit\u00e9). <em>Prolonged.<\/em><\/li>\n<li>2016 &#8212; 2021: <a href=\"https:\/\/enetcollect.eurac.edu\/\">European Network for Combining Language Learning with Crowdsourcing Techniques<\/a> (enetCollect) COST action, Management Committee member for France and leader of WG 5 \u00ab\u00a0Application-oriented specifications for an ethical, legal and profitable solution\u00a0\u00bb. <em>Prolonged<\/em>.<\/li>\n<li>2019 &#8212; : GDR <a href=\"https:\/\/gdr-lift.loria.fr\/\">LIFT<\/a> (Linguistique Informatique, Formelle et de Terrain), co-chair (with G. Wisniewski) of the axis 2: Linguistique et \u00e9valuation des syst\u00e8mes de traitement automatique des langues.<\/li>\n<li>2018 &#8212; 2020 :\u00a0 <a href=\"https:\/\/www.science-ensemble.org\/\">Science Ensemble<\/a> portal on citizen science (Sorbonne Universit\u00e9).<\/li>\n<li>2018 &#8212; 2019: Particip-Arc (Recherches participatives culturelles) project: laur\u00e9at de l\u2019appel \u00e0 manifestation d\u2019int\u00e9r\u00eat 2017 du minist\u00e8re de la Culture \u00ab\u00a0Atelier recherche culturelle et sciences participatives\u00a0\u00bb.<\/li>\n<li>2017 &#8212; 2018: \u00ab Langues et num\u00e9rique \u00bb project (Minist\u00e8re de la culture) PLURAL (Production LUdique de Ressources Annot\u00e9es pour les Langues de France), with B. Guillaume (PI, Loria), A. Millour (Sorbonne Universit\u00e9), D. Bernhard (LiLPa) et A. Thibault (Sorbonne Universit\u00e9).<\/li>\n<li>2015 &#8212; 2017: ADT Inria (engineer), with B. Guillaume (Loria): developement of <a href=\"http:\/\/www.zombilingo.org\" target=\"_blank\" rel=\"noopener noreferrer\">ZombiLingo<\/a>.<\/li>\n<li>2016: <a href=\"https:\/\/www.facebook.com\/latelierdessciencesparticipatives\" target=\"_blank\" rel=\"noopener noreferrer\">L&rsquo;atelier des sciences participatives<\/a> (citizen science workshop) project, Sorbonne Universit\u00e9s (Idex SUPER &#8211; SU-15-VE-DIFF-02), with R. Julliard (MNHN).<\/li>\n<li>2015 &#8212; 2016: Ministry of Culture (DGLFLF) project <a href=\"http:\/\/www.zombilingo.org\" target=\"_blank\" rel=\"noopener noreferrer\">ZombiLingo<\/a> 2: improving the prototype of the GWAP ZombiLingo, with B. Guillaume (PI, Loria).<\/li>\n<li>2014 &#8212; 2015: Ministry of Culture (DGLFLF) project <a href=\"http:\/\/www.zombilingo.org\" target=\"_blank\" rel=\"noopener noreferrer\">ZombiLingo<\/a> (PI): developing a prototype of the GWAP ZombiLingo, with B. Guillaume (Loria).<\/li>\n<li>2013 &#8212; 2015: MSH-Lorraine and Projet Exploratoire Premier Soutien (PEPS) HuMaIn (2013) projects <a href=\"http:\/\/webloria.loria.fr\/~amblard\/SLAM\/index.php\" target=\"_blank\" rel=\"noopener noreferrer\">SLAM<\/a> (Schizophr\u00e9nie et Langage : Analyse et Mod\u00e9lisation : mise en avant d&rsquo;usage non standard dans la construction du discours chez les schizophr\u00e8nes), with M. Amblard (Univ. de Lorraine, Loria).<\/li>\n<li>2008 &#8212; 2012: German-French project <a href=\"http:\/\/www.quaero.org\" target=\"_blank\" rel=\"noopener noreferrer\">Qu\u00e6ro<\/a> (PhD).<\/li>\n<li>2006 &#8212; 2007: <a href=\"http:\/\/lexsynt.inria.fr\/index.php\" target=\"_blank\" rel=\"noopener noreferrer\">LexSynt<\/a> (Lexiques Syntaxiques et interface lexique-grammaire) project, financed by ILF (Institut de la Langue Fran\u00e7aise).<\/li>\n<li>2007 &#8212; 2009: BDSyn (Base de donn\u00e9es pour la maintenance et la validation de lexiques syntaxiques) project of CPER TALC, LORIA, Nancy.<\/li>\n<li>2003 &#8212; 2005: in charge for Temis of the Technolangue EVALDA CESART (Campagne d&rsquo;Evaluation de Syst\u00e8mes d&rsquo;Acquisition de Ressources Terminologiques) evaluation campaign.<\/li>\n<li>2003: in charge for Temis of the Technolangue EVALDA CESTA (Campagne d&rsquo;Evaluation de Syst\u00e8mes de Traduction Automatique) evaluation campaign.<\/li>\n<li>2000: CLIPS (now <a href=\"http:\/\/lig.imag.fr\/\" target=\"_blank\" rel=\"noopener noreferrer\">LIG<\/a>), \u00e9quipe GETA (now <a href=\"http:\/\/getalp.imag.fr\/\" target=\"_blank\" rel=\"noopener noreferrer\">GETALP<\/a>): participation to the CORDIS <a href=\"http:\/\/nespole.itc.it\/\" target=\"_blank\" rel=\"noopener noreferrer\">NESPOLE!<\/a> (Negociating through Spoken Language in E-commerce) project.<\/li>\n<li>1998 &#8212; 1999: CLIPS (now <a href=\"http:\/\/lig.imag.fr\/\" target=\"_blank\" rel=\"noopener noreferrer\">LIG<\/a>), \u00e9quipe GETA (now <a href=\"http:\/\/getalp.imag.fr\/\" target=\"_blank\" rel=\"noopener noreferrer\">GETALP<\/a>): participation to the <a href=\"http:\/\/www-clips.imag.fr\/projets\/unl\/\" target=\"_blank\" rel=\"noopener noreferrer\">UNL<\/a> (Universal Networking Language) project for the UN University.<\/li>\n<\/ul>\n<ul>\n<li style=\"list-style-type: none\"><\/li>\n<\/ul>\n<ul>\n<li style=\"list-style-type: none\"><\/li>\n<\/ul>\n<ul>\n<li style=\"list-style-type: none\"><\/li>\n<\/ul>\n<ul>\n<li style=\"list-style-type: none\"><\/li>\n<\/ul>\n<ul>\n<li style=\"list-style-type: none\"><\/li>\n<\/ul>\n<ul>\n<li style=\"list-style-type: none\"><\/li>\n<\/ul>\n","protected":false},"excerpt":{"rendered":"<p><img loading=\"lazy\" decoding=\"async\" class=\"aligncenter wp-image-872 size-full\" src=\"http:\/\/members.loria.fr\/KFort\/wp-content\/blogs.dir\/221\/files\/sites\/221\/2023\/12\/Projets.png\" alt=\"\" width=\"909\" height=\"438\" srcset=\"https:\/\/members.loria.fr\/KFort\/wp-content\/blogs.dir\/221\/files\/sites\/221\/2023\/12\/Projets.png 909w, https:\/\/members.loria.fr\/KFort\/wp-content\/blogs.dir\/221\/files\/sites\/221\/2023\/12\/Projets-300x145.png 300w, https:\/\/members.loria.fr\/KFort\/wp-content\/blogs.dir\/221\/files\/sites\/221\/2023\/12\/Projets-768x370.png 768w\" sizes=\"auto, (max-width: 909px) 100vw, 909px\" \/><\/p>\n<p>Recent projects<\/p>\n<ul>\n<li>2023 &#8212; 2027: PI of the ANR project<a href=\"https:\/\/anr-inextenso.loria.fr\/\"> Intrinsic and Extrinsic evaluation of biases in large language models<\/a> (InExtenso), with LISN-CNRS and CHU de Rouen.<\/li>\n<li>2021 &#8212; 2025: ANR project <a href=\"https:\/\/codeine.lisn.upsaclay.fr\">artificial text COrpus DEsIgNed Ethically : automatic synthesis of clinical document<\/a> (CODEINE), with Aur\u00e9lie N\u00e9v\u00e9l (PI, LIMSI-CNRS), Olivier Ferret (CEA) et al.<\/li>\n<li>2024 &#8211;: PI of the GDR LIFT 2 (Linguistique Informatique, Formelle et de Terrain).<\/li>\n<li>2020 &#8212; 2023: European project ICT-38-2020 \u00ab\u00a0Artificial Intelligence for Manufacturing\u00a0\u00bb, <a href=\"https:\/\/www.loria.fr\/fr\/ai-proficient-lintelligence-artificielle-par-et-pour-lhumain-au-coeur-de-lindustrie-manufacturiere-du-futur\/\">AI-PROFICIENT<\/a>.<\/li>\n<li>2020 &#8212;<\/li>\n<\/ul>\n","protected":false},"author":5,"featured_media":0,"parent":0,"menu_order":0,"comment_status":"closed","ping_status":"closed","template":"page-fullwidth.php","meta":{"footnotes":""},"class_list":["post-22","page","type-page","status-publish","hentry"],"_links":{"self":[{"href":"https:\/\/members.loria.fr\/KFort\/wp-json\/wp\/v2\/pages\/22","targetHints":{"allow":["GET"]}}],"collection":[{"href":"https:\/\/members.loria.fr\/KFort\/wp-json\/wp\/v2\/pages"}],"about":[{"href":"https:\/\/members.loria.fr\/KFort\/wp-json\/wp\/v2\/types\/page"}],"author":[{"embeddable":true,"href":"https:\/\/members.loria.fr\/KFort\/wp-json\/wp\/v2\/users\/5"}],"replies":[{"embeddable":true,"href":"https:\/\/members.loria.fr\/KFort\/wp-json\/wp\/v2\/comments?post=22"}],"version-history":[{"count":22,"href":"https:\/\/members.loria.fr\/KFort\/wp-json\/wp\/v2\/pages\/22\/revisions"}],"predecessor-version":[{"id":874,"href":"https:\/\/members.loria.fr\/KFort\/wp-json\/wp\/v2\/pages\/22\/revisions\/874"}],"wp:attachment":[{"href":"https:\/\/members.loria.fr\/KFort\/wp-json\/wp\/v2\/media?parent=22"}],"curies":[{"name":"wp","href":"https:\/\/api.w.org\/{rel}","templated":true}]}}