{"id":310,"date":"2020-11-02T17:27:36","date_gmt":"2020-11-02T15:27:36","guid":{"rendered":"http:\/\/members.loria.fr\/KFort\/?page_id=310"},"modified":"2024-06-27T06:03:40","modified_gmt":"2024-06-27T04:03:40","slug":"sorbonne","status":"publish","type":"page","link":"https:\/\/members.loria.fr\/KFort\/teaching\/sorbonne\/","title":{"rendered":"Sorbonne Universit\u00e9 (since 2014)"},"content":{"rendered":"<p><img loading=\"lazy\" decoding=\"async\" class=\"alignnone wp-image-367\" src=\"http:\/\/members.loria.fr\/KFort\/wp-content\/blogs.dir\/221\/files\/sites\/221\/2020\/11\/cc-by-nc-sa-300x105.png\" alt=\"CC BY NC SA\" width=\"51\" height=\"18\" srcset=\"https:\/\/members.loria.fr\/KFort\/wp-content\/blogs.dir\/221\/files\/sites\/221\/2020\/11\/cc-by-nc-sa-300x105.png 300w, https:\/\/members.loria.fr\/KFort\/wp-content\/blogs.dir\/221\/files\/sites\/221\/2020\/11\/cc-by-nc-sa.png 403w\" sizes=\"auto, (max-width: 51px) 100vw, 51px\" \/> Tous mes cours sont disponibles sous licence CC BY-NC-SA (vous pouvez les utiliser et les modifier dans un but autre que commercial, mais il faut me citer et vous DEVEZ mettre votre cr\u00e9ation \u00e0 disposition des autres, selon la m\u00eame licence). En cas de lien cass\u00e9 ou de probl\u00e8me, n&rsquo;h\u00e9sitez-pas \u00e0 me <a href=\"mailto:karen.fort chez sorbonne-universite.fr\">contacter<\/a>.<\/p>\n<ul>\n<li><a href=\"https:\/\/members.loria.fr\/KFort\/files\/fichiers_cours\/JeNaiRienACacher.pdf\">Je n&rsquo;ai rien \u00e0 cacher<\/a><\/li>\n<li><a href=\"https:\/\/members.loria.fr\/KFort\/vade-mecum-pour-lecriture-de-vos-memoires-de-master-1-et-2\/\">Vade-mecum pour l&rsquo;\u00e9criture de vos m\u00e9moires de Master (1 et 2)<\/a><\/li>\n<\/ul>\n<h4>2023-2024<\/h4>\n<h5>Licence<\/h5>\n<ul>\n<li><a href=\"https:\/\/members.loria.fr\/KFort\/files\/fichiers_cours\/reunionrentree23-24.pdf\">R\u00e9union de rentr\u00e9e (diapos)<\/a><\/li>\n<li><a href=\"https:\/\/moodle-lettres.sorbonne-universite.fr\/moodle-2023\/pluginfile.php\/15032\/mod_folder\/content\/0\/LICENCE\/Brochure Licence Sciences du langage 2023-2024.pdf\">Brochure (il faut se connecter \u00e0 l&rsquo;ENT avant)<\/a><\/li>\n<\/ul>\n<p>&nbsp;<\/p>\n<ul>\n<li>Bases de donn\u00e9es relationnelles (semestre 2, vendredi 8h30-10h (CM), 10h-12h (TD), D219, D318, D220) &#8212; supports disponibles sur demande.<\/li>\n<\/ul>\n<h5>Master 1<\/h5>\n<ul>\n<li>Grammaires formelles (semestre 1, mercredi 9h-11h30, D219) &#8212; supports disponibles sur demande.<\/li>\n<li>Corpus, Ressources et linguistique outill\u00e9e (semestre 2, vendredi 13h30-16h, D219) &#8212; supports disponibles sur demande.<\/li>\n<\/ul>\n<h5>Master 2<\/h5>\n<ul>\n<li>Annotation collaborative de corpus (semestre 1, 8 s\u00e9ances \u00e0 la suite, mercredi 13h30 &#8211; 16h, S001) &#8212; supports disponibles sur demande.<\/li>\n<\/ul>\n<ul>\n<li><del>Plateformes pour le TAL<\/del> -&gt; Ethique et TAL &#8212; supports disponibles sur demande.<\/li>\n<\/ul>\n<h5>Doctorat<\/h5>\n<ul>\n<li>Int\u00e9grit\u00e9 scientifique (2x3h), Campus des Cordeliers &#8212; 16 et 23 novembre 2023 &#8212; supports disponibles sur demande.<\/li>\n<\/ul>\n","protected":false},"excerpt":{"rendered":"<p><img loading=\"lazy\" decoding=\"async\" class=\"alignnone wp-image-367\" src=\"http:\/\/members.loria.fr\/KFort\/wp-content\/blogs.dir\/221\/files\/sites\/221\/2020\/11\/cc-by-nc-sa-300x105.png\" alt=\"CC BY NC SA\" width=\"51\" height=\"18\" srcset=\"https:\/\/members.loria.fr\/KFort\/wp-content\/blogs.dir\/221\/files\/sites\/221\/2020\/11\/cc-by-nc-sa-300x105.png 300w, https:\/\/members.loria.fr\/KFort\/wp-content\/blogs.dir\/221\/files\/sites\/221\/2020\/11\/cc-by-nc-sa.png 403w\" sizes=\"auto, (max-width: 51px) 100vw, 51px\" \/> Tous mes cours sont disponibles sous licence CC BY-NC-SA (vous pouvez les utiliser et les modifier dans un but autre que commercial, mais il faut me citer et vous DEVEZ mettre votre cr\u00e9ation \u00e0 disposition des autres, selon la m\u00eame licence). En cas de lien cass\u00e9 ou de probl\u00e8me, n&rsquo;h\u00e9sitez-pas \u00e0 me <a href=\"mailto:karen.fort chez sorbonne-universite.fr\">contacter<\/a>.<\/p>\n<ul>\n<li><a href=\"https:\/\/members.loria.fr\/KFort\/files\/fichiers_cours\/JeNaiRienACacher.pdf\">Je n&rsquo;ai rien \u00e0 cacher<\/a><\/li>\n<li><a href=\"https:\/\/members.loria.fr\/KFort\/vade-mecum-pour-lecriture-de-vos-memoires-de-master-1-et-2\/\">Vade-mecum pour l&rsquo;\u00e9criture de vos m\u00e9moires de Master (1 et 2)<\/a><\/li>\n<\/ul>\n<p>2023-2024<br \/>\nLicence<\/p>\n<ul>\n<li><a href=\"https:\/\/members.loria.fr\/KFort\/files\/fichiers_cours\/reunionrentree23-24.pdf\">R\u00e9union de rentr\u00e9e (diapos)<\/a><\/li>\n<li><a href=\"https:\/\/moodle-lettres.sorbonne-universite.fr\/moodle-2023\/pluginfile.php\/15032\/mod_folder\/content\/0\/LICENCE\/Brochure Licence Sciences du langage 2023-2024.pdf\">Brochure (il faut se connecter \u00e0 l&rsquo;ENT avant)<\/a><\/li>\n<\/ul>\n<p>&nbsp;<\/p>\n","protected":false},"author":205,"featured_media":0,"parent":419,"menu_order":0,"comment_status":"closed","ping_status":"closed","template":"page-fullwidth.php","meta":{"footnotes":""},"class_list":["post-310","page","type-page","status-publish","hentry"],"_links":{"self":[{"href":"https:\/\/members.loria.fr\/KFort\/wp-json\/wp\/v2\/pages\/310","targetHints":{"allow":["GET"]}}],"collection":[{"href":"https:\/\/members.loria.fr\/KFort\/wp-json\/wp\/v2\/pages"}],"about":[{"href":"https:\/\/members.loria.fr\/KFort\/wp-json\/wp\/v2\/types\/page"}],"author":[{"embeddable":true,"href":"https:\/\/members.loria.fr\/KFort\/wp-json\/wp\/v2\/users\/205"}],"replies":[{"embeddable":true,"href":"https:\/\/members.loria.fr\/KFort\/wp-json\/wp\/v2\/comments?post=310"}],"version-history":[{"count":143,"href":"https:\/\/members.loria.fr\/KFort\/wp-json\/wp\/v2\/pages\/310\/revisions"}],"predecessor-version":[{"id":921,"href":"https:\/\/members.loria.fr\/KFort\/wp-json\/wp\/v2\/pages\/310\/revisions\/921"}],"up":[{"embeddable":true,"href":"https:\/\/members.loria.fr\/KFort\/wp-json\/wp\/v2\/pages\/419"}],"wp:attachment":[{"href":"https:\/\/members.loria.fr\/KFort\/wp-json\/wp\/v2\/media?parent=310"}],"curies":[{"name":"wp","href":"https:\/\/api.w.org\/{rel}","templated":true}]}}