{"id":438,"date":"2020-11-13T12:09:00","date_gmt":"2020-11-13T10:09:00","guid":{"rendered":"http:\/\/members.loria.fr\/KFort\/?page_id=438"},"modified":"2025-10-14T13:21:03","modified_gmt":"2025-10-14T11:21:03","slug":"videos","status":"publish","type":"page","link":"https:\/\/members.loria.fr\/KFort\/publications\/videos\/","title":{"rendered":"Videos of presentations"},"content":{"rendered":"<ul>\n<li>Pr\u00e9sentation invit\u00e9e \u00e0 N\u00e9ala (Les grands mod\u00e8les de langues sont des outils situ\u00e9s):<\/li>\n<\/ul>\n\n<!-- iframe plugin v.6.0 wordpress.org\/plugins\/iframe\/ -->\n<iframe loading=\"lazy\" width=\"560\" height=\"315\" src=\"https:\/\/www.youtube.com\/embed\/98lQmxOz0G0?si=k_iH7n2rnYFfWWvz\" title=\"YouTube video player\" frameborder=\"0\" allow=\"accelerometer; autoplay; clipboard-write; encrypted-media; gyroscope; picture-in-picture\" 0=\"allowfullscreen\" scrolling=\"yes\" class=\"iframe-class\"><\/iframe>\n\n<ul>\n<li>Teaching Ethics in NLP at ERCIM seminar:<\/li>\n<\/ul>\n\n<!-- iframe plugin v.6.0 wordpress.org\/plugins\/iframe\/ -->\n<iframe loading=\"lazy\" width=\"560\" height=\"315\" src=\"https:\/\/www.youtube.com\/embed\/Nl5CG4R7ZuU\" title=\"YouTube video player\" frameborder=\"0\" allow=\"accelerometer; autoplay; clipboard-write; encrypted-media; gyroscope; picture-in-picture\" 0=\"allowfullscreen\" scrolling=\"yes\" class=\"iframe-class\"><\/iframe>\n\n<p>&nbsp;<\/p>\n<ul>\n<li>\u00c9thique et traitement automatique des langues : ce dont on parle, ce dont on ne parle plus, ce dont on ne parle pas (un \u00e9tat de l&rsquo;art), juin 2022 :<\/li>\n<\/ul>\n\n<!-- iframe plugin v.6.0 wordpress.org\/plugins\/iframe\/ -->\n<iframe loading=\"lazy\" width=\"560\" height=\"315\" src=\"https:\/\/www.youtube.com\/embed\/_QqY4g-8GJo\" title=\"YouTube video player\" frameborder=\"0\" allow=\"accelerometer; autoplay; clipboard-write; encrypted-media; gyroscope; picture-in-picture\" 0=\"allowfullscreen\" scrolling=\"yes\" class=\"iframe-class\"><\/iframe>\n\n<ul>\n<li><a href=\"https:\/\/members.loria.fr\/KFort\/files\/fichiers_cours\/EthicsAndCL.pdf\">Ethics and NLP<\/a> at <a href=\"https:\/\/www.dilco.uni-hamburg.de\/activities\/ethics-lectures-21.html\">DiLCO<\/a> on Oct. 8th, 2021. <a href=\"https:\/\/lecture2go.uni-hamburg.de\/l2go\/-\/get\/v\/56968\">Video<\/a>.<\/li>\n<li><a href=\"https:\/\/members.loria.fr\/KFort\/files\/fichiers_cours\/WebinarSAILS.pdf\">Ethics and AI (a view from NLP)<\/a> at the <a href=\"https:\/\/www.universiteitleiden.nl\/en\/sails\/events\/sails-lunch-time-seminar-270921\">noon webinar of SAILS<\/a>, in Leiden, on Sept. 27, 2021. <a href=\"https:\/\/vimeo.com\/616945166\">Video<\/a>.<\/li>\n<\/ul>\n\n<!-- iframe plugin v.6.0 wordpress.org\/plugins\/iframe\/ -->\n<iframe loading=\"lazy\" width=\"560\" height=\"315\" src=\"https:\/\/player.vimeo.com\/video\/616945166?h=a64daf4dc7\" frameborder=\"0\" allow=\"accelerometer; autoplay; clipboard-write; encrypted-media; gyroscope; picture-in-picture\" 0=\"allowfullscreen\" scrolling=\"yes\" class=\"iframe-class\"><\/iframe>\n\n<ul>\n<li>Crowdsourcing: (a bit of) theory and ((quite) some) practice.\u00a0 enetCollect plenary meeting. Bolzano, Italy, Sept 2017 : <a href=\"http:\/\/videolectures.net\/1stmeeting2017_fort_crowdsourcing\/\">http:\/\/videolectures.net\/1stmeeting2017_fort_crowdsourcing\/<\/a><\/li>\n<li>Yes, We Care ! Results of the Ethics and Natural Language Processing Surveys (LREC 2016), Portoro\u017e, Slovenia, May 2016: <a href=\"http:\/\/videolectures.net\/lrec2016_fort_processing_surveys\/\">http:\/\/videolectures.net\/lrec2016_fort_processing_surveys\/<\/a><\/li>\n<li>Crowdsourcing and human annotation : going beyond the legends to create quality data. Biomedical Linked Annotation Hackaton 1 Symposium. Tokyo, Japan, Feb. 2015:<\/li>\n<\/ul>\n\n<!-- iframe plugin v.6.0 wordpress.org\/plugins\/iframe\/ -->\n<iframe loading=\"lazy\" width=\"560\" height=\"315\" src=\"https:\/\/www.youtube.com\/embed\/fb4q7r0qwiE\" frameborder=\"0\" allow=\"accelerometer; autoplay; clipboard-write; encrypted-media; gyroscope; picture-in-picture\" 0=\"allowfullscreen\" scrolling=\"yes\" class=\"iframe-class\"><\/iframe>\n\n","protected":false},"excerpt":{"rendered":"<ul>\n<li>Pr\u00e9sentation invit\u00e9e \u00e0 N\u00e9ala (Les grands mod\u00e8les de langues sont des outils situ\u00e9s):<\/li>\n<\/ul>\n<ul>\n<li>Teaching Ethics in NLP at ERCIM seminar:<\/li>\n<\/ul>\n<p>&nbsp;<\/p>\n<ul>\n<li>\u00c9thique et traitement automatique des langues : ce dont on parle, ce dont on ne parle plus, ce dont on ne parle pas (un \u00e9tat de l&rsquo;art), juin 2022 :<\/li>\n<\/ul>\n<ul>\n<li><a href=\"https:\/\/members.loria.fr\/KFort\/files\/fichiers_cours\/EthicsAndCL.pdf\">Ethics and NLP<\/a> at <a href=\"https:\/\/www.dilco.uni-hamburg.de\/activities\/ethics-lectures-21.html\">DiLCO<\/a> on Oct. 8th, 2021. <a href=\"https:\/\/lecture2go.uni-hamburg.de\/l2go\/-\/get\/v\/56968\">Video<\/a>.<\/li>\n<li><a href=\"https:\/\/members.loria.fr\/KFort\/files\/fichiers_cours\/WebinarSAILS.pdf\">Ethics and AI (a view from NLP)<\/a> at the <a href=\"https:\/\/www.universiteitleiden.nl\/en\/sails\/events\/sails-lunch-time-seminar-270921\">noon webinar of SAILS<\/a>,<\/li>\n<\/ul>\n","protected":false},"author":205,"featured_media":0,"parent":442,"menu_order":0,"comment_status":"closed","ping_status":"closed","template":"","meta":{"footnotes":""},"class_list":["post-438","page","type-page","status-publish","hentry"],"_links":{"self":[{"href":"https:\/\/members.loria.fr\/KFort\/wp-json\/wp\/v2\/pages\/438","targetHints":{"allow":["GET"]}}],"collection":[{"href":"https:\/\/members.loria.fr\/KFort\/wp-json\/wp\/v2\/pages"}],"about":[{"href":"https:\/\/members.loria.fr\/KFort\/wp-json\/wp\/v2\/types\/page"}],"author":[{"embeddable":true,"href":"https:\/\/members.loria.fr\/KFort\/wp-json\/wp\/v2\/users\/205"}],"replies":[{"embeddable":true,"href":"https:\/\/members.loria.fr\/KFort\/wp-json\/wp\/v2\/comments?post=438"}],"version-history":[{"count":28,"href":"https:\/\/members.loria.fr\/KFort\/wp-json\/wp\/v2\/pages\/438\/revisions"}],"predecessor-version":[{"id":1059,"href":"https:\/\/members.loria.fr\/KFort\/wp-json\/wp\/v2\/pages\/438\/revisions\/1059"}],"up":[{"embeddable":true,"href":"https:\/\/members.loria.fr\/KFort\/wp-json\/wp\/v2\/pages\/442"}],"wp:attachment":[{"href":"https:\/\/members.loria.fr\/KFort\/wp-json\/wp\/v2\/media?parent=438"}],"curies":[{"name":"wp","href":"https:\/\/api.w.org\/{rel}","templated":true}]}}