{"id":924,"date":"2024-06-27T06:07:12","date_gmt":"2024-06-27T04:07:12","guid":{"rendered":"https:\/\/members.loria.fr\/KFort\/?page_id=924"},"modified":"2026-02-06T10:35:20","modified_gmt":"2026-02-06T08:35:20","slug":"idmc-nancy-from-2024","status":"publish","type":"page","link":"https:\/\/members.loria.fr\/KFort\/idmc-nancy-from-2024\/","title":{"rendered":"IDMC Nancy (from 2024)"},"content":{"rendered":"<h2>Licence 1<\/h2>\n<h3>De l&rsquo;\u00e9crit \u00e0 l&rsquo;information<\/h3>\n<ul>\n<li><a href=\"https:\/\/members.loria.fr\/KFort\/files\/fichiers_cours\/L1_Ecrit2Info_Intro.pdf\">Introduction<\/a> et <a href=\"https:\/\/members.loria.fr\/KFort\/files\/fichiers_cours\/L1_Ecrit2Info_LanguesEcritures.pdf\">Langues et syst\u00e8mes d&rsquo;\u00e9criture<\/a> &#8211; <a href=\"https:\/\/members.loria.fr\/KFort\/files\/fichiers_cours\/L1_Ecrit2Info_TD1.pdf\">TD<\/a><\/li>\n<li><a href=\"https:\/\/members.loria.fr\/KFort\/files\/fichiers_cours\/L1_Ecrit2Info_LangueLangage.pdf\">Langues et langages<\/a>\u00a0&#8211; <a href=\"https:\/\/members.loria.fr\/KFort\/files\/fichiers_cours\/L1_Ecrit2Info_TD2.pdf\">TD<\/a><\/li>\n<li><a href=\"https:\/\/members.loria.fr\/KFort\/files\/fichiers_cours\/L1_Ecrit2Info_LangueParole_2024.pdf\">Langue, parole, langage, signe<\/a>\u00a0&#8211; <a href=\"https:\/\/members.loria.fr\/KFort\/files\/fichiers_cours\/L1_Ecrit2Info_TD3.pdf\">TD<\/a><\/li>\n<li><a href=\"https:\/\/members.loria.fr\/KFort\/files\/fichiers_cours\/L1_Ecrit2Info_MotFormeToken.pdf\">Mot, unit\u00e9 lexicale, token<\/a> &#8211; <a href=\"https:\/\/members.loria.fr\/KFort\/files\/fichiers_cours\/L1_Ecrit2Info_TD4_CB.pdf\">TD<\/a><\/li>\n<li><a href=\"https:\/\/members.loria.fr\/KFort\/files\/fichiers_cours\/L1_Ecrit2Info_Morphosyntaxe.pdf\">Morphosyntaxe, syntaxe<\/a> &#8211; <a href=\"https:\/\/members.loria.fr\/KFort\/files\/fichiers_cours\/L1_Ecrit2Info_TD5.pdf\">TD<\/a><\/li>\n<\/ul>\n<h2>Licence 3<\/h2>\n<h3>Outils pour l&rsquo;analyse linguistique<\/h3>\n<ul>\n<li><a href=\"https:\/\/members.loria.fr\/KFort\/files\/fichiers_cours\/L3_Outil4AnalyseLing_Intro.pdf\">Introduction<\/a>, <a href=\"https:\/\/members.loria.fr\/KFort\/files\/fichiers_cours\/L1_Ecrit2Info_LanguesEcritures.pdf\">syst\u00e8mes d&rsquo;\u00e9critures et langues<\/a><a href=\"https:\/\/members.loria.fr\/KFort\/files\/fichiers_cours\/L3_Outil4AnalyseLing_Intro.pdf\">,<\/a> <a href=\"https:\/\/members.loria.fr\/KFort\/files\/fichiers_cours\/L3_CorpusEtDroits.pdf\">corpus et droits<\/a><\/li>\n<li><a href=\"https:\/\/members.loria.fr\/KFort\/files\/fichiers_cours\/L3_Encodages.pdf\">Encodages<\/a>, (<a href=\"https:\/\/members.loria.fr\/KFort\/files\/fichiers_cours\/L3_IntroTAL.pdf\">rappels de TAL<\/a>)<\/li>\n<li><a href=\"https:\/\/members.loria.fr\/KFort\/files\/fichiers_cours\/L3_TXM_1.pdf\">TXM 1<\/a><\/li>\n<li><a href=\"https:\/\/members.loria.fr\/KFort\/files\/fichiers_cours\/L3_TXM_2.pdf\">TXM 2<\/a><\/li>\n<li><a href=\"https:\/\/members.loria.fr\/KFort\/files\/fichiers_cours\/L3_UD_GREW.pdf\">GREW<\/a><\/li>\n<li><a href=\"https:\/\/members.loria.fr\/KFort\/files\/fichiers_cours\/L3_UD_GREW-count.pdf\">GREW-count<\/a><\/li>\n<li>Intro au <a href=\"https:\/\/members.loria.fr\/KFort\/files\/fichiers_cours\/L3_TALrecent.pdf\">TAL r\u00e9cent<\/a><\/li>\n<\/ul>\n<h2>Master 1 TAL\/NLP<\/h2>\n<h3>Python for beginners<\/h3>\n<p><strong>Required<\/strong>: install Jupyter notebook (install party planned the 1st week)<\/p>\n<ul>\n<li><a href=\"https:\/\/members.loria.fr\/KFort\/files\/fichiers_cours\/M1_Python4Beg_Intro.pdf\">Introduction<\/a> (pdf) and <a href=\"https:\/\/members.loria.fr\/KFort\/files\/fichiers_cours\/M1_Python4Beg_Lecture0_FirstSteps.html\">First steps<\/a> (HTML) &#8211; <a href=\"https:\/\/members.loria.fr\/KFort\/files\/fichiers_cours\/M1_Python4Beg_TD0.ipynb\">TD<\/a> (notebook)<\/li>\n<li><a href=\"https:\/\/members.loria.fr\/KFort\/files\/fichiers_cours\/M1_Python4Beg_Lecture1_StringsControlLoop.html\">Strings, control flow and loops<\/a> (HTML) &#8211; <a href=\"https:\/\/members.loria.fr\/KFort\/files\/fichiers_cours\/M1_Python4Beg_TD1.ipynb\">TD<\/a> (notebook)<\/li>\n<li><a href=\"https:\/\/members.loria.fr\/KFort\/files\/fichiers_cours\/M1_Python4Beg_Lecture2_ListsTuplesSetsFiles.html\">Lists, Tuples, Sets and Files<\/a> (HTML) &#8211; <a href=\"https:\/\/members.loria.fr\/KFort\/files\/fichiers_cours\/M1_Python4Beg_TD2.ipynb\">TD<\/a> (notebook) &#8211; <a href=\"https:\/\/members.loria.fr\/KFort\/files\/fichiers_cours\/80jours50l.txt\">80jours50l<\/a> file<\/li>\n<li><a href=\"https:\/\/members.loria.fr\/KFort\/files\/fichiers_cours\/M1_Python4Beg_Lecture3_DicoFunctions.html\">Dictionaries and Functions<\/a> (HTML) &#8211; <a href=\"https:\/\/members.loria.fr\/KFort\/files\/fichiers_cours\/M1_Python4Beg_TD3.ipynb\">TD<\/a> (notebook) &#8211; <a href=\"https:\/\/members.loria.fr\/KFort\/files\/fichiers_cours\/MyBiblio.tex\">MyBiblio<\/a> file<\/li>\n<li>Recap (Wooclap) &#8211; <a href=\"https:\/\/members.loria.fr\/KFort\/files\/fichiers_cours\/M1_Python4Beg_TD4_Nasser.ipynb\">TD<\/a> (notebook) + <a href=\"https:\/\/members.loria.fr\/KFort\/files\/fichiers_cours\/youllbeanurse.txt\">TXT<\/a> file<\/li>\n<li>A<a href=\"https:\/\/members.loria.fr\/KFort\/files\/fichiers_cours\/M1_Python4Beg_Lecture4_Recap.html\"> bit further on Strings, encodings and even complexity<\/a> &#8211; <a href=\"https:\/\/members.loria.fr\/KFort\/files\/fichiers_cours\/M1_Python4Beg_TD5_fd.ipynb\">TD<\/a> (notebook) &#8211; <a href=\"https:\/\/members.loria.fr\/KFort\/files\/fichiers_cours\/SBC055.trn\">SBC055.trn<\/a> file<\/li>\n<li><a href=\"https:\/\/members.loria.fr\/KFort\/files\/fichiers_cours\/M1_Python4Beg_Lecture5_OutsideNotebookModules.html\">Python outside Jupyter notebook, modules and some libraries<\/a> (HTML) and\u00a0<a href=\"https:\/\/members.loria.fr\/KFort\/files\/fichiers_cours\/M1_Python4Beg_Lecture6_UsefulLibraries.html\">Some useful libraries<\/a>: NumPy, Pandas, et al. (HTML) &#8211; <a href=\"https:\/\/members.loria.fr\/KFort\/files\/fichiers_cours\/M1_Python4Beg_TD6.ipynb\">TD<\/a> (notebook)<\/li>\n<\/ul>\n<h3>Ethics<\/h3>\n<ul>\n<li><a href=\"https:\/\/members.loria.fr\/KFort\/files\/fichiers_cours\/M1_Ethics_Intro.pdf\">Introduction,<\/a> <a href=\"https:\/\/members.loria.fr\/KFort\/files\/fichiers_cours\/M1_Ethics_FirstSteps.pdf\">First steps<\/a> +\u00a0<a href=\"https:\/\/members.loria.fr\/KFort\/files\/fichiers_cours\/M1_Ethics_PhilosophicalBases.pdf\">Philosophical bases<\/a> &#8211; <a href=\"https:\/\/members.loria.fr\/KFort\/files\/fichiers_cours\/M1_Ethics_TD_DIY_2025.pdf\">TD<\/a> (<a href=\"https:\/\/bul.univ-lorraine.fr\/index.php\/s\/kJQZqJGFTbkdSMK\">link to files<\/a>, if paywall)<\/li>\n<li><a href=\"https:\/\/members.loria.fr\/KFort\/files\/fichiers_cours\/M1_Ethics_Biases.pdf\">Biases<\/a> &#8211; <a href=\"https:\/\/members.loria.fr\/KFort\/files\/fichiers_cours\/M1_Ethics_TD_MakingEthicalDecisions.pdf\">TD<\/a><\/li>\n<li><a href=\"https:\/\/members.loria.fr\/KFort\/files\/fichiers_cours\/M1_Ethics_EthicsInNLP.pdf\">Systemic issues<\/a> &#8211; TD (finishing the preparation of your presentation)<\/li>\n<li>Your presentations<\/li>\n<\/ul>\n<h3>Written corpora<\/h3>\n<ul>\n<li><a href=\"https:\/\/members.loria.fr\/KFort\/files\/fichiers_cours\/Intro_WrittenCorpora.pdf\">Introduction<\/a> and <a href=\"https:\/\/members.loria.fr\/KFort\/files\/fichiers_cours\/Corpora.pdf\">corpora<\/a> &#8212; TD (see course slides)<\/li>\n<li><a href=\"https:\/\/members.loria.fr\/KFort\/files\/fichiers_cours\/HowToPresent.pdf\">How to prepare a presentation<\/a> and <a href=\"https:\/\/members.loria.fr\/KFort\/files\/fichiers_cours\/WC_02_Encodings.pdf\">Encodings<\/a> &#8212; TD (finish previous TD + work on your presentations)<\/li>\n<li><a href=\"https:\/\/members.loria.fr\/KFort\/files\/fichiers_cours\/ManualAnnotation.pdf\">Manual annotation in NLP<\/a>\u00a0 &#8212; TD (see course slides) + work on your presentations<\/li>\n<li><a href=\"https:\/\/members.loria.fr\/KFort\/files\/fichiers_cours\/AnnotationTools.pdf\">Annotation tools and formats<\/a> \u00a0 &#8212; TD (see course slides)<\/li>\n<li><a href=\"https:\/\/members.loria.fr\/KFort\/files\/fichiers_cours\/AnnotationEvaluation.pdf\">Annotation evaluation<\/a> &#8212; <a href=\"https:\/\/members.loria.fr\/KFort\/files\/fichiers_cours\/M2_TPAIA.pdf\">TD<\/a><\/li>\n<li><a href=\"https:\/\/members.loria.fr\/KFort\/files\/fichiers_cours\/AnnotationComplexity.pdf\">Manual annotation complexity<\/a>\u00a0 &#8212; assignment (see course slides) + TD (see course slides)<\/li>\n<li><a href=\"https:\/\/members.loria.fr\/KFort\/files\/fichiers_cours\/CrowdsourcingGWAP.pdf\">Crowdsourcing<\/a> &#8212; Your presentations<\/li>\n<\/ul>\n<h2>Master 1 MIAGE<\/h2>\n<h3>G\u00e9nie logiciel<\/h3>\n<ul>\n<li><a href=\"https:\/\/members.loria.fr\/KFort\/files\/fichiers_cours\/M1_GenieLogiciel_Intro.pdf\">Introduction,<\/a> <a href=\"https:\/\/members.loria.fr\/KFort\/files\/fichiers_cours\/M1_GenieLogiciel_Motivations.pdf\">motivations et historique<\/a> &#8212; <a href=\"https:\/\/members.loria.fr\/KFort\/files\/fichiers_cours\/M1_GenieLogiciel_Projet.pdf\">Projets<\/a><\/li>\n<li><a href=\"https:\/\/members.loria.fr\/KFort\/files\/fichiers_cours\/M1_GenieLogiciel_CyclesDeVieLogiciel.pdf\">Cycle de vie du logiciel<\/a><\/li>\n<li><a href=\"https:\/\/members.loria.fr\/KFort\/files\/fichiers_cours\/M1_GenieLogiciel_GITIntro.pdf\">Introduction \u00e0 Git<\/a><\/li>\n<li><a href=\"https:\/\/members.loria.fr\/KFort\/files\/fichiers_cours\/M1_GenieLogiciel_GITPlusLoin.pdf\">Git plus loin<\/a><\/li>\n<li><a href=\"https:\/\/members.loria.fr\/KFort\/files\/fichiers_cours\/M1_GenieLogiciel_Tests.pdf\">Tests<\/a><\/li>\n<li><a href=\"https:\/\/members.loria.fr\/KFort\/files\/fichiers_cours\/M1_GenieLogiciel_TestsUnitaires.pdf\">Tests unitaires<\/a> (classe <a href=\"https:\/\/members.loria.fr\/KFort\/files\/fichiers_cours\/Character.java\">Character<\/a> \u00e0 t\u00e9l\u00e9charger, classe de test, <a href=\"https:\/\/members.loria.fr\/KFort\/files\/fichiers_cours\/TestCharacter.java\">TestCharacter<\/a>)<\/li>\n<li><a href=\"https:\/\/members.loria.fr\/KFort\/files\/fichiers_cours\/M1_GenieLogiciel_PatronsDeConception.pdf\">Patrons de conception<\/a><\/li>\n<li><a href=\"https:\/\/members.loria.fr\/KFort\/files\/fichiers_cours\/M1_GenieLogiciel_ReglesPourCodePropre.pdf\">Pour un code propre<\/a><\/li>\n<\/ul>\n<h2>Master 2 TAL\/NLP<\/h2>\n<p><a href=\"https:\/\/members.loria.fr\/KFort\/files\/fichiers_cours\/M2_WelcomeMeeting_2025.pdf\">Welcome meeting<\/a><\/p>\n<h3>Advanced Ethics<\/h3>\n<ul>\n<li><a href=\"https:\/\/members.loria.fr\/KFort\/files\/fichiers_cours\/M2_Ethics_Intro.pdf\">Introduction<\/a><\/li>\n<li>The <a href=\"https:\/\/members.loria.fr\/KFort\/files\/fichiers_cours\/M2_Ethics_AIAct.pdf\">AI Act<\/a><\/li>\n<li><a href=\"https:\/\/members.loria.fr\/KFort\/files\/fichiers_cours\/M2_Ethics_StereotypicalBiasesAgain.pdf\">Stereotypical biases<\/a> (again)<\/li>\n<li>TD: Your presentations<\/li>\n<\/ul>\n<h3>Orientation<\/h3>\n<ul>\n<li>Research (me):\n<ul>\n<li><a href=\"https:\/\/members.loria.fr\/KFort\/files\/fichiers_cours\/M2_Orientation_Research.pdf\">What is research<\/a>?<\/li>\n<li><a href=\"https:\/\/members.loria.fr\/KFort\/files\/fichiers_cours\/M2_Orientation_StateOfTheArt.pdf\">Building a literature review<\/a><\/li>\n<li><a href=\"https:\/\/members.loria.fr\/KFort\/files\/fichiers_cours\/M2_Orientation_ReviewingTuto.pdf\">Reviewing a research paper<\/a> (in NLP) &#8212; <a href=\"https:\/\/members.loria.fr\/KFort\/files\/fichiers_cours\/Paper42_Reviews.pdf\">Reviews<\/a> for paper #42<\/li>\n<\/ul>\n<\/li>\n<li>Pro (Hugues de Mazancourt)<\/li>\n<\/ul>\n<h3>Projects<\/h3>\n<ul>\n<li><a href=\"https:\/\/members.loria.fr\/KFort\/files\/fichiers_cours\/M2_Projects.pdf\">Overview<\/a> (what to expect)<\/li>\n<li>about <a href=\"https:\/\/members.loria.fr\/KFort\/files\/fichiers_cours\/M2_Projects_Data.pdf\">data<\/a><\/li>\n<\/ul>\n","protected":false},"excerpt":{"rendered":"<p>Licence 1<br \/>\nDe l&rsquo;\u00e9crit \u00e0 l&rsquo;information<\/p>\n<ul>\n<li><a href=\"https:\/\/members.loria.fr\/KFort\/files\/fichiers_cours\/L1_Ecrit2Info_Intro.pdf\">Introduction<\/a> et <a href=\"https:\/\/members.loria.fr\/KFort\/files\/fichiers_cours\/L1_Ecrit2Info_LanguesEcritures.pdf\">Langues et syst\u00e8mes d&rsquo;\u00e9criture<\/a> &#8211; <a href=\"https:\/\/members.loria.fr\/KFort\/files\/fichiers_cours\/L1_Ecrit2Info_TD1.pdf\">TD<\/a><\/li>\n<li><a href=\"https:\/\/members.loria.fr\/KFort\/files\/fichiers_cours\/L1_Ecrit2Info_LangueLangage.pdf\">Langues et langages<\/a>\u00a0&#8211; <a href=\"https:\/\/members.loria.fr\/KFort\/files\/fichiers_cours\/L1_Ecrit2Info_TD2.pdf\">TD<\/a><\/li>\n<li><a href=\"https:\/\/members.loria.fr\/KFort\/files\/fichiers_cours\/L1_Ecrit2Info_LangueParole_2024.pdf\">Langue, parole, langage, signe<\/a>\u00a0&#8211; <a href=\"https:\/\/members.loria.fr\/KFort\/files\/fichiers_cours\/L1_Ecrit2Info_TD3.pdf\">TD<\/a><\/li>\n<li><a href=\"https:\/\/members.loria.fr\/KFort\/files\/fichiers_cours\/L1_Ecrit2Info_MotFormeToken.pdf\">Mot, unit\u00e9 lexicale, token<\/a> &#8211; <a href=\"https:\/\/members.loria.fr\/KFort\/files\/fichiers_cours\/L1_Ecrit2Info_TD4_CB.pdf\">TD<\/a><\/li>\n<li><a href=\"https:\/\/members.loria.fr\/KFort\/files\/fichiers_cours\/L1_Ecrit2Info_Morphosyntaxe.pdf\">Morphosyntaxe, syntaxe<\/a> &#8211; <a href=\"https:\/\/members.loria.fr\/KFort\/files\/fichiers_cours\/L1_Ecrit2Info_TD5.pdf\">TD<\/a><\/li>\n<\/ul>\n<p>Licence 3<br \/>\nOutils pour l&rsquo;analyse linguistique<\/p>\n<ul>\n<li><a href=\"https:\/\/members.loria.fr\/KFort\/files\/fichiers_cours\/L3_Outil4AnalyseLing_Intro.pdf\">Introduction<\/a>, <a href=\"https:\/\/members.loria.fr\/KFort\/files\/fichiers_cours\/L1_Ecrit2Info_LanguesEcritures.pdf\">syst\u00e8mes d&rsquo;\u00e9critures et langues<\/a><a href=\"https:\/\/members.loria.fr\/KFort\/files\/fichiers_cours\/L3_Outil4AnalyseLing_Intro.pdf\">,<\/a> <a href=\"https:\/\/members.loria.fr\/KFort\/files\/fichiers_cours\/L3_CorpusEtDroits.pdf\">corpus et droits<\/a><\/li>\n<li><a href=\"https:\/\/members.loria.fr\/KFort\/files\/fichiers_cours\/L3_Encodages.pdf\">Encodages<\/a>,<\/li>\n<\/ul>\n","protected":false},"author":205,"featured_media":0,"parent":0,"menu_order":0,"comment_status":"closed","ping_status":"closed","template":"","meta":{"footnotes":""},"class_list":["post-924","page","type-page","status-publish","hentry"],"_links":{"self":[{"href":"https:\/\/members.loria.fr\/KFort\/wp-json\/wp\/v2\/pages\/924","targetHints":{"allow":["GET"]}}],"collection":[{"href":"https:\/\/members.loria.fr\/KFort\/wp-json\/wp\/v2\/pages"}],"about":[{"href":"https:\/\/members.loria.fr\/KFort\/wp-json\/wp\/v2\/types\/page"}],"author":[{"embeddable":true,"href":"https:\/\/members.loria.fr\/KFort\/wp-json\/wp\/v2\/users\/205"}],"replies":[{"embeddable":true,"href":"https:\/\/members.loria.fr\/KFort\/wp-json\/wp\/v2\/comments?post=924"}],"version-history":[{"count":110,"href":"https:\/\/members.loria.fr\/KFort\/wp-json\/wp\/v2\/pages\/924\/revisions"}],"predecessor-version":[{"id":1087,"href":"https:\/\/members.loria.fr\/KFort\/wp-json\/wp\/v2\/pages\/924\/revisions\/1087"}],"wp:attachment":[{"href":"https:\/\/members.loria.fr\/KFort\/wp-json\/wp\/v2\/media?parent=924"}],"curies":[{"name":"wp","href":"https:\/\/api.w.org\/{rel}","templated":true}]}}