{"id":412,"date":"2016-12-07T16:16:20","date_gmt":"2016-12-07T14:16:20","guid":{"rendered":"http:\/\/members.loria.fr\/KSmaili\/?page_id=412"},"modified":"2025-01-09T16:43:40","modified_gmt":"2025-01-09T14:43:40","slug":"teaching","status":"publish","type":"page","link":"https:\/\/members.loria.fr\/KSmaili\/teaching\/","title":{"rendered":"Teaching"},"content":{"rendered":"<p>My courses are related to several aspects of computer sciences<\/p>\n<ul>\n<li>Business Intelligence<\/li>\n<li>Blockchain and Crypto-Money<\/li>\n<li>Quantum Computing<\/li>\n<li>Natural Language Processing: Statistical and neuronal methods<\/li>\n<li>Data mining<\/li>\n<li>Big Data and machine learning<\/li>\n<li>Data Bases<\/li>\n<li>Human Interface Machine<\/li>\n<\/ul>\n<p>I published two books with my colleagues:<\/p>\n<p>&nbsp;<\/p>\n<p><strong>1-\u00a0 O. Foucaut, O. Thi\u00e9ry, K. Sma\u00efli : Conception des syst\u00e8mes d&rsquo;information et programmation \u00e9v\u00e9nementielle. De l&rsquo;\u00e9tape conceptuelle \u00e0 l&rsquo;\u00e9tape d&rsquo;implantation<\/strong><\/p>\n<p><a href=\"http:\/\/members.loria.fr\/KSmaili\/wp-content\/blogs.dir\/83\/files\/sites\/83\/2016\/12\/LivreOdile2.jpg\"><img loading=\"lazy\" decoding=\"async\" class=\"size-medium wp-image-417 alignleft\" src=\"http:\/\/members.loria.fr\/KSmaili\/wp-content\/blogs.dir\/83\/files\/sites\/83\/2016\/12\/LivreOdile2-197x300.jpg\" alt=\"livreodile2\" width=\"197\" height=\"300\" srcset=\"https:\/\/members.loria.fr\/KSmaili\/wp-content\/blogs.dir\/83\/files\/sites\/83\/2016\/12\/LivreOdile2-197x300.jpg 197w, https:\/\/members.loria.fr\/KSmaili\/wp-content\/blogs.dir\/83\/files\/sites\/83\/2016\/12\/LivreOdile2.jpg 401w\" sizes=\"auto, (max-width: 197px) 100vw, 197px\" \/><\/a>Cet ouvrage propose une d\u00e9marche de conception adapt\u00e9e aux nouveaux syst\u00e8mes d&rsquo;information utilisant la programmation \u00e9v\u00e9nementielle et privil\u00e9giant les interfaces homme\/machine dans des architectures client-serveur. Elle int\u00e8gre les principales m\u00e9thodes de conception des syst\u00e8mes d&rsquo;information (Merise, Remora, Ida) et s&rsquo;articule autour de trois concepts cl\u00e9s : les objets, les op\u00e9rations et les \u00e9v\u00e9nements. Analysant les mod\u00e8les classiques (mod\u00e8le entit\u00e9-association, mod\u00e8le relationnel, mod\u00e8le des traitements et de la dynamique), l&rsquo;ouvrage insiste sur l&rsquo;importance des contraintes d&rsquo;int\u00e9grit\u00e9 et sur la validation des aspects dynamiques du syst\u00e8me d&rsquo;information. Puis il adapte la solution conceptuelle au contexte de l&rsquo;entreprise et parvient, par un ensemble de r\u00e8gles de transformation, \u00e0 la solution de l&rsquo;\u00e9tape logico-physique &#8211; qui se pr\u00e9sente sous la forme d&rsquo;un sch\u00e9ma de base de donn\u00e9es relationnelles et d&rsquo;une collection de transactions. Les concepts des interfaces homme\/machine et des langages \u00e0 programmation \u00e9v\u00e9nementielle sont \u00e9tudi\u00e9s lors de l&rsquo;\u00e9tape d&rsquo;implantation. Fruit de plus de quinze ann\u00e9es d&rsquo;enseignement et riche de nombreux exemples et \u00e9tudes de cas, l&rsquo;ouvrage int\u00e9ressera en premier lieu les \u00e9tudiants en formation de deuxi\u00e8me cycle : IUP-Miage, ma\u00eetrise d&rsquo;informatique, \u00e9coles d&rsquo;ing\u00e9nieurs et certains DEA et DESS. Il pourra \u00e9galement servir de support de cours de conception de base de donn\u00e9es en premier cycle, notamment dans les IUT. Il sera \u00e9minemment utile aux chefs de projet et aux analystes programmeurs.<\/p>\n<p><strong>2- J.P. Haton, C. Cerisara, D. Fohr, Y. Laprie, K. Sma\u00efli : Reconnaissance automatique de la parole &#8211; Du signal \u00e0 son interpr\u00e9tation<\/strong><\/p>\n<p><a href=\"http:\/\/members.loria.fr\/KSmaili\/wp-content\/blogs.dir\/83\/files\/sites\/83\/2016\/12\/LivreRecherche-1.jpg\"><img loading=\"lazy\" decoding=\"async\" class=\"size-medium wp-image-419 alignleft\" src=\"http:\/\/members.loria.fr\/KSmaili\/wp-content\/blogs.dir\/83\/files\/sites\/83\/2016\/12\/LivreRecherche-1-214x300.jpg\" alt=\"livrerecherche\" width=\"214\" height=\"300\" srcset=\"https:\/\/members.loria.fr\/KSmaili\/wp-content\/blogs.dir\/83\/files\/sites\/83\/2016\/12\/LivreRecherche-1-214x300.jpg 214w, https:\/\/members.loria.fr\/KSmaili\/wp-content\/blogs.dir\/83\/files\/sites\/83\/2016\/12\/LivreRecherche-1.jpg 440w\" sizes=\"auto, (max-width: 214px) 100vw, 214px\" \/><\/a>La reconnaissance automatique de la parole donne aujourd&rsquo;hui lieu \u00e0 un ensemble important d&rsquo;applications de nature et de difficult\u00e9 tr\u00e8s vari\u00e9es, concernant quotidiennement des millions de personnes \u00e0 travers le monde. On peut pr\u00e9voir que la parole fera de plus en plus partie des interfaces multim\u00e9dia entre un utilisateur et un syst\u00e8me automatique, d&rsquo;une part gr\u00e2ce \u00e0 l&rsquo;am\u00e9lioration de la robustesse des syst\u00e8mes de reconnaissance automatique de la parole et, d&rsquo;autre part, du fait de la sensibilisation croissante du grand public \u00e0 cette technologie encore peu connue. Cet ouvrage illustre le caract\u00e8re pluridisciplinaire de la reconnaissance automatique de la parole qui fait appel \u00e0 des notions vari\u00e9es allant des math\u00e9matiques, du traitement du signal, de l&rsquo;informatique et de l&rsquo;intelligence artificielle jusqu&rsquo;\u00e0 la phon\u00e9tique, \u00e0 la linguistique, aux sciences cognitives et aux neurosciences. Il pr\u00e9sente les fondements th\u00e9oriques du domaine ainsi que diff\u00e9rents mod\u00e8les et algorithmes utilis\u00e9s (statistiques, neuromim\u00e9tiques, symboliques) en les illustrant par des exemples r\u00e9els. Les grands domaines d&rsquo;application sont \u00e9galement \u00e9tudi\u00e9s : dict\u00e9e, commandes, t\u00e9l\u00e9matique, traduction, etc. Ce livre s&rsquo;adresse aux \u00e9tudiants en master et en doctorat, aux \u00e9l\u00e8ves ing\u00e9nieurs, aux chercheurs, aux professionnels des interfaces homme-machine, ainsi qu&rsquo;\u00e0 toute personne ayant un niveau scientifique suffisant.<\/p>\n<p>&nbsp;<\/p>\n","protected":false},"excerpt":{"rendered":"<p>My courses are related to several aspects of computer sciences<\/p>\n<ul>\n<li>Business Intelligence<\/li>\n<li>Blockchain and Crypto-Money<\/li>\n<li>Quantum Computing<\/li>\n<li>Natural Language Processing: Statistical and neuronal methods<\/li>\n<li>Data mining<\/li>\n<li>Big Data and machine learning<\/li>\n<li>Data Bases<\/li>\n<li>Human Interface Machine<\/li>\n<\/ul>\n<p>I published two books with my colleagues:<\/p>\n<p>&nbsp;<\/p>\n<p>1-\u00a0 O. Foucaut, O. Thi\u00e9ry, K. Sma\u00efli : Conception des syst\u00e8mes d&rsquo;information et programmation \u00e9v\u00e9nementielle. De l&rsquo;\u00e9tape conceptuelle \u00e0 l&rsquo;\u00e9tape d&rsquo;implantation<\/p>\n<p><a href=\"http:\/\/members.loria.fr\/KSmaili\/wp-content\/blogs.dir\/83\/files\/sites\/83\/2016\/12\/LivreOdile2.jpg\"><img loading=\"lazy\" decoding=\"async\" class=\"size-medium wp-image-417 alignleft\" src=\"http:\/\/members.loria.fr\/KSmaili\/wp-content\/blogs.dir\/83\/files\/sites\/83\/2016\/12\/LivreOdile2-197x300.jpg\" alt=\"livreodile2\" width=\"197\" height=\"300\" srcset=\"https:\/\/members.loria.fr\/KSmaili\/wp-content\/blogs.dir\/83\/files\/sites\/83\/2016\/12\/LivreOdile2-197x300.jpg 197w, https:\/\/members.loria.fr\/KSmaili\/wp-content\/blogs.dir\/83\/files\/sites\/83\/2016\/12\/LivreOdile2.jpg 401w\" sizes=\"auto, (max-width: 197px) 100vw, 197px\" \/><\/a>Cet ouvrage propose une d\u00e9marche de conception adapt\u00e9e aux nouveaux syst\u00e8mes d&rsquo;information utilisant la programmation \u00e9v\u00e9nementielle et privil\u00e9giant les interfaces homme\/machine dans des architectures client-serveur.<\/p>\n","protected":false},"author":66,"featured_media":0,"parent":0,"menu_order":0,"comment_status":"closed","ping_status":"closed","template":"","meta":{"footnotes":""},"class_list":["post-412","page","type-page","status-publish","hentry"],"_links":{"self":[{"href":"https:\/\/members.loria.fr\/KSmaili\/wp-json\/wp\/v2\/pages\/412","targetHints":{"allow":["GET"]}}],"collection":[{"href":"https:\/\/members.loria.fr\/KSmaili\/wp-json\/wp\/v2\/pages"}],"about":[{"href":"https:\/\/members.loria.fr\/KSmaili\/wp-json\/wp\/v2\/types\/page"}],"author":[{"embeddable":true,"href":"https:\/\/members.loria.fr\/KSmaili\/wp-json\/wp\/v2\/users\/66"}],"replies":[{"embeddable":true,"href":"https:\/\/members.loria.fr\/KSmaili\/wp-json\/wp\/v2\/comments?post=412"}],"version-history":[{"count":8,"href":"https:\/\/members.loria.fr\/KSmaili\/wp-json\/wp\/v2\/pages\/412\/revisions"}],"predecessor-version":[{"id":508,"href":"https:\/\/members.loria.fr\/KSmaili\/wp-json\/wp\/v2\/pages\/412\/revisions\/508"}],"wp:attachment":[{"href":"https:\/\/members.loria.fr\/KSmaili\/wp-json\/wp\/v2\/media?parent=412"}],"curies":[{"name":"wp","href":"https:\/\/api.w.org\/{rel}","templated":true}]}}