{"id":10,"date":"2015-06-15T10:23:49","date_gmt":"2015-06-15T08:23:49","guid":{"rendered":"http:\/\/members.loria.fr\/thierrygartiser\/?page_id=10"},"modified":"2018-10-23T13:17:37","modified_gmt":"2018-10-23T11:17:37","slug":"cv","status":"publish","type":"page","link":"https:\/\/members.loria.fr\/LAlonso\/cv\/","title":{"rendered":"CV"},"content":{"rendered":"<div class=\"important_div\" style=\"text-align: center\"><\/div>\n<h4 class=\"cv\">Formation<\/h4>\n<ul>\n<li class=\"p1\"><span class=\"s1\">1992 : PhD (LRI \/ Universit\u00e9 d&rsquo;Orsay)<\/span><\/li>\n<\/ul>\n<h4 class=\"cv\">Exp\u00e9rience professionnelle<\/h4>\n<ul>\n<li>1995-maintenant : charg\u00e9 de recherche Inria Grand Est<\/li>\n<li class=\"p1\"><span class=\"s1\">1991-1995 : Allocataire moniteur normalien, Universit\u00e9 de Lorraine &#8211; Vand\u0153uvre-l\u00e8s-Nancy<\/span><\/li>\n<li>1987-1991 : ENS Ulm, Paris<\/li>\n<\/ul>\n<h4 class=\"cv\">Centres d&rsquo;int\u00e9r\u00eat et comp\u00e9tences<\/h4>\n<div id=\"skillbar_straight\" style=\"padding:10px 0;\">\n\n<div class=\"skillbar clearfix\" data-percent=\"90%\" style=\"background: #eeeeee;\">\r\n\t\t\t\t<div class=\"skillbar-title\" style=\"background: #336699 !important;\"><span>G\u00e9n\u00e9ration de maillages<\/span><\/div>\r\n\t\t\t\t<div class=\"skillbar-bar\" style=\"background: #336699;\"><\/div>\r\n\t\t\t\t<div class=\"skill-bar-percent\">90%<\/div>\r\n\t\t\t<\/div>\n\n<div class=\"skillbar clearfix\" data-percent=\"80%\" style=\"background: #eeeeee;\">\r\n\t\t\t\t<div class=\"skillbar-title\" style=\"background: #336699 !important;\"><span>G\u00e9om\u00e9trie<\/span><\/div>\r\n\t\t\t\t<div class=\"skillbar-bar\" style=\"background: #336699;\"><\/div>\r\n\t\t\t\t<div class=\"skill-bar-percent\">80%<\/div>\r\n\t\t\t<\/div>\n\n<div class=\"skillbar clearfix\" data-percent=\"80%\" style=\"background: #eeeeee;\">\r\n\t\t\t\t<div class=\"skillbar-title\" style=\"background: #336699 !important;\"><span>Algorithmique<\/span><\/div>\r\n\t\t\t\t<div class=\"skillbar-bar\" style=\"background: #336699;\"><\/div>\r\n\t\t\t\t<div class=\"skill-bar-percent\">80%<\/div>\r\n\t\t\t<\/div>\n\n<div class=\"skillbar clearfix\" data-percent=\"80%\" style=\"background: #eeeeee;\">\r\n\t\t\t\t<div class=\"skillbar-title\" style=\"background: #336699 !important;\"><span>Combinatoire<\/span><\/div>\r\n\t\t\t\t<div class=\"skillbar-bar\" style=\"background: #336699;\"><\/div>\r\n\t\t\t\t<div class=\"skill-bar-percent\">80%<\/div>\r\n\t\t\t<\/div><\/p>\n<p>\n<div style=\"clear:both;\"><\/div>\n<\/div>\n<div style=\"clear:both; height:10px; overflow:hidden;\"><\/div>\n<style type=\"text\/css\">.skillbar-title{font-size:px;color:;}.skill-bar-percent{font-size:px;color:;}<\/style><script>\r\n\t\t\t\tfunction sbar(){\r\n\t\t\t\t\tjQuery(\".skillbar\").each(function(){\r\n\t\t\t\t\t\tjQuery(this).find(\".skillbar-bar\").animate({\r\n\t\t\t\t\t\t\twidth:jQuery(this).attr(\"data-percent\")\r\n\t\t\t\t\t\t},3000);\r\n\t\t\t\t\t});\t\r\n\t\t\t\t}\r\n\t\t\t\tif ( jQuery(\"#skillbar_straight\").next().is(\":appeared\") ){\r\n\t\t\t\t\tsbar();\r\n\t\t\t\t} else {\r\n\t\t\t\t\tjQuery( window ).scroll(function() {\r\n\t\t\t\t\t\tif ( jQuery(\"#skillbar_straight\").next().is(\":appeared\") ){\r\n\t\t\t\t\t\t\tsbar();\r\n\t\t\t\t\t\t}\r\n\t\t\t\t\t});\r\n\t\t\t\t}\r\n\t\t\t\t<\/script>\n<p>&nbsp;<\/p>\n","protected":false},"excerpt":{"rendered":"<p>Formation 1992 : PhD (LRI \/ Universit\u00e9 d&rsquo;Orsay) Exp\u00e9rience professionnelle 1995-maintenant : charg\u00e9 de recherche Inria Grand Est 1991-1995 : Allocataire moniteur normalien, Universit\u00e9 de Lorraine &#8211; Vand\u0153uvre-l\u00e8s-Nancy 1987-1991 : ENS Ulm, Paris Centres d&rsquo;int\u00e9r\u00eat et comp\u00e9tences &nbsp;<\/p>\n","protected":false},"author":5,"featured_media":0,"parent":0,"menu_order":0,"comment_status":"closed","ping_status":"closed","template":"","meta":{"footnotes":""},"class_list":["post-10","page","type-page","status-publish","hentry"],"_links":{"self":[{"href":"https:\/\/members.loria.fr\/LAlonso\/wp-json\/wp\/v2\/pages\/10","targetHints":{"allow":["GET"]}}],"collection":[{"href":"https:\/\/members.loria.fr\/LAlonso\/wp-json\/wp\/v2\/pages"}],"about":[{"href":"https:\/\/members.loria.fr\/LAlonso\/wp-json\/wp\/v2\/types\/page"}],"author":[{"embeddable":true,"href":"https:\/\/members.loria.fr\/LAlonso\/wp-json\/wp\/v2\/users\/5"}],"replies":[{"embeddable":true,"href":"https:\/\/members.loria.fr\/LAlonso\/wp-json\/wp\/v2\/comments?post=10"}],"version-history":[{"count":24,"href":"https:\/\/members.loria.fr\/LAlonso\/wp-json\/wp\/v2\/pages\/10\/revisions"}],"predecessor-version":[{"id":240,"href":"https:\/\/members.loria.fr\/LAlonso\/wp-json\/wp\/v2\/pages\/10\/revisions\/240"}],"wp:attachment":[{"href":"https:\/\/members.loria.fr\/LAlonso\/wp-json\/wp\/v2\/media?parent=10"}],"curies":[{"name":"wp","href":"https:\/\/api.w.org\/{rel}","templated":true}]}}