{"id":10,"date":"2015-06-15T10:23:49","date_gmt":"2015-06-15T08:23:49","guid":{"rendered":"http:\/\/members.loria.fr\/thierrygartiser\/?page_id=10"},"modified":"2026-04-04T10:13:31","modified_gmt":"2026-04-04T08:13:31","slug":"cv","status":"publish","type":"page","link":"https:\/\/members.loria.fr\/LBuhry\/cv\/","title":{"rendered":"CV"},"content":{"rendered":"<h4 class=\"cv\">Higher Education<\/h4>\n<ul>\n<li>2025-2026 <strong>Residency in Psychiatry<\/strong> (post-graduate medical training), University of Lorraine, Nancy University Hospital, Centre Psychoth\u00e9rapique de Nancy<\/li>\n<li>2022-2025 <strong>FASM1, 2, and 3: Advanced Medical Studies (4th to <\/strong><strong>6th year)<\/strong> University of Lorraine<\/li>\n<li>2021-2022 <strong>FGSM3: 3rd year Medical Studies <\/strong>University of Lorraine<\/li>\n<li>2021 <strong>Habilitation \u00e0 Diriger des Recherches <\/strong>University of Lorraine, LORIA (2021-03-11)<\/li>\n<li>2007-2010 <strong>Doctorate in Computational Neurosciences<\/strong> University of Bordeaux 1, IMS (Laboratory of Integration : From Materials to System), UMR-CNRS 5218, Bordeaux France<\/li>\n<li>2006-2007 <strong>Master 2 in Cognitive Science<\/strong> University of Bordeaux 2 and IMS Laboratory, France<\/li>\n<li>2005-2006 <strong>Master 2 in Mathematics <\/strong>University of Bordeaux 1 , France<br \/>\nSpecialization: Differential and Algebraic Geometry, Probability and Statistics.<strong><br \/>\n<\/strong><\/li>\n<li>2004-2005 <strong>Ma\u00eetrise in Mathematics <\/strong>(French equivalent master 1) University of Bordeaux 1 , France<\/li>\n<li>2003-2004 <strong>Bachelor in Mathematics,<\/strong> University of Marne-la-Vall\u00e9e, France<br \/>\nSpecialization: Algebra and Geometry, Numerical Analysis.<\/li>\n<li>2001-2003 <strong>2-year Intensive Course,<\/strong> (classes pr\u00e9paratoires MPSI, MP), Saint-Louis and Schweitzer preparatory schools, Paris and Le Raincy, France<\/li>\n<\/ul>\n<h4 class=\"cv\">Scientific and Teaching Professional Experience<\/h4>\n<ul>\n<li>Since September 2013: <strong>Associate Professor, Universit\u00e9 of Lorraine &#8211; LORIA<\/strong> (Laboratoire LOrrain de Recherche en Informatique et ses Applications) &#8211; CNRS &#8211; INRIA, Nancy, France<\/li>\n<li>2012-2013: <strong>Postdoctoral Researcher,<\/strong> <strong>Inria Nancy&#8211;Grand-Est<\/strong>, team CORTEX, France<\/li>\n<li>2012-2013: <strong>Temporary Teaching Assistant Universit\u00e9 de Lorraine, UFR Math\u00e9matiques et Informatique,<\/strong> Nancy, France<\/li>\n<li>2010-2012: <strong>Postdoctoral Researcher, Ruhr-Universit\u00e4t Bochum, DFG <\/strong>(Deutsche ForschungsGemeinschaft), Mercator Research Group \u00ab\u00a0Structure of Memory\u00a0\u00bb, Bochum, Germany<\/li>\n<li>2007-2010: <strong>Doctoral Researcher, Universit\u00e9 Bordeaux 1 &#8211; IMS<\/strong> (Laboratory Integration form Material to Systems), Bordeaux, France<\/li>\n<li>2007-2010:<strong> Temporary Teaching Assistant, ENSEIRB (\u00c9cole Nationale Sup\u00e9rieure d&rsquo;\u00c9lectronique, Informatique, T\u00e9l\u00e9communications de Bordeaux), IUT Bordeaux 1, <\/strong>Bordeaux, France<\/li>\n<\/ul>\n<h4 class=\"cv\">Scientific <strong>Supervision<\/strong><\/h4>\n<p><strong>Postdoc:<\/strong><\/p>\n<ul>\n<li>Lo\u00efs Naudin: Computational Modeling of\u00a0 the Retinal Electrophysiological Activity<\/li>\n<\/ul>\n<p><strong>Ph.D. Theses at the University of Lorraine:<\/strong><\/p>\n<ul>\n<li>Sarah Hamdi-Cherif (2023-2026?). Title: <em>Computational Modelling of the Hippocampus for the Study of Pathophysiological Plasticity Mechanisms in an Animal Model of Schizophrenia<\/em>. Co-supervision with Radu Ranta (CRAN) and J\u00e9r\u00e9mie Gaidamour (IECL)<\/li>\n<li>Laetitia Raison-Aubry (2021-2024?). Title: <em>Computational Modeling and Simulation of Electrophysiological Retinal activity for the Study of Pathophysiological Mechanisms in Neuropsychiatry<\/em><\/li>\n<li>Nathalie Azevedo (2018-2021). Title: <em>Un mod\u00e8le informatique biologiquement r\u00e9aliste des oscillations neuronales pathologiques observ\u00e9es dans la maladie de Parkinson.<\/em> Co-supervision with Dominique Martinez, LORIA<\/li>\n<li>Am\u00e9lie Aussel (2016-2019). Title : <em>Computational Modeling of Healthy and Epileptic Hippocampal Oscillations.<\/em> Co-supervision with Radu Ranta, CRAN.<\/li>\n<li>Francesco Giovannini (2014-2017). Title: <em>Mathematical Modelling of Neural Oscillations in Hippocampal Memory Networks during Waking and under General Anaesthesia.<\/em><\/li>\n<\/ul>\n<p><strong>Student research projects<\/strong> (&gt;20)<\/p>\n<h4 class=\"cv\">Administrative responsibilities<\/h4>\n<ul>\n<li>Co-head of the Inria Neurosys team (2015 to Dec.2020)<\/li>\n<\/ul>\n<p>Elected member of:<\/p>\n<ul>\n<li><a href=\"https:\/\/www.cnsorg.org\/board-of-directors-2020\">Board of Directors of the OCNS<\/a> (Organization for Computational Neuroscience) &#8211; Newletter Editor (Dec.2019-Dec. 2022)<\/li>\n<li>Council and Board of the AM2I scientific department of the University of Lorraine (2017-2026)<\/li>\n<li>Council of IDMC (2018-2025)<\/li>\n<li>Inria CDT council (Commission de D\u00e9veloppement Technologique) (2013-2015)<\/li>\n<\/ul>\n<p>Nominated member of:<\/p>\n<ul>\n<li>EBRAINS-FR Scientific Committee (since June 2024)<\/li>\n<li>Steering Committe of the IT-neuro Network (Lorraine regional network in neuroscience) (since 2017)<\/li>\n<li>Parity Committee at LORIA (since 2020)<\/li>\n<\/ul>\n<h4 class=\"cv\">Prizes and Awards<\/h4>\n<ul>\n<li>2009: <em>For <a href=\"https:\/\/www.enseignementsup-recherche.gouv.fr\/cid49636\/www.enseignementsup-recherche.gouv.fr\/cid49636\/remise-des-bourses-du-prix-pour-les-femmes-et-la-science-en-france.html\">Women and Science<\/a><\/em> Award L\u2019Or\u00e9al France Foundation-UNESCO-French Academy of Sciences<br \/>\n(ten awardees a year)<\/li>\n<li>2009: Grant from the ACCN (Advanced Courses On Computational Neuroscience) for a scientific stay<\/li>\n<\/ul>\n<h4 class=\"cv\">Miscellaneous<\/h4>\n<ul>\n<li>AFGSU level 2 (Attestation de Formation aux Gestes et Soins d\u2019Urgence, niveau 2): emergency care training for medical staff (2022)<\/li>\n<li>Radiation protection training (2023)<\/li>\n<\/ul>\n<h4 class=\"cv\">Skills and Interests<\/h4>\n<div id=\"skillbar_straight\" style=\"padding:10px 0;\">\n\n<div class=\"skillbar clearfix\" data-percent=\"90%\" style=\"background: #eeeeee;\">\r\n\t\t\t\t<div class=\"skillbar-title\" style=\"background: #336699 !important;\"><span>Computational Neurosciences<\/span><\/div>\r\n\t\t\t\t<div class=\"skillbar-bar\" style=\"background: #336699;\"><\/div>\r\n\t\t\t\t<div class=\"skill-bar-percent\">90%<\/div>\r\n\t\t\t<\/div>\n\n<div class=\"skillbar clearfix\" data-percent=\"70%\" style=\"background: #eeeeee;\">\r\n\t\t\t\t<div class=\"skillbar-title\" style=\"background: #336699 !important;\"><span>Artificial Intelligence<\/span><\/div>\r\n\t\t\t\t<div class=\"skillbar-bar\" style=\"background: #336699;\"><\/div>\r\n\t\t\t\t<div class=\"skill-bar-percent\">70%<\/div>\r\n\t\t\t<\/div>\n\n<div class=\"skillbar clearfix\" data-percent=\"80%\" style=\"background: #eeeeee;\">\r\n\t\t\t\t<div class=\"skillbar-title\" style=\"background: #336699 !important;\"><span>Neurophysiology<\/span><\/div>\r\n\t\t\t\t<div class=\"skillbar-bar\" style=\"background: #336699;\"><\/div>\r\n\t\t\t\t<div class=\"skill-bar-percent\">80%<\/div>\r\n\t\t\t<\/div>\n\n<div class=\"skillbar clearfix\" data-percent=\"70%\" style=\"background: #eeeeee;\">\r\n\t\t\t\t<div class=\"skillbar-title\" style=\"background: #336699 !important;\"><span>Medicine<\/span><\/div>\r\n\t\t\t\t<div class=\"skillbar-bar\" style=\"background: #336699;\"><\/div>\r\n\t\t\t\t<div class=\"skill-bar-percent\">70%<\/div>\r\n\t\t\t<\/div>\n\n<div class=\"skillbar clearfix\" data-percent=\"85%\" style=\"background: #eeeeee;\">\r\n\t\t\t\t<div class=\"skillbar-title\" style=\"background: #336699 !important;\"><span>Stochastic Optimization<\/span><\/div>\r\n\t\t\t\t<div class=\"skillbar-bar\" style=\"background: #336699;\"><\/div>\r\n\t\t\t\t<div class=\"skill-bar-percent\">85%<\/div>\r\n\t\t\t<\/div>\n\n\n<div style=\"clear:both;\"><\/div>\n<\/div>\n<div style=\"clear:both; height:10px; overflow:hidden;\"><\/div>\n<style type=\"text\/css\">.skillbar-title{font-size:px;color:;}.skill-bar-percent{font-size:px;color:;}<\/style><script>\r\n\t\t\t\tfunction sbar(){\r\n\t\t\t\t\tjQuery(\".skillbar\").each(function(){\r\n\t\t\t\t\t\tjQuery(this).find(\".skillbar-bar\").animate({\r\n\t\t\t\t\t\t\twidth:jQuery(this).attr(\"data-percent\")\r\n\t\t\t\t\t\t},3000);\r\n\t\t\t\t\t});\t\r\n\t\t\t\t}\r\n\t\t\t\tif ( jQuery(\"#skillbar_straight\").next().is(\":appeared\") ){\r\n\t\t\t\t\tsbar();\r\n\t\t\t\t} else {\r\n\t\t\t\t\tjQuery( window ).scroll(function() {\r\n\t\t\t\t\t\tif ( jQuery(\"#skillbar_straight\").next().is(\":appeared\") ){\r\n\t\t\t\t\t\t\tsbar();\r\n\t\t\t\t\t\t}\r\n\t\t\t\t\t});\r\n\t\t\t\t}\r\n\t\t\t\t<\/script>\n<p>&nbsp;<\/p>\n","protected":false},"excerpt":{"rendered":"<p>Higher Education<\/p>\n<ul>\n<li>2025-2026 Residency in Psychiatry (post-graduate medical training), University of Lorraine, Nancy University Hospital, Centre Psychoth\u00e9rapique de Nancy<\/li>\n<li>2022-2025 FASM1, 2, and 3: Advanced Medical Studies (4th to 6th year) University of Lorraine<\/li>\n<li>2021-2022 FGSM3: 3rd year Medical Studies University of Lorraine<\/li>\n<li>2021 Habilitation \u00e0 Diriger des Recherches University of Lorraine, LORIA (2021-03-11)<\/li>\n<li>2007-2010 Doctorate in Computational Neurosciences University of Bordeaux 1, IMS (Laboratory of Integration : From Materials to System), UMR-CNRS 5218, Bordeaux France<\/li>\n<li>2006-2007 Master 2 in Cognitive Science University of Bordeaux 2 and IMS Laboratory,<\/li>\n<\/ul>\n","protected":false},"author":5,"featured_media":0,"parent":0,"menu_order":0,"comment_status":"closed","ping_status":"closed","template":"","meta":{"footnotes":""},"class_list":["post-10","page","type-page","status-publish","hentry"],"_links":{"self":[{"href":"https:\/\/members.loria.fr\/LBuhry\/wp-json\/wp\/v2\/pages\/10","targetHints":{"allow":["GET"]}}],"collection":[{"href":"https:\/\/members.loria.fr\/LBuhry\/wp-json\/wp\/v2\/pages"}],"about":[{"href":"https:\/\/members.loria.fr\/LBuhry\/wp-json\/wp\/v2\/types\/page"}],"author":[{"embeddable":true,"href":"https:\/\/members.loria.fr\/LBuhry\/wp-json\/wp\/v2\/users\/5"}],"replies":[{"embeddable":true,"href":"https:\/\/members.loria.fr\/LBuhry\/wp-json\/wp\/v2\/comments?post=10"}],"version-history":[{"count":85,"href":"https:\/\/members.loria.fr\/LBuhry\/wp-json\/wp\/v2\/pages\/10\/revisions"}],"predecessor-version":[{"id":488,"href":"https:\/\/members.loria.fr\/LBuhry\/wp-json\/wp\/v2\/pages\/10\/revisions\/488"}],"wp:attachment":[{"href":"https:\/\/members.loria.fr\/LBuhry\/wp-json\/wp\/v2\/media?parent=10"}],"curies":[{"name":"wp","href":"https:\/\/api.w.org\/{rel}","templated":true}]}}