{"id":353,"date":"2016-08-26T16:55:10","date_gmt":"2016-08-26T14:55:10","guid":{"rendered":"http:\/\/members.loria.fr\/MAmblard\/?page_id=353"},"modified":"2026-01-22T19:18:21","modified_gmt":"2026-01-22T17:18:21","slug":"encadrements","status":"publish","type":"page","link":"https:\/\/members.loria.fr\/MAmblard\/encadrements\/","title":{"rendered":"Encadrements"},"content":{"rendered":"<h5>Co-encadrement de th\u00e8se en cours &#8211; 3<\/h5>\n<ul>\n<li><strong>Vincent-Thomas Barrouillet<\/strong>, doctorat en linguistique <em>(depuis 2019)<\/em>\n<ul>\n<li>Vers une formalisation automatis\u00e9e des d\u00e9viations \u00e0 la logicit\u00e9 dialogique du discours pathologique du sujet schizophr\u00e8ne<\/li>\n<li>co-endrement avec 50% avec Michel Musiol, Pr Universit\u00e9 de Lorraine<\/li>\n<li>Contrat doctoral<\/li>\n<\/ul>\n<\/li>\n<li><strong>Amandine Decker<\/strong><strong>, <\/strong>doctorat en informatique <em>(depuis 2022)<\/em>\n<ul>\n<li>Dialogue Modelling<\/li>\n<li>co-tutelle 50% avec <a href=\"https:\/\/www.gu.se\/en\/about\/find-staff\/ellenbreitholtz\">Ellen Breitholtz<\/a>, Gothenburg University<\/li>\n<\/ul>\n<\/li>\n<li><strong>R\u00e9mi de Vergnette de Lamotte<\/strong><strong>, <\/strong>doctorat en informatique <em>(depuis 2025)<\/em>\n<ul>\n<li>Analyseur s\u00e9mantique pour la langue naturelle<\/li>\n<\/ul>\n<\/li>\n<\/ul>\n<h5>Th\u00e8ses soutenues &#8211; 5<\/h5>\n<ul>\n<li>2020-2025 <strong>Siyana Pavlova, <\/strong>Toward Scalable Semantic Annotation : Bridging Readability and a Wide Range of Phenomena into a Layered Meaning Representation,\u00a0avec <a href=\"https:\/\/grew.fr\/\">Bruno Guillaume<\/a>, CR INRIA (50%)\n<ul>\n<li>Contrat doctoral IA &#8211; PIA3<\/li>\n<\/ul>\n<\/li>\n<li>2019- 2023 <strong>Chuyuan Li<\/strong>, <em>Facing Data Scarcity in Dialogues for Discourse Structure Discovery and Prediction<\/em>, avec\u00a0<a href=\"https:\/\/cbraud.gitlab.io\/mysite\/\">Chlo\u00e9 Braud <\/a>CR CNRS, IRIT\n<ul>\n<li>Contrat doctoral, actuellement post-doctroante Bristish Columbia University<\/li>\n<\/ul>\n<\/li>\n<li>2017-2021<strong> Maria Boritchev<\/strong>,\u00a0<em>Dialogue Dynamics Modeling in the Simple Theory of Types, <\/em>avec <a href=\"https:\/\/members.loria.fr\/PdeGroote\/\">Philippe de Groote<\/a>\n<ul>\n<li>Bourse Cordi-S Inria &#8211; ATER IDMC, MCF Telecom Paris<\/li>\n<\/ul>\n<\/li>\n<li>2013&#8211;2016 <strong>Jiri Marsik<\/strong>, <a href=\"http:\/\/www.theses.fr\/2016LORR0322\"><em>Effects and Handler in Natural Language<\/em><\/a>, avec <a href=\"https:\/\/members.loria.fr\/PdeGroote\/\">Philippe de Groote<\/a>\n<ul>\n<li>Bourse Cordi-S Inria, actuellement ing\u00e9nieur chez Oracle \u00e0 Prague, R\u00e9publique Tch\u00e8que<\/li>\n<\/ul>\n<\/li>\n<li>2009&#8211;2014 <strong>Sai Qian<\/strong>, <a href=\"http:\/\/www.theses.fr\/2014LORR0138\"><em>Accessibilit\u00e9 des variables pour la r\u00e9solution de contraintes<\/em><\/a>, avec <a href=\"https:\/\/members.loria.fr\/PdeGroote\/\">Philippe de Groote<\/a>\n<ul>\n<li>Allocation de recherche puis ATER, chercheur Jiangxi academy of Sciences, Chine<\/li>\n<\/ul>\n<\/li>\n<\/ul>\n<h5 class=\"vspace\">\u00a0M2 Recherche &#8211; 14<\/h5>\n<ul>\n<li>Ivaylo Mitov, Exploring the Flexibility of the Yarn Semantic Formalism for Semantics Representation and Reasoning, avec Bruno Guillaume, septembre 2026<\/li>\n<li>Tadzhat Marharian, Semantic annotations and contrastive studies, avec Bruno Guillaume, septembre 2026<\/li>\n<li>Remi de Vergnette, Towards Semantic Parsing for the YARN meaning representation, septembre 2025, Universit\u00e9 de Lorraine et Polytechnique<\/li>\n<li>Ines Hernandez, Topis schift, septembre 2024 Universit\u00e9 de Lorraine<\/li>\n<li>Cl\u00e9mentie Bleuze, NLP4NLP, septembre 2024 Universit\u00e9 de Lorraine<\/li>\n<li>Sergey Berezin, juin 2022 Universit\u00e9 des Saareland<\/li>\n<li>Amandine Decker, <em>Modeling topic level interaction in pathological conversations,<\/em> juin 2022 Universit\u00e9 de Lorraine<\/li>\n<li>Wenjun Sun, <em>Clues in Patient with Schizophrenia Interviews,<\/em> juin 2022 Universit\u00e9 de Lorraine<\/li>\n<li>Hannah Keyser, <em>Do Depressive people speak differently Automated Dialogue classification in Mental Health<\/em>, juin 2022, Osnabrueck University<\/li>\n<li>Maria Boritchev, <a href=\"http:\/\/members.loria.fr\/MAmblard\/wp-content\/blogs.dir\/74\/files\/sites\/74\/2017\/11\/MasterThesisMariaBoritchev.pdf\"><em>Approching dialogue modeling in a dynamic framework<\/em>,<\/a> juin 2017, Universit\u00e9 de Lorraine<\/li>\n<li>St\u00e9phane Tiv, <em><a href=\"http:\/\/members.loria.fr\/MAmblard\/wp-content\/blogs.dir\/74\/files\/sites\/74\/2016\/08\/masters-thesis-13.pdf\">Modelling Dialogues in a Dynamics Framework : formal integration and evaluation<\/a><\/em>, juin 2016, Universit\u00e9 de Lorraine<\/li>\n<li>Anh-Duv Vu, <em><a href=\"http:\/\/members.loria.fr\/MAmblard\/wp-content\/blogs.dir\/74\/files\/sites\/74\/2016\/08\/AnhDucVU-master-thesis.pdf\">Text mining at discourse level<\/a>,<\/em> juin 2016, Universit\u00e9 de Lorraine<\/li>\n<li>Sara von de Moosdijk, <em><a href=\"http:\/\/members.loria.fr\/MAmblard\/wp-content\/blogs.dir\/74\/files\/sites\/74\/2016\/08\/Thesis_Sara_van_de_Moosdijk.pdf\">Mining texts at the discourse level<\/a><\/em>, juin 2014, Universit\u00e9 de Lorraine<\/li>\n<li>Jiri Marsik, <em><a href=\"http:\/\/members.loria.fr\/MAmblard\/wp-content\/blogs.dir\/74\/files\/sites\/74\/2020\/09\/Rapport-Marsik-compresse.pdf\">Towards a Wide-Coverage Grammar: Graphical Abstract Categorial Grammars<\/a><\/em>, juin 2013, Universit\u00e9 de Lorraine<\/li>\n<li>Sai Qian, <em>Identification of accessibility constraints in discourse<\/em> juin 2009, Universit\u00e9 Nancy 2<\/li>\n<li>Bruno M\u00e9ry, <em>Range Concat\u00e9nation Grammars et grammaires minimalistes<\/em>, juin 2006, Universit\u00e9 Bordeaux 1<\/li>\n<\/ul>\n<h5 class=\"vspace\">M1<\/h5>\n<p>Les projets de M1 sont des projets longs avec une composante recherche tr\u00e8s significative les rapprochants des stages <em>recherche<\/em> de M2.<\/p>\n<ul>\n<li>Felten Axel, Jinane Harchal, Mario Jakimoski, Hao Meng, Extracting topical information from real-life conversations based on the notion of potential question, avec Amandine Deckar, juin 2026<\/li>\n<li>Alexandre Choplin, Adad Ein Alchaybeh, Kirmani Syeda Ayesha, L\u00e9o Vernicos, Classification and Comparison of Textual Witnesses, avec Iglika Nikolova-Stoupak, juin 2026<\/li>\n<li>Samba Fall, Zsofia Flora Hauk, Tadzhat Marharian, Ivaylo Mitov, <a href=\"https:\/\/members.loria.fr\/MAmblard\/3_supervised_project_samba_zsofia_tadzhat_ivaylo-compresse\/\">The Edge of Meaning: Cross-lingual AMR Parsing and the Bottom-Up Node Similarity (BUNS) Metric<\/a>, avec Bruno Guillaume, juin 2025<\/li>\n<li>Emeric Licorni, Ke Yan, Pierre Thiebaut et Zahra Sharifi, <a href=\"https:\/\/members.loria.fr\/MAmblard\/6_licorni_thiebaut_sharifi_yan_supervised_project_report\/\">Bridging NLP and Sociology: Computational Approaches to Aging Research<\/a>, juin 2025<\/li>\n<li>Van Duy Ngo, Dimitra Niaouri et Ghasem Roshanfekr, French Parallel Meaning Bank Pipeline, juin 2022<\/li>\n<li>Albert Miller et Anar Yeginbergenvoa, <a href=\"http:\/\/members.loria.fr\/MAmblard\/wp-content\/blogs.dir\/74\/files\/sites\/74\/2021\/09\/8Supervised_Project_Final_Albert_Anar.pdf\">Dialogical Parsing<\/a> [<a href=\"http:\/\/members.loria.fr\/MAmblard\/wp-content\/blogs.dir\/74\/files\/sites\/74\/2021\/09\/8Dialogue_act_annotation_supervised_project.pdf\">first part report<\/a>][<a href=\"http:\/\/members.loria.fr\/MAmblard\/wp-content\/blogs.dir\/74\/files\/sites\/74\/2021\/09\/8Dialogue_act_annotation_supervised_project.pdf\">poster<\/a>], juin 2021<\/li>\n<li>Alena Yakavet et Axel Didier, <a href=\"http:\/\/members.loria.fr\/MAmblard\/wp-content\/blogs.dir\/74\/files\/sites\/74\/2020\/09\/G7-BibliographicReport_Didier_Yakavets_v5.pdf\">Does my question answer your answer?<\/a>, janvier 2020<\/li>\n<li>L\u00e9a Dieudonnat, Marta Carletti et Yitin Tsai,\u00a0<a href=\"http:\/\/members.loria.fr\/MAmblard\/wp-content\/blogs.dir\/74\/files\/sites\/74\/2020\/09\/Report_Supervised_Project.pdf\"> Where&rsquo;s The Answer: Dialogue Annotation<\/a>, juin 2019<\/li>\n<li>Siyana Pavlova et Kelvin Han, <a href=\"http:\/\/members.loria.fr\/MAmblard\/wp-content\/blogs.dir\/74\/files\/sites\/74\/2020\/09\/Going_from_UD_towards_AMR.pdf\">Going from UD towards AMR<\/a>, juin 2019<\/li>\n<li>Mari\u0301a Andrea Cruz Blando\u0301n, Gosse Minnema et Aria Nourbakhsh <a href=\"http:\/\/members.loria.fr\/MAmblard\/wp-content\/blogs.dir\/74\/files\/sites\/74\/2020\/09\/Supervised-Project-Report.pdf\">What\u2019s The Answer: Dialogue Annotation<\/a>, juin 2018<\/li>\n<li>Alexis Biver, Emile Colin et Corentin Lefebvre, <a href=\"http:\/\/members.loria.fr\/MAmblard\/wp-content\/blogs.dir\/74\/files\/sites\/74\/2020\/09\/Rapport-final-Projet-tutore\u0301-SLAM-2018-compressed.pdf\">Troubles du langage et de la pens\u00e9e : campagne d\u2019annotation<\/a>, juin 2018<\/li>\n<li>Laurier \u00c9milie et Huber Laurine, <a href=\"http:\/\/members.loria.fr\/MAmblard\/wp-content\/blogs.dir\/74\/files\/sites\/74\/2020\/09\/Rapport-projet-tutore-copie-compressed.pdf\">Trouble du langage et de la pens\u00e9e : Campagne d\u2019annotation<\/a>, juin 2017<\/li>\n<li>Olga Leticevscaia, Yiqing Liang, Liu Ruixue, <a href=\"http:\/\/members.loria.fr\/MAmblard\/wp-content\/blogs.dir\/74\/files\/sites\/74\/2020\/09\/reportofLiuLiangLeticevscaia-compressed.pdf\">A tool for automatic analysis of linguistic clues in dialogue transcripts<\/a>, juin 2016<\/li>\n<li>Valentin Steyer et Marine Ruez, <a href=\"http:\/\/members.loria.fr\/MAmblard\/wp-content\/blogs.dir\/74\/files\/sites\/74\/2020\/09\/Rapport-final-compresse-1.pdf\">Outils pour l\u2019analyse des troubles du langage et de la pens\u00e9e<\/a>, juin 2015<\/li>\n<li>Nathalie Wittmann et Kenny Rivalin, <a href=\"http:\/\/members.loria.fr\/MAmblard\/wp-content\/blogs.dir\/74\/files\/sites\/74\/2020\/09\/Rapport-final-compresse.pdf\">Ressource multi-niveaux annot\u00e9e pour la pathologie mentale<\/a>, juin 2014<\/li>\n<li>Amaury L&rsquo;Huillier et Florian Marchal, <a href=\"http:\/\/members.loria.fr\/MAmblard\/wp-content\/blogs.dir\/74\/files\/sites\/74\/2020\/09\/rapport_lhuillier_marchal-compressed.pdf\">Nancy au doigt et \u00e0 l\u2019oeil gr\u00e2ce au dispositif D-MIN<\/a>, juin 2013<\/li>\n<li>Bruno Andriamiarina, C\u00e9cil\u00e9 Dehaye, <a href=\"http:\/\/members.loria.fr\/MAmblard\/wp-content\/blogs.dir\/74\/files\/sites\/74\/2020\/09\/Rapport.pdf\">Les mots de la campagnes pr\u00e9sidentielle fran\u00e7aise 2012<\/a>, juin 2012<\/li>\n<li>C\u00e9dric Beuzit, Joffrey Mougel, <a href=\"http:\/\/members.loria.fr\/MAmblard\/wp-content\/blogs.dir\/74\/files\/sites\/74\/2020\/09\/BeuzitLaboz_Mougel-compressed.pdf\">Schisme : Interface et v\u00e9rification pour la mod\u00e9lisation de conversations schizophr\u00e9niques<\/a>, juin 2011<\/li>\n<li>Impl\u00e9mentation d\u2019un module s\u00e9mantique pour le parser de J. Hale, juin 2005<\/li>\n<\/ul>\n<div class=\"layoutArea\">\n<div class=\"column\">\n<div class=\"page\" title=\"Page 1\">\n<div class=\"layoutArea\">\n<div class=\"column\">Autres stage de M1 et \u00e9cole d&rsquo;ing\u00e9nieur<\/div>\n<ul>\n<li>Owen Leray, Repr\u00e9sentation s\u00e9mantique pour la langue naturelle, \u00c9cole des Mines, 2026<\/li>\n<li>Ivaylo Mitov, YARN annotation, 07-09 2025<\/li>\n<li>Tadzhat Marharian, Devlopping tools for YARN annotation, 07-09 2025<\/li>\n<li>Dimitris Papadiakis, Semantic analysis of dialogues, 02-05 2025<\/li>\n<li>Remi de Vergnette, Analyse dynamique des interactions dialogique, septembre 2024, Polytechnique<\/li>\n<li>Zhengjian Li, Yarn annotation in chinese and english, juin 2024<\/li>\n<li>Clara Serruau, Semantic annotation in natural languages\u2019 corpus, \u00c9cole des Mines de Nancy, septembre 2020 &#8211; juin 2021<br \/>\nD\u00e9veloppement de transformations de graphes repr\u00e9sentant la s\u00e9mantique de la langue naturelle<\/li>\n<li>Esteban Marquer, Outillage de la transcription, mai 2019 &#8211; juillet 2019<\/li>\n<li>Youssef Bouif, Abdelouahed Imihy, T\u00e9l\u00e9com Nancy, Outils pour le d\u00e9veloppement de grammaires s\u00e9mantiques \u00e0 large couverture, Telecom Nancy, juin 2016<\/li>\n<li>Nicolas Anglade, \u00e9cole des Mines de Nancy, Un environnement de d\u00e9veloppement pour les Grammaires Cat\u00e9gorielles Abstraites, \u00c9cole des Mines de Nancy, juin -septembre 2014<\/li>\n<\/ul>\n<\/div>\n<\/div>\n<\/div>\n<\/div>\n<h5 class=\"vspace\">\u00a0Licence<\/h5>\n<ul>\n<li>Yoan Ighir, Analyse des donn\u00e9es du conseil constitutionnel, avec Pr. Samuel Ferey, IDMC 04-06 2026<\/li>\n<li>Jules Holer, R\u00e9plication d&rsquo;exp\u00e9rience en parsing de structure de dialogue, IDMC 04-06 2025<\/li>\n<li>Emeric Licorni, recueil et l\u2019analyse de data de conversations textuelle, IDMC 04-06 2024<\/li>\n<li>\u00c9l\u00e9onore Mangel, Annotation en repr\u00e9sentations s\u00e9mantiques pour la suite FraCaS, ENS Saclay, juin-juillet 2021<\/li>\n<li>Amandine Decker, <a href=\"http:\/\/members.loria.fr\/MAmblard\/wp-content\/blogs.dir\/74\/files\/sites\/74\/2020\/09\/RapportDecker-compressed.pdf\">Annotations pr\u00e9cises de dialogues pathologiques<\/a>, MIASHS Universit\u00e9 de Lorraine, mai-septembre 2020<\/li>\n<li>Morgane Pailler, <a href=\"http:\/\/members.loria.fr\/MAmblard\/wp-content\/blogs.dir\/74\/files\/sites\/74\/2020\/09\/Rapport_Stage_Morgane_Pailler-compressed.pdf\">Production d\u2019annotations morpho-syntaxiques et d\u2019expressions logiques et exploitation de donn\u00e9es statistiques sur la suite FraCaS<\/a>, MIASHS Universit\u00e9 de Lorraine, mai-septembre 2020<\/li>\n<li>Angeline Pintore, <a href=\"http:\/\/members.loria.fr\/MAmblard\/wp-content\/blogs.dir\/74\/files\/sites\/74\/2020\/09\/RapportStage-compressed.pdf\">Rapport du d\u00e9veloppement d\u2019une application d\u2019analyse d\u2019entretiens entre des professionnels de sant\u00e9 et leurs patients<\/a>, MIAGE, Universit\u00e9 Paris, mai-septembre 2020<\/li>\n<li>Lucille Dumont, <a href=\"http:\/\/members.loria.fr\/MAmblard\/wp-content\/blogs.dir\/74\/files\/sites\/74\/2020\/09\/Rapport-de-stage-DUMONT-compressed.pdf\">Dialogues in Game &#8211; DinG<\/a>, MIASHS Universit\u00e9 de Lorraine, mai-septembre 2020<\/li>\n<li>Louis Gleyo, Mod\u00e9lisation du raisonnement par l&rsquo;utilisation de graphes de syllogismes, Universit\u00e9 Paris 8, mai-juillet 2020<\/li>\n<li>Maxime Guillaume, <a href=\"http:\/\/members.loria.fr\/MAmblard\/wp-content\/blogs.dir\/74\/files\/sites\/74\/2020\/09\/l3_guillaume_maxime_rapport.pdf\">Grammaires d\u2019arbres adjoints \u00e0 large couverture et grammaires cat\u00e9gorielles abstraites<\/a>, mai-aout 2018<\/li>\n<li>Alexandre Bertrand, Projet SLAM entre psychologie, informatique et philosophie, Universit\u00e9 de Lorraine, mai 2016<\/li>\n<li>Blanche Chenel, d\u00e9veloppement d&rsquo;une traduction de lexiques TAG vers ACG, juin-septembre 2015<\/li>\n<li>Th\u00e9ophane de Logivi\u00e8re, Restructuration en python d&rsquo;un outil de traitement automatique de corpus oraux, juin-septembre 2015<\/li>\n<li>Boris Alexandre, S\u00e9mantique formelle, juin 2013<\/li>\n<li>Thimoth\u00e9e Berha, classification de news, mars 2010<\/li>\n<li>Tamas Birkner, Modelling Modal Subordination, ENS, juillet 2009<\/li>\n<\/ul>\n<p>&nbsp;<\/p>\n<h5 class=\"vspace\">Suivi et \u00e9valuation de stage &#8211; 67<\/h5>\n<p class=\"p1\">Dans les formations de Licence et Master o\u00f9 j&rsquo;interviens, les stagiaires ont toujours un encadrant acad\u00e9mique qui a pour fonction de rencontrer l&rsquo;\u00e9tudiant et ses encadrants, de suivre le travail, la r\u00e9daction du rapport final et d&rsquo;\u00e9valuer le travail (rapport et soutenance).<\/p>\n<p>M2 recherche : 14<br \/>\nM2 en entreprise : 18<br \/>\nM1 projets tutor\u00e9s : 11<br \/>\nL3 MIAGE et Sciences Cognitives : 24<\/p>\n<h4 class=\"vspace\"><\/h4>\n","protected":false},"excerpt":{"rendered":"<p>Co-encadrement de th\u00e8se en cours &#8211; 3<\/p>\n<ul>\n<li>Vincent-Thomas Barrouillet, doctorat en linguistique <em>(depuis 2019)<\/em>\n<ul>\n<li>Vers une formalisation automatis\u00e9e des d\u00e9viations \u00e0 la logicit\u00e9 dialogique du discours pathologique du sujet schizophr\u00e8ne<\/li>\n<li>co-endrement avec 50% avec Michel Musiol, Pr Universit\u00e9 de Lorraine<\/li>\n<li>Contrat doctoral<\/li>\n<\/ul>\n<\/li>\n<li>Amandine Decker, doctorat en informatique <em>(depuis 2022)<\/em>\n<ul>\n<li>Dialogue Modelling<\/li>\n<li>co-tutelle 50% avec <a href=\"https:\/\/www.gu.se\/en\/about\/find-staff\/ellenbreitholtz\">Ellen Breitholtz<\/a>, Gothenburg University<\/li>\n<\/ul>\n<\/li>\n<li>R\u00e9mi de Vergnette de Lamotte, doctorat en informatique <em>(depuis 2025)<\/em>\n<ul>\n<li>Analyseur s\u00e9mantique pour la langue naturelle<\/li>\n<\/ul>\n<\/li>\n<\/ul>\n<p>Th\u00e8ses soutenues &#8211; <\/p>\n","protected":false},"author":57,"featured_media":0,"parent":0,"menu_order":0,"comment_status":"closed","ping_status":"closed","template":"","meta":{"footnotes":""},"class_list":["post-353","page","type-page","status-publish","hentry"],"_links":{"self":[{"href":"https:\/\/members.loria.fr\/MAmblard\/wp-json\/wp\/v2\/pages\/353","targetHints":{"allow":["GET"]}}],"collection":[{"href":"https:\/\/members.loria.fr\/MAmblard\/wp-json\/wp\/v2\/pages"}],"about":[{"href":"https:\/\/members.loria.fr\/MAmblard\/wp-json\/wp\/v2\/types\/page"}],"author":[{"embeddable":true,"href":"https:\/\/members.loria.fr\/MAmblard\/wp-json\/wp\/v2\/users\/57"}],"replies":[{"embeddable":true,"href":"https:\/\/members.loria.fr\/MAmblard\/wp-json\/wp\/v2\/comments?post=353"}],"version-history":[{"count":52,"href":"https:\/\/members.loria.fr\/MAmblard\/wp-json\/wp\/v2\/pages\/353\/revisions"}],"predecessor-version":[{"id":1213,"href":"https:\/\/members.loria.fr\/MAmblard\/wp-json\/wp\/v2\/pages\/353\/revisions\/1213"}],"wp:attachment":[{"href":"https:\/\/members.loria.fr\/MAmblard\/wp-json\/wp\/v2\/media?parent=353"}],"curies":[{"name":"wp","href":"https:\/\/api.w.org\/{rel}","templated":true}]}}