{"id":359,"date":"2016-08-26T16:59:58","date_gmt":"2016-08-26T14:59:58","guid":{"rendered":"http:\/\/members.loria.fr\/MAmblard\/?page_id=359"},"modified":"2026-01-22T18:31:31","modified_gmt":"2026-01-22T16:31:31","slug":"vie-scientifique","status":"publish","type":"page","link":"https:\/\/members.loria.fr\/MAmblard\/vie-scientifique\/","title":{"rendered":"Responsabilit\u00e9s Recherche et vie scientifique"},"content":{"rendered":"<div class=\"vspace\"><\/div>\n<div class=\"page\" title=\"Page 9\">\n<div class=\"layoutArea\">\n<h5 class=\"column\">Responsabilit\u00e9s Recherche (<a href=\"https:\/\/members.loria.fr\/MAmblard\/projets\/\">voir page projets<\/a>)<\/h5>\n<\/div>\n<\/div>\n<ul>\n<li>Porteur du projet Initiative d&rsquo;Excellence Lorraine INSIGHT depuis 2025 (projet de 4 ans)<\/li>\n<li>Co-porteur de l\u2019axe comprehension du pr\u00e9 GDR TAL (avec Marianna Apidianaki (CR CNRS)) 2019<\/li>\n<li>Co-porteur (avec Mathieu Constant, Pr Informatique) du Work-Package 2 (WP2) du <a href=\"http:\/\/lue.univ-lorraine.fr\/fr\/open-language-and-knowledge-citizens-olki\">projet OLKI<\/a>, depuis juin 2018, projet IMPACT de l\u2019I-SITE LUE (Lorraine Universit\u00e9 d\u2019Excellence) 2 M\u20ac.<\/li>\n<li>Co-leader pour la France du projet <a href=\"https:\/\/members.loria.fr\/MAmblard\/projets\/\">MePheSTO<\/a> avec Fran\u00e7ois Br\u00e9mont de l\u2019\u00e9quipe STARS. Ce projet s\u2019inscrit dans la politique de collaboration Inria-DFKI sur l\u2019intelligence artificielle (2020-2023)<\/li>\n<li>Responsable de l\u2019action exploratoire <a href=\"https:\/\/members.loria.fr\/MAmblard\/projets\/\">ODiM<\/a>. Les Actions exploratoires visent \u00e0 susciter l\u2019\u00e9mergence de nouvelles th\u00e9matiques de recherche. Elles donnent \u00e0 des scientifiques les moyens de tester des id\u00e9es originales (2019-2022)<\/li>\n<li>2016 et 2017 projet R\u00e9gion Grand-Est et Universit\u00e9 de Lorraine <a class=\"urllink\" href=\"http:\/\/www.loria.fr\/~amblard\/SLAM\" rel=\"nofollow\">SLAM<\/a><\/li>\n<li>2013 et 2014 responsable du PEPS HuMaIn <a class=\"urllink\" href=\"http:\/\/www.loria.fr\/~amblard\/SLAM\" rel=\"nofollow\">SLAM<\/a><\/li>\n<li>2013-2015 responsable de l&rsquo;op\u00e9ration MSH-Lorraine <a class=\"urllink\" href=\"http:\/\/www.loria.fr\/~amblard\/SLAM\" rel=\"nofollow\">SLAM<\/a><\/li>\n<li>2012 responsable scientifique de la pr\u00e9-op\u00e9ration MSH-Lorraine <a class=\"urllink\" href=\"http:\/\/www.loria.fr\/~amblard\/SLAM\" rel=\"nofollow\">SLAM (voir la page d\u00e9di\u00e9e)<\/a>\n<div class=\"layoutArea\"><\/div>\n<\/li>\n<\/ul>\n<div><\/div>\n<div>\n<h5>Invitations<\/h5>\n<div><\/div>\n<div><strong>Visites au<\/strong> <a href=\"http:\/\/clasp.gu.se\">Centre for Linguistic Theory and Studies in Probability &#8211; CLASP<\/a>}, University of Gothenburg}, octobre 2019 (1 semaine), octobre 2018 (1 semaine) et novembre 2017 (1 semaine).<\/div>\n<div><\/div>\n<div>Ces trois visites ont permis de stabiliser des relations de recherche qui ouvrent sur la r\u00e9daction d&rsquo;un projet de collaboration europ\u00e9enne<\/div>\n<div><\/div>\n<h5>Bourses de mobilit\u00e9<\/h5>\n<ul>\n<li>Bourse Galan 2019 de l\u2019ambassade de Su\u00e8de, bourse 2019 de mobilit\u00e9 internationale du LoRIA<\/li>\n<li>Bourse de mobilit\u00e9 TOR 2018 de l\u2019institut fran\u00e7ais de Su\u00e8de<\/li>\n<\/ul>\n<h5>Diffusion de logiciel<\/h5>\n<div>SLoDIM : logiciel d\u2019analyse automatique de transcriptions de dialogues<\/div>\n<div><\/div>\n<div><a href=\"https:\/\/slodim.loria.fr\/\">https:\/\/slodim.loria.fr\/<\/a><\/div>\n<div><\/div>\n<div>Le d\u00e9veloppement du logiciel a d\u00e9but\u00e9 en 2015 et s&rsquo;est acc\u00e9l\u00e9r\u00e9 avec l\u2019Action Exploratoire Inria ODiM et l&rsquo;arriv\u00e9e d&rsquo;un ing\u00e9nieur, Pierre Lefebvre, travaillant sur le projet.<\/div>\n<div><\/div>\n<div>Il s\u2019agit d\u2019analyser la production linguistique des interlocuteurs d\u2019un dialogue afin de mettre en avant des caract\u00e9ristiques de groupes particuliers. Le logiciel est \u00e0 destination des cliniciens. Nous portons actuellement une premi\u00e8re phase de test aupr\u00e8s d&rsquo;utilisateurs finaux. Il est accessible en ligne via un compte dont la cr\u00e9ation n&rsquo;est pas ouverte \u00e0 une large audience.<\/div>\n<\/div>\n<div>\n<h5>Association scientifique<\/h5>\n<ul>\n<li>membre d&rsquo;ALIA depuis 2024, membre du CA depuis 2025<\/li>\n<li>membre du jury du prix de th\u00e8se de l&rsquo;ATALA 2016<\/li>\n<li>membre de l&rsquo;ATALA depuis 2008, dont CA 2008-2014 (membre du bureau de 2008 \u00e0 2013)<\/li>\n<li>membre de la SIF depuis 2012<\/li>\n<li>membre de l&rsquo;ATALA depuis 2008<\/li>\n<li>membre d&rsquo;<a class=\"urllink\" href=\"http:\/\/postes.smai.emath.fr\/\" rel=\"nofollow\">Op\u00e9ration Poste<\/a> 2008-2012<\/li>\n<li>pr\u00e9sident de l&rsquo;Afodib (association de la Formation Doctorale en Informatique de Bordeaux), 2005-07<\/li>\n<li>membre du bureau d&rsquo;Orbital, 2004-07<\/li>\n<\/ul>\n<\/div>\n","protected":false},"excerpt":{"rendered":"<p>Responsabilit\u00e9s Recherche (<a href=\"https:\/\/members.loria.fr\/MAmblard\/projets\/\">voir page projets<\/a>)<\/p>\n<ul>\n<li>Porteur du projet Initiative d&rsquo;Excellence Lorraine INSIGHT depuis 2025 (projet de 4 ans)<\/li>\n<li>Co-porteur de l\u2019axe comprehension du pr\u00e9 GDR TAL (avec Marianna Apidianaki (CR CNRS)) 2019<\/li>\n<li>Co-porteur (avec Mathieu Constant, Pr Informatique) du Work-Package 2 (WP2) du <a href=\"http:\/\/lue.univ-lorraine.fr\/fr\/open-language-and-knowledge-citizens-olki\">projet OLKI<\/a>, depuis juin 2018, projet IMPACT de l\u2019I-SITE LUE (Lorraine Universit\u00e9 d\u2019Excellence) 2 M\u20ac.<\/li>\n<li>Co-leader pour la France du projet <a href=\"https:\/\/members.loria.fr\/MAmblard\/projets\/\">MePheSTO<\/a> avec Fran\u00e7ois Br\u00e9mont de l\u2019\u00e9quipe STARS. Ce projet s\u2019inscrit dans la politique de collaboration Inria-DFKI sur l\u2019intelligence artificielle (2020-2023)<\/li>\n<li>Responsable de l\u2019action exploratoire <a href=\"https:\/\/members.loria.fr\/MAmblard\/projets\/\">ODiM<\/a>.<\/li>\n<\/ul>\n","protected":false},"author":57,"featured_media":0,"parent":0,"menu_order":0,"comment_status":"closed","ping_status":"closed","template":"","meta":{"footnotes":""},"class_list":["post-359","page","type-page","status-publish","hentry"],"_links":{"self":[{"href":"https:\/\/members.loria.fr\/MAmblard\/wp-json\/wp\/v2\/pages\/359","targetHints":{"allow":["GET"]}}],"collection":[{"href":"https:\/\/members.loria.fr\/MAmblard\/wp-json\/wp\/v2\/pages"}],"about":[{"href":"https:\/\/members.loria.fr\/MAmblard\/wp-json\/wp\/v2\/types\/page"}],"author":[{"embeddable":true,"href":"https:\/\/members.loria.fr\/MAmblard\/wp-json\/wp\/v2\/users\/57"}],"replies":[{"embeddable":true,"href":"https:\/\/members.loria.fr\/MAmblard\/wp-json\/wp\/v2\/comments?post=359"}],"version-history":[{"count":30,"href":"https:\/\/members.loria.fr\/MAmblard\/wp-json\/wp\/v2\/pages\/359\/revisions"}],"predecessor-version":[{"id":1203,"href":"https:\/\/members.loria.fr\/MAmblard\/wp-json\/wp\/v2\/pages\/359\/revisions\/1203"}],"wp:attachment":[{"href":"https:\/\/members.loria.fr\/MAmblard\/wp-json\/wp\/v2\/media?parent=359"}],"curies":[{"name":"wp","href":"https:\/\/api.w.org\/{rel}","templated":true}]}}