{"id":363,"date":"2016-08-26T17:01:08","date_gmt":"2016-08-26T15:01:08","guid":{"rendered":"http:\/\/members.loria.fr\/MAmblard\/?page_id=363"},"modified":"2024-03-27T23:49:01","modified_gmt":"2024-03-27T21:49:01","slug":"mediation-scientifique","status":"publish","type":"page","link":"https:\/\/members.loria.fr\/MAmblard\/mediation-scientifique\/","title":{"rendered":"M\u00e9diation scientifique"},"content":{"rendered":"<h5>Interventions r\u00e9centes<\/h5>\n<ul>\n<li>Pr\u00e9sentation IA Lyc\u00e9e Chopin, Nancy, 9 mai 2023<\/li>\n<li>Conf\u00e9rence pour le mois de la sant\u00e9, <em>Je parle \u00e0 mon ordinateur : c\u2019est grave docteur ?, 16 mars 2023<\/em><\/li>\n<li>Conf\u00e9rence grand public LEs IA sont des machines \u00e0 faire du sens, 15 septembre 2023<\/li>\n<li>Table ronde ZizaniIA, Saurez-vous s\u00e9parer les artistes et l&rsquo;IA ?, 28 mars 2024<\/li>\n<\/ul>\n<h5><a href=\"https:\/\/interstices.info\/\">Interstices.info<\/a><\/h5>\n<ul>\n<li><strong>Responsable scientifique adjoint<\/strong> (septembre 2016 &#8211; avril 2021)<\/li>\n<li>Membre du comit\u00e9 \u00e9ditorial de la revue en ligne <a class=\"urllink\" href=\"http:\/\/www.interstices.info\/\" rel=\"nofollow\">interstices )i(<\/a>\u00a0(depuis novembre 2011)\n<ul>\n<li>responsable de la rubrique <a class=\"urllink\" href=\"https:\/\/interstices.info\/jcms\/ni_75709\/l-informatique-ou-presque-dans-les-films\" rel=\"nofollow\">l&rsquo;informatique -ou presque- dans les films<\/a><\/li>\n<li>co-auteur de la s\u00e9rie <a class=\"urllink\" href=\"https:\/\/interstices.info\/jcms\/p_86371\/ou-se-cache-la-science-informatique\" rel=\"nofollow\">Il y a de l&rsquo;informatique dans&#8230;<\/a><\/li>\n<\/ul>\n<\/li>\n<\/ul>\n<p>&nbsp;<\/p>\n<p><img loading=\"lazy\" decoding=\"async\" class=\"size-medium wp-image-1012 alignleft\" src=\"http:\/\/members.loria.fr\/MAmblard\/wp-content\/blogs.dir\/74\/files\/sites\/74\/2021\/04\/Poster7F-copie-300x141.jpg\" alt=\"\" width=\"300\" height=\"141\" srcset=\"https:\/\/members.loria.fr\/MAmblard\/wp-content\/blogs.dir\/74\/files\/sites\/74\/2021\/04\/Poster7F-copie-300x141.jpg 300w, https:\/\/members.loria.fr\/MAmblard\/wp-content\/blogs.dir\/74\/files\/sites\/74\/2021\/04\/Poster7F-copie-1024x481.jpg 1024w, https:\/\/members.loria.fr\/MAmblard\/wp-content\/blogs.dir\/74\/files\/sites\/74\/2021\/04\/Poster7F-copie-768x360.jpg 768w, https:\/\/members.loria.fr\/MAmblard\/wp-content\/blogs.dir\/74\/files\/sites\/74\/2021\/04\/Poster7F-copie-1536x721.jpg 1536w, https:\/\/members.loria.fr\/MAmblard\/wp-content\/blogs.dir\/74\/files\/sites\/74\/2021\/04\/Poster7F-copie-2048x961.jpg 2048w\" sizes=\"auto, (max-width: 300px) 100vw, 300px\" \/><\/p>\n<ul>\n<li>Porteur du projet 7<a href=\"http:\/\/interstices.info\/7familles\/\"> familles de l&rsquo;informatique<\/a> pour <a href=\"https:\/\/interstices.info\/\">Interstices.info<\/a><\/li>\n<li>responsable du groupe de travail pendant 1 an<\/li>\n<li>r\u00e9daction des bibliographies<\/li>\n<li>r\u00e9daction des quizz<\/li>\n<li>40 000 exemplaires diffus\u00e9s (f\u00eates de la sciences, enseignants du secondaire, etc.)<\/li>\n<li>projet soutenu par la <a href=\"https:\/\/www.fondation-blaise-pascal.org\/\">fondation Blaise Pascal<\/a>, <a href=\"https:\/\/www.inria.fr\">Inria<\/a>, la <a href=\"https:\/\/www.societe-informatique-de-france.fr\/\">SIF<\/a> et l&rsquo;<a href=\"https:\/\/www.univ-lorraine.fr\/\">Universit\u00e9 de Lorraine<\/a><\/li>\n<\/ul>\n<div class=\"page\" title=\"Page 28\">\n<div class=\"layoutArea\">\n<div class=\"column\">\n<h5>Informatique d\u00e9branch\u00e9e<\/h5>\n<\/div>\n<\/div>\n<\/div>\n<div class=\"page\" title=\"Page 28\">\n<div class=\"layoutArea\">\n<div class=\"column\">\n<div class=\"page\" title=\"Page 28\">\n<div class=\"layoutArea\">\n<div class=\"column\">\n<p>L\u2019informatique unplugged a connu un essor au milieu des ann\u00e9es 2000. Le LoRIA a h\u00e9berg\u00e9 plusieurs membres actifs sur la th\u00e9matique en particulier Martin Quinson, Jean-Christophe Bach et Marie Duflot- Kremer. Je me suis investi dans cette direction qui permet de mettre en avant les probl\u00e8mes th\u00e9oriques de l\u2019informatique de mani\u00e8re tangible, et aussi de positionner l\u2019informatique comme science \u00e0 part enti\u00e8re. J\u2019int\u00e8gre lorsque cela est possible ce type d\u2019activit\u00e9 dans mes enseignements.<\/p>\n<\/div>\n<\/div>\n<\/div>\n<ul>\n<li>Animation sur l&rsquo;informatique d\u00e9branch\u00e9e en primaire (CP-CE1-CE2-CM2) : tour de magie algorithmique, \u00e9criture en base 2, travers\u00e9e de rivi\u00e8re, parcours de marmotte, apprentissage automatique, etc.<\/li>\n<li>Co-animation d&rsquo;une atelier Diabolo dans le cadre de PinOfSciences avec Marie Duflot-Kreme &#8211; avril 2020<\/li>\n<li>D\u00e9veloppement d&rsquo;une activit\u00e9 d\u00e9branch\u00e9e sur\u00a0les grammaires formelles et le TAL symbolique : les lapins magiciens (construction de formules magiques pour la transformation de carottes)\n<ul>\n<li>Document [<a href=\"https:\/\/hal.inria.fr\/hal-02414345v3\">pdf<\/a>]<\/li>\n<li>Pr\u00e9sentation \u00e0 la r\u00e9gionale de l&rsquo;APMEP 2021<\/li>\n<li>Pr\u00e9sentation pour D\u00e9couverte de la sciences pour lyc\u00e9ens &#8211; FST Universit\u00e9 de Lorraine, 2019<\/li>\n<\/ul>\n<\/li>\n<\/ul>\n<\/div>\n<\/div>\n<\/div>\n<ul>\n<li style=\"list-style-type: none\"><\/li>\n<\/ul>\n<h5>Participation \u00e0 des op\u00e9rations de m\u00e9diation scientifique<\/h5>\n<div class=\"page\" title=\"Page 29\">\n<div class=\"layoutArea\">\n<div class=\"column\">\n<ul>\n<li>Participation atelier m\u00e9diation par le jeu Science and You, octobre 2021<\/li>\n<li>GDR-TAL journ\u00e9e grand public :\u00a0Mon ordinateur est-il un bon psy ? [<a href=\"http:\/\/members.loria.fr\/MAmblard\/wp-content\/blogs.dir\/74\/files\/sites\/74\/2021\/01\/GDR-TAL-compressed-2.pdf\">pdf<\/a>] (spoiler : pas tellement) &#8211; 12 janvier 2021\n<ul>\n<li><a href=\"https:\/\/webcast.in2p3.fr\/video\/mon-ordinateur-est-il-un-bon-psy?jwsource=cl\">https:\/\/webcast.in2p3.fr\/video\/mon-ordinateur-est-il-un-bon-psy?jwsource=cl<\/a><\/li>\n<li>Co-porteur en 2019 Cr\u00e9ation de deux vid\u00e9os de pr\u00e9sentation de l\u2019Intelligence artificielle et le TAL \u00e0 destination du grand public pour le projet OLKi (PIA &#8211; I-SITE LUE), 2019-2021<\/li>\n<\/ul>\n<\/li>\n<li>Superviseur d&rsquo;un groupe de doctorants en exercice de m\u00e9diation scientifique par le th\u00e9\u00e2tre, Journ\u00e9e Internationales Hubert Curien, Septembre 2012, Nancy.<\/li>\n<\/ul>\n<p>Participation sous forme de pr\u00e9sentation pl\u00e9ni\u00e8re ou de webinaire :<\/p>\n<\/div>\n<\/div>\n<\/div>\n<ul>\n<li>Webinaire <a href=\"https:\/\/www.youtube.com\/channel\/UC3lzXh61IrtDxIuL3pbMVaQ\">IDMC sur l&rsquo;IA (3 courtes parties)<\/a><\/li>\n<li>Pr\u00e9sentation aux MathSup du Lyc\u00e9e Poincar\u00e9 de Nancy 26.01.2017 [<a href=\"http:\/\/members.loria.fr\/MAmblard\/wp-content\/blogs.dir\/74\/files\/sites\/74\/2017\/01\/MonTeletMoi.compressed.pdf\">Slides.pdf<\/a>]<a class=\"js-media-image-link block med-link media-item \" href=\"https:\/\/t.co\/KhKwogPjM6\" target=\"_blank\" rel=\"mediaPreview noopener noreferrer\"> <img loading=\"lazy\" decoding=\"async\" class=\"media-img alignright\" src=\"https:\/\/pbs.twimg.com\/media\/C3Gqrl2XEAAnnWC.jpg:large\" alt=\"Media preview\" width=\"84\" height=\"63\" \/><\/a><\/li>\n<li><a class=\"js-media-image-link block med-link media-item \" href=\"https:\/\/t.co\/KhKwogPjM6\" target=\"_blank\" rel=\"mediaPreview noopener noreferrer\"><span style=\"color: #333333\">journ\u00e9es portes ouvertes IDMC\u00a0 (2017, 18, 19, 20, 21)<\/span><\/a><\/li>\n<li><a class=\"js-media-image-link block med-link media-item \" href=\"https:\/\/t.co\/KhKwogPjM6\" target=\"_blank\" rel=\"mediaPreview noopener noreferrer\"><span style=\"color: #333333\">accueil de lyc\u00e9ens en laboratoire (2018, 2019)<\/span><\/a><\/li>\n<li><a class=\"js-media-image-link block med-link media-item \" href=\"https:\/\/t.co\/KhKwogPjM6\" target=\"_blank\" rel=\"mediaPreview noopener noreferrer\"><span style=\"color: #333333\">journ\u00e9e Ada Lovelace (2018)<\/span><\/a><\/li>\n<li><a class=\"js-media-image-link block med-link media-item \" href=\"https:\/\/t.co\/KhKwogPjM6\" target=\"_blank\" rel=\"mediaPreview noopener noreferrer\"><span style=\"color: #333333\">pr\u00e9sentation de l\u2019informatique d\u00e9branch\u00e9e aux enseignants (2019, 2020), etc.<\/span><\/a>\n<div class=\"layoutArea\"><\/div>\n<\/li>\n<li>Conf\u00e9rence Curieuse de l&rsquo;Universit\u00e9 de Lorraine, au mus\u00e9e aquarium de Nancy <a class=\"urllink\" href=\"http:\/\/webloria.loria.fr\/~amblard\/fichiers\/MonWiki\/ConfCurieuse_Amblard.pdf\" rel=\"nofollow\">Le langage, logique !<\/a>, 17 septembre 2015<\/li>\n<li>Expos\u00e9 invit\u00e9 pour l&rsquo;Universit\u00e9 du Luxembourg Le langage, logique !, 15 Octobre 2015<\/li>\n<\/ul>\n<p>Organisation d&rsquo;exposition :<\/p>\n<ul>\n<li>Conseils scientifiques <a href=\"http:\/\/homonumericus.inria.fr\/\">HomoNum\u00e9ricus<\/a><\/li>\n<li>Fascination ou aversion pour le num\u00e9rique : encodage\/d\u00e9codage, f\u00e9vrier 2011, BU Lettres, Universit\u00e9 de Lorraine<\/li>\n<li>Proj\u2019SC, pr\u00e9sentation des travaux de M1, janvier 2013, BU Lettres, Universit\u00e9 de Lorraine<\/li>\n<\/ul>\n<div class=\"layoutArea\">\n<div class=\"column\"><\/div>\n<\/div>\n<h5 class=\"vspace\">Publications<\/h5>\n<ul>\n<li>Participation au Panorama \u00ab\u00a0Math\u00e9matiques et Langage\u00a0\u00bb pour la Commission fran\u00e7aise pour l&rsquo;enseignement des math\u00e9matiques (article et aide \u00e9ditoriale) [<a href=\"http:\/\/forum-maths-vivantes.fr\/IMG\/pdf\/panoramam-l_red.pdf\">version pdf<\/a>]<\/li>\n<li><a href=\"https:\/\/hal.inria.fr\/hal-03131246\">Le probl\u00e8me des 8 reines<\/a><\/li>\n<li><a href=\"https:\/\/interstices.info\/idee-recue-les-algorithmes-prennent-ils-des-decisions\/\">Id\u00e9e re\u00e7ue : Les algorithmes prennent-ils des d\u00e9cisions ?<\/a><\/li>\n<li><a href=\"https:\/\/hal.inria.fr\/hal-01466800\">Regard sur \u201cLe temps des algorithmes<\/a><\/li>\n<li><a class=\"urllink\" href=\"https:\/\/interstices.info\/jcms\/p_87400\/regard-sur-a-quoi-revent-les-algorithmes\" rel=\"nofollow\">Article sur le livre de Dominique Cardon, \u00a0\u00bb\u00c0 quoi r\u00eavent les algorithmes ?\u00a0\u00bb<\/a><\/li>\n<li>Article de synth\u00e8se sur le Traitement Automatique des Langues dans la s\u00e9rie Real Humans <a class=\"urllink\" href=\"https:\/\/interstices.info\/jcms\/ni_74169\/real-humans-des-machines-qui-parlent-comme-des-hommes-ou-presque\" rel=\"nofollow\">Real Humans : des machines qui parlent comme des hommes, ou presque&#8230;<\/a> revue en ligne <a class=\"urllink\" href=\"http:\/\/www.interstices.info\/\" rel=\"nofollow\">)i(<\/a>, d\u00e9cembre 2013<\/li>\n<li>Sur le m\u00eame th\u00e8me, dans le journal du CNRS <a class=\"urllink\" href=\"https:\/\/lejournal.cnrs.fr\/articles\/real-humans-revu-par-les-chercheurs-1\" rel=\"nofollow\">Real Humans revu par les chercheurs (1)<\/a>, mai 2014.<\/li>\n<\/ul>\n<h5 class=\"vspace\">Pr\u00e9sentation de projets Scientifiques<\/h5>\n<ul>\n<li>MePheSTO\n<ul>\n<li>Article de pr\u00e9sentation du projet <a href=\"https:\/\/www.inria.fr\/fr\/mephesto-lia-au-service-de-la-detection-des-troubles-psychiatriques\">ici<\/a><br \/>\n<section id=\"container\" class=\"three-columns-sided\">\n<div id=\"content\" role=\"main\">\n<div id=\"post-1033\" class=\"post-1033 page type-page status-publish hentry\">\n<div class=\"entry-content\">\n<div><\/div>\n<\/div>\n<\/div>\n<\/div>\n<\/section>\n<\/li>\n<\/ul>\n<\/li>\n<li>\u00a0ODiM\n<ul>\n<li>Article de pr\u00e9sentation du projet <a href=\"https:\/\/www.inria.fr\/fr\/schizophrenie-analyser-le-discours-pour-mieux-diagnostiquer\">sur inria.fr<\/a><\/li>\n<li>France-Culture :\u00a0<a href=\"https:\/\/www.franceculture.fr\/emissions\/la-methode-scientifique\/table-ronde-sur-lactualite-des-sciences?s=09\">la m\u00e9thode scientifique<\/a> \u00e9mission du 11 septembre 2020, entre les minutes 30 et 40<\/li>\n<li>Caf\u00e9 In\u2019 Inria NGE : pr\u00e9sentation du 08 octobre 2020, les slides\u00a0<a href=\"https:\/\/team.inria.fr\/semagramme\/files\/2020\/10\/cafein-1.pdf\">[pdf]<\/a>\n<div id=\"forbottom\">\n<section id=\"container\" class=\"three-columns-sided\">\n<div id=\"content\" role=\"main\">\n<div id=\"post-1030\" class=\"post-1030 page type-page status-publish hentry\">\n<div class=\"entry-content\"><\/div>\n<\/div>\n<\/div>\n<\/section>\n<\/div>\n<\/li>\n<\/ul>\n<\/li>\n<li>SLAM\n<ul>\n<li>Le projet SLAM a fait l&rsquo;objet d&rsquo;un reportage sur France3 Lorraine le 17 mai 2014 <a class=\"urllink\" href=\"https:\/\/members.loria.fr\/MAmblard\/files\/doc\/JournalFrance319_20LorraineMagazinedu17%20juin2014.mp4\" rel=\"nofollow\">vid\u00e9o<\/a><\/li>\n<li><a class=\"urllink\" href=\"https:\/\/lejournal.cnrs.fr\/articles\/mieux-diagnostiquer-la-schizophrenie\" rel=\"nofollow\">Mieux diagnostiquer la schizophrenie<\/a>, pour le journal en ligne du CNRS. On le retrouve dans la version papier <a class=\"urllink\" href=\"https:\/\/lejournal.cnrs.fr\/sites\/default\/files\/numeros_papier\/jdc_275_complet_bd_0.pdf\" rel=\"nofollow\">pdf<\/a><\/li>\n<li>Le projet SLAM \u00e0 la une du site recherche de la r\u00e9gion Lorraine <a class=\"urllink\" href=\"http:\/\/eureka.lorraine.eu\/jahia\/Jahia\/fr\/actualites?actu=22201\" rel=\"nofollow\">ici<\/a>, en <a class=\"urllink\" href=\"http:\/\/webloria.loria.fr\/~amblard\/fichiers\/MonWiki\/eurekaLorraine.pdf\" rel=\"nofollow\">pdf<\/a><\/li>\n<\/ul>\n<\/li>\n<\/ul>\n","protected":false},"excerpt":{"rendered":"<p>Interventions r\u00e9centes<\/p>\n<ul>\n<li>Pr\u00e9sentation IA Lyc\u00e9e Chopin, Nancy, 9 mai 2023<\/li>\n<li>Conf\u00e9rence pour le mois de la sant\u00e9, <em>Je parle \u00e0 mon ordinateur : c\u2019est grave docteur ?, 16 mars 2023<\/em><\/li>\n<li>Conf\u00e9rence grand public LEs IA sont des machines \u00e0 faire du sens, 15 septembre 2023<\/li>\n<li>Table ronde ZizaniIA, Saurez-vous s\u00e9parer les artistes et l&rsquo;IA ?, 28 mars 2024<\/li>\n<\/ul>\n<p><a href=\"https:\/\/interstices.info\/\">Interstices.info<\/a><\/p>\n<ul>\n<li>Responsable scientifique adjoint (septembre 2016 &#8211; avril 2021)<\/li>\n<li>Membre du comit\u00e9 \u00e9ditorial de la revue en ligne <a class=\"urllink\" href=\"http:\/\/www.interstices.info\/\" rel=\"nofollow\">interstices )i(<\/a>\u00a0(depuis novembre 2011)\n<ul>\n<li>responsable de la rubrique <a class=\"urllink\" href=\"https:\/\/interstices.info\/jcms\/ni_75709\/l-informatique-ou-presque-dans-les-films\" rel=\"nofollow\">l&rsquo;informatique -ou presque- dans les films<\/a><\/li>\n<li>co-auteur de la s\u00e9rie <a class=\"urllink\" href=\"https:\/\/interstices.info\/jcms\/p_86371\/ou-se-cache-la-science-informatique\" rel=\"nofollow\">Il y a de l&rsquo;informatique dans&#8230;<\/a><\/li>\n<\/ul>\n<\/li>\n<\/ul>\n","protected":false},"author":57,"featured_media":0,"parent":0,"menu_order":0,"comment_status":"closed","ping_status":"closed","template":"","meta":{"footnotes":""},"class_list":["post-363","page","type-page","status-publish","hentry"],"_links":{"self":[{"href":"https:\/\/members.loria.fr\/MAmblard\/wp-json\/wp\/v2\/pages\/363","targetHints":{"allow":["GET"]}}],"collection":[{"href":"https:\/\/members.loria.fr\/MAmblard\/wp-json\/wp\/v2\/pages"}],"about":[{"href":"https:\/\/members.loria.fr\/MAmblard\/wp-json\/wp\/v2\/types\/page"}],"author":[{"embeddable":true,"href":"https:\/\/members.loria.fr\/MAmblard\/wp-json\/wp\/v2\/users\/57"}],"replies":[{"embeddable":true,"href":"https:\/\/members.loria.fr\/MAmblard\/wp-json\/wp\/v2\/comments?post=363"}],"version-history":[{"count":35,"href":"https:\/\/members.loria.fr\/MAmblard\/wp-json\/wp\/v2\/pages\/363\/revisions"}],"predecessor-version":[{"id":1116,"href":"https:\/\/members.loria.fr\/MAmblard\/wp-json\/wp\/v2\/pages\/363\/revisions\/1116"}],"wp:attachment":[{"href":"https:\/\/members.loria.fr\/MAmblard\/wp-json\/wp\/v2\/media?parent=363"}],"curies":[{"name":"wp","href":"https:\/\/api.w.org\/{rel}","templated":true}]}}