{"id":567,"date":"2018-11-06T01:47:19","date_gmt":"2018-11-05T23:47:19","guid":{"rendered":"http:\/\/members.loria.fr\/MAmblard\/?page_id=567"},"modified":"2022-04-15T11:58:13","modified_gmt":"2022-04-15T09:58:13","slug":"cs","status":"publish","type":"page","link":"https:\/\/members.loria.fr\/MAmblard\/cs\/","title":{"rendered":"CS"},"content":{"rendered":"<p>Cette page rassemble les compte-rendus toujours partiels et partials du Conseil Scientifique de l&rsquo;Universit\u00e9 de Lorraine.<\/p>\n<p>Vous trouverez les \u00e9l\u00e9ments relatifs \u00e0 la LPR (ex-LPPR) en bas de page.<\/p>\n<p><strong>Second mandat<\/strong> &#8211; coll\u00e8ge ma\u00eetre de conf\u00e9rences HDR &#8211; depuis juin 2017, \u00e9lu Pour Une Universit\u00e9 de Service Public (PUUSP)<\/p>\n<h4>2022<\/h4>\n<ul>\n<li><a href=\"http:\/\/members.loria.fr\/MAmblard\/wp-content\/blogs.dir\/74\/files\/sites\/74\/2022\/04\/CR-CS-PUUSP-22-03-22.pdf\">22 mars 2022<\/a><\/li>\n<li><a href=\"http:\/\/members.loria.fr\/MAmblard\/wp-content\/blogs.dir\/74\/files\/sites\/74\/2022\/04\/CR-CS-PUUSP-23-02-22.pdf\">23 f\u00e9vrier 2022<\/a><\/li>\n<li><a href=\"http:\/\/members.loria.fr\/MAmblard\/wp-content\/blogs.dir\/74\/files\/sites\/74\/2022\/01\/CR-CS-PUUSP-25-01-22.pdf\">25 janvier 2022 &#8211; CS en visio<\/a><\/li>\n<\/ul>\n<h4>2021<\/h4>\n<ul>\n<li><a href=\"http:\/\/members.loria.fr\/MAmblard\/wp-content\/blogs.dir\/74\/files\/sites\/74\/2022\/04\/CR_PUUSP-_30-11-2021.pdf\">30 novembre 2021<\/a><\/li>\n<li><a href=\"http:\/\/members.loria.fr\/MAmblard\/wp-content\/blogs.dir\/74\/files\/sites\/74\/2021\/10\/CR_PUUSP-_20102021-1.pdf\">20 octobre 2021<\/a><\/li>\n<li><a href=\"http:\/\/members.loria.fr\/MAmblard\/wp-content\/blogs.dir\/74\/files\/sites\/74\/2021\/09\/CRCS210921.pdf\">21 septembre 2021<\/a><\/li>\n<li>08 juillet 2021<\/li>\n<li>21 juin 2021<\/li>\n<li>21 mai 2021<\/li>\n<li>18 mai 2021 &#8211; CS restreint en visio<\/li>\n<li><a href=\"http:\/\/members.loria.fr\/MAmblard\/wp-content\/blogs.dir\/74\/files\/sites\/74\/2021\/04\/CR-PUUSP-CS-20-04-2021.pdf\">21 avril 2021 &#8211; CS en visio<\/a><\/li>\n<li>06 avril 2021 &#8211; CS restreint en visio<\/li>\n<li><a href=\"http:\/\/members.loria.fr\/MAmblard\/wp-content\/blogs.dir\/74\/files\/sites\/74\/2021\/04\/CRPUUSP19012021-2.pdf\">30 mars 2021 &#8211; CS en visio<\/a><\/li>\n<li><a href=\"http:\/\/members.loria.fr\/MAmblard\/wp-content\/blogs.dir\/74\/files\/sites\/74\/2021\/04\/CRPUUSP18022021.pdf\">18 f\u00e9vrier 2021 &#8211; CS en visio<\/a><\/li>\n<li><a href=\"http:\/\/members.loria.fr\/MAmblard\/wp-content\/blogs.dir\/74\/files\/sites\/74\/2021\/04\/CRPUUSP19012021-2.pdf\">19 janvier 2021 &#8211; CS en visio<\/a><\/li>\n<\/ul>\n<h4>2020<\/h4>\n<ul>\n<li><a href=\"http:\/\/members.loria.fr\/MAmblard\/wp-content\/blogs.dir\/74\/files\/sites\/74\/2020\/12\/CR-PUUSP-CS-01-12-20-1.pdf\">01 d\u00e9cembre 2020 &#8211; CS en visio<\/a><\/li>\n<li><a href=\"http:\/\/members.loria.fr\/MAmblard\/wp-content\/blogs.dir\/74\/files\/sites\/74\/2020\/11\/CR-PUUSP-CS-201020-2.pdf\">20 octobre 2020<\/a><\/li>\n<li><a href=\"http:\/\/members.loria.fr\/MAmblard\/wp-content\/blogs.dir\/74\/files\/sites\/74\/2020\/09\/CR_PUSSP_CS_24_09-2.pdf\">24 septembre 2020<\/a><\/li>\n<li><a href=\"http:\/\/members.loria.fr\/MAmblard\/cr-pussp-cs-30-06-20\/\">30 juin 2020 &#8211; CS en visio<\/a><\/li>\n<li><a href=\"http:\/\/members.loria.fr\/MAmblard\/wp-content\/blogs.dir\/74\/files\/sites\/74\/2020\/06\/CR-CS-PUUSP-260520.pdf\">26 mai 2020 &#8211; CS en visio<\/a><\/li>\n<li><a href=\"http:\/\/members.loria.fr\/MAmblard\/wp-content\/blogs.dir\/74\/files\/sites\/74\/2020\/04\/CR-CS-PUUSP-280420-1.pdf\">28 avril 2020 &#8211; CS en visio<\/a><\/li>\n<li>07 avril 2020 &#8211; CS restreint en visio<\/li>\n<li><a href=\"http:\/\/members.loria.fr\/MAmblard\/wp-content\/blogs.dir\/74\/files\/sites\/74\/2020\/02\/CR-PUUSP-CS250220-DEF.pdf\">25 f\u00e9vrier 2020<\/a><\/li>\n<li><a href=\"http:\/\/members.loria.fr\/MAmblard\/wp-content\/blogs.dir\/74\/files\/sites\/74\/2020\/02\/MotionCS-UL-LPPR.pdf\">motion adopt\u00e9e par le CS le 28 janvier 2020 contre la LPPR<\/a><\/li>\n<li><a href=\"http:\/\/members.loria.fr\/MAmblard\/wp-content\/blogs.dir\/74\/files\/sites\/74\/2020\/02\/CR-CS-PUUSP-280120.pdf\">28 janvier 2020<\/a><\/li>\n<\/ul>\n<h4>2019<\/h4>\n<ul>\n<li><a href=\"http:\/\/members.loria.fr\/MAmblard\/wp-content\/blogs.dir\/74\/files\/sites\/74\/2019\/12\/CR-CS-3.12.2019.pdf\">03 d\u00e9cembre 2019<\/a><\/li>\n<li><a href=\"http:\/\/members.loria.fr\/MAmblard\/wp-content\/blogs.dir\/74\/files\/sites\/74\/2019\/11\/CR-PUUSP-CS-22-10-19-def-1.pdf\">22 octobre 2019<\/a><\/li>\n<li><a href=\"http:\/\/members.loria.fr\/MAmblard\/wp-content\/blogs.dir\/74\/files\/sites\/74\/2019\/10\/CR-PUUSP-CS-17-09-19.pdf\" target=\"_blank\" rel=\"noopener noreferrer\">17 septembre 2019<\/a><\/li>\n<li><a href=\"http:\/\/members.loria.fr\/MAmblard\/wp-content\/blogs.dir\/74\/files\/sites\/74\/2019\/07\/CR_PUUSP_25-06-2019-1.pdf\">25 juin 2019<\/a><\/li>\n<li><a href=\"http:\/\/members.loria.fr\/MAmblard\/wp-content\/blogs.dir\/74\/files\/sites\/74\/2019\/06\/CS_28-05-19_def.pdf\" target=\"_blank\" rel=\"noopener noreferrer\">28 mai 2019<\/a><\/li>\n<li><a href=\"http:\/\/members.loria.fr\/MAmblard\/wp-content\/blogs.dir\/74\/files\/sites\/74\/2019\/05\/CS_30-04-19_def.pdf\" target=\"_blank\" rel=\"noopener noreferrer\">30 avril 2019<\/a><\/li>\n<li><a href=\"http:\/\/members.loria.fr\/MAmblard\/wp-content\/blogs.dir\/74\/files\/sites\/74\/2019\/04\/final.pdf\" target=\"_blank\" rel=\"noopener noreferrer\">Intervention du 05 avril aupr\u00e8s de Mme la ministre de l&rsquo;ESR en visite \u00e0 Nancy pour l&rsquo;inauguration de l&rsquo;IJL<\/a><\/li>\n<li>03 avril 2019 &#8211; restreint<\/li>\n<li><a href=\"http:\/\/members.loria.fr\/MAmblard\/wp-content\/blogs.dir\/74\/files\/sites\/74\/2019\/04\/CS-26-03-19_def.pdf\" target=\"_blank\" rel=\"noopener noreferrer\">26 mars 2019<\/a><\/li>\n<li><a href=\"http:\/\/members.loria.fr\/MAmblard\/wp-content\/blogs.dir\/74\/files\/sites\/74\/2019\/03\/CS-26-02-19_def.pdf\" target=\"_blank\" rel=\"noopener noreferrer\">26 f\u00e9vrier 2019<\/a><\/li>\n<li><a href=\"http:\/\/members.loria.fr\/MAmblard\/wp-content\/blogs.dir\/74\/files\/sites\/74\/2019\/01\/CRCS_PUUSP_22_01_19.pdf\" target=\"_blank\" rel=\"noopener noreferrer\">22 janvier 2019<\/a><\/li>\n<\/ul>\n<h4>2018<\/h4>\n<ul>\n<li><a href=\"http:\/\/members.loria.fr\/MAmblard\/wp-content\/blogs.dir\/74\/files\/sites\/74\/2018\/12\/CRCSPUUSP041218-1.pdf\" target=\"_blank\" rel=\"noopener noreferrer\">04 d\u00e9cembre 2018<\/a><\/li>\n<li style=\"text-align: left\"><a href=\"http:\/\/members.loria.fr\/MAmblard\/wp-content\/blogs.dir\/74\/files\/sites\/74\/2018\/11\/CR_PUUSP_CS181016.pdf\" target=\"_blank\" rel=\"noopener noreferrer\">16 octobre 2018<\/a><\/li>\n<li style=\"text-align: left\"><a href=\"http:\/\/members.loria.fr\/MAmblard\/wp-content\/blogs.dir\/74\/files\/sites\/74\/2018\/11\/CR_PUUSP_CS180918.pdf\" target=\"_blank\" rel=\"noopener noreferrer\">18 septembre 2018<\/a><\/li>\n<li style=\"text-align: left\"><a href=\"http:\/\/members.loria.fr\/MAmblard\/wp-content\/blogs.dir\/74\/files\/sites\/74\/2018\/11\/CRCS180626.pdf\" target=\"_blank\" rel=\"noopener noreferrer\">26 juin 2018<\/a><\/li>\n<li style=\"text-align: left\">22 mai 2018 &#8211; jour de mouvement de gr\u00e8ve national.<\/li>\n<li style=\"text-align: left\">09 avril 2018 &#8211; restreint<\/li>\n<li style=\"text-align: left\"><a href=\"http:\/\/members.loria.fr\/MAmblard\/wp-content\/blogs.dir\/74\/files\/sites\/74\/2018\/11\/CR-PUUSP-CS200318-.pdf\" target=\"_blank\" rel=\"noopener noreferrer\">20 mars 2018<\/a><\/li>\n<li style=\"text-align: left\"><a href=\"http:\/\/members.loria.fr\/MAmblard\/wp-content\/blogs.dir\/74\/files\/sites\/74\/2018\/11\/CR-PUSSP-CS200218.pdf\" target=\"_blank\" rel=\"noopener noreferrer\">20 f\u00e9vrier 2018<\/a><\/li>\n<li style=\"text-align: left\"><a href=\"http:\/\/members.loria.fr\/MAmblard\/wp-content\/blogs.dir\/74\/files\/sites\/74\/2018\/11\/CR-PUUSP-CS230118.pdf\" target=\"_blank\" rel=\"noopener noreferrer\">23 janvier 2018<\/a><\/li>\n<\/ul>\n<h4>2017<\/h4>\n<ul>\n<li>07 d\u00e9cembre 2017 &#8211; restreint<\/li>\n<li style=\"text-align: left\"><a href=\"http:\/\/members.loria.fr\/MAmblard\/wp-content\/blogs.dir\/74\/files\/sites\/74\/2018\/11\/CRCS281117v2.pdf\" target=\"_blank\" rel=\"noopener noreferrer\">28 novembre 2017<\/a><\/li>\n<li style=\"text-align: left\"><a href=\"http:\/\/members.loria.fr\/MAmblard\/wp-content\/blogs.dir\/74\/files\/sites\/74\/2018\/11\/CR171017.pdf\" target=\"_blank\" rel=\"noopener noreferrer\">17 octobre 2017<\/a><\/li>\n<li style=\"text-align: left\"><a href=\"http:\/\/members.loria.fr\/MAmblard\/wp-content\/blogs.dir\/74\/files\/sites\/74\/2018\/11\/CR170919.pdf\" target=\"_blank\" rel=\"noopener noreferrer\">19 septembre 2017<\/a><\/li>\n<li style=\"text-align: left\"><a href=\"http:\/\/members.loria.fr\/MAmblard\/wp-content\/blogs.dir\/74\/files\/sites\/74\/2018\/11\/CRCS170627.pdf\" target=\"_blank\" rel=\"noopener noreferrer\">27 juin 2017<\/a><\/li>\n<\/ul>\n<p><strong>Premier mandat<\/strong> &#8211; coll\u00e8ge ma\u00eetre de conf\u00e9rences &#8211; octobre 2013 &#8211; novembre 2016, \u00e9lu Obstin\u00e9Es<\/p>\n<h4>2016<\/h4>\n<ul>\n<li><a href=\"http:\/\/members.loria.fr\/MAmblard\/wp-content\/blogs.dir\/74\/files\/sites\/74\/2018\/11\/crcs1810.pdf\" target=\"_blank\" rel=\"noopener noreferrer\">18 octobre 2016<\/a><\/li>\n<li><a href=\"http:\/\/members.loria.fr\/MAmblard\/wp-content\/blogs.dir\/74\/files\/sites\/74\/2018\/11\/crsep.doc.pdf\" target=\"_blank\" rel=\"noopener noreferrer\">16 septembre 2016<\/a><\/li>\n<li><a href=\"http:\/\/members.loria.fr\/MAmblard\/wp-content\/blogs.dir\/74\/files\/sites\/74\/2018\/11\/CRCS28.6.16.pdf\" target=\"_blank\" rel=\"noopener noreferrer\">28 juin 2016<\/a><\/li>\n<li><a href=\"http:\/\/members.loria.fr\/MAmblard\/wp-content\/blogs.dir\/74\/files\/sites\/74\/2018\/11\/CRCS24mai16.pdf\" target=\"_blank\" rel=\"noopener noreferrer\">24 mai 2016<\/a><\/li>\n<li><a href=\"http:\/\/members.loria.fr\/MAmblard\/wp-content\/blogs.dir\/74\/files\/sites\/74\/2018\/11\/cr-cs.doc.pdf\" target=\"_blank\" rel=\"noopener noreferrer\">26 avril 2016<\/a><\/li>\n<li>19 avril 2016 &#8211; restreint<\/li>\n<li><a href=\"http:\/\/members.loria.fr\/MAmblard\/wp-content\/blogs.dir\/74\/files\/sites\/74\/2018\/11\/CRCS160322.pdf\" target=\"_blank\" rel=\"noopener noreferrer\">22 mars 2016<\/a><\/li>\n<li><a href=\"http:\/\/members.loria.fr\/MAmblard\/wp-content\/blogs.dir\/74\/files\/sites\/74\/2018\/11\/CRCS160322-1.pdf\" target=\"_blank\" rel=\"noopener noreferrer\">23 f\u00e9vrier 2016<\/a><\/li>\n<li><a href=\"http:\/\/members.loria.fr\/MAmblard\/wp-content\/blogs.dir\/74\/files\/sites\/74\/2018\/11\/CR260116.pdf\" target=\"_blank\" rel=\"noopener noreferrer\">26 janvier 2016<\/a><\/li>\n<\/ul>\n<h4>2015<\/h4>\n<ul>\n<li><a href=\"http:\/\/members.loria.fr\/MAmblard\/wp-content\/blogs.dir\/74\/files\/sites\/74\/2018\/11\/CRCS1.12.15.pdf\" target=\"_blank\" rel=\"noopener noreferrer\">01 d\u00e9cembre 2015<\/a><\/li>\n<li><a href=\"http:\/\/members.loria.fr\/MAmblard\/wp-content\/blogs.dir\/74\/files\/sites\/74\/2018\/11\/CRCS13oct2015.pdf\" target=\"_blank\" rel=\"noopener noreferrer\">13 octobre 2015<\/a><\/li>\n<li><a href=\"http:\/\/members.loria.fr\/MAmblard\/wp-content\/blogs.dir\/74\/files\/sites\/74\/2018\/11\/CS150915.pdf\" target=\"_blank\" rel=\"noopener noreferrer\">15 septembre 2015<\/a><\/li>\n<li><a href=\"http:\/\/members.loria.fr\/MAmblard\/wp-content\/blogs.dir\/74\/files\/sites\/74\/2018\/11\/15.pdf\" target=\"_blank\" rel=\"noopener noreferrer\">30 juin 2015<\/a><\/li>\n<li><a href=\"http:\/\/members.loria.fr\/MAmblard\/wp-content\/blogs.dir\/74\/files\/sites\/74\/2018\/11\/CS26mai.pdf\" target=\"_blank\" rel=\"noopener noreferrer\">26 mai 2015<\/a><\/li>\n<li><a href=\"http:\/\/members.loria.fr\/MAmblard\/wp-content\/blogs.dir\/74\/files\/sites\/74\/2018\/11\/CS9avril-2015.pdf\" target=\"_blank\" rel=\"noopener noreferrer\">09 avril 2015<\/a><\/li>\n<li><a href=\"http:\/\/members.loria.fr\/MAmblard\/wp-content\/blogs.dir\/74\/files\/sites\/74\/2018\/11\/CRCS24mars.pdf\" target=\"_blank\" rel=\"noopener noreferrer\">24 mars 2015<\/a><\/li>\n<li><a href=\"http:\/\/members.loria.fr\/MAmblard\/wp-content\/blogs.dir\/74\/files\/sites\/74\/2018\/11\/CRCS24fe\u0301v.15.pdf\" target=\"_blank\" rel=\"noopener noreferrer\">24 f\u00e9vrier 2015<\/a><\/li>\n<li><a href=\"http:\/\/members.loria.fr\/MAmblard\/wp-content\/blogs.dir\/74\/files\/sites\/74\/2018\/11\/CR-CS27.1.2015.pdf\" target=\"_blank\" rel=\"noopener noreferrer\">27 janvier 2015<\/a><\/li>\n<\/ul>\n<h4>2014<\/h4>\n<ul>\n<li>10 d\u00e9cembre 2014 &#8211; restreint<\/li>\n<li>25 novembre 2014<\/li>\n<li><a href=\"http:\/\/members.loria.fr\/MAmblard\/wp-content\/blogs.dir\/74\/files\/sites\/74\/2018\/11\/CR-CS-UL-141014.pdf\" target=\"_blank\" rel=\"noopener noreferrer\">14 octobre 2014<\/a><\/li>\n<li><a href=\"http:\/\/members.loria.fr\/MAmblard\/wp-content\/blogs.dir\/74\/files\/sites\/74\/2018\/11\/CR-CS-UL-160914.pdf\" target=\"_blank\" rel=\"noopener noreferrer\">16 septembre 2014<\/a><\/li>\n<li><a href=\"http:\/\/members.loria.fr\/MAmblard\/wp-content\/blogs.dir\/74\/files\/sites\/74\/2018\/11\/CR-CS-140614.pdf\" target=\"_blank\" rel=\"noopener noreferrer\">24 juin 2014<\/a><\/li>\n<li><a href=\"http:\/\/members.loria.fr\/MAmblard\/wp-content\/blogs.dir\/74\/files\/sites\/74\/2018\/11\/CRCS-13-mai-2014.pdf\" target=\"_blank\" rel=\"noopener noreferrer\">13 mai 2014<\/a><\/li>\n<li><a href=\"http:\/\/members.loria.fr\/MAmblard\/wp-content\/blogs.dir\/74\/files\/sites\/74\/2018\/11\/CRCS080414.pdf\" target=\"_blank\" rel=\"noopener noreferrer\">08 avril 2014<\/a><\/li>\n<li><a href=\"http:\/\/members.loria.fr\/MAmblard\/wp-content\/blogs.dir\/74\/files\/sites\/74\/2018\/11\/Bref-compte-rendu-du-Conseil-Scientifique-du-mardi-18-mars-2014.pdf\" target=\"_blank\" rel=\"noopener noreferrer\">18 mars 2014<\/a><\/li>\n<li>27 f\u00e9vrier 2014 &#8211; restreint<\/li>\n<li><a href=\"http:\/\/members.loria.fr\/MAmblard\/wp-content\/blogs.dir\/74\/files\/sites\/74\/2018\/11\/CRCSUL0402.V2.pdf\" target=\"_blank\" rel=\"noopener noreferrer\">04 f\u00e9vrier 2014<\/a><\/li>\n<\/ul>\n<h4>2013<\/h4>\n<ul>\n<li><a href=\"http:\/\/members.loria.fr\/MAmblard\/wp-content\/blogs.dir\/74\/files\/sites\/74\/2018\/11\/Sans-titre.pdf\" target=\"_blank\" rel=\"noopener noreferrer\">03 d\u00e9cembre 2013<\/a><\/li>\n<li><a href=\"http:\/\/members.loria.fr\/MAmblard\/wp-content\/blogs.dir\/74\/files\/sites\/74\/2018\/11\/CR15octobre2013.pdf\" target=\"_blank\" rel=\"noopener noreferrer\">15 octobre 2013<\/a><\/li>\n<\/ul>\n<p>&nbsp;<\/p>\n<h4>LPPR<\/h4>\n<ul>\n<li><a href=\"http:\/\/members.loria.fr\/MAmblard\/wp-content\/blogs.dir\/74\/files\/sites\/74\/2020\/06\/LPPRselonMA.pdf\">Document de synth\u00e8se<\/a> analyse (personnelle) du projet de loi sur la LPPR au 10 juin<\/li>\n<li>Les slides de f\u00e9vrier 2020 utilis\u00e9s pour pr\u00e9senter la LPPR\n<ul>\n<li><a href=\"http:\/\/members.loria.fr\/MAmblard\/wp-content\/blogs.dir\/74\/files\/sites\/74\/2020\/01\/LPPRcourt.pdf\">version courte : LPPRcourt<\/a><\/li>\n<li><a href=\"http:\/\/members.loria.fr\/MAmblard\/wp-content\/blogs.dir\/74\/files\/sites\/74\/2020\/02\/LPPRv5-2.pdf\">version longue : LPPRv5<\/a> (la version 4 avait \u00e9t\u00e9 mise \u00e0 jour le 02.02.2020 \u00e0 20:20 (ou presque))\n<ul>\n<li>pr\u00e9sentations : AG FST 13.01,\u00a0 intervention CLSH 22.01,\u00a0 ATILF 31.01, Saulcy Metz 03.02, \u00ab\u00a0On arr\u00eate tout, on r\u00e9fl\u00e9chit et on s&rsquo;organise\u00a0\u00bb CLSH 13.02<\/li>\n<\/ul>\n<\/li>\n<li>M\u00e9mo FlashMob LPPR-ESR : <a href=\"http:\/\/members.loria.fr\/MAmblard\/wp-content\/blogs.dir\/74\/files\/sites\/74\/2020\/03\/LPPRFlash.pdf\">LPPRFlash<\/a><\/li>\n<\/ul>\n<\/li>\n<\/ul>\n<p>&nbsp;<\/p>\n","protected":false},"excerpt":{"rendered":"<p>Cette page rassemble les compte-rendus toujours partiels et partials du Conseil Scientifique de l&rsquo;Universit\u00e9 de Lorraine.<\/p>\n<p>Vous trouverez les \u00e9l\u00e9ments relatifs \u00e0 la LPR (ex-LPPR) en bas de page.<\/p>\n<p>Second mandat &#8211; coll\u00e8ge ma\u00eetre de conf\u00e9rences HDR &#8211; depuis juin 2017, \u00e9lu Pour Une Universit\u00e9 de Service Public (PUUSP)<\/p>\n<p>2022<\/p>\n<ul>\n<li><a href=\"http:\/\/members.loria.fr\/MAmblard\/wp-content\/blogs.dir\/74\/files\/sites\/74\/2022\/04\/CR-CS-PUUSP-22-03-22.pdf\">22 mars 2022<\/a><\/li>\n<li><a href=\"http:\/\/members.loria.fr\/MAmblard\/wp-content\/blogs.dir\/74\/files\/sites\/74\/2022\/04\/CR-CS-PUUSP-23-02-22.pdf\">23 f\u00e9vrier 2022<\/a><\/li>\n<li><a href=\"http:\/\/members.loria.fr\/MAmblard\/wp-content\/blogs.dir\/74\/files\/sites\/74\/2022\/01\/CR-CS-PUUSP-25-01-22.pdf\">25 janvier 2022 &#8211; CS en visio<\/a><\/li>\n<\/ul>\n<p>2021<\/p>\n<ul>\n<li><a href=\"http:\/\/members.loria.fr\/MAmblard\/wp-content\/blogs.dir\/74\/files\/sites\/74\/2022\/04\/CR_PUUSP-_30-11-2021.pdf\">30 novembre 2021<\/a><\/li>\n<li><a href=\"http:\/\/members.loria.fr\/MAmblard\/wp-content\/blogs.dir\/74\/files\/sites\/74\/2021\/10\/CR_PUUSP-_20102021-1.pdf\">20 octobre 2021<\/a><\/li>\n<li><a href=\"http:\/\/members.loria.fr\/MAmblard\/wp-content\/blogs.dir\/74\/files\/sites\/74\/2021\/09\/CRCS210921.pdf\">21 septembre 2021<\/a><\/li>\n<li>08 juillet 2021<\/li>\n<li>21 juin 2021<\/li>\n<li>21 mai 2021<\/li>\n<li>18 mai 2021 &#8211;<\/li>\n<\/ul>\n","protected":false},"author":57,"featured_media":0,"parent":0,"menu_order":0,"comment_status":"closed","ping_status":"closed","template":"","meta":{"footnotes":""},"class_list":["post-567","page","type-page","status-publish","hentry"],"_links":{"self":[{"href":"https:\/\/members.loria.fr\/MAmblard\/wp-json\/wp\/v2\/pages\/567","targetHints":{"allow":["GET"]}}],"collection":[{"href":"https:\/\/members.loria.fr\/MAmblard\/wp-json\/wp\/v2\/pages"}],"about":[{"href":"https:\/\/members.loria.fr\/MAmblard\/wp-json\/wp\/v2\/types\/page"}],"author":[{"embeddable":true,"href":"https:\/\/members.loria.fr\/MAmblard\/wp-json\/wp\/v2\/users\/57"}],"replies":[{"embeddable":true,"href":"https:\/\/members.loria.fr\/MAmblard\/wp-json\/wp\/v2\/comments?post=567"}],"version-history":[{"count":95,"href":"https:\/\/members.loria.fr\/MAmblard\/wp-json\/wp\/v2\/pages\/567\/revisions"}],"predecessor-version":[{"id":1082,"href":"https:\/\/members.loria.fr\/MAmblard\/wp-json\/wp\/v2\/pages\/567\/revisions\/1082"}],"wp:attachment":[{"href":"https:\/\/members.loria.fr\/MAmblard\/wp-json\/wp\/v2\/media?parent=567"}],"curies":[{"name":"wp","href":"https:\/\/api.w.org\/{rel}","templated":true}]}}