{"id":711,"date":"2018-12-15T20:01:50","date_gmt":"2018-12-15T18:01:50","guid":{"rendered":"http:\/\/members.loria.fr\/MAmblard\/?page_id=711"},"modified":"2024-03-27T23:33:20","modified_gmt":"2024-03-27T21:33:20","slug":"enseignements-2","status":"publish","type":"page","link":"https:\/\/members.loria.fr\/MAmblard\/enseignements-2\/","title":{"rendered":"Enseignements"},"content":{"rendered":"<p>Cette page permet d&rsquo;acc\u00e9der aux descriptions de mes services d&rsquo;enseignement \u00e0 l&rsquo;<a href=\"https:\/\/idmc.univ-lorraine.fr\/\">IDMC &#8211; Institut des Sciences du Digital, Management et Cognition<\/a>.<\/p>\n<p>Avant 2018, ma composante d&rsquo;enseignement \u00e9tait l&rsquo;UFR math\u00e9matiques et informatique, d&rsquo;abord de l&rsquo;Universit\u00e9 Nancy 2<br \/>\nJ&rsquo;ai \u00e9t\u00e9 accueilli en d\u00e9l\u00e9gation \u00e0 temps plein par Inria en 2013-2015 (deux ans).<\/p>\n<p>Je r\u00e9alise un service de 200h par an de la L1 au M2 o\u00f9 j&rsquo;enseigne principalement la programmation, le TAL et l&rsquo;IA.<\/p>\n<p><a href=\"http:\/\/members.loria.fr\/MAmblard\/wp-content\/blogs.dir\/74\/files\/sites\/74\/2021\/03\/lapinsmagiciens.pdf\">La v3 du document sur les lapins magiciens<\/a><\/p>\n<p>&nbsp;<\/p>\n","protected":false},"excerpt":{"rendered":"<p>Cette page permet d&rsquo;acc\u00e9der aux descriptions de mes services d&rsquo;enseignement \u00e0 l&rsquo;<a href=\"https:\/\/idmc.univ-lorraine.fr\/\">IDMC &#8211; Institut des Sciences du Digital, Management et Cognition<\/a>.<\/p>\n<p>Avant 2018, ma composante d&rsquo;enseignement \u00e9tait l&rsquo;UFR math\u00e9matiques et informatique, d&rsquo;abord de l&rsquo;Universit\u00e9 Nancy 2<br \/>\nJ&rsquo;ai \u00e9t\u00e9 accueilli en d\u00e9l\u00e9gation \u00e0 temps plein par Inria en 2013-2015 (deux ans).<\/p>\n<p>Je r\u00e9alise un service de 200h par an de la L1 au M2 o\u00f9 j&rsquo;enseigne principalement la programmation, le TAL et l&rsquo;IA.<\/p>\n<p><a href=\"http:\/\/members.loria.fr\/MAmblard\/wp-content\/blogs.dir\/74\/files\/sites\/74\/2021\/03\/lapinsmagiciens.pdf\">La v3 du document sur les lapins magiciens<\/a><\/p>\n<p>&nbsp;<\/p>\n","protected":false},"author":57,"featured_media":0,"parent":0,"menu_order":0,"comment_status":"closed","ping_status":"closed","template":"","meta":{"footnotes":""},"class_list":["post-711","page","type-page","status-publish","hentry"],"_links":{"self":[{"href":"https:\/\/members.loria.fr\/MAmblard\/wp-json\/wp\/v2\/pages\/711","targetHints":{"allow":["GET"]}}],"collection":[{"href":"https:\/\/members.loria.fr\/MAmblard\/wp-json\/wp\/v2\/pages"}],"about":[{"href":"https:\/\/members.loria.fr\/MAmblard\/wp-json\/wp\/v2\/types\/page"}],"author":[{"embeddable":true,"href":"https:\/\/members.loria.fr\/MAmblard\/wp-json\/wp\/v2\/users\/57"}],"replies":[{"embeddable":true,"href":"https:\/\/members.loria.fr\/MAmblard\/wp-json\/wp\/v2\/comments?post=711"}],"version-history":[{"count":17,"href":"https:\/\/members.loria.fr\/MAmblard\/wp-json\/wp\/v2\/pages\/711\/revisions"}],"predecessor-version":[{"id":1114,"href":"https:\/\/members.loria.fr\/MAmblard\/wp-json\/wp\/v2\/pages\/711\/revisions\/1114"}],"wp:attachment":[{"href":"https:\/\/members.loria.fr\/MAmblard\/wp-json\/wp\/v2\/media?parent=711"}],"curies":[{"name":"wp","href":"https:\/\/api.w.org\/{rel}","templated":true}]}}