{"id":850,"date":"2020-09-02T21:37:48","date_gmt":"2020-09-02T19:37:48","guid":{"rendered":"http:\/\/members.loria.fr\/MAmblard\/?page_id=850"},"modified":"2021-04-17T14:22:55","modified_gmt":"2021-04-17T12:22:55","slug":"responsabilites-enseignement","status":"publish","type":"page","link":"https:\/\/members.loria.fr\/MAmblard\/accueil\/responsabilites-enseignement\/","title":{"rendered":"Responsabilit\u00e9s Enseignement"},"content":{"rendered":"<h5>Responsable du Master Traitement Automatique des Langues (depuis 2018)<\/h5>\n<p>Mise en place de la formation, int\u00e9gralement en anglais, responsable de l&rsquo;organisation de la formation, recrutement des enseignants, des \u00e9tudiants, organisation des projets, pr\u00e9sident des jurys, emploi du temps, dossier d&rsquo;accr\u00e9ditation, \u00e9valuation HCERES, responsable de l&rsquo;alternance, etc.<\/p>\n<div class=\"vspace\">\n<h5>Responsable de la sp\u00e9cialit\u00e9 de M2 Traitement Automatique des Langues (2010-2012 et 2015-2018)<\/h5>\n<p>r\u00e9organisation compl\u00e8te de la sp\u00e9cialit\u00e9 dans le dossier d\u2019habilitation 2013-2017, en accord avec les objectifs de la mention, du programme LCT et de l\u2019Universit\u00e9 de Lorraine.<br \/>\nOrganisation de la seconde ann\u00e9e : emploi du temps, recrutement des enseignants, pr\u00e9sident de jury, pr\u00e9sident de la commission de s\u00e9lection,<br \/>\nSuivi des stages de M2 (pr\u00e9sident des jurys de soutenances, pr\u00e9paration des jurys),<br \/>\nMise en place de convention d\u2019accueil d\u2019\u00e9tudiants avec l\u2019\u00e9cole des Mines de Nancy, d\u00e9partement informatique<\/p>\n<\/div>\n<h5>Responsable du Master Sciences de la Cognition et Application (2009-2012)<\/h5>\n<p>La responsabilit\u00e9 de la mention de Master SCA a \u00e9t\u00e9 un investissement important.<br \/>\nJ&rsquo;ai pr\u00e9par\u00e9 le dossier d&rsquo;habilitation de la mention SCA (animation de r\u00e9unions de concertation, r\u00e9daction du document final, r\u00e9ponses au minist\u00e8re&#8230;), organis\u00e9 la premi\u00e8re ann\u00e9e (emploi du temps, recrutement des enseignants, pr\u00e9sident de jury, pr\u00e9sident de la commission de s\u00e9lection des \u00e9tudiants, pr\u00e9sident du jury), en particulier les projets tutor\u00e9s de premi\u00e8re ann\u00e9e (sollicitation des sujets, suivis des groupes, pr\u00e9parations des soutenances, jury de soutenance).<br \/>\nMembre du jury de l&rsquo;ensemble des soutenances de M2 (TAL et SCMN).<\/p>\n<h5>Co-coordinateur du programme Erasmus Mundus Language and Communication Technologies (2008-2012)<\/h5>\n<p>\u00c9valuation des dossiers de recrutement dans le programme, mise en place des conventions bilat\u00e9rales, organisation des c\u00e9r\u00e9monies de remise de dipl\u00f4me<\/p>\n<h5>Mise en place de 4 programmes Erasmus :<\/h5>\n<ul>\n<li>Universit\u00e9 de G\u00f6teborg<\/li>\n<li>Universit\u00e9 de Malte<\/li>\n<li><a class=\"urllink\" href=\"http:\/\/international.unitn.it\/mcs\/cns-cognitive-neuroscience\" rel=\"nofollow\">Trento<\/a><\/li>\n<li><a class=\"urllink\" href=\"http:\/\/www.ucd.ir\/\" rel=\"nofollow\">Dublin UCD<\/a><\/li>\n<\/ul>\n<h5>Autres responsabilit\u00e9s Enseignement<\/h5>\n<ul>\n<li>Enseignant r\u00e9f\u00e9rent L3 <a class=\"urllink\" href=\"http:\/\/www.univ-nancy2.fr\/sciencescognitives\/\" rel=\"nofollow\">ISC<\/a><\/li>\n<li>Responsable de 5 modules d&rsquo;enseignement<\/li>\n<li>Participation aux jurys de recrutement des L2 et L3<\/li>\n<li>2008-2013 et 2018-2020 participation aux jurys de la licence ISC<\/li>\n<\/ul>\n","protected":false},"excerpt":{"rendered":"<p>Responsable du Master Traitement Automatique des Langues (depuis 2018)<\/p>\n<p>Mise en place de la formation, int\u00e9gralement en anglais, responsable de l&rsquo;organisation de la formation, recrutement des enseignants, des \u00e9tudiants, organisation des projets, pr\u00e9sident des jurys, emploi du temps, dossier d&rsquo;accr\u00e9ditation, \u00e9valuation HCERES, responsable de l&rsquo;alternance, etc.<\/p>\n<p>Responsable de la sp\u00e9cialit\u00e9 de M2 Traitement Automatique des Langues (2010-2012 et 2015-2018)<\/p>\n<p>r\u00e9organisation compl\u00e8te de la sp\u00e9cialit\u00e9 dans le dossier d\u2019habilitation 2013-2017, en accord avec les objectifs de la mention, du programme LCT et de l\u2019Universit\u00e9 de Lorraine.<br \/>\nOrganisation de la seconde ann\u00e9e : emploi du temps, recrutement des enseignants,<\/p>\n","protected":false},"author":57,"featured_media":0,"parent":56,"menu_order":0,"comment_status":"closed","ping_status":"closed","template":"","meta":{"footnotes":""},"class_list":["post-850","page","type-page","status-publish","hentry"],"_links":{"self":[{"href":"https:\/\/members.loria.fr\/MAmblard\/wp-json\/wp\/v2\/pages\/850","targetHints":{"allow":["GET"]}}],"collection":[{"href":"https:\/\/members.loria.fr\/MAmblard\/wp-json\/wp\/v2\/pages"}],"about":[{"href":"https:\/\/members.loria.fr\/MAmblard\/wp-json\/wp\/v2\/types\/page"}],"author":[{"embeddable":true,"href":"https:\/\/members.loria.fr\/MAmblard\/wp-json\/wp\/v2\/users\/57"}],"replies":[{"embeddable":true,"href":"https:\/\/members.loria.fr\/MAmblard\/wp-json\/wp\/v2\/comments?post=850"}],"version-history":[{"count":11,"href":"https:\/\/members.loria.fr\/MAmblard\/wp-json\/wp\/v2\/pages\/850\/revisions"}],"predecessor-version":[{"id":1001,"href":"https:\/\/members.loria.fr\/MAmblard\/wp-json\/wp\/v2\/pages\/850\/revisions\/1001"}],"up":[{"embeddable":true,"href":"https:\/\/members.loria.fr\/MAmblard\/wp-json\/wp\/v2\/pages\/56"}],"wp:attachment":[{"href":"https:\/\/members.loria.fr\/MAmblard\/wp-json\/wp\/v2\/media?parent=850"}],"curies":[{"name":"wp","href":"https:\/\/api.w.org\/{rel}","templated":true}]}}