{"id":858,"date":"2020-09-02T21:48:02","date_gmt":"2020-09-02T19:48:02","guid":{"rendered":"http:\/\/members.loria.fr\/MAmblard\/?page_id=858"},"modified":"2026-01-22T18:38:20","modified_gmt":"2026-01-22T16:38:20","slug":"representations-electives","status":"publish","type":"page","link":"https:\/\/members.loria.fr\/MAmblard\/representations-electives\/","title":{"rendered":"Responsabilit\u00e9s collectives"},"content":{"rendered":"<div class=\"page\" title=\"Page 30\">\n<div class=\"layoutArea\">\n<div class=\"column\">\n<p class=\"p1\">Dans le cadre de mes diff\u00e9rentes activit\u00e9s, j&rsquo;ai assur\u00e9 ou j&rsquo;assure plusieurs responsabilit\u00e9s d&rsquo;une part en enseignement (responsable de Master) et d&rsquo;autre part en recherche (responsable de projets) et en m\u00e9diation. Elles sont d\u00e9taill\u00e9es dans les autres sections. Cette partie reprend les responsabilit\u00e9s administratives et collectives.<\/p>\n<h5>Activit\u00e9s syndicales<\/h5>\n<ul>\n<li>Secr\u00e9taire section Universit\u00e9 Lorraine du SNESUP-FSU (depuis 2021)<\/li>\n<li>Membre de la commission administrative nationale du SNESUP-FSU (depuis 2023)<\/li>\n<li>Membre de la FSU-54 (depuis 2023)<\/li>\n<li>Responsable du s\u00e9minaire ESPOIR depuis 2022<\/li>\n<li>Collectif ESPOIR participation \u00e0 la cr\u00e9ation puis membre du groupe d&rsquo;animateur (depuis 2021)<\/li>\n<li>Membre du bureau de la section Universit\u00e9 de Lorraine (depuis 2017)<\/li>\n<li>Membre du secteur national Recherche du SNESUP-FSU (depuis 2012)<\/li>\n<\/ul>\n<h5>Conseils centraux de l&rsquo;Universit\u00e9 de Lorraine<\/h5>\n<p>J&rsquo;ai \u00e9t\u00e9 membre \u00e9lu du conseil d&rsquo;administration de l&rsquo;Universit\u00e9 de Lorraine entre 06\/2022 et 04.2023, et membre du bureau de conseil. J&rsquo;ai int\u00e9gr\u00e9 les sections disciplinaires usagers et personnels, ainsi que le comit\u00e9 \u00e9lectoral consultatif. Je suis \u00e9galement membre du conseil pour la simplification des proc\u00e9dures administratives.<\/p>\n<p class=\"p1\">J&rsquo;ai \u00e9t\u00e9 membre \u00e9lu du <a href=\"http:\/\/\\href{http:\/\/www.univ-lorraine.fr\/les-instances-de-decision-et-de-consultation\">conseil scientifique de l&rsquo;Universit\u00e9 de Lorraine<\/a>, entre 10\/2013 et 11\/2016 dans le coll\u00e8ge des MCF et entre 06\/2017\u00a0 et 06\/2022 dans le coll\u00e8ge des MCF HDR (membre du conseil permanent du CS entre 2013 et 2016)<\/p>\n<p class=\"p1\">Mon appartenance au Conseil Scientifique m&rsquo;a permis d&rsquo;\u00eatre membre de droit de diff\u00e9rentes instances :<\/p>\n<ul>\n<li class=\"p1\"><strong>S\u00e9nat acad\u00e9mique<\/strong> de l&rsquo;Universit\u00e9 de Lorraine, instance des \u00e9lus de l&rsquo;\u00e9tablissement<\/li>\n<li class=\"p1\">Invit\u00e9 permanent au <strong>p\u00f4le scientifique AM2I<\/strong><\/li>\n<li class=\"p1\"><strong>Commissions d&rsquo;avancement<\/strong>\u00a0des MCF hors classe et classe exceptionnelle.<\/li>\n<\/ul>\n<h5 class=\"p1\">Conseils de composantes de recherche<\/h5>\n<p class=\"p1\">J&rsquo;ai \u00e9t\u00e9 ou suis encore membre \u00e9lu dans les composantes de recherche :<\/p>\n<ul>\n<li class=\"p1\"><strong>Conseil de laboratoire<\/strong> : membre \u00e9lu du conseil du <a href=\"http:\/\/www.loria.fr\/fr\/presentation\/organisation\/\">LoRIA<\/a>, coll\u00e8ge B (mars 2013 &#8211; d\u00e9cembre 2017)<\/li>\n<li class=\"p1\">Membre du <strong>Conseil Scientifique de l&rsquo;INJS<\/strong> (Institut National des Jeunes Sourds) de Metz. Cette institution a lanc\u00e9 une dynamique scientifique pour le d\u00e9veloppement d&rsquo;outils d&rsquo;aide \u00e0 l&rsquo;inclusion d&rsquo;enfants et de jeunes sourds<\/li>\n<li class=\"p1\">Membre \u00e9lu du <strong>Conseil d&rsquo;Orientation de la<\/strong> <a href=\"http:\/\/www.msh-lorraine.fr\">MSH-Lorraine<\/a> (avril 2015 &#8211; avril 2019)<\/li>\n<\/ul>\n<h5 class=\"p1\">Conseils de composantes d&rsquo;enseignement<\/h5>\n<p class=\"p1\">Je suis ou j&rsquo;ai \u00e9t\u00e9 membre \u00e9lu ou nomm\u00e9 dans des instances d&rsquo;enseignement:<\/p>\n<ul>\n<li class=\"p1\">Membre \u00e9lu du <strong>conseil d&rsquo;administration de l&rsquo;IDMC<\/strong> &#8211; l&rsquo;Institut des sciences du Digital, Management et Cognition depuis septembre 2018.<\/li>\n<li class=\"p1\">Membre \u00e9lu du <strong>conseil de l\u2019UFR<\/strong> math\u00e9matiques et informatique (2013-2014).<\/li>\n<li class=\"p1\">Membre nomm\u00e9 \u00e0 l&rsquo;assembl\u00e9e <strong>constituante de l&rsquo;IDMC<\/strong> Institut des sciences du Digital, Management et Cognition.<\/li>\n<li class=\"p1\">Pr\u00e9sident de jury de Bac en 2019<\/li>\n<\/ul>\n<\/div>\n<\/div>\n<\/div>\n","protected":false},"excerpt":{"rendered":"<p class=\"p1\">Dans le cadre de mes diff\u00e9rentes activit\u00e9s, j&rsquo;ai assur\u00e9 ou j&rsquo;assure plusieurs responsabilit\u00e9s d&rsquo;une part en enseignement (responsable de Master) et d&rsquo;autre part en recherche (responsable de projets) et en m\u00e9diation. Elles sont d\u00e9taill\u00e9es dans les autres sections. Cette partie reprend les responsabilit\u00e9s administratives et collectives.<\/p>\n<p>Activit\u00e9s syndicales<\/p>\n<ul>\n<li>Secr\u00e9taire section Universit\u00e9 Lorraine du SNESUP-FSU (depuis 2021)<\/li>\n<li>Membre de la commission administrative nationale du SNESUP-FSU (depuis 2023)<\/li>\n<li>Membre de la FSU-54 (depuis 2023)<\/li>\n<li>Responsable du s\u00e9minaire ESPOIR depuis 2022<\/li>\n<li>Collectif ESPOIR participation \u00e0 la cr\u00e9ation puis membre du groupe d&rsquo;animateur (depuis 2021)<\/li>\n<li>Membre du bureau de la section Universit\u00e9 de Lorraine (depuis 2017)<\/li>\n<li>Membre du secteur national Recherche du SNESUP-FSU (depuis 2012)<\/li>\n<\/ul>\n<p>Conseils centraux de l&rsquo;Universit\u00e9 de Lorraine<\/p>\n<p>J&rsquo;ai \u00e9t\u00e9 membre \u00e9lu du conseil d&rsquo;administration de l&rsquo;Universit\u00e9 de Lorraine entre 06\/2022 et 04.2023,<\/p>\n","protected":false},"author":57,"featured_media":0,"parent":0,"menu_order":0,"comment_status":"closed","ping_status":"closed","template":"","meta":{"footnotes":""},"class_list":["post-858","page","type-page","status-publish","hentry"],"_links":{"self":[{"href":"https:\/\/members.loria.fr\/MAmblard\/wp-json\/wp\/v2\/pages\/858","targetHints":{"allow":["GET"]}}],"collection":[{"href":"https:\/\/members.loria.fr\/MAmblard\/wp-json\/wp\/v2\/pages"}],"about":[{"href":"https:\/\/members.loria.fr\/MAmblard\/wp-json\/wp\/v2\/types\/page"}],"author":[{"embeddable":true,"href":"https:\/\/members.loria.fr\/MAmblard\/wp-json\/wp\/v2\/users\/57"}],"replies":[{"embeddable":true,"href":"https:\/\/members.loria.fr\/MAmblard\/wp-json\/wp\/v2\/comments?post=858"}],"version-history":[{"count":10,"href":"https:\/\/members.loria.fr\/MAmblard\/wp-json\/wp\/v2\/pages\/858\/revisions"}],"predecessor-version":[{"id":1204,"href":"https:\/\/members.loria.fr\/MAmblard\/wp-json\/wp\/v2\/pages\/858\/revisions\/1204"}],"wp:attachment":[{"href":"https:\/\/members.loria.fr\/MAmblard\/wp-json\/wp\/v2\/media?parent=858"}],"curies":[{"name":"wp","href":"https:\/\/api.w.org\/{rel}","templated":true}]}}