{"id":323,"date":"2017-12-18T17:55:11","date_gmt":"2017-12-18T15:55:11","guid":{"rendered":"http:\/\/members.loria.fr\/MBoritchev\/?page_id=323"},"modified":"2022-04-28T18:33:37","modified_gmt":"2022-04-28T16:33:37","slug":"teaching","status":"publish","type":"page","link":"https:\/\/members.loria.fr\/MBoritchev\/teaching\/","title":{"rendered":"Teaching"},"content":{"rendered":"<p>Teaching is an important part of my work. I taught during the three years of my doctoral contract as a part-time lecturer (vacataire) at the <a href=\"https:\/\/idmc.univ-lorraine.fr\/\">Institute of Digital Science, Management &amp; Cognition (IDMC)<\/a>. I continued these teachings for a fourth year as a <span dir=\"ltr\" role=\"presentation\">Temporary Research Lecturer<\/span> (ATER). In four years, I gave 332 hours (TD equivalent) of teaching. I gave lectures, tutorials (TDs and TPs), and created course materials and TDs materials. My students ranged from L1 MIASHS (Mathematics and Computer Science Applied to Human and Social Sciences) to M2 TAL (Natural Language Processing). The languages of instruction were French, and English for the Master&rsquo;s students.<\/p>\n<p>In <a href=\"https:\/\/members.loria.fr\/MBoritchev\/teaching\/2020-2021\/\">2020-2021<\/a>, I taught:<\/p>\n<ul>\n<li>Research methodology, M2 Natural Language Processing and M2 Cognitive Sciences, Research track, in English<\/li>\n<li>Methods for NLP, M1 Natural Language Processing, TD, in English<\/li>\n<li>Calculability &amp; Complexity, M1 Natural Language Processing, TD, in English<\/li>\n<li>Linguistic e<span dir=\"ltr\" role=\"presentation\">ngineering, L3 Sciences Cognitives, TD, en fran\u00e7ais<\/span><\/li>\n<li>F<span dir=\"ltr\" role=\"presentation\">ormalisms and Representations<\/span> of R<span dir=\"ltr\" role=\"presentation\">easonings<\/span>, L3 Sciences Cognitives, cours et TD, en fran\u00e7ais<\/li>\n<li>Advanced algorithmics, L2 Math\u00e9matiques et Informatique Appliqu\u00e9es aux Sciences Humaines et Sociales (MIASHS), TD, en fran\u00e7ais<\/li>\n<li>Natural Language Processing, <span dir=\"ltr\" role=\"presentation\">L2 Sciences Cognitives, TD, en fran\u00e7ais<\/span><\/li>\n<li>Algorithmics 1, L1 Math\u00e9matiques et Informatique Appliqu\u00e9es aux Sciences Humaines et Sociales (MIASHS), TD, en fran\u00e7ais<\/li>\n<li>Algorithmics 2, L1 Math\u00e9matiques et Informatique Appliqu\u00e9es aux Sciences Humaines et Sociales (MIASHS), TD, en fran\u00e7ais<\/li>\n<li>Algorithmics 3, L1 Math\u00e9matiques et Informatique Appliqu\u00e9es aux Sciences Humaines et Sociales (MIASHS), TD, en fran\u00e7ais<\/li>\n<li><span dir=\"ltr\" role=\"presentation\">Digital Tools &amp; Culture<\/span>, L1 Humanities, TD, en fran\u00e7ais<\/li>\n<\/ul>\n<p>In <a href=\"https:\/\/members.loria.fr\/MBoritchev\/2019-2020\/\">2019-2020<\/a>, I gave a Research methodology course (M2 Natural Language Processing and M2 Cognitive Sciences, Research track, in English) to help students to get around the French research system and improve their written and oral academic communication skills. In the second semester, I taught <a href=\"https:\/\/members.loria.fr\/MBoritchev\/2019-2020\/\">Formalismes et Repr\u00e9sentations de Raisonnements<\/a> (L3 Sciences Cognitives, cours et TD, en fran\u00e7ais).<\/p>\n<p>In <a href=\"https:\/\/members.loria.fr\/MBoritchev\/2018-2019\/\">2018-2019<\/a>, I gave a Refreshing course in Matrix Calculus (M1 and M2 Natural Language Processing, in English) and I taught Algorithmics (L1 Math\u00e9matiques et Informatique Appliqu\u00e9es aux Sciences Humaines et Sociales (MIASHS), TD, en fran\u00e7ais). In the second semester, I was teaching <a href=\"https:\/\/members.loria.fr\/MBoritchev\/2018-2019\/\">Formalismes et Repr\u00e9sentations de Raisonnements<\/a> (L3 Sciences Cognitives, cours et TD, en fran\u00e7ais) and <a href=\"https:\/\/members.loria.fr\/MBoritchev\/2018-2019\/\">Web Semantics<\/a> (M1\u00a0Natural Language Processing, tutorials, in English).<\/p>\n<p>In <a href=\"https:\/\/members.loria.fr\/MBoritchev\/2017-2018\/\">2017-2018<\/a>, I have been teaching Formalismes et Repr\u00e9sentations de Raisonnements (L3 Sciences Cognitives, cours et TD, en fran\u00e7ais) and Technology and Innovation (M1 Applied Cognitive Sciences, practical tutorials, in English).<\/p>\n","protected":false},"excerpt":{"rendered":"<p>Teaching is an important part of my work. I taught during the three years of my doctoral contract as a part-time lecturer (vacataire) at the <a href=\"https:\/\/idmc.univ-lorraine.fr\/\">Institute of Digital Science, Management &amp; Cognition (IDMC)<\/a>. I continued these teachings for a fourth year as a Temporary Research Lecturer (ATER). In four years, I gave 332 hours (TD equivalent) of teaching. I gave lectures, tutorials (TDs and TPs), and created course materials and TDs materials. My students ranged from L1 MIASHS (Mathematics and Computer Science Applied to Human and Social Sciences) to M2 TAL (Natural Language Processing). The languages of instruction were French,<\/p>\n","protected":false},"author":160,"featured_media":0,"parent":0,"menu_order":0,"comment_status":"closed","ping_status":"closed","template":"","meta":{"footnotes":""},"class_list":["post-323","page","type-page","status-publish","hentry"],"_links":{"self":[{"href":"https:\/\/members.loria.fr\/MBoritchev\/wp-json\/wp\/v2\/pages\/323","targetHints":{"allow":["GET"]}}],"collection":[{"href":"https:\/\/members.loria.fr\/MBoritchev\/wp-json\/wp\/v2\/pages"}],"about":[{"href":"https:\/\/members.loria.fr\/MBoritchev\/wp-json\/wp\/v2\/types\/page"}],"author":[{"embeddable":true,"href":"https:\/\/members.loria.fr\/MBoritchev\/wp-json\/wp\/v2\/users\/160"}],"replies":[{"embeddable":true,"href":"https:\/\/members.loria.fr\/MBoritchev\/wp-json\/wp\/v2\/comments?post=323"}],"version-history":[{"count":12,"href":"https:\/\/members.loria.fr\/MBoritchev\/wp-json\/wp\/v2\/pages\/323\/revisions"}],"predecessor-version":[{"id":526,"href":"https:\/\/members.loria.fr\/MBoritchev\/wp-json\/wp\/v2\/pages\/323\/revisions\/526"}],"wp:attachment":[{"href":"https:\/\/members.loria.fr\/MBoritchev\/wp-json\/wp\/v2\/media?parent=323"}],"curies":[{"name":"wp","href":"https:\/\/api.w.org\/{rel}","templated":true}]}}