{"id":346,"date":"2018-07-09T16:34:08","date_gmt":"2018-07-09T14:34:08","guid":{"rendered":"http:\/\/members.loria.fr\/MBoritchev\/?page_id=346"},"modified":"2018-12-05T15:33:56","modified_gmt":"2018-12-05T13:33:56","slug":"seminaire-semagramme","status":"publish","type":"page","link":"https:\/\/members.loria.fr\/MBoritchev\/seminaire-semagramme\/","title":{"rendered":"S\u00e9minaire S\u00e9magramme"},"content":{"rendered":"<p>Le s\u00e9minaire S\u00e9magramme se tient une fois par semaine. Il s&rsquo;agit d&rsquo;un moment de pr\u00e9sentation et de discussion partag\u00e9e au sein de l&rsquo;\u00e9quipe.<\/p>\n<h5>S\u00e9minaires \u00e0 venir :<\/h5>\n<ul>\n<li>Le 11\/12\/18 : <a href=\"https:\/\/members.loria.fr\/MBoritchev\/\">Maria Boritchev<\/a><\/li>\n<li>Le 18\/12\/18 : <a href=\"http:\/\/members.loria.fr\/GPerrier\/\">Guy Perrier<\/a><\/li>\n<li>Le 25\/12\/18 : Vacances universitaires<\/li>\n<li>Le 01\/01\/19 : Vacances universitaires<\/li>\n<li>Le 08\/01\/19 : <a href=\"http:\/\/members.loria.fr\/MAmblard\">Maxime Amblard<\/a><\/li>\n<li>Le 15\/01\/19 : Cl\u00e9ment Beysson<\/li>\n<li>Le 22\/01\/19 : <a href=\"https:\/\/members.loria.fr\/PLudmann\/\">Pierre Ludmann<\/a> &#8212; Modal logic for model change\u00a0(Retour d&rsquo;<a href=\"http:\/\/esslli2018.folli.info\/\">ESSLLI 2018<\/a>, suite)<\/li>\n<\/ul>\n<p>&nbsp;<\/p>\n<h5>S\u00e9minaires pass\u00e9s (2018 &#8211; 2019) :<\/h5>\n<ul>\n<li>Le 04\/12\/18 : <a href=\"http:\/\/members.loria.fr\/BGuillaume\/\">Bruno Guillaume<\/a> &#8212; Glue Semantics for Universal Dependencies<\/li>\n<li>Le 27\/11\/18 : <a href=\"https:\/\/members.loria.fr\/SPogodalla\/\">Sylvain Pogodalla<\/a> &#8212; Grammatical Framework (GF), suite<\/li>\n<li>Le 06\/11\/18 : <a href=\"https:\/\/members.loria.fr\/PdeGroote\/\">Philippe de Groote<\/a> &#8212; Th\u00e9or\u00e8me de repr\u00e9sentation de Stone<\/li>\n<li>Le 30\/10\/18 : <a href=\"http:\/\/michel.musiol.free.fr\/\">Michel Musiol<\/a> &#8212; Conception d&rsquo;outils pour le diagnostic psycho-pathologique par le rep\u00e9rage des troubles du discours (II)<\/li>\n<li>Le 23\/10\/18 : <a href=\"https:\/\/members.loria.fr\/PLudmann\/\">Pierre Ludmann<\/a> &#8212; Modal logic for model change\u00a0(Retour d&rsquo;<a href=\"http:\/\/esslli2018.folli.info\/\">ESSLLI 2018)<\/a><\/li>\n<li>Le 16\/10\/18 : <a href=\"http:\/\/michel.musiol.free.fr\/\">Michel Musiol<\/a> &#8212; Conception d&rsquo;outils pour le diagnostic psycho-pathologique par le rep\u00e9rage des troubles du discours (I)<\/li>\n<li>Le 25\/09\/18 : William Babonnaud &#8212; Contributions \u00e0 l&rsquo;analyse et \u00e0 la mod\u00e9lisation des structures ratio \u00e0 l&rsquo;interface syntaxe\/s\u00e9mantique (logique hybride, s\u00e9mantique des frames, probl\u00e8mes de pluralit\u00e9)<\/li>\n<\/ul>\n","protected":false},"excerpt":{"rendered":"<p>Le s\u00e9minaire S\u00e9magramme se tient une fois par semaine. Il s&rsquo;agit d&rsquo;un moment de pr\u00e9sentation et de discussion partag\u00e9e au sein de l&rsquo;\u00e9quipe.<\/p>\n<p>S\u00e9minaires \u00e0 venir :<\/p>\n<ul>\n<li>Le 11\/12\/18 : <a href=\"https:\/\/members.loria.fr\/MBoritchev\/\">Maria Boritchev<\/a><\/li>\n<li>Le 18\/12\/18 : <a href=\"http:\/\/members.loria.fr\/GPerrier\/\">Guy Perrier<\/a><\/li>\n<li>Le 25\/12\/18 : Vacances universitaires<\/li>\n<li>Le 01\/01\/19 : Vacances universitaires<\/li>\n<li>Le 08\/01\/19 : <a href=\"http:\/\/members.loria.fr\/MAmblard\">Maxime Amblard<\/a><\/li>\n<li>Le 15\/01\/19 : Cl\u00e9ment Beysson<\/li>\n<li>Le 22\/01\/19 : <a href=\"https:\/\/members.loria.fr\/PLudmann\/\">Pierre Ludmann<\/a> &#8212; Modal logic for model change\u00a0(Retour d&rsquo;<a href=\"http:\/\/esslli2018.folli.info\/\">ESSLLI 2018<\/a>, suite)<\/li>\n<\/ul>\n<p>&nbsp;<\/p>\n","protected":false},"author":160,"featured_media":0,"parent":0,"menu_order":0,"comment_status":"closed","ping_status":"closed","template":"","meta":{"footnotes":""},"class_list":["post-346","page","type-page","status-publish","hentry"],"_links":{"self":[{"href":"https:\/\/members.loria.fr\/MBoritchev\/wp-json\/wp\/v2\/pages\/346","targetHints":{"allow":["GET"]}}],"collection":[{"href":"https:\/\/members.loria.fr\/MBoritchev\/wp-json\/wp\/v2\/pages"}],"about":[{"href":"https:\/\/members.loria.fr\/MBoritchev\/wp-json\/wp\/v2\/types\/page"}],"author":[{"embeddable":true,"href":"https:\/\/members.loria.fr\/MBoritchev\/wp-json\/wp\/v2\/users\/160"}],"replies":[{"embeddable":true,"href":"https:\/\/members.loria.fr\/MBoritchev\/wp-json\/wp\/v2\/comments?post=346"}],"version-history":[{"count":6,"href":"https:\/\/members.loria.fr\/MBoritchev\/wp-json\/wp\/v2\/pages\/346\/revisions"}],"predecessor-version":[{"id":349,"href":"https:\/\/members.loria.fr\/MBoritchev\/wp-json\/wp\/v2\/pages\/346\/revisions\/349"}],"wp:attachment":[{"href":"https:\/\/members.loria.fr\/MBoritchev\/wp-json\/wp\/v2\/media?parent=346"}],"curies":[{"name":"wp","href":"https:\/\/api.w.org\/{rel}","templated":true}]}}