{"id":13,"date":"2015-06-15T10:26:53","date_gmt":"2015-06-15T08:26:53","guid":{"rendered":"http:\/\/members.loria.fr\/thierrygartiser\/?page_id=13"},"modified":"2025-03-10T18:13:01","modified_gmt":"2025-03-10T16:13:01","slug":"publications","status":"publish","type":"page","link":"https:\/\/members.loria.fr\/MCousin\/publications\/","title":{"rendered":"Publications"},"content":{"rendered":"<p>   <!DOCTYPE html PUBLIC \"-\/\/W3C\/\/DTD XHTML 1.0 Transitional\/\/EN\" \"http:\/\/www.w3.org\/TR\/xhtml1\/DTD\/xhtml1-transitional.dtd\"> <html xmlns='http:\/\/www.w3.org\/1999\/xhtml' xml:lang='fr' lang='fr'> <head> <meta name=\"robots\" content=\"noindex, nofollow\" \/> <meta http-equiv=\"content-type\" content= \"text\/html;charset=UTF-8\" \/> <meta http-equiv=\"Content-Language\" content=\"fr\" \/> <link rel=\"stylesheet\" type=\"text\/css\" href=\"..\/css\/VisuGen.css\" \/> <link rel=\"stylesheet\" type=\"text\/css\" href=\"https:\/\/haltools.inria.fr\/\/css\/VisuRubriqueEncadre.css\" \/> <!-- Piwik haltools.inria.fr--> <script type=\"text\/javascript\">   var _paq = _paq || [];   _paq.push(['trackPageView']);   _paq.push(['enableLinkTracking']);   (function() {     var u=\"\/\/piwik.inria.fr\/\";     _paq.push(['setTrackerUrl', u+'piwik.php']);     _paq.push(['setSiteId', 25]);     var d=document, g=d.createElement('script'), s=d.getElementsByTagName('script')[0];     g.type='text\/javascript'; g.async=true; g.defer=true; g.src=u+'piwik.js'; s.parentNode.insertBefore(g,s);   })(); <\/script> <noscript><\/p>\n<p><img decoding=\"async\" src=\"\/\/piwik.inria.fr\/piwik.php?idsite=25\" style=\"border:0;\" alt=\"\" \/><\/p>\n<p><\/noscript> <!-- End Piwik Code -->  <title>Publications HAL de  Marie Cousin<\/title> <\/head> <body> <\/p>\n<div id=\"res_script\">\n<p class='Rubrique'>2025<\/p>\n<p class='SousRubrique'>Conference papers<\/p>\n<dl class='NoticeRes'>\n<dt class=\"ChampRes\">titre<\/dt>\n<dd class=\"ValeurRes Titre\"><a href=\"https:\/\/inria.hal.science\/hal-05225895v1\" target=\"_blank\" >Dependency Structures Representation: Meaning Text Theory&rsquo;s Deep-Syntax Encoding With Abstract Categorial Grammars<\/a><\/dd>\n<dt class=\"ChampRes\">auteur<\/dt>\n<dd class=\"ValeurRes Auteurs\">Marie Cousin<\/dd>\n<dt class=\"ChampRes\">article<\/dt>\n<dd class=\"ValeurRes article\"><i>Mathematics of Language 2025<\/i>, Thomas Graf; Matthew Hayden; Jeffrey Heinz; Gary Mar, Aug 2025, Stony Brook (NY), United States<\/dd>\n<dt class=\"ChampRes\">typdoc<\/dt>\n<dd class=\"ValeurRes Type_de_document\">Conference papers<\/dd>\n<dt class=\"ChampRes\">Acc\u00e8s au texte int\u00e9gral et bibtex<\/dt>\n<dd class=\"ValeurRes Fichier_joint\"> <a href=\"https:\/\/inria.hal.science\/hal-05225895\/file\/article-MOL-2025.pdf\"  target=\"_blank\"> <img decoding=\"async\" alt=\"https:\/\/inria.hal.science\/hal-05225895\/file\/article-MOL-2025.pdf\" src=\"https:\/\/haltools.inria.fr\/images\/Haltools_pdf.png\" border=\"0\" title=\"https:\/\/inria.hal.science\/hal-05225895\/file\/article-MOL-2025.pdf\" \/><\/a> <span class=\"LienBibtexACoteFulltext\"><a href=\"https:\/\/inria.hal.science\/hal-05225895v1\/bibtex\" target=\"_self\"> <img decoding=\"async\" alt=\"BibTex\" src=\"https:\/\/haltools.inria.fr\/images\/Haltools_bibtex3.png\" border=\"0\"  title=\"BibTex\" \/><\/a> <\/span><\/dd>\n<\/dl>\n<dl class='NoticeRes'>\n<dt class=\"ChampRes\">titre<\/dt>\n<dd class=\"ValeurRes Titre\"><a href=\"https:\/\/hal.science\/hal-04889333v3\" target=\"_blank\" >Adding Communicative Structure to the MTT into ACG Encoding<\/a><\/dd>\n<dt class=\"ChampRes\">auteur<\/dt>\n<dd class=\"ValeurRes Auteurs\">Marie Cousin<\/dd>\n<dt class=\"ChampRes\">article<\/dt>\n<dd class=\"ValeurRes article\"><i>Congreso Internacional sobre Estudios Te\u00f3ricos y Aplicados de L\u00e9xico, 2025 (CIETAL 2025)<\/i>, May 2025, Madrid, Spain<\/dd>\n<dt class=\"ChampRes\">typdoc<\/dt>\n<dd class=\"ValeurRes Type_de_document\">Conference papers<\/dd>\n<dt class=\"ChampRes\">Acc\u00e8s au texte int\u00e9gral et bibtex<\/dt>\n<dd class=\"ValeurRes Fichier_joint\"> <a href=\"https:\/\/hal.science\/hal-04889333\/file\/article-CIETAL-2025.pdf\"  target=\"_blank\"> <img decoding=\"async\" alt=\"https:\/\/hal.science\/hal-04889333\/file\/article-CIETAL-2025.pdf\" src=\"https:\/\/haltools.inria.fr\/images\/Haltools_pdf.png\" border=\"0\" title=\"https:\/\/hal.science\/hal-04889333\/file\/article-CIETAL-2025.pdf\" \/><\/a> <a href=\"https:\/\/hal.science\/hal-04889333\/file\/presentation-CIETAL25.pdf\"  target=\"_blank\"> <img decoding=\"async\" alt=\"https:\/\/hal.science\/hal-04889333\/file\/presentation-CIETAL25.pdf\" src=\"https:\/\/haltools.inria.fr\/images\/Haltools_pdf.png\" border=\"0\" title=\"https:\/\/hal.science\/hal-04889333\/file\/presentation-CIETAL25.pdf\" \/><\/a> <span class=\"LienBibtexACoteFulltext\"><a href=\"https:\/\/hal.science\/hal-04889333v3\/bibtex\" target=\"_self\"> <img decoding=\"async\" alt=\"BibTex\" src=\"https:\/\/haltools.inria.fr\/images\/Haltools_bibtex3.png\" border=\"0\"  title=\"BibTex\" \/><\/a> <\/span><\/dd>\n<\/dl>\n<dl class='NoticeRes'>\n<dt class=\"ChampRes\">titre<\/dt>\n<dd class=\"ValeurRes Titre\"><a href=\"https:\/\/inria.hal.science\/hal-05330627v1\" target=\"_blank\" >Syntaxe en d\u00e9pendance avec les grammaires cat\u00e9gorielles abstraites : une application \u00e0 la th\u00e9orie sens-texte<\/a><\/dd>\n<dt class=\"ChampRes\">auteur<\/dt>\n<dd class=\"ValeurRes Auteurs\">Marie Cousin<\/dd>\n<dt class=\"ChampRes\">article<\/dt>\n<dd class=\"ValeurRes article\"><i>20e Conf\u00e9rence en Recherche d\u2019Information et Applications (CORIA) 32\u00e8me Conf\u00e9rence sur le Traitement Automatique des Langues Naturelles (TALN) 27\u00e8me Rencontre des \u00c9tudiants Chercheurs en Informatique pour le Traitement Automatique des Langues (RECITAL) Les 18e Rencontres Jeunes Chercheurs en RI (RJCRI)<\/i>, 2025, Marseille, France. pp.715-728<\/dd>\n<dt class=\"ChampRes\">typdoc<\/dt>\n<dd class=\"ValeurRes Type_de_document\">Conference papers<\/dd>\n<dt class=\"ChampRes\">Acc\u00e8s au texte int\u00e9gral et bibtex<\/dt>\n<dd class=\"ValeurRes Fichier_joint\"> <a href=\"https:\/\/inria.hal.science\/hal-05330627\/file\/55.pdf\"  target=\"_blank\"> <img decoding=\"async\" alt=\"https:\/\/inria.hal.science\/hal-05330627\/file\/55.pdf\" src=\"https:\/\/haltools.inria.fr\/images\/Haltools_pdf.png\" border=\"0\" title=\"https:\/\/inria.hal.science\/hal-05330627\/file\/55.pdf\" \/><\/a> <span class=\"LienBibtexACoteFulltext\"><a href=\"https:\/\/inria.hal.science\/hal-05330627v1\/bibtex\" target=\"_self\"> <img decoding=\"async\" alt=\"BibTex\" src=\"https:\/\/haltools.inria.fr\/images\/Haltools_bibtex3.png\" border=\"0\"  title=\"BibTex\" \/><\/a> <\/span><\/dd>\n<\/dl>\n<p class='SousRubrique'>Preprints, Working Papers, &#8230;<\/p>\n<dl class='NoticeRes'>\n<dt class=\"ChampRes\">titre<\/dt>\n<dd class=\"ValeurRes Titre\"><a href=\"https:\/\/hal.science\/hal-05356794v1\" target=\"_blank\" >Adding Communicative Structure to the MTT into ACG Encoding<\/a><\/dd>\n<dt class=\"ChampRes\">auteur<\/dt>\n<dd class=\"ValeurRes Auteurs\">Marie Cousin<\/dd>\n<dt class=\"ChampRes\">article<\/dt>\n<dd class=\"ValeurRes article\">2025<\/dd>\n<dt class=\"ChampRes\">typdoc<\/dt>\n<dd class=\"ValeurRes Type_de_document\">Preprints, Working Papers, &#8230;<\/dd>\n<dt class=\"ChampRes\">Acc\u00e8s au texte int\u00e9gral et bibtex<\/dt>\n<dd class=\"ValeurRes Fichier_joint\"> <a href=\"https:\/\/hal.science\/hal-05356794\/file\/Chapter-CIETAL25-latex.pdf\"  target=\"_blank\"> <img decoding=\"async\" alt=\"https:\/\/hal.science\/hal-05356794\/file\/Chapter-CIETAL25-latex.pdf\" src=\"https:\/\/haltools.inria.fr\/images\/Haltools_pdf.png\" border=\"0\" title=\"https:\/\/hal.science\/hal-05356794\/file\/Chapter-CIETAL25-latex.pdf\" \/><\/a> <span class=\"LienBibtexACoteFulltext\"><a href=\"https:\/\/hal.science\/hal-05356794v1\/bibtex\" target=\"_self\"> <img decoding=\"async\" alt=\"BibTex\" src=\"https:\/\/haltools.inria.fr\/images\/Haltools_bibtex3.png\" border=\"0\"  title=\"BibTex\" \/><\/a> <\/span><\/dd>\n<\/dl>\n<p class='Rubrique'>2024<\/p>\n<p class='SousRubrique'>Book sections<\/p>\n<dl class='NoticeRes'>\n<dt class=\"ChampRes\">titre<\/dt>\n<dd class=\"ValeurRes Titre\"><a href=\"https:\/\/hal.univ-lorraine.fr\/hal-04509290v1\" target=\"_blank\" >PENSE M&rsquo;EN<\/a><\/dd>\n<dt class=\"ChampRes\">auteur<\/dt>\n<dd class=\"ValeurRes Auteurs\">Hee-Soo Choi, Amandine Decker, Valentin D Richard, Marie Cousin<\/dd>\n<dt class=\"ChampRes\">article<\/dt>\n<dd class=\"ValeurRes article\"><i>THINK BEFORE LOADING<\/i>, <a target=\"_blank\" href=\"https:\/\/thinkbeforeloading.loria.fr\"><\/a>, 2024, 978-2-9591975-0-5<\/dd>\n<dt class=\"ChampRes\">typdoc<\/dt>\n<dd class=\"ValeurRes Type_de_document\">Book sections<\/dd>\n<dt class=\"ChampRes\">Acc\u00e8s au texte int\u00e9gral et bibtex<\/dt>\n<dd class=\"ValeurRes Fichier_joint\"> <a href=\"https:\/\/hal.univ-lorraine.fr\/hal-04509290\/file\/DYSTOPIES_PENSEMEN.pdf\"  target=\"_blank\"> <img decoding=\"async\" alt=\"https:\/\/hal.univ-lorraine.fr\/hal-04509290\/file\/DYSTOPIES_PENSEMEN.pdf\" src=\"https:\/\/haltools.inria.fr\/images\/Haltools_pdf.png\" border=\"0\" title=\"https:\/\/hal.univ-lorraine.fr\/hal-04509290\/file\/DYSTOPIES_PENSEMEN.pdf\" \/><\/a> <span class=\"LienBibtexACoteFulltext\"><a href=\"https:\/\/hal.univ-lorraine.fr\/hal-04509290v1\/bibtex\" target=\"_self\"> <img decoding=\"async\" alt=\"BibTex\" src=\"https:\/\/haltools.inria.fr\/images\/Haltools_bibtex3.png\" border=\"0\"  title=\"BibTex\" \/><\/a> <\/span><\/dd>\n<\/dl>\n<p class='SousRubrique'>Other publications<\/p>\n<dl class='NoticeRes'>\n<dt class=\"ChampRes\">titre<\/dt>\n<dd class=\"ValeurRes Titre\"><a href=\"https:\/\/hal.science\/hal-04976796v1\" target=\"_blank\" >Text Generation with the Meaning-Text Theory and Abstract Categorial Grammars<\/a><\/dd>\n<dt class=\"ChampRes\">auteur<\/dt>\n<dd class=\"ValeurRes Auteurs\">Marie Cousin<\/dd>\n<dt class=\"ChampRes\">article<\/dt>\n<dd class=\"ValeurRes article\">2024<\/dd>\n<dt class=\"ChampRes\">typdoc<\/dt>\n<dd class=\"ValeurRes Type_de_document\">Other publications<\/dd>\n<dt class=\"ChampRes\">Acc\u00e8s au texte int\u00e9gral et bibtex<\/dt>\n<dd class=\"ValeurRes Fichier_joint\"> <a href=\"https:\/\/hal.science\/hal-04976796\/file\/pizza-time-metropolis.pdf\"  target=\"_blank\"> <img decoding=\"async\" alt=\"https:\/\/hal.science\/hal-04976796\/file\/pizza-time-metropolis.pdf\" src=\"https:\/\/haltools.inria.fr\/images\/Haltools_pdf.png\" border=\"0\" title=\"https:\/\/hal.science\/hal-04976796\/file\/pizza-time-metropolis.pdf\" \/><\/a> <span class=\"LienBibtexACoteFulltext\"><a href=\"https:\/\/hal.science\/hal-04976796v1\/bibtex\" target=\"_self\"> <img decoding=\"async\" alt=\"BibTex\" src=\"https:\/\/haltools.inria.fr\/images\/Haltools_bibtex3.png\" border=\"0\"  title=\"BibTex\" \/><\/a> <\/span><\/dd>\n<\/dl>\n<p class='Rubrique'>2023<\/p>\n<p class='SousRubrique'>Conference papers<\/p>\n<dl class='NoticeRes'>\n<dt class=\"ChampRes\">titre<\/dt>\n<dd class=\"ValeurRes Titre\"><a href=\"https:\/\/inria.hal.science\/hal-04104453v3\" target=\"_blank\" >Meaning-Text Theory within Abstract Categorial Grammars: Towards Paraphrase and Lexical Function Modeling for Text Generation<\/a><\/dd>\n<dt class=\"ChampRes\">auteur<\/dt>\n<dd class=\"ValeurRes Auteurs\">Marie Cousin<\/dd>\n<dt class=\"ChampRes\">article<\/dt>\n<dd class=\"ValeurRes article\"><i>IWCS 2023 &#8211; 15th International Conference on Computational Semantics<\/i>, Jun 2023, Nancy, France<\/dd>\n<dt class=\"ChampRes\">typdoc<\/dt>\n<dd class=\"ValeurRes Type_de_document\">Conference papers<\/dd>\n<dt class=\"ChampRes\">Acc\u00e8s au texte int\u00e9gral et bibtex<\/dt>\n<dd class=\"ValeurRes Fichier_joint\"> <a href=\"https:\/\/inria.hal.science\/hal-04104453\/file\/article-IWCS-2023-camera-ready-version-v3.pdf\"  target=\"_blank\"> <img decoding=\"async\" alt=\"https:\/\/inria.hal.science\/hal-04104453\/file\/article-IWCS-2023-camera-ready-version-v3.pdf\" src=\"https:\/\/haltools.inria.fr\/images\/Haltools_pdf.png\" border=\"0\" title=\"https:\/\/inria.hal.science\/hal-04104453\/file\/article-IWCS-2023-camera-ready-version-v3.pdf\" \/><\/a> <span class=\"LienBibtexACoteFulltext\"><a href=\"https:\/\/inria.hal.science\/hal-04104453v3\/bibtex\" target=\"_self\"> <img decoding=\"async\" alt=\"BibTex\" src=\"https:\/\/haltools.inria.fr\/images\/Haltools_bibtex3.png\" border=\"0\"  title=\"BibTex\" \/><\/a> <\/span><\/dd>\n<\/dl>\n<dl class='NoticeRes'>\n<dt class=\"ChampRes\">titre<\/dt>\n<dd class=\"ValeurRes Titre\"><a href=\"https:\/\/inria.hal.science\/hal-04100197v4\" target=\"_blank\" >Towards an implementation of meaning-text theory with abstract categorial grammars<\/a><\/dd>\n<dt class=\"ChampRes\">auteur<\/dt>\n<dd class=\"ValeurRes Auteurs\">Marie Cousin<\/dd>\n<dt class=\"ChampRes\">article<\/dt>\n<dd class=\"ValeurRes article\"><i>18e Conf\u00e9rence en Recherche d&rsquo;Information et Applications &#8212; 16e Rencontres Jeunes Chercheurs en RI &#8212; 30e Conf\u00e9rence sur le Traitement Automatique des Langues Naturelles &#8212; 25e Rencontre des \u00c9tudiants Chercheurs en Informatique pour le Traitement Automatique des Langues<\/i>, Jun 2023, Paris, France. pp.72-86<\/dd>\n<dt class=\"ChampRes\">typdoc<\/dt>\n<dd class=\"ValeurRes Type_de_document\">Conference papers<\/dd>\n<dt class=\"ChampRes\">Acc\u00e8s au texte int\u00e9gral et bibtex<\/dt>\n<dd class=\"ValeurRes Fichier_joint\"> <a href=\"https:\/\/inria.hal.science\/hal-04100197\/file\/2023.jeptalnrecital-rjc.5.pdf\"  target=\"_blank\"> <img decoding=\"async\" alt=\"https:\/\/inria.hal.science\/hal-04100197\/file\/2023.jeptalnrecital-rjc.5.pdf\" src=\"https:\/\/haltools.inria.fr\/images\/Haltools_pdf.png\" border=\"0\" title=\"https:\/\/inria.hal.science\/hal-04100197\/file\/2023.jeptalnrecital-rjc.5.pdf\" \/><\/a> <span class=\"LienBibtexACoteFulltext\"><a href=\"https:\/\/inria.hal.science\/hal-04100197v4\/bibtex\" target=\"_self\"> <img decoding=\"async\" alt=\"BibTex\" src=\"https:\/\/haltools.inria.fr\/images\/Haltools_bibtex3.png\" border=\"0\"  title=\"BibTex\" \/><\/a> <\/span><\/dd>\n<\/dl>\n<p class='Rubrique'>2022<\/p>\n<p class='SousRubrique'>Master thesis<\/p>\n<dl class='NoticeRes'>\n<dt class=\"ChampRes\">titre<\/dt>\n<dd class=\"ValeurRes Titre\"><a href=\"https:\/\/inria.hal.science\/hal-03942766v1\" target=\"_blank\" >Text generation with abstract categorial grammars and the meaning-text theory<\/a><\/dd>\n<dt class=\"ChampRes\">auteur<\/dt>\n<dd class=\"ValeurRes Auteurs\">Marie Cousin<\/dd>\n<dt class=\"ChampRes\">article<\/dt>\n<dd class=\"ValeurRes article\">Informatique [cs]. 2022<\/dd>\n<dt class=\"ChampRes\">typdoc<\/dt>\n<dd class=\"ValeurRes Type_de_document\">Master thesis<\/dd>\n<dt class=\"ChampRes\">Acc\u00e8s au texte int\u00e9gral et bibtex<\/dt>\n<dd class=\"ValeurRes Fichier_joint\"> <a href=\"https:\/\/inria.hal.science\/hal-03942766\/file\/rapport-pfe-cousin-marie.pdf\"  target=\"_blank\"> <img decoding=\"async\" alt=\"https:\/\/inria.hal.science\/hal-03942766\/file\/rapport-pfe-cousin-marie.pdf\" src=\"https:\/\/haltools.inria.fr\/images\/Haltools_pdf.png\" border=\"0\" title=\"https:\/\/inria.hal.science\/hal-03942766\/file\/rapport-pfe-cousin-marie.pdf\" \/><\/a> <span class=\"LienBibtexACoteFulltext\"><a href=\"https:\/\/inria.hal.science\/hal-03942766v1\/bibtex\" target=\"_self\"> <img decoding=\"async\" alt=\"BibTex\" src=\"https:\/\/haltools.inria.fr\/images\/Haltools_bibtex3.png\" border=\"0\"  title=\"BibTex\" \/><\/a> <\/span><\/dd>\n<\/dl>\n<p class='Rubrique'>2021<\/p>\n<p class='SousRubrique'>Journal articles<\/p>\n<dl class='NoticeRes'>\n<dt class=\"ChampRes\">titre<\/dt>\n<dd class=\"ValeurRes Titre\"><a href=\"https:\/\/hal.science\/hal-04985228v1\" target=\"_blank\" >The Hahn and Jordan Decomposition Theorems<\/a><\/dd>\n<dt class=\"ChampRes\">auteur<\/dt>\n<dd class=\"ValeurRes Auteurs\">Marie Cousin, Mnacho Echenim, Herv\u00e9 Guiol<\/dd>\n<dt class=\"ChampRes\">article<\/dt>\n<dd class=\"ValeurRes article\"><i>Archive of Formal Proofs<\/i>, 2021<\/dd>\n<dt class=\"ChampRes\">typdoc<\/dt>\n<dd class=\"ValeurRes Type_de_document\">Journal articles<\/dd>\n<dt class=\"ChampRes\">Acc\u00e8s au bibtex<\/dt>\n<dd class=\"ValeurRes LienBibtex\"> <a href=\"https:\/\/hal.science\/hal-04985228v1\/bibtex\" target=\"_self\"> <img decoding=\"async\" alt=\"BibTex\" src=\"https:\/\/haltools.inria.fr\/images\/Haltools_bibtex3.png\" border=\"0\"  title=\"BibTex\" \/><\/a> <\/dd>\n<\/dl><\/div>\n<p> <\/body> <\/html> <\/p>\n","protected":false},"excerpt":{"rendered":"<p>               var _paq = _paq || [];   _paq.push([&lsquo;trackPageView&rsquo;]);   _paq.push([&lsquo;enableLinkTracking&rsquo;]);   (function() {     var u=\u00a0\u00bb\/\/piwik.inria.fr\/\u00a0\u00bb;     _paq.push([&lsquo;setTrackerUrl&rsquo;, u+&rsquo;piwik.php&rsquo;]);     _paq.push([&lsquo;setSiteId&rsquo;, 25]);     var d=document, g=d.createElement(&lsquo;script&rsquo;), s=d.getElementsByTagName(&lsquo;script&rsquo;)[0];     g.type=&rsquo;text\/javascript&rsquo;; g.async=true; g.defer=true; g.src=u+&rsquo;piwik.js&rsquo;; s.parentNode.insertBefore(g,s);   })();  <\/p>\n<p><img decoding=\"async\" src=\"\/\/piwik.inria.fr\/piwik.php?idsite=25\" style=\"border:0;\" alt=\"\" \/><\/p>\n<p>   Publications HAL de  Marie Cousin   <\/p>\n<p class='Rubrique'>2025<\/p>\n<p class='SousRubrique'>Conference papers<\/p>\n<p>titre<br \/>\n<a href=\"https:\/\/inria.hal.science\/hal-05225895v1\" target=\"_blank\">Dependency Structures Representation: Meaning Text Theory&rsquo;s Deep-Syntax Encoding With Abstract Categorial Grammars<\/a><br \/>\nauteur<br \/>\nMarie Cousin<br \/>\narticle<br \/>\n<i>Mathematics of Language 2025<\/i>, Thomas Graf; Matthew Hayden; Jeffrey Heinz; Gary Mar, Aug 2025, Stony Brook (NY), United States<br \/>\ntypdoc<br \/>\nConference papers<br \/>\nAcc\u00e8s au texte int\u00e9gral et bibtex<br \/>\n <a href=\"https:\/\/inria.hal.science\/hal-05225895\/file\/article-MOL-2025.pdf\"  target=\"_blank\"> <img decoding=\"async\" alt=\"https:\/\/inria.hal.science\/hal-05225895\/file\/article-MOL-2025.pdf\" src=\"https:\/\/haltools.inria.fr\/images\/Haltools_pdf.png\" border=\"0\" title=\"https:\/\/inria.hal.science\/hal-05225895\/file\/article-MOL-2025.pdf\" \/><\/a> <a href=\"https:\/\/inria.hal.science\/hal-05225895v1\/bibtex\" target=\"_self\"> <img decoding=\"async\" alt=\"BibTex\" src=\"https:\/\/haltools.inria.fr\/images\/Haltools_bibtex3.png\" border=\"0\"  title=\"BibTex\" \/><\/a> <\/p>\n<p>titre<br \/>\n<a href=\"https:\/\/hal.science\/hal-04889333v3\" target=\"_blank\">Adding Communicative Structure to the MTT into ACG Encoding<\/a><br \/>\nauteur<br \/>\nMarie Cousin<br \/>\narticle<br \/>\n<i>Congreso Internacional sobre Estudios Te\u00f3ricos y Aplicados de L\u00e9xico,<\/i> <\/p>\n","protected":false},"author":5,"featured_media":0,"parent":0,"menu_order":0,"comment_status":"closed","ping_status":"closed","template":"","meta":{"footnotes":""},"class_list":["post-13","page","type-page","status-publish","hentry"],"_links":{"self":[{"href":"https:\/\/members.loria.fr\/MCousin\/wp-json\/wp\/v2\/pages\/13","targetHints":{"allow":["GET"]}}],"collection":[{"href":"https:\/\/members.loria.fr\/MCousin\/wp-json\/wp\/v2\/pages"}],"about":[{"href":"https:\/\/members.loria.fr\/MCousin\/wp-json\/wp\/v2\/types\/page"}],"author":[{"embeddable":true,"href":"https:\/\/members.loria.fr\/MCousin\/wp-json\/wp\/v2\/users\/5"}],"replies":[{"embeddable":true,"href":"https:\/\/members.loria.fr\/MCousin\/wp-json\/wp\/v2\/comments?post=13"}],"version-history":[{"count":40,"href":"https:\/\/members.loria.fr\/MCousin\/wp-json\/wp\/v2\/pages\/13\/revisions"}],"predecessor-version":[{"id":436,"href":"https:\/\/members.loria.fr\/MCousin\/wp-json\/wp\/v2\/pages\/13\/revisions\/436"}],"wp:attachment":[{"href":"https:\/\/members.loria.fr\/MCousin\/wp-json\/wp\/v2\/media?parent=13"}],"curies":[{"name":"wp","href":"https:\/\/api.w.org\/{rel}","templated":true}]}}