{"id":348,"date":"2025-03-07T15:02:21","date_gmt":"2025-03-07T13:02:21","guid":{"rendered":"https:\/\/members.loria.fr\/MCousin\/?page_id=348"},"modified":"2026-02-26T18:24:47","modified_gmt":"2026-02-26T16:24:47","slug":"mediation","status":"publish","type":"page","link":"https:\/\/members.loria.fr\/MCousin\/mediation\/","title":{"rendered":"M\u00e9diation"},"content":{"rendered":"<h5>Journ\u00e9e \u00ab Sciences, un m\u00e9tier de Femmes \u00bb<\/h5>\n<p>Ambassadrice &#8211; J&rsquo;ai particip\u00e9 \u00e0 des tables rondes avec des lyc\u00e9ennes de classe de 1\u00e8re pour leur parler de mon parcours, de la recherche en informatique, et de mon sujet de th\u00e8se.<\/p>\n<ul>\n<li>F\u00e9vrier 2025 : 1\u00e8re \u00c9dition Grand Est, Nancy, France<\/li>\n<li>Mars 2026 : 2\u00e8me \u00c9dition Grand Est, Nancy France<\/li>\n<\/ul>\n<h5>Interventions CHICHE! &#8211; 1 scientifique, 1 classe<\/h5>\n<p>Je suis intervenue dans des classes de seconde, parfois seule, parfois en bin\u00f4me ou trin\u00f4me. Je leur ai parl\u00e9 de ce qu&rsquo;est recherche en g\u00e9n\u00e9ral et en informatique ; on a discut\u00e9 du quotidien d\u2019une doctorante. Je leur ai aussi parl\u00e9 de mes recherches (de mani\u00e8re vulgaris\u00e9e) et de mon parcours, ainsi que des diff\u00e9rents parcours acad\u00e9miques post-bac. J&rsquo;ai fini les interventions avec des activit\u00e9s d\u2019Informatique d\u00e9branch\u00e9e.<\/p>\n<ul>\n<li>2025 : 3 classes &#8211; Lyc\u00e9e J.V. Poncelet, Saint-Avold<\/li>\n<li>2024 : 6 classes &#8211; Lyc\u00e9e J.V. Poncelet, Saint-Avold<\/li>\n<li>2023 :\n<ul>\n<li>9 classes &#8211; Lyc\u00e9e J.V. Poncelet, Saint-Avold<\/li>\n<li>6 classes &#8211; Lyc\u00e9e Cormontaigne, Metz<\/li>\n<li>4 classes &#8211; Lyc\u00e9e Antoine de Saint-Exup\u00e9ry, Fameck<\/li>\n<\/ul>\n<\/li>\n<\/ul>\n<h5>Atelier MATh.en.JEANS<\/h5>\n<p>En bin\u00f4me avec Amandine DECKER, j&rsquo;ai cr\u00e9\u00e9 des sujets et anim\u00e9 un atelier\u00a0 aupr\u00e8s des coll\u00e9giens pour les faire travailler sur des sujets de recherche. Nous les avons accompagn\u00e9s pour pr\u00e9senter leurs travaux au congr\u00e8s du LORIA puis au congr\u00e8s national.<\/p>\n<ul>\n<li>\u00e9dition 2023 &#8211; 2024 : Coll\u00e8ge Edmond de Goncourt, Pulnoy, France<\/li>\n<li>\u00e9dition 2022 &#8211; 2023 : Coll\u00e8ge Edmond de Goncourt, Pulnoy, France<\/li>\n<\/ul>\n<h5>Journ\u00e9es du Matrimoine<\/h5>\n<p>J&rsquo;ai anim\u00e9 un atelier de vulgarisation de mes travaux de recherche, en utilisant un puzzle pour introduire \u00e0 la syntaxe, et j&rsquo;ai cr\u00e9\u00e9 un petit jeu de soci\u00e9t\u00e9 pour illustrer l\u2019interface syntaxe &#8211; s\u00e9mantique sur laquelle je travaille.<\/p>\n<ul>\n<li>Septembre 2024 : F\u00e9ru des Sciences, Nancy, France<\/li>\n<li>Septembre 2025 : F\u00e9ru des Sciences, Nancy, France<\/li>\n<\/ul>\n<h5>Journ\u00e9e \u00ab Femmes &amp; Ing\u00e9nieures &#8211; R\u00e9ussir en Sciences et Technologies \u00bb (FIRST)<\/h5>\n<ul>\n<li>F\u00e9vrier 2024 : Lyc\u00e9e Fabert, Metz, France<br \/>\nJ&rsquo;ai pr\u00e9sent\u00e9 la recherche en informatique et du quotidien de doctorante lors de tables rondes avec des lyc\u00e9ennes de classe de seconde<\/li>\n<\/ul>\n","protected":false},"excerpt":{"rendered":"<p>Journ\u00e9e \u00ab Sciences, un m\u00e9tier de Femmes \u00bb<\/p>\n<p>Ambassadrice &#8211; J&rsquo;ai particip\u00e9 \u00e0 des tables rondes avec des lyc\u00e9ennes de classe de 1\u00e8re pour leur parler de mon parcours, de la recherche en informatique, et de mon sujet de th\u00e8se.<\/p>\n<ul>\n<li>F\u00e9vrier 2025 : 1\u00e8re \u00c9dition Grand Est, Nancy, France<\/li>\n<li>Mars 2026 : 2\u00e8me \u00c9dition Grand Est, Nancy France<\/li>\n<\/ul>\n<p>Interventions CHICHE! &#8211; 1 scientifique, 1 classe<\/p>\n<p>Je suis intervenue dans des classes de seconde, parfois seule, parfois en bin\u00f4me ou trin\u00f4me. Je leur ai parl\u00e9 de ce qu&rsquo;est recherche en g\u00e9n\u00e9ral et en informatique ;<\/p>\n","protected":false},"author":251,"featured_media":0,"parent":0,"menu_order":0,"comment_status":"closed","ping_status":"closed","template":"","meta":{"footnotes":""},"class_list":["post-348","page","type-page","status-publish","hentry"],"_links":{"self":[{"href":"https:\/\/members.loria.fr\/MCousin\/wp-json\/wp\/v2\/pages\/348","targetHints":{"allow":["GET"]}}],"collection":[{"href":"https:\/\/members.loria.fr\/MCousin\/wp-json\/wp\/v2\/pages"}],"about":[{"href":"https:\/\/members.loria.fr\/MCousin\/wp-json\/wp\/v2\/types\/page"}],"author":[{"embeddable":true,"href":"https:\/\/members.loria.fr\/MCousin\/wp-json\/wp\/v2\/users\/251"}],"replies":[{"embeddable":true,"href":"https:\/\/members.loria.fr\/MCousin\/wp-json\/wp\/v2\/comments?post=348"}],"version-history":[{"count":14,"href":"https:\/\/members.loria.fr\/MCousin\/wp-json\/wp\/v2\/pages\/348\/revisions"}],"predecessor-version":[{"id":507,"href":"https:\/\/members.loria.fr\/MCousin\/wp-json\/wp\/v2\/pages\/348\/revisions\/507"}],"wp:attachment":[{"href":"https:\/\/members.loria.fr\/MCousin\/wp-json\/wp\/v2\/media?parent=348"}],"curies":[{"name":"wp","href":"https:\/\/api.w.org\/{rel}","templated":true}]}}