{"id":56,"date":"2015-06-16T13:44:07","date_gmt":"2015-06-16T11:44:07","guid":{"rendered":"http:\/\/members.loria.fr\/thierrygartiser\/?page_id=56"},"modified":"2026-02-26T18:25:37","modified_gmt":"2026-02-26T16:25:37","slug":"accueil","status":"publish","type":"page","link":"https:\/\/members.loria.fr\/MCousin\/","title":{"rendered":"Marie COUSIN"},"content":{"rendered":"<p>Bonjour !<\/p>\n<p>Je suis doctorante en informatique dans l&rsquo;\u00e9quipe <a href=\"https:\/\/team.inria.fr\/semagramme\/\">S\u00e9magramme<\/a>, au <a href=\"https:\/\/www.loria.fr\/fr\/\">LORIA<\/a>, sous la direction de <a href=\"https:\/\/members.loria.fr\/PdeGroote\/\">Philippe de Groote<\/a> et <a href=\"https:\/\/members.loria.fr\/SPogodalla\/\">Sylvain Pogodalla<\/a>.<\/p>\n<p>Je travaille actuellement sur la g\u00e9n\u00e9ration de texte et de paraphrase dans les grammaires cat\u00e9gorielles abstraites avec la th\u00e9orie sens-texte.<\/p>\n<p><a href=\"https:\/\/members.loria.fr\/MCousin\/files\/CV-mc-fr.pdf\"> Mon CV<\/a> (modifi\u00e9 en f\u00e9vrier 2026)<\/p>\n","protected":false},"excerpt":{"rendered":"<p>Bonjour !<\/p>\n<p>Je suis doctorante en informatique dans l&rsquo;\u00e9quipe <a href=\"https:\/\/team.inria.fr\/semagramme\/\">S\u00e9magramme<\/a>, au <a href=\"https:\/\/www.loria.fr\/fr\/\">LORIA<\/a>, sous la direction de <a href=\"https:\/\/members.loria.fr\/PdeGroote\/\">Philippe de Groote<\/a> et <a href=\"https:\/\/members.loria.fr\/SPogodalla\/\">Sylvain Pogodalla<\/a>.<\/p>\n<p>Je travaille actuellement sur la g\u00e9n\u00e9ration de texte et de paraphrase dans les grammaires cat\u00e9gorielles abstraites avec la th\u00e9orie sens-texte.<\/p>\n<p><a href=\"https:\/\/members.loria.fr\/MCousin\/files\/CV-mc-fr.pdf\"> Mon CV<\/a> (modifi\u00e9 en f\u00e9vrier 2026)<\/p>\n","protected":false},"author":5,"featured_media":0,"parent":0,"menu_order":0,"comment_status":"closed","ping_status":"closed","template":"","meta":{"footnotes":""},"class_list":["post-56","page","type-page","status-publish","hentry"],"_links":{"self":[{"href":"https:\/\/members.loria.fr\/MCousin\/wp-json\/wp\/v2\/pages\/56","targetHints":{"allow":["GET"]}}],"collection":[{"href":"https:\/\/members.loria.fr\/MCousin\/wp-json\/wp\/v2\/pages"}],"about":[{"href":"https:\/\/members.loria.fr\/MCousin\/wp-json\/wp\/v2\/types\/page"}],"author":[{"embeddable":true,"href":"https:\/\/members.loria.fr\/MCousin\/wp-json\/wp\/v2\/users\/5"}],"replies":[{"embeddable":true,"href":"https:\/\/members.loria.fr\/MCousin\/wp-json\/wp\/v2\/comments?post=56"}],"version-history":[{"count":29,"href":"https:\/\/members.loria.fr\/MCousin\/wp-json\/wp\/v2\/pages\/56\/revisions"}],"predecessor-version":[{"id":510,"href":"https:\/\/members.loria.fr\/MCousin\/wp-json\/wp\/v2\/pages\/56\/revisions\/510"}],"wp:attachment":[{"href":"https:\/\/members.loria.fr\/MCousin\/wp-json\/wp\/v2\/media?parent=56"}],"curies":[{"name":"wp","href":"https:\/\/api.w.org\/{rel}","templated":true}]}}