{"id":10,"date":"2015-06-15T10:23:49","date_gmt":"2015-06-15T08:23:49","guid":{"rendered":"http:\/\/members.loria.fr\/thierrygartiser\/?page_id=10"},"modified":"2016-09-02T16:53:13","modified_gmt":"2016-09-02T14:53:13","slug":"cv","status":"publish","type":"page","link":"https:\/\/members.loria.fr\/MDuflot\/cv\/","title":{"rendered":"CV"},"content":{"rendered":"<h4 class=\"cv\" style=\"text-align: left\">Formation<\/h4>\n<ul>\n<li class=\"p1\">\u00a02003 : Th\u00e8se au LSV \/ ENS de Cachan sur le th\u00e8me \u00ab\u00a0Algorithmes distribu\u00e9s sur des anneaux param\u00e9tr\u00e9s &#8211; Preuves de convergence probabiliste et d\u00e9terministe\u00a0\u00bb<\/li>\n<li class=\"p1\">2000 : Magist\u00e8re de Math\u00e9matiques-Informatique de l&rsquo;ENS de Cachan<\/li>\n<li class=\"p1\">2000 :\u00a0DEA d&rsquo;algorithmique de l&rsquo;Universit\u00e9 Paris VI<\/li>\n<li class=\"p1\">1999 : agr\u00e9gation de math\u00e9matiques<\/li>\n<\/ul>\n<h4 class=\"cv\">Exp\u00e9rience professionnelle<\/h4>\n<ul>\n<li class=\"p1\"><span class=\"s1\">depuis 2011 : Ma\u00eetre de conf\u00e9rences &#8211; Universit\u00e9 de Lorraine &#8211; Vand\u0153uvre-l\u00e8s-Nancy<\/span><\/li>\n<li class=\"p1\">2004-2011 : Ma\u00eetre de conf\u00e9rences &#8211; Universit\u00e9 Paris-Est Cr\u00e9teil<\/li>\n<li class=\"p1\">2003-2004 : Research Fellow \u00e0 l&rsquo;University of Birmingham (UK)<\/li>\n<\/ul>\n<h4 class=\"cv\">Responsabilit\u00e9s r\u00e9centes<\/h4>\n<ul>\n<li>2013-2016 : membre du conseil du LORIA<\/li>\n<li>2013-2016 : membre du conseil de p\u00f4le scientifique AM2I de l&rsquo;Universit\u00e9 de Lorraine<\/li>\n<li>depuis 2015 : responsable L1 informatique<\/li>\n<\/ul>\n<h4 class=\"cv\">Publications<\/h4>\n<p>Disponibles sur <a href=\"http:\/\/members.loria.fr\/MDuflot\/publications\/\">cette page.<\/a><\/p>\n<h4 class=\"cv\">M\u00e9diation Scientifique<\/h4>\n<p>Je suis fortement investie depuis 2011 dans des activit\u00e9s de pr\u00e9sentation de concepts informatique \u00e0 des publics de tout \u00e2ge et quelle que soit leur formation.<\/p>\n<p>Vous pouvez d\u00e9couvrir les <a href=\"https:\/\/members.loria.fr\/MDuflot\/files\/mediation.html\">\u00e9v\u00e8nements auxquels j&rsquo;ai particip\u00e9.<\/a><\/p>\n<p>Si vous voulez savoir ce que l&rsquo;on peut faire, allez voir la <a href=\"https:\/\/members.loria.fr\/MDuflot\/files\/med\/index.html\">liste des activit\u00e9s<\/a> que j&rsquo;ai d\u00e9j\u00e0 effectu\u00e9es<\/p>\n","protected":false},"excerpt":{"rendered":"<p>Formation<\/p>\n<ul>\n<li class=\"p1\">\u00a02003 : Th\u00e8se au LSV \/ ENS de Cachan sur le th\u00e8me \u00ab\u00a0Algorithmes distribu\u00e9s sur des anneaux param\u00e9tr\u00e9s &#8211; Preuves de convergence probabiliste et d\u00e9terministe\u00a0\u00bb<\/li>\n<li class=\"p1\">2000 : Magist\u00e8re de Math\u00e9matiques-Informatique de l&rsquo;ENS de Cachan<\/li>\n<li class=\"p1\">2000 :\u00a0DEA d&rsquo;algorithmique de l&rsquo;Universit\u00e9 Paris VI<\/li>\n<li class=\"p1\">1999 : agr\u00e9gation de math\u00e9matiques<\/li>\n<\/ul>\n<p>Exp\u00e9rience professionnelle<\/p>\n<ul>\n<li class=\"p1\">depuis 2011 : Ma\u00eetre de conf\u00e9rences &#8211; Universit\u00e9 de Lorraine &#8211; Vand\u0153uvre-l\u00e8s-Nancy<\/li>\n<li class=\"p1\">2004-2011 : Ma\u00eetre de conf\u00e9rences &#8211; Universit\u00e9 Paris-Est Cr\u00e9teil<\/li>\n<li class=\"p1\">2003-2004 : Research Fellow \u00e0 l&rsquo;University of Birmingham (UK)<\/li>\n<\/ul>\n<p>Responsabilit\u00e9s r\u00e9centes<\/p>\n<ul>\n<li>2013-2016 : membre du conseil du LORIA<\/li>\n<li>2013-2016 : membre du conseil de p\u00f4le scientifique AM2I de l&rsquo;Universit\u00e9 de Lorraine<\/li>\n<li>depuis 2015 : responsable L1 informatique<\/li>\n<\/ul>\n<p>Publications<\/p>\n<p>Disponibles sur <a href=\"http:\/\/members.loria.fr\/MDuflot\/publications\/\">cette page.<\/a><\/p>\n","protected":false},"author":5,"featured_media":0,"parent":0,"menu_order":0,"comment_status":"closed","ping_status":"closed","template":"","meta":{"footnotes":""},"class_list":["post-10","page","type-page","status-publish","hentry"],"_links":{"self":[{"href":"https:\/\/members.loria.fr\/MDuflot\/wp-json\/wp\/v2\/pages\/10","targetHints":{"allow":["GET"]}}],"collection":[{"href":"https:\/\/members.loria.fr\/MDuflot\/wp-json\/wp\/v2\/pages"}],"about":[{"href":"https:\/\/members.loria.fr\/MDuflot\/wp-json\/wp\/v2\/types\/page"}],"author":[{"embeddable":true,"href":"https:\/\/members.loria.fr\/MDuflot\/wp-json\/wp\/v2\/users\/5"}],"replies":[{"embeddable":true,"href":"https:\/\/members.loria.fr\/MDuflot\/wp-json\/wp\/v2\/comments?post=10"}],"version-history":[{"count":56,"href":"https:\/\/members.loria.fr\/MDuflot\/wp-json\/wp\/v2\/pages\/10\/revisions"}],"predecessor-version":[{"id":324,"href":"https:\/\/members.loria.fr\/MDuflot\/wp-json\/wp\/v2\/pages\/10\/revisions\/324"}],"wp:attachment":[{"href":"https:\/\/members.loria.fr\/MDuflot\/wp-json\/wp\/v2\/media?parent=10"}],"curies":[{"name":"wp","href":"https:\/\/api.w.org\/{rel}","templated":true}]}}