{"id":304,"date":"2016-09-02T15:48:42","date_gmt":"2016-09-02T13:48:42","guid":{"rendered":"http:\/\/members.loria.fr\/MDuflot\/?page_id=304"},"modified":"2018-02-22T14:34:15","modified_gmt":"2018-02-22T12:34:15","slug":"page-professionnelle-marie-duflot-kremer","status":"publish","type":"page","link":"https:\/\/members.loria.fr\/MDuflot\/","title":{"rendered":"Activit\u00e9s principales"},"content":{"rendered":"<h2><a href=\"http:\/\/members.loria.fr\/MDuflot\/recherche\/\">Recherche<\/a><\/h2>\n<p>Depuis mon arriv\u00e9e \u00e0 Nancy, je fais partie de l&rsquo;\u00e9quipe <a href=\"http:\/\/veridis.loria.fr\">VERIDIS<\/a> qui s&rsquo;int\u00e9resse \u00e0 la v\u00e9rification formelle de syst\u00e8mes distribu\u00e9s. Ma recherche concerne plus pr\u00e9cis\u00e9ment la v\u00e9rification de syst\u00e8mes probabilistes, notamment \u00e0 l&rsquo;aide du model-checking statistique. Plus de d\u00e9tails <a href=\"http:\/\/members.loria.fr\/MDuflot\/recherche\/\">ici<\/a>.<\/p>\n<h2><a href=\"https:\/\/members.loria.fr\/MDuflot\/files\/enseignement.html\">Enseignement<\/a><\/h2>\n<p>Arriv\u00e9e \u00e0 Nancy et l&rsquo;Universit\u00e9 de Lorraine en 2011, j&rsquo;\u00e9tais auparavant ma\u00eetre de conf\u00e9rences \u00e0 l&rsquo;Universit\u00e9 Paris Est Cr\u00e9teil depuis 2004. Mes premi\u00e8res exp\u00e9riences d&rsquo;enseignement remontent \u00e0 deux ann\u00e9es de b\u00e9n\u00e9volat au sein du <a href=\"http:\/\/www.genepi.fr\">GENEPI<\/a> et trois ans de monitorat de \u00e0 <a href=\"http:\/\/www.ens-cachan.fr\">l&rsquo;ENS de Cachan<\/a> de 2000 \u00e0 2003.<br \/>\nEn suivant <a title=\"Cours effectu\u00e9s\" href=\"https:\/\/members.loria.fr\/MDuflot\/files\/enseignement.html\"> ce lien <\/a> vous trouverez des informations sur les cours que j&rsquo;ai effectu\u00e9s.<\/p>\n<h2><a href=\"https:\/\/members.loria.fr\/MDuflot\/files\/mediation.html\">M\u00e9diation<\/a><\/h2>\n<p>Je consacre une partie de mon temps de travail (et \u00e9galement une partie de mon temps de \u00ab\u00a0repos\u00a0\u00bb) \u00e0 partager l&rsquo;informatique avec un public diversifi\u00e9 : des \u00e9coliers, des coll\u00e9giens\/lyc\u00e9ens, des non scientifiques et des professeurs du secondaire. Si vous voulez plus d&rsquo;informations, savoir d&rsquo;o\u00f9 viennent la plupart de ces activit\u00e9s,\u00a0 ou apprendre \u00e0 les faire vous-m\u00eames, allez donc faire un tour sur <a href=\"https:\/\/members.loria.fr\/MDuflot\/files\/med\/index.html\">cette page<\/a>.<\/p>\n","protected":false},"excerpt":{"rendered":"<p><a href=\"http:\/\/members.loria.fr\/MDuflot\/recherche\/\">Recherche<\/a><\/p>\n<p>Depuis mon arriv\u00e9e \u00e0 Nancy, je fais partie de l&rsquo;\u00e9quipe <a href=\"http:\/\/veridis.loria.fr\">VERIDIS<\/a> qui s&rsquo;int\u00e9resse \u00e0 la v\u00e9rification formelle de syst\u00e8mes distribu\u00e9s. Ma recherche concerne plus pr\u00e9cis\u00e9ment la v\u00e9rification de syst\u00e8mes probabilistes, notamment \u00e0 l&rsquo;aide du model-checking statistique. Plus de d\u00e9tails <a href=\"http:\/\/members.loria.fr\/MDuflot\/recherche\/\">ici<\/a>.<\/p>\n<p><a href=\"https:\/\/members.loria.fr\/MDuflot\/files\/enseignement.html\">Enseignement<\/a><\/p>\n<p>Arriv\u00e9e \u00e0 Nancy et l&rsquo;Universit\u00e9 de Lorraine en 2011, j&rsquo;\u00e9tais auparavant ma\u00eetre de conf\u00e9rences \u00e0 l&rsquo;Universit\u00e9 Paris Est Cr\u00e9teil depuis 2004. Mes premi\u00e8res exp\u00e9riences d&rsquo;enseignement remontent \u00e0 deux ann\u00e9es de b\u00e9n\u00e9volat au sein du <a href=\"http:\/\/www.genepi.fr\">GENEPI<\/a> et trois ans de monitorat de \u00e0 <a href=\"http:\/\/www.ens-cachan.fr\">l&rsquo;ENS de Cachan<\/a> de 2000 \u00e0 2003.<\/p>\n","protected":false},"author":98,"featured_media":0,"parent":0,"menu_order":0,"comment_status":"closed","ping_status":"closed","template":"","meta":{"footnotes":""},"class_list":["post-304","page","type-page","status-publish","hentry"],"_links":{"self":[{"href":"https:\/\/members.loria.fr\/MDuflot\/wp-json\/wp\/v2\/pages\/304","targetHints":{"allow":["GET"]}}],"collection":[{"href":"https:\/\/members.loria.fr\/MDuflot\/wp-json\/wp\/v2\/pages"}],"about":[{"href":"https:\/\/members.loria.fr\/MDuflot\/wp-json\/wp\/v2\/types\/page"}],"author":[{"embeddable":true,"href":"https:\/\/members.loria.fr\/MDuflot\/wp-json\/wp\/v2\/users\/98"}],"replies":[{"embeddable":true,"href":"https:\/\/members.loria.fr\/MDuflot\/wp-json\/wp\/v2\/comments?post=304"}],"version-history":[{"count":7,"href":"https:\/\/members.loria.fr\/MDuflot\/wp-json\/wp\/v2\/pages\/304\/revisions"}],"predecessor-version":[{"id":331,"href":"https:\/\/members.loria.fr\/MDuflot\/wp-json\/wp\/v2\/pages\/304\/revisions\/331"}],"wp:attachment":[{"href":"https:\/\/members.loria.fr\/MDuflot\/wp-json\/wp\/v2\/media?parent=304"}],"curies":[{"name":"wp","href":"https:\/\/api.w.org\/{rel}","templated":true}]}}